{"id":9371,"date":"2019-12-16T16:13:05","date_gmt":"2019-12-16T15:13:05","guid":{"rendered":"http:\/\/serveiseducatius.xtec.cat\/altemporda\/?page_id=9371"},"modified":"2019-12-16T17:48:08","modified_gmt":"2019-12-16T16:48:08","slug":"publicacions","status":"publish","type":"page","link":"https:\/\/serveiseducatius.xtec.cat\/altemporda\/dialegs-deducacio\/publicacions\/","title":{"rendered":"Publicacions"},"content":{"rendered":"<p style=\"text-align: justify;\">Catalunya t\u00e9 la gran sort de poder\u00a0disposar d&#8217;una llarga tradici\u00f3 editorial, i el m\u00f3n educatiu no en queda al marge. S\u00f3n moltes les revistes de did\u00e0ctica de l&#8217;educaci\u00f3 que es poden trobar a escoles, universitats, llibreries i biblioteques. En aquest espai ens agradaria fer una petita reflexi\u00f3 d&#8217;aquest sector, amb la intenci\u00f3 de ser conscients del valor que aix\u00f2 suposa per la nostra tasca: <span style=\"font-family: verdana,sans-serif;\"><span style=\"font-size: small;\"><span lang=\"CA\"><br \/>\n<\/span><\/span><\/span><\/p>\n<ul>\n<li style=\"list-style-type: none;\">\n<ul>\n<li style=\"list-style-type: none;\">\n<ul style=\"list-style-type: disc;\">\n<li><span style=\"font-family: verdana, sans-serif; font-size: 12pt;\"><span lang=\"CA\">Aquestes revistes ens permeten difondre les experi\u00e8ncies dels centres i professorat d&#8217;una manera \u00e0gil i senzilla. <\/span><\/span><\/li>\n<li><span style=\"font-family: verdana, sans-serif; font-size: 12pt;\"><span lang=\"CA\">\u00c9s una porta d&#8217;entrada al m\u00f3n de la recerca, de la investigaci\u00f3 d&#8217;aula i de reflexions m\u00e9s elaborades i contrastades.<br \/>\n<\/span><\/span><\/li>\n<li><span style=\"font-size: 12pt;\"> <span style=\"font-family: verdana,sans-serif;\"><span lang=\"CA\">Suposa exposar els teus plantejaments a avaluadors externs que ben segur ens ajudaran a millorar els nostres.<br \/>\n<\/span><\/span><\/span><\/li>\n<li><span style=\"font-size: 12pt;\"> <span style=\"font-family: verdana,sans-serif;\"><span lang=\"CA\">Molts cops la superviv\u00e8ncia d&#8217;aquestes editorials dep\u00e8n de les nostres col\u00b7laboracions i aportacions.<\/span><\/span><\/span><\/li>\n<li><span style=\"font-family: verdana,sans-serif;\"><span style=\"font-size: small;\"><span style=\"font-size: 12pt;\">Sense aquestes editorials perdem una oportunitat d&#8217;expressar la nostra veu com a docents, deixant-la en mans de sectors m\u00e9s exclusius.<\/span><br \/>\n<\/span><\/span><\/li>\n<\/ul>\n<\/li>\n<\/ul>\n<\/li>\n<\/ul>\n<p style=\"text-align: justify;\">Amb la intenci\u00f3 de donar el m\u00e0xim suport al professorat de la comarca, des del Servei Educatiu de l&#8217;Alt Empord\u00e0 us oferim la possibilitat i suport t\u00e8cnic a l&#8217;hora de publicar les vostres experi\u00e8ncies.<\/p>\n<p style=\"text-align: justify;\"><span style=\"font-size: 12pt; font-family: verdana, sans-serif;\">Per aquest motiu, pr\u00e8via reserva de data i hora, us ajudarem en tot el que calgui per poder donar a con\u00e8ixer les vostres reflexions, propostes did\u00e0ctiques o experi\u00e8ncies d&#8217;aula en les revistes educatives generalistes o espec\u00edfiques de les diferents \u00e0rees curriculars, sigui en l&#8217;\u00e0mbit individual, col\u00b7lectiu o de centre.<\/span><\/p>\n<p style=\"text-align: justify;\"><span style=\"font-size: 12pt;\"><span style=\"font-family: verdana,sans-serif;\">Algunes d&#8217;aquestes revistes estant indexades a cat\u00e0legs, directoris o bases de dades a escala nacional o internacional, com ara: CARHUS, CINDOC (ISOC), DIALNET, DICE, ERIH, IN-RECS, LATINDEX, REDINED i RESH. S\u00f3n una font de difusi\u00f3 i prestigi en l&#8217;\u00e0mbit personal o del centre de treball.<br \/>\n<\/span><span style=\"font-family: verdana,sans-serif;\">Viure l&#8217;experi\u00e8ncia d&#8217;escriure, reflexionar sobre la pr\u00f2pia pr\u00e0ctica, fer l&#8217;esfor\u00e7 de traspassar-la en un paper i donar-la a con\u00e8ixer ben segur que ens ajudar\u00e0 a millorar el dia a dia de l&#8217;aula.<\/span><\/span><\/p>\n<div><\/div>\n<div>\n<p style=\"text-align: center;\"><iframe loading=\"lazy\" src=\"https:\/\/docs.google.com\/spreadsheets\/d\/e\/2PACX-1vQgwTf-k684QglXQq3AOBng1Nfpq7p7rKN_ygvHjudOwNgHsfTn1l-5yE_NpkQbjMadF07pp1MasP14\/pubhtml?widget=true&amp;headers=false\" width=\"870\" height=\"1000\"><span data-mce-type=\"bookmark\" style=\"display: inline-block; width: 0px; overflow: hidden; line-height: 0;\" class=\"mce_SELRES_start\">\ufeff<\/span><span data-mce-type=\"bookmark\" style=\"display: inline-block; width: 0px; overflow: hidden; line-height: 0;\" class=\"mce_SELRES_start\">\ufeff<\/span><span data-mce-type=\"bookmark\" style=\"display: inline-block; width: 0px; overflow: hidden; line-height: 0;\" class=\"mce_SELRES_start\">\ufeff<\/span><\/iframe><\/p>\n<div><b style=\"color: #990000;\"><span style=\"font-size: medium;\"><span style=\"font-family: verdana,sans-serif;\">Revistes educatives<\/span><\/span><\/b><\/div>\n<div><\/div>\n<div>\n<table style=\"margin: 0 auto;\" cellspacing=\"0\">\n<tbody>\n<tr>\n<td style=\"width: 148px; height: 96px;\">&nbsp;<\/p>\n<div style=\"text-align: center; margin-right: auto; margin-left: auto; display: block;\"><a href=\"http:\/\/aula.grao.com\/\" target=\"_blank\" rel=\"noopener noreferrer\"><img loading=\"lazy\" decoding=\"async\" src=\"https:\/\/sites.google.com\/a\/xtec.cat\/seae\/dialegs-d-educacio\/publicacions\/aula.JPG\" alt=\"http:\/\/aula.grao.com\/\" width=\"134\" height=\"54\" border=\"0\" \/><\/a><\/div>\n<\/td>\n<td style=\"width: 150px; height: 96px;\">&nbsp;<\/p>\n<div style=\"text-align: center; margin-right: auto; margin-left: auto; display: block;\"><a href=\"http:\/\/guix.grao.com\/\" target=\"_blank\" rel=\"noopener noreferrer\"><img loading=\"lazy\" decoding=\"async\" src=\"https:\/\/sites.google.com\/a\/xtec.cat\/seae\/dialegs-d-educacio\/publicacions\/guix.JPG\" alt=\"http:\/\/guix.grao.com\/\" width=\"134\" height=\"54\" border=\"0\" \/><\/a><\/div>\n<\/td>\n<td style=\"width: 145px; height: 96px;\">&nbsp;<\/p>\n<div style=\"text-align: center; margin-right: auto; margin-left: auto; display: block;\"><a href=\"http:\/\/dotze18.grao.com\/\" target=\"_blank\" rel=\"noopener noreferrer\"><img loading=\"lazy\" decoding=\"async\" src=\"https:\/\/sites.google.com\/a\/xtec.cat\/seae\/dialegs-d-educacio\/publicacions\/dotze.JPG\" alt=\"http:\/\/dotze18.grao.com\/\" width=\"134\" height=\"54\" border=\"0\" \/><\/a><\/div>\n<\/td>\n<td style=\"width: 154px; height: 96px;\">&nbsp;<\/p>\n<div style=\"text-align: center; margin-right: auto; margin-left: auto; display: block;\"><a href=\"http:\/\/www.grao.com\/\" target=\"_blank\" rel=\"noopener noreferrer\"><img loading=\"lazy\" decoding=\"async\" src=\"https:\/\/sites.google.com\/a\/xtec.cat\/seae\/dialegs-d-educacio\/publicacions\/grao.JPG\" alt=\"http:\/\/www.grao.com\/\" width=\"134\" height=\"54\" border=\"0\" \/><\/a><\/div>\n<\/td>\n<td style=\"width: 146px; height: 96px;\">\n<div style=\"text-align: center; margin-right: auto; margin-left: auto; display: block;\"><a href=\"http:\/\/www.cuadernosdepedagogia.com\/\" target=\"_blank\" rel=\"noopener noreferrer\"><img loading=\"lazy\" decoding=\"async\" src=\"https:\/\/sites.google.com\/a\/xtec.cat\/seae\/dialegs-d-educacio\/publicacions\/Presentacio%CC%81n3%202.png\" alt=\"http:\/\/www.cuadernosdepedagogia.com\/\" width=\"134\" height=\"97\" border=\"0\" \/><\/a><\/div>\n<\/td>\n<\/tr>\n<tr>\n<td style=\"width: 148px; height: 73px;\">&nbsp;<\/p>\n<div style=\"text-align: center; margin-right: auto; margin-left: auto; display: block;\"><a href=\"http:\/\/articles.grao.com\/\" target=\"_blank\" rel=\"noopener noreferrer\"><img loading=\"lazy\" decoding=\"async\" src=\"https:\/\/sites.google.com\/a\/xtec.cat\/seae\/dialegs-d-educacio\/publicacions\/articles.JPG\" alt=\"http:\/\/articles.grao.com\/\" width=\"134\" height=\"54\" border=\"0\" \/><\/a><\/div>\n<\/td>\n<td style=\"width: 150px; height: 73px;\">&nbsp;<\/p>\n<div style=\"text-align: center; margin-right: auto; margin-left: auto; display: block;\"><a href=\"http:\/\/eufonia.grao.com\/\" target=\"_blank\" rel=\"noopener noreferrer\"><img loading=\"lazy\" decoding=\"async\" src=\"https:\/\/sites.google.com\/a\/xtec.cat\/seae\/dialegs-d-educacio\/publicacions\/eufonia.JPG\" alt=\"http:\/\/eufonia.grao.com\/\" width=\"134\" height=\"54\" border=\"0\" \/><\/a><\/div>\n<\/td>\n<td style=\"width: 145px; height: 73px;\">&nbsp;<\/p>\n<div style=\"text-align: center; margin-right: auto; margin-left: auto; display: block;\"><a href=\"http:\/\/alambique.grao.com\/\" target=\"_blank\" rel=\"noopener noreferrer\"><img loading=\"lazy\" decoding=\"async\" src=\"https:\/\/sites.google.com\/a\/xtec.cat\/seae\/dialegs-d-educacio\/publicacions\/alambique.JPG\" alt=\"http:\/\/alambique.grao.com\/\" width=\"134\" height=\"54\" border=\"0\" \/><\/a><\/div>\n<\/td>\n<td style=\"width: 154px; height: 73px;\">&nbsp;<\/p>\n<div style=\"text-align: center; margin-right: auto; margin-left: auto; display: block;\"><a href=\"http:\/\/tandem.grao.com\/\" target=\"_blank\" rel=\"noopener noreferrer\"><img loading=\"lazy\" decoding=\"async\" src=\"https:\/\/sites.google.com\/a\/xtec.cat\/seae\/dialegs-d-educacio\/publicacions\/tandem.JPG\" alt=\"http:\/\/tandem.grao.com\/\" width=\"134\" height=\"54\" border=\"0\" \/><\/a><\/div>\n<\/td>\n<td style=\"width: 146px; height: 73px;\">\n<div style=\"text-align: left; display: block;\"><span style=\"font-size: xx-small;\">\u00a0<\/span><\/div>\n<div style=\"text-align: center; margin-right: auto; margin-left: auto; display: block;\"><a href=\"http:\/\/textos.grao.com\/\" target=\"_blank\" rel=\"noopener noreferrer\"><img loading=\"lazy\" decoding=\"async\" src=\"https:\/\/sites.google.com\/a\/xtec.cat\/seae\/dialegs-d-educacio\/publicacions\/textos.JPG\" alt=\"http:\/\/textos.grao.com\/\" width=\"134\" height=\"54\" border=\"0\" \/><\/a><\/div>\n<\/td>\n<\/tr>\n<tr>\n<td style=\"width: 148px; height: 99px;\"><span style=\"font-size: xx-small;\"><br \/>\n<\/span><a style=\"line-height: 1.6; font-size: x-small;\" href=\"http:\/\/uno.grao.com\/\" target=\"_blank\" rel=\"noopener noreferrer\"><img loading=\"lazy\" decoding=\"async\" style=\"text-align: center; margin-right: auto; margin-left: auto; display: block;\" src=\"https:\/\/drive.google.com\/uc?id=0B_rK6cdlcwDCMFViVmdJTkJXdms\" alt=\"http:\/\/uno.grao.com\/\" width=\"135\" height=\"65\" border=\"0\" \/><\/a><\/td>\n<td style=\"width: 150px; height: 99px;\">\n<div style=\"text-align: left; display: block;\"><\/div>\n<div style=\"text-align: left; display: block;\"><span style=\"line-height: 1.6; font-size: xx-small;\"><a style=\"line-height: 1.6; font-size: 10pt;\" href=\"http:\/\/iber.grao.com\/\" target=\"_blank\" rel=\"noopener noreferrer\"><img loading=\"lazy\" decoding=\"async\" style=\"text-align: center; margin-right: auto; margin-left: auto; display: block;\" src=\"https:\/\/drive.google.com\/uc?id=0B_rK6cdlcwDCS0tNWnptX1dmNUU\" alt=\"http:\/\/iber.grao.com\/\" width=\"135\" height=\"60\" border=\"0\" \/><\/a><\/span><\/div>\n<\/td>\n<td style=\"width: 145px; height: 99px;\"><a style=\"text-align: center; color: #ff9900; background-color: #ffffff;\" href=\"http:\/\/forum.grao.com\/\" target=\"_blank\" rel=\"noopener noreferrer\"><span style=\"font-size: xx-small;\"><img loading=\"lazy\" decoding=\"async\" style=\"text-align: center; margin-right: auto; margin-left: auto; display: block;\" src=\"https:\/\/sites.google.com\/a\/xtec.cat\/seae\/dialegs-d-educacio\/publicacions\/f%C3%B2rum.JPG\" alt=\"http:\/\/forum.grao.com\/\" width=\"70\" height=\"100\" border=\"0\" \/><\/span><\/a><\/td>\n<td style=\"width: 154px; height: 99px;\"><a style=\"text-align: center; background-color: #ffffff;\" href=\"http:\/\/viureenfamilia.grao.com\/\" target=\"_blank\" rel=\"noopener noreferrer\"><span style=\"font-size: xx-small;\"><img loading=\"lazy\" decoding=\"async\" style=\"text-align: center; margin-right: auto; margin-left: auto; display: block;\" src=\"https:\/\/sites.google.com\/a\/xtec.cat\/seae\/dialegs-d-educacio\/publicacions\/viure%20en%20fam%C3%ADlia.JPG\" alt=\"http:\/\/viureenfamilia.grao.com\/\" width=\"100\" height=\"100\" border=\"0\" \/><\/span><\/a><\/td>\n<td style=\"width: 146px; height: 99px;\">\u00a0<a style=\"color: #ff9900; line-height: 16px; font-size: x-small; background-color: #ffffff;\" href=\"http:\/\/www.ecoterra.org\/es\/publicaciones\/perspectiva-ambiental\" target=\"_blank\" rel=\"noopener noreferrer\"><img loading=\"lazy\" decoding=\"async\" style=\"text-align: center; margin-right: auto; margin-left: auto; display: block;\" src=\"https:\/\/drive.google.com\/uc?id=0B_rK6cdlcwDCdk12SWhyVllPNzA\" alt=\"http:\/\/www.ecoterra.org\/es\/publicaciones\/perspectiva-ambiental\" width=\"134\" height=\"65\" border=\"0\" \/><\/a><\/td>\n<\/tr>\n<tr>\n<td style=\"width: 148px; height: 83px;\">\n<div style=\"text-align: left; display: block;\"><\/div>\n<p><span style=\"font-size: xx-small;\">\u00a0<\/span><\/p>\n<div style=\"text-align: center; margin-right: auto; margin-left: auto; display: block;\"><a href=\"http:\/\/www2.rosasensat.org\/revistes\/perspectiva-escolar\" target=\"_blank\" rel=\"noopener noreferrer\"><img loading=\"lazy\" decoding=\"async\" src=\"https:\/\/drive.google.com\/uc?id=0B_rK6cdlcwDCTVl0N1daT1Rhd3c\" alt=\"http:\/\/www2.rosasensat.org\/revistes\/perspectiva-escolar\" width=\"134\" height=\"55\" border=\"0\" \/><\/a><\/div>\n<\/td>\n<td style=\"width: 150px; height: 83px;\">\n<div style=\"text-align: center; margin-right: auto; margin-left: auto; display: block;\"><a style=\"line-height: 1.6; font-size: 10pt;\" href=\"https:\/\/sites.google.com\/a\/xtec.cat\/seae\/dialegs-d-educacio\" target=\"_blank\" rel=\"noopener noreferrer\"><img decoding=\"async\" src=\"https:\/\/sites.google.com\/a\/xtec.cat\/seae\/dialegs-d-educacio\/publicacions\/DE.JPG\" alt=\"https:\/\/sites.google.com\/a\/xtec.cat\/seae\/dialegs-d-educacio\" border=\"0\" \/><\/a><\/div>\n<\/td>\n<td style=\"width: 145px; height: 83px;\">\n<div style=\"text-align: center;\"><span style=\"line-height: 14.54px; font-size: x-small;\">\u00a0<\/span><\/div>\n<div style=\"text-align: center; display: block;\"><\/div>\n<\/td>\n<td style=\"width: 154px; height: 83px;\">\n<div style=\"text-align: center;\"><span style=\"line-height: 14.54px; font-size: x-small;\">\u00a0<\/span><\/div>\n<\/td>\n<td style=\"width: 146px; height: 83px;\"><\/td>\n<\/tr>\n<\/tbody>\n<\/table>\n<p>&nbsp;<\/p>\n<\/div>\n<\/div>\n","protected":false},"excerpt":{"rendered":"<p>Catalunya t\u00e9 la gran sort de poder\u00a0disposar d&#8217;una llarga tradici\u00f3 editorial, i el m\u00f3n educatiu no en queda al marge. S\u00f3n moltes les revistes de did\u00e0ctica de l&#8217;educaci\u00f3 que es poden trobar a escoles, universitats, llibreries i biblioteques. En aquest espai ens agradaria fer una petita reflexi\u00f3 d&#8217;aquest sector, amb la intenci\u00f3 de ser conscients [&hellip;]<\/p>\n","protected":false},"author":4,"featured_media":0,"parent":9380,"menu_order":3,"comment_status":"closed","ping_status":"closed","template":"page-templates\/side-menu.php","meta":{"_bbp_topic_count":0,"_bbp_reply_count":0,"_bbp_total_topic_count":0,"_bbp_total_reply_count":0,"_bbp_voice_count":0,"_bbp_anonymous_reply_count":0,"_bbp_topic_count_hidden":0,"_bbp_reply_count_hidden":0,"_bbp_forum_subforum_count":0,"site-sidebar-layout":"default","site-content-layout":"","ast-site-content-layout":"","site-content-style":"default","site-sidebar-style":"default","ast-global-header-display":"","ast-banner-title-visibility":"","ast-main-header-display":"","ast-hfb-above-header-display":"","ast-hfb-below-header-display":"","ast-hfb-mobile-header-display":"","site-post-title":"","ast-breadcrumbs-content":"","ast-featured-img":"","footer-sml-layout":"","theme-transparent-header-meta":"","adv-header-id-meta":"","stick-header-meta":"","header-above-stick-meta":"","header-main-stick-meta":"","header-below-stick-meta":"","astra-migrate-meta-layouts":"default","ast-page-background-enabled":"default","ast-page-background-meta":{"desktop":{"background-color":"var(--ast-global-color-4)","background-image":"","background-repeat":"repeat","background-position":"center center","background-size":"auto","background-attachment":"scroll","background-type":"","background-media":"","overlay-type":"","overlay-color":"","overlay-opacity":"","overlay-gradient":""},"tablet":{"background-color":"","background-image":"","background-repeat":"repeat","background-position":"center center","background-size":"auto","background-attachment":"scroll","background-type":"","background-media":"","overlay-type":"","overlay-color":"","overlay-opacity":"","overlay-gradient":""},"mobile":{"background-color":"","background-image":"","background-repeat":"repeat","background-position":"center center","background-size":"auto","background-attachment":"scroll","background-type":"","background-media":"","overlay-type":"","overlay-color":"","overlay-opacity":"","overlay-gradient":""}},"ast-content-background-meta":{"desktop":{"background-color":"var(--ast-global-color-5)","background-image":"","background-repeat":"repeat","background-position":"center center","background-size":"auto","background-attachment":"scroll","background-type":"","background-media":"","overlay-type":"","overlay-color":"","overlay-opacity":"","overlay-gradient":""},"tablet":{"background-color":"var(--ast-global-color-5)","background-image":"","background-repeat":"repeat","background-position":"center center","background-size":"auto","background-attachment":"scroll","background-type":"","background-media":"","overlay-type":"","overlay-color":"","overlay-opacity":"","overlay-gradient":""},"mobile":{"background-color":"var(--ast-global-color-5)","background-image":"","background-repeat":"repeat","background-position":"center center","background-size":"auto","background-attachment":"scroll","background-type":"","background-media":"","overlay-type":"","overlay-color":"","overlay-opacity":"","overlay-gradient":""}},"footnotes":""},"class_list":["post-9371","page","type-page","status-publish","hentry"],"post_mailing_queue_ids":[],"_links":{"self":[{"href":"https:\/\/serveiseducatius.xtec.cat\/altemporda\/wp-json\/wp\/v2\/pages\/9371","targetHints":{"allow":["GET"]}}],"collection":[{"href":"https:\/\/serveiseducatius.xtec.cat\/altemporda\/wp-json\/wp\/v2\/pages"}],"about":[{"href":"https:\/\/serveiseducatius.xtec.cat\/altemporda\/wp-json\/wp\/v2\/types\/page"}],"author":[{"embeddable":true,"href":"https:\/\/serveiseducatius.xtec.cat\/altemporda\/wp-json\/wp\/v2\/users\/4"}],"replies":[{"embeddable":true,"href":"https:\/\/serveiseducatius.xtec.cat\/altemporda\/wp-json\/wp\/v2\/comments?post=9371"}],"version-history":[{"count":3,"href":"https:\/\/serveiseducatius.xtec.cat\/altemporda\/wp-json\/wp\/v2\/pages\/9371\/revisions"}],"predecessor-version":[{"id":9375,"href":"https:\/\/serveiseducatius.xtec.cat\/altemporda\/wp-json\/wp\/v2\/pages\/9371\/revisions\/9375"}],"up":[{"embeddable":true,"href":"https:\/\/serveiseducatius.xtec.cat\/altemporda\/wp-json\/wp\/v2\/pages\/9380"}],"wp:attachment":[{"href":"https:\/\/serveiseducatius.xtec.cat\/altemporda\/wp-json\/wp\/v2\/media?parent=9371"}],"curies":[{"name":"wp","href":"https:\/\/api.w.org\/{rel}","templated":true}]}}