{"id":9367,"date":"2019-12-16T15:51:02","date_gmt":"2019-12-16T14:51:02","guid":{"rendered":"http:\/\/serveiseducatius.xtec.cat\/altemporda\/?page_id=9367"},"modified":"2019-12-16T17:43:31","modified_gmt":"2019-12-16T16:43:31","slug":"criteris-de-publicacio","status":"publish","type":"page","link":"https:\/\/serveiseducatius.xtec.cat\/altemporda\/dialegs-deducacio\/criteris-de-publicacio\/","title":{"rendered":"Criteris de publicaci\u00f3"},"content":{"rendered":"<div>\n<div style=\"text-align: left;\"><span style=\"font-size: 12pt;\"><em><span style=\"font-family: verdana, sans-serif; line-height: 1.6; background-color: transparent;\">El Suplement Di\u00e0legs d&#8217;educaci\u00f3 neix l&#8217;any <\/span><span style=\"font-family: verdana, sans-serif; line-height: 1.6; color: #990000; background-color: transparent;\"><b>2009<\/b><\/span><span style=\"font-family: verdana, sans-serif; line-height: 1.6; background-color: transparent;\"> amb la finalitat de donar veu a tots els centres i docents de la comarca. Per la qual cosa us emplacem a fer-nos arribar les vostres aportacions educatives enviant un correu a: <\/span><\/em><\/span><span style=\"font-family: verdana,sans-serif;\"><span style=\"color: #990000;\"><span style=\"font-size: 12pt;\">[crp-altemporda@xtec.cat]<\/span> <\/span><br \/>\n<\/span><\/div>\n<p>&nbsp;<\/p>\n<ul>\n<li style=\"list-style-type: none;\">\n<ul>\n<li style=\"list-style-type: none;\">\n<ul style=\"list-style-type: disc;\">\n<li><span style=\"font-family: verdana,sans-serif;\">L&#8217;Assumpte haur\u00e0 d&#8217;anar identificat amb la seg\u00fcent etiqueta:<br \/>\n<\/span><\/li>\n<\/ul>\n<\/li>\n<\/ul>\n<\/li>\n<\/ul>\n<div style=\"padding-left: 120px; text-align: left;\"><span style=\"font-family: verdana,sans-serif;\"><span style=\"color: #990000;\">[Proposta participaci\u00f3 Suplement di\u00e0legs educaci\u00f3]<\/span><br \/>\n<\/span><\/div>\n<\/div>\n<p style=\"padding-left: 40px;\"><span style=\"font-family: verdana,sans-serif;\">\u00a0<\/span><\/p>\n<div style=\"text-align: left; padding-left: 40px;\">\n<ul>\n<li><span style=\"font-family: verdana,sans-serif;\">Dins del cos del missatge, al marge d&#8217;explicar la proposta, l&#8217;autor s&#8217;haur\u00e0 d&#8217;identificar correctament<span style=\"color: #990000;\"><span style=\"color: #444444;\">:<\/span><br \/>\n<\/span><\/span><\/li>\n<\/ul>\n<div style=\"padding-left: 80px;\"><span style=\"font-family: verdana,sans-serif;\"><span style=\"color: #990000;\">[nom, cognoms, correu electr\u00f2nic <b>Xtec<\/b> i centre de treball]<\/span><br \/>\n<\/span><\/div>\n<\/div>\n<p style=\"text-align: left;\"><span style=\"font-family: verdana,sans-serif;\">\u00a0<\/span><\/p>\n<div>\n<hr \/>\n<\/div>\n<h2><span style=\"font-family: verdana,sans-serif;\"><span style=\"color: #e06666; font-size: 18pt;\"><b><span style=\"background-color: #990000;\">\u00a0 <span style=\"color: #800000;\">\u00a0<\/span><\/span><span style=\"color: #800000;\">\u00a0<a style=\"color: #800000;\" href=\"https:\/\/sites.google.com\/a\/xtec.cat\/seae\/dialegs-d-educacio\/projecte\" target=\"_blank\" rel=\"noopener noreferrer\">Objectius i inquietuds de la publicaci\u00f3<\/a>.<\/span><\/b><\/span><\/span><\/h2>\n<p><span style=\"font-family: verdana,sans-serif;\">El <span style=\"color: #990000;\"><b>Suplement Di\u00e0legs d&#8217;Educaci\u00f3<\/b><\/span> \u00e9s una publicaci\u00f3 mensual de tem\u00e0tica escolar editada conjuntament pel <a href=\"http:\/\/www.emporda.info\/\" target=\"_blank\" rel=\"noopener noreferrer\">Setmanari Empord\u00e0<\/a> i el Servei educatiu de l&#8217;Alt Empord\u00e0 (SEAE) del Departament d&#8217;Ensenyament de la Generalitat de Catalunya. Amb la col\u00b7laboraci\u00f3 del Consell Comarcal de l&#8217;Alt Empord\u00e0, de la llibreria Text i de l&#8217;editorial Gra\u00f3.<br \/>\n<\/span><br \/>\n<span style=\"font-family: verdana,sans-serif;\">Aquesta publicaci\u00f3 surt habitualment el darrer dimarts de cada mes, en funci\u00f3 de la rotativa que estableix el diari. Consta de 10 n\u00fameros anuals editats entre els mesos d&#8217;octubre i juny que formen un col\u00b7leccionable identificat amb l&#8217;any de la publicaci\u00f3 i el n\u00famero del suplement. ex (V &#8211; 43).<br \/>\n<\/span><br \/>\n<span style=\"font-family: verdana,sans-serif;\">El suplement DE disposa de 4 planes distribu\u00efdes en 11 seccions.<span style=\"color: #800000;\"><b><br \/>\n<\/b><\/span><\/span><\/p>\n<ul>\n<li><span style=\"font-family: verdana,sans-serif;\"><span style=\"color: #800000;\"><b>Reportatge <\/b><i>(format entrevista)<\/i>:<b> <\/b>Espai destinat a visualitzar els diferents projectes intercentres de la comarca.<\/span><\/span><\/li>\n<\/ul>\n<p>&nbsp;<\/p>\n<ul>\n<li><span style=\"font-family: verdana,sans-serif;\"><span style=\"color: #800000;\"><b>Editorial <\/b><i>(article d&#8217;autor)<\/i>:<b> <\/b>Escrita, de manera rotativa, pels diferents pe<\/span>rfils professionals que formen el SEAE (CREDAV, EAP, ELIC; TS-EAP, CdA, CRP).<b> <\/b><span style=\"color: #990000;\"><br \/>\nCaracter\u00edstiques: <\/span><span style=\"color: #000000; font-size: 13.3333px; font-style: normal; font-variant: normal; font-weight: normal; letter-spacing: normal; line-height: normal; text-align: start; text-indent: 0px; text-transform: none; white-space: pre-wrap; word-spacing: 0px; background-color: #ffffff; display: inline!important; float: none;\">T\u00edtol, 4 paraules \/ Text, 273 paraules o 1527 car\u00e0cters amb espais i una fotografia de mida carnet.<br \/>\n<\/span><\/span><\/li>\n<\/ul>\n<p><span style=\"font-family: verdana,sans-serif;\">\u00a0<\/span><\/p>\n<ul>\n<li><span style=\"font-family: verdana,sans-serif;\"><b><span style=\"color: #990000;\">L&#8217;Escola Parla<\/span> <\/b><span style=\"color: #990000;\"><i>(format entrevista)<\/i><\/span>: Subdividida en tres apartats, tamb\u00e9 rotatius, destinats a llars d&#8217;infants, centres de prim\u00e0ria i secund\u00e0ria.<b><br \/>\n<\/b><\/span><\/li>\n<\/ul>\n<p><span style=\"font-family: verdana,sans-serif;\">\u00a0<\/span><\/p>\n<ul>\n<li><span style=\"font-family: verdana,sans-serif;\"><b><span style=\"color: #990000;\">A fons<\/span> <\/b><span style=\"color: #990000;\"><i>(article d&#8217;autor)<\/i><\/span>: article de reflexi\u00f3 i debat encarregat a una persona referent del m\u00f3n educatiu.<span style=\"color: #990000;\"><br \/>\nCaracter\u00edstiques: <\/span><span style=\"color: #000000; font-size: 13.3333px; font-style: normal; font-variant: normal; font-weight: normal; letter-spacing: normal; line-height: normal; text-align: start; text-indent: 0px; text-transform: none; white-space: pre-wrap; word-spacing: 0px; background-color: #ffffff; display: inline!important; float: none;\">T\u00edtol, 6 paraules o 28 car\u00e0cters \/ Text, 379 paraules o 2448 car\u00e0cters amb espais inclosos i una fotografia mida carnet.<br \/>\n<\/span><\/span><\/li>\n<\/ul>\n<p><span style=\"font-family: verdana,sans-serif;\">\u00a0<\/span><\/p>\n<ul>\n<li><span style=\"font-family: verdana,sans-serif;\"><b><span style=\"color: #990000;\">Dialoguem amb&#8230;<\/span> <\/b><span style=\"color: #990000;\"><i>(format entrevista)<\/i><\/span>: Perfil m\u00e9s vivencial i personal d&#8217;un docent de la comarca que posi de manifest el seu vincle i inquietud respecte de l&#8217;educaci\u00f3.<b> <\/b>Els perfils donaran veu a cadascuna de les \u00e0rees, edats, situacions laborals, estudiants, etc.<br \/>\n<\/span><\/li>\n<\/ul>\n<p><span style=\"font-family: verdana,sans-serif;\">\u00a0<\/span><\/p>\n<ul>\n<li><span style=\"font-family: verdana,sans-serif;\"><b><span style=\"color: #990000;\">Pr\u00e0ctiques referents<\/span> <\/b><i><span style=\"color: #990000;\">(format entrevista)<\/span><\/i>: Propostes lliures dels centres de pr\u00e0ctiques per replicar del m\u00f3n educatiu.<span style=\"color: #990000;\"><br \/>\nCaracter\u00edstiques: <span style=\"color: #000000; font-size: 13.3333px; font-style: normal; font-variant: normal; font-weight: normal; letter-spacing: normal; line-height: normal; text-align: start; text-indent: 0px; text-transform: none; white-space: pre-wrap; word-spacing: 0px; background-color: #ffffff; display: inline!important; float: none;\">T\u00edtol, 8 paraules o 54 car\u00e0cters \/ Subt\u00edtol, 8 paraules o 56 car\u00e0cters \/ Text, 150 paraules o 955 car\u00e0cters \/ &#8220;destacat&#8221;, 40 paraules o 311 car\u00e0cters.<\/span><\/span><\/span><\/li>\n<\/ul>\n<p>&nbsp;<\/p>\n<ul>\n<li><span style=\"font-family: verdana,sans-serif;\"><b><span style=\"color: #990000;\">Xarxa<\/span> <\/b><span style=\"color: #990000;\"><i>(format entrevista)<\/i><\/span><b>: <\/b>espai de dinamitzaci\u00f3 i visualitzaci\u00f3 de les diferents xarxes de la comarca. Exemple: museus, biblioteques, ONGs, etc.<\/span><b><br \/>\n<\/b><\/p>\n<ul>\n<li style=\"list-style-type: none;\">\n<ul style=\"list-style-type: disc;\">\n<li><span style=\"font-family: verdana,sans-serif;\"><span style=\"font-size: 1em;\">El sistema de participaci\u00f3 de les escoles \u00e9s rotatiu en les seccions &#8211; l&#8217;Escola Parla, Pr\u00e0ctica Referent i Dialoguem amb&#8230;<\/span><\/span><\/li>\n<li><span style=\"font-family: verdana,sans-serif;\">Es desestimaran les aportacions que facin refer\u00e8ncia als per\u00edodes de matriculaci\u00f3.<\/span><\/li>\n<\/ul>\n<\/li>\n<\/ul>\n<\/li>\n<\/ul>\n<p style=\"text-align: center;\"><span style=\"font-family: verdana,sans-serif;\"><span style=\"color: #990000;\"><i>Els editors del Suplement Di\u00e0legs d&#8217;Educaci\u00f3 no comparteixen necess\u00e0riament les opinions expressades en les diferents seccions.<\/i><\/span><\/span><\/p>\n<hr \/>\n<div>\n<p><span style=\"color: #666666;\"><span style=\"font-family: verdana,sans-serif;\"><b>Editen:<\/b><\/span><\/span><\/p>\n<table style=\"border-collapse: collapse; border-color: #ffffff; border-width: 1px;\" border=\"1\" cellspacing=\"0\">\n<tbody>\n<tr>\n<td style=\"width: 186px; height: 86px;\">&nbsp;<\/p>\n<div style=\"display: inline; float: left; margin: 5px 10px 0px 0px;\"><a href=\"https:\/\/docs.google.com\/a\/xtec.cat\/file\/d\/0B22pZTS9eeThWXFZOGNlUUVvalk\/edit?usp=drive_web\"><img loading=\"lazy\" decoding=\"async\" src=\"https:\/\/drive.google.com\/uc?id=0B22pZTS9eeThWXFZOGNlUUVvalk\" width=\"125\" height=\"56\" border=\"0\" \/><\/a><\/div>\n<\/td>\n<td style=\"width: 173px; height: 86px;\">\u00a0<span style=\"line-height: 1.6; font-size: 10pt; background-color: transparent;\">\u00a0<\/span><a style=\"line-height: 1.6; font-size: 10pt;\" href=\"http:\/\/www.emporda.info\/\" target=\"_blank\" rel=\"noopener noreferrer\"><img loading=\"lazy\" decoding=\"async\" src=\"https:\/\/drive.google.com\/uc?id=0B0zHBF5nyE_QXy01aVBrZ0h5V2s\" width=\"150\" height=\"51\" border=\"0\" \/><\/a><\/td>\n<\/tr>\n<\/tbody>\n<\/table>\n<\/div>\n<div>\n<p><span style=\"color: #666666;\"><b><span style=\"font-family: verdana,sans-serif;\">Col\u00b7laboren:<\/span><\/b><\/span><\/p>\n<table style=\"border-collapse: collapse; border-color: #ffffff; border-width: 1px;\" border=\"1\" cellspacing=\"0\">\n<tbody>\n<tr>\n<td style=\"width: 109px; height: 135px;\">&nbsp;<\/p>\n<div style=\"display: inline; margin: 5px 10px 0px 0px; float: left;\"><a href=\"https:\/\/docs.google.com\/a\/xtec.cat\/file\/d\/0B0zHBF5nyE_QVEdIVjlfQ1d5Mm8\/edit?usp=drive_web\"><img loading=\"lazy\" decoding=\"async\" src=\"https:\/\/drive.google.com\/uc?id=0B0zHBF5nyE_QVEdIVjlfQ1d5Mm8\" width=\"100\" height=\"100\" border=\"0\" \/><\/a><\/div>\n<\/td>\n<td style=\"width: 310px; height: 135px;\">\n<div style=\"display: block; text-align: center; margin: 5px auto 0px;\"><a href=\"http:\/\/www.grao.com\/\" target=\"_blank\" rel=\"noopener noreferrer\"><img loading=\"lazy\" decoding=\"async\" src=\"https:\/\/drive.google.com\/uc?id=0B0zHBF5nyE_QdVNwc1ZGbDlDNkk\" width=\"150\" height=\"57\" border=\"0\" \/><\/a><\/div>\n<\/td>\n<td style=\"width: 127px; height: 135px;\">&nbsp;<\/p>\n<div style=\"display: inline; margin: 5px 10px; float: right;\">\u00a0\u00a0<a href=\"http:\/\/www.llibrestext.com\/botiga\/\" target=\"_blank\" rel=\"noopener noreferrer\"><img loading=\"lazy\" decoding=\"async\" src=\"https:\/\/drive.google.com\/uc?id=0B0zHBF5nyE_QeXJpWUdrcGQ5ODA\" width=\"100\" height=\"100\" border=\"0\" \/><\/a><\/div>\n<\/td>\n<\/tr>\n<\/tbody>\n<\/table>\n<hr \/>\n<\/div>\n","protected":false},"excerpt":{"rendered":"<p>El Suplement Di\u00e0legs d&#8217;educaci\u00f3 neix l&#8217;any 2009 amb la finalitat de donar veu a tots els centres i docents de la comarca. Per la qual cosa us emplacem a fer-nos arribar les vostres aportacions educatives enviant un correu a: [crp-altemporda@xtec.cat] &nbsp; L&#8217;Assumpte haur\u00e0 d&#8217;anar identificat amb la seg\u00fcent etiqueta: [Proposta participaci\u00f3 Suplement di\u00e0legs educaci\u00f3] \u00a0 [&hellip;]<\/p>\n","protected":false},"author":4,"featured_media":0,"parent":9380,"menu_order":0,"comment_status":"closed","ping_status":"closed","template":"page-templates\/side-menu.php","meta":{"_bbp_topic_count":0,"_bbp_reply_count":0,"_bbp_total_topic_count":0,"_bbp_total_reply_count":0,"_bbp_voice_count":0,"_bbp_anonymous_reply_count":0,"_bbp_topic_count_hidden":0,"_bbp_reply_count_hidden":0,"_bbp_forum_subforum_count":0,"site-sidebar-layout":"default","site-content-layout":"","ast-site-content-layout":"","site-content-style":"default","site-sidebar-style":"default","ast-global-header-display":"","ast-banner-title-visibility":"","ast-main-header-display":"","ast-hfb-above-header-display":"","ast-hfb-below-header-display":"","ast-hfb-mobile-header-display":"","site-post-title":"","ast-breadcrumbs-content":"","ast-featured-img":"","footer-sml-layout":"","theme-transparent-header-meta":"","adv-header-id-meta":"","stick-header-meta":"","header-above-stick-meta":"","header-main-stick-meta":"","header-below-stick-meta":"","astra-migrate-meta-layouts":"default","ast-page-background-enabled":"default","ast-page-background-meta":{"desktop":{"background-color":"var(--ast-global-color-4)","background-image":"","background-repeat":"repeat","background-position":"center center","background-size":"auto","background-attachment":"scroll","background-type":"","background-media":"","overlay-type":"","overlay-color":"","overlay-opacity":"","overlay-gradient":""},"tablet":{"background-color":"","background-image":"","background-repeat":"repeat","background-position":"center center","background-size":"auto","background-attachment":"scroll","background-type":"","background-media":"","overlay-type":"","overlay-color":"","overlay-opacity":"","overlay-gradient":""},"mobile":{"background-color":"","background-image":"","background-repeat":"repeat","background-position":"center center","background-size":"auto","background-attachment":"scroll","background-type":"","background-media":"","overlay-type":"","overlay-color":"","overlay-opacity":"","overlay-gradient":""}},"ast-content-background-meta":{"desktop":{"background-color":"var(--ast-global-color-5)","background-image":"","background-repeat":"repeat","background-position":"center center","background-size":"auto","background-attachment":"scroll","background-type":"","background-media":"","overlay-type":"","overlay-color":"","overlay-opacity":"","overlay-gradient":""},"tablet":{"background-color":"var(--ast-global-color-5)","background-image":"","background-repeat":"repeat","background-position":"center center","background-size":"auto","background-attachment":"scroll","background-type":"","background-media":"","overlay-type":"","overlay-color":"","overlay-opacity":"","overlay-gradient":""},"mobile":{"background-color":"var(--ast-global-color-5)","background-image":"","background-repeat":"repeat","background-position":"center center","background-size":"auto","background-attachment":"scroll","background-type":"","background-media":"","overlay-type":"","overlay-color":"","overlay-opacity":"","overlay-gradient":""}},"footnotes":""},"class_list":["post-9367","page","type-page","status-publish","hentry"],"post_mailing_queue_ids":[],"_links":{"self":[{"href":"https:\/\/serveiseducatius.xtec.cat\/altemporda\/wp-json\/wp\/v2\/pages\/9367","targetHints":{"allow":["GET"]}}],"collection":[{"href":"https:\/\/serveiseducatius.xtec.cat\/altemporda\/wp-json\/wp\/v2\/pages"}],"about":[{"href":"https:\/\/serveiseducatius.xtec.cat\/altemporda\/wp-json\/wp\/v2\/types\/page"}],"author":[{"embeddable":true,"href":"https:\/\/serveiseducatius.xtec.cat\/altemporda\/wp-json\/wp\/v2\/users\/4"}],"replies":[{"embeddable":true,"href":"https:\/\/serveiseducatius.xtec.cat\/altemporda\/wp-json\/wp\/v2\/comments?post=9367"}],"version-history":[{"count":1,"href":"https:\/\/serveiseducatius.xtec.cat\/altemporda\/wp-json\/wp\/v2\/pages\/9367\/revisions"}],"predecessor-version":[{"id":9368,"href":"https:\/\/serveiseducatius.xtec.cat\/altemporda\/wp-json\/wp\/v2\/pages\/9367\/revisions\/9368"}],"up":[{"embeddable":true,"href":"https:\/\/serveiseducatius.xtec.cat\/altemporda\/wp-json\/wp\/v2\/pages\/9380"}],"wp:attachment":[{"href":"https:\/\/serveiseducatius.xtec.cat\/altemporda\/wp-json\/wp\/v2\/media?parent=9367"}],"curies":[{"name":"wp","href":"https:\/\/api.w.org\/{rel}","templated":true}]}}