{"id":9162,"date":"2019-12-13T08:53:32","date_gmt":"2019-12-13T07:53:32","guid":{"rendered":"http:\/\/serveiseducatius.xtec.cat\/altemporda\/?page_id=9162"},"modified":"2019-12-16T17:45:26","modified_gmt":"2019-12-16T16:45:26","slug":"projecte","status":"publish","type":"page","link":"https:\/\/serveiseducatius.xtec.cat\/altemporda\/dialegs-deducacio\/projecte\/","title":{"rendered":"Projecte"},"content":{"rendered":"<p style=\"text-align: center;\"><span style=\"color: #800000;\"><em>&#8220;Si avui heu passat per algun poble de l&#8217;Alt Empord\u00e0 i heu vist cues davant dels quioscos o llibreries, no us espanteu. Avui dimarts, <strong>10 de novembre de 2009<\/strong>, ha nascut el primer suplement educatiu del <strong>Setmanari Empord\u00e0<\/strong> que porta per nom <strong>&#8220;Di\u00e0legs d&#8217;Educaci\u00f3&#8221;<\/strong>.<\/em><\/span><br \/>\n<span style=\"color: #800000;\"><em>Es tracta d&#8217;un suplement educatiu que pret\u00e9n donar la paraula i dialogar amb l&#8217;escola, les fam\u00edlies, el professorat, els alumnes, l&#8217;administraci\u00f3 i tots aquells que fan possible que l&#8217;educaci\u00f3 sigui un b\u00e9 preuat inq\u00fcestionable, lluny de qualsevol proc\u00e9s de desafecci\u00f3&#8221;.<\/em><\/span><\/p>\n<p style=\"text-align: left;\"><span style=\"font-size: 8pt;\">(Nota enviada a les escoles de la comarca)<\/span><\/p>\n<p><span style=\"color: #800000;\"><strong><span style=\"font-size: 14pt;\">\u2666<\/span> Objectius,<\/strong><\/span><\/p>\n<ul>\n<li style=\"list-style-type: none;\">\n<ul>\n<li>Establir un canal de comunicaci\u00f3 p\u00fablic i estable entre fam\u00edlia i escola.<\/li>\n<li>Sortir del centre i crear sinergies amb la societat.<\/li>\n<li>Difondre les bones pr\u00e0ctiques dels centres educatius de la comarca.<\/li>\n<li>Treballar en xarxa entre diferents entitats i administracions.<\/li>\n<\/ul>\n<\/li>\n<\/ul>\n<p style=\"text-align: center;\"><iframe loading=\"lazy\" src=\"https:\/\/docs.google.com\/presentation\/d\/e\/2PACX-1vTEM0wYR1VN6SdXhuG7b6xp1Vi4_7AADjmXVQieee9csc8K0CoO5FRA_q3MBsjn-I9wNrsLuQzfo6Mo\/embed?start=false&amp;loop=true&amp;delayms=3000\" width=\"480\" height=\"389\" frameborder=\"0\" allowfullscreen=\"allowfullscreen\"><\/iframe><\/p>\n<p style=\"text-align: justify;\"><strong><span style=\"color: #800000;\"><span style=\"font-size: 14pt;\">\u2666<\/span> Projecte seleccionat web xtec (2011)<\/span><\/strong><\/p>\n<p><img loading=\"lazy\" decoding=\"async\" class=\"aligncenter\" src=\"https:\/\/sites.google.com\/a\/xtec.cat\/seae\/dialegs-d-educacio\/projecte\/dialegs%2Bxtec.JPG\" alt=\"\" width=\"406\" height=\"355\" \/><\/p>\n<p><span style=\"color: #800000;\"><a style=\"color: #800000;\" href=\"https:\/\/sites.google.com\/a\/xtec.cat\/seae\/dialegs-d-educacio\/hemeroteca-dialegs-d-educacio\"><span style=\"font-size: 14pt;\">\u2666<\/span> <\/a><code><span style=\"text-decoration: underline;\"><a style=\"color: #800000; text-decoration: underline;\" href=\"https:\/\/sites.google.com\/a\/xtec.cat\/seae\/dialegs-d-educacio\/hemeroteca-dialegs-d-educacio\" target=\"_blank\" rel=\"noopener noreferrer\">Hemeroteca<\/a><\/span><\/code> en destaquem les edicions especials<\/span><\/p>\n<table style=\"margin: 0px auto; width: 695px;\">\n<tbody>\n<tr>\n<td style=\"width: 315px; text-align: center; vertical-align: top;\"><span style=\"font-size: 16px;\">Maig del 2011, es publica el <a href=\"https:\/\/sites.google.com\/a\/xtec.cat\/seae\/dialegs-d-educacio\/dialegsdeducacio225\" target=\"_blank\" rel=\"noopener noreferrer\">n\u00famero 25<\/a><\/span><a href=\"https:\/\/sites.google.com\/a\/xtec.cat\/seae\/dialegs-d-educacio\/dialegsdeducacio225\"><img loading=\"lazy\" decoding=\"async\" class=\"aligncenter\" src=\"https:\/\/docs.google.com\/a\/xtec.cat\/uc?id=0B_rK6cdlcwDCTzgydl9ST1BHQkE&amp;export=download\" alt=\"\" width=\"202\" height=\"277\" \/><\/a><\/td>\n<td style=\"width: 315px; text-align: center; vertical-align: top;\"><span style=\"font-size: 16px;\">Mar\u00e7 del 2015, es publica el <a href=\"https:\/\/serveiseducatius.xtec.cat\/altemporda\/portada\/dialegs-deducacio-any-vi-num-50-marc-2015\/\" target=\"_blank\" rel=\"noopener noreferrer\">n\u00famero 50<\/a><\/span><a href=\"https:\/\/serveiseducatius.xtec.cat\/altemporda\/portada\/dialegs-deducacio-any-vi-num-50-marc-2015\/\" target=\"_blank\" rel=\"noopener noreferrer\"><img loading=\"lazy\" decoding=\"async\" class=\"aligncenter\" src=\"https:\/\/docs.google.com\/a\/xtec.cat\/uc?id=0B_rK6cdlcwDCSGhaTVhBT0Jvalk&amp;export=download\" alt=\"\" width=\"209\" height=\"268\" \/><\/a><\/td>\n<\/tr>\n<\/tbody>\n<\/table>\n<p><strong><span style=\"color: #800000;\"><span style=\"font-size: 14pt;\">\u2666<\/span> Infografies<\/span><\/strong><\/p>\n<p style=\"text-align: center;\"><iframe loading=\"lazy\" src=\"https:\/\/docs.google.com\/presentation\/d\/e\/2PACX-1vQnHDP4r9HxCaMazL865q1R0wy8Ogcht7_p5cqbssGUTw1HPKgMNQpum1tfdln54CBZtA-5Z3wMkCsZ\/embed?start=false&amp;loop=true&amp;delayms=3000\" width=\"480\" height=\"389\" frameborder=\"0\" allowfullscreen=\"allowfullscreen\"><\/iframe><\/p>\n<p><span style=\"font-size: 10pt;\"><span style=\"font-size: 14pt;\"><strong><span style=\"color: #800000;\">\u2666 <\/span><\/strong><\/span><strong><span style=\"color: #800000;\">Dinar de celebraci\u00f3 del n\u00famero 50 entre el Setmanari Empord\u00e0 i els equips EAP, LIC i CRP del Servei Educatiu de l&#8217;Alt Empord\u00e0<\/span><\/strong><\/span><\/p>\n<p><img loading=\"lazy\" decoding=\"async\" class=\"size-large aligncenter\" src=\"https:\/\/docs.google.com\/a\/xtec.cat\/uc?id=0B0zHBF5nyE_Qd2NsWnRiaXk5aWM&amp;export=download\" width=\"739\" height=\"320\" \/><\/p>\n","protected":false},"excerpt":{"rendered":"<p>&#8220;Si avui heu passat per algun poble de l&#8217;Alt Empord\u00e0 i heu vist cues davant dels quioscos o llibreries, no us espanteu. Avui dimarts, 10 de novembre de 2009, ha nascut el primer suplement educatiu del Setmanari Empord\u00e0 que porta per nom &#8220;Di\u00e0legs d&#8217;Educaci\u00f3&#8221;. Es tracta d&#8217;un suplement educatiu que pret\u00e9n donar la paraula i [&hellip;]<\/p>\n","protected":false},"author":4,"featured_media":0,"parent":9380,"menu_order":1,"comment_status":"closed","ping_status":"closed","template":"page-templates\/side-menu.php","meta":{"_bbp_topic_count":0,"_bbp_reply_count":0,"_bbp_total_topic_count":0,"_bbp_total_reply_count":0,"_bbp_voice_count":0,"_bbp_anonymous_reply_count":0,"_bbp_topic_count_hidden":0,"_bbp_reply_count_hidden":0,"_bbp_forum_subforum_count":0,"site-sidebar-layout":"default","site-content-layout":"","ast-site-content-layout":"","site-content-style":"default","site-sidebar-style":"default","ast-global-header-display":"","ast-banner-title-visibility":"","ast-main-header-display":"","ast-hfb-above-header-display":"","ast-hfb-below-header-display":"","ast-hfb-mobile-header-display":"","site-post-title":"","ast-breadcrumbs-content":"","ast-featured-img":"","footer-sml-layout":"","theme-transparent-header-meta":"","adv-header-id-meta":"","stick-header-meta":"","header-above-stick-meta":"","header-main-stick-meta":"","header-below-stick-meta":"","astra-migrate-meta-layouts":"default","ast-page-background-enabled":"default","ast-page-background-meta":{"desktop":{"background-color":"var(--ast-global-color-4)","background-image":"","background-repeat":"repeat","background-position":"center center","background-size":"auto","background-attachment":"scroll","background-type":"","background-media":"","overlay-type":"","overlay-color":"","overlay-opacity":"","overlay-gradient":""},"tablet":{"background-color":"","background-image":"","background-repeat":"repeat","background-position":"center center","background-size":"auto","background-attachment":"scroll","background-type":"","background-media":"","overlay-type":"","overlay-color":"","overlay-opacity":"","overlay-gradient":""},"mobile":{"background-color":"","background-image":"","background-repeat":"repeat","background-position":"center center","background-size":"auto","background-attachment":"scroll","background-type":"","background-media":"","overlay-type":"","overlay-color":"","overlay-opacity":"","overlay-gradient":""}},"ast-content-background-meta":{"desktop":{"background-color":"var(--ast-global-color-5)","background-image":"","background-repeat":"repeat","background-position":"center center","background-size":"auto","background-attachment":"scroll","background-type":"","background-media":"","overlay-type":"","overlay-color":"","overlay-opacity":"","overlay-gradient":""},"tablet":{"background-color":"var(--ast-global-color-5)","background-image":"","background-repeat":"repeat","background-position":"center center","background-size":"auto","background-attachment":"scroll","background-type":"","background-media":"","overlay-type":"","overlay-color":"","overlay-opacity":"","overlay-gradient":""},"mobile":{"background-color":"var(--ast-global-color-5)","background-image":"","background-repeat":"repeat","background-position":"center center","background-size":"auto","background-attachment":"scroll","background-type":"","background-media":"","overlay-type":"","overlay-color":"","overlay-opacity":"","overlay-gradient":""}},"footnotes":""},"class_list":["post-9162","page","type-page","status-publish","hentry"],"post_mailing_queue_ids":[],"_links":{"self":[{"href":"https:\/\/serveiseducatius.xtec.cat\/altemporda\/wp-json\/wp\/v2\/pages\/9162","targetHints":{"allow":["GET"]}}],"collection":[{"href":"https:\/\/serveiseducatius.xtec.cat\/altemporda\/wp-json\/wp\/v2\/pages"}],"about":[{"href":"https:\/\/serveiseducatius.xtec.cat\/altemporda\/wp-json\/wp\/v2\/types\/page"}],"author":[{"embeddable":true,"href":"https:\/\/serveiseducatius.xtec.cat\/altemporda\/wp-json\/wp\/v2\/users\/4"}],"replies":[{"embeddable":true,"href":"https:\/\/serveiseducatius.xtec.cat\/altemporda\/wp-json\/wp\/v2\/comments?post=9162"}],"version-history":[{"count":3,"href":"https:\/\/serveiseducatius.xtec.cat\/altemporda\/wp-json\/wp\/v2\/pages\/9162\/revisions"}],"predecessor-version":[{"id":9170,"href":"https:\/\/serveiseducatius.xtec.cat\/altemporda\/wp-json\/wp\/v2\/pages\/9162\/revisions\/9170"}],"up":[{"embeddable":true,"href":"https:\/\/serveiseducatius.xtec.cat\/altemporda\/wp-json\/wp\/v2\/pages\/9380"}],"wp:attachment":[{"href":"https:\/\/serveiseducatius.xtec.cat\/altemporda\/wp-json\/wp\/v2\/media?parent=9162"}],"curies":[{"name":"wp","href":"https:\/\/api.w.org\/{rel}","templated":true}]}}