{"id":9053,"date":"2019-11-22T10:34:47","date_gmt":"2019-11-22T09:34:47","guid":{"rendered":"http:\/\/serveiseducatius.xtec.cat\/altemporda\/?page_id=9053"},"modified":"2026-04-15T14:21:49","modified_gmt":"2026-04-15T12:21:49","slug":"xarxa-de-competencies-basiques-territorial-11-alt-emporda-pla-de-lestany-i-ripolles","status":"publish","type":"page","link":"https:\/\/serveiseducatius.xtec.cat\/altemporda\/xarxa-de-competencies-basiques-territorial-11-alt-emporda-pla-de-lestany-i-ripolles\/","title":{"rendered":"Xarxa de Compet\u00e8ncies Territorial 11 (Alt Empord\u00e0, Baix Empord\u00e0, Pla de l&#8217;Estany i Ripoll\u00e8s)"},"content":{"rendered":"\n<p><span style=\"font-size: 10pt;\">La Xarxa de Compet\u00e8ncies Territorial (XCT11) est\u00e0 formada per un equip de docents que desenvolupen el treball per compet\u00e8ncies als seus centres, elaboren instruments de suport per orientar els processos de reflexi\u00f3 i la gesti\u00f3 del curr\u00edculum, i comparteixen processos d\u2019autoavaluaci\u00f3.<\/span><br><span style=\"font-size: 10pt;\">Aquest curs 2024-25, set\u00e8 any de la xarxa 11, en formen part els seg\u00fcents centres de l&#8217;Alt Empord\u00e0:<\/span><\/p>\n\n\n\n<figure class=\"wp-block-table\"><table class=\"has-fixed-layout\"><tbody><tr><td>Escola de Llers<\/td><td>Escola Emp\u00faries (L&#8217;Escala)<\/td><td><span style=\"font-size: 10pt;\">&nbsp;Escola de Pau&nbsp;<\/span><\/td><\/tr><tr><td><span style=\"font-size: 10pt;\">&nbsp;Escola Ruiz Amado (Castell\u00f3 d&#8217;Emp\u00faries)<\/span><\/td><td><span style=\"font-size: 10pt;\">&nbsp;CEE Mare de D\u00e9u del Mont (Vilafant)<\/span><\/td><td><span style=\"font-size: 10pt;\">&nbsp;Escola Els Grecs (Roses)<\/span><\/td><\/tr><tr><td><span style=\"font-size: 10pt;\">&nbsp;Escola Sant Pau (Figueres)<\/span><\/td><td><span style=\"font-size: 10pt;\">&nbsp;Escola L&#8217;Esculapi (L&#8217;Escala)<\/span><\/td><td>ZER Les Salines<\/td><\/tr><tr><td><span style=\"font-size: 10pt;\">&nbsp;Escola Ramon Muntaner (Peralada)<\/span><\/td><td><span style=\"font-size: 10pt;\">Escola Carme Guasch (Figueres)<\/span><\/td><td>ZER Requesens<\/td><\/tr><tr><td><span style=\"font-size: 10pt;\">&nbsp;Escola Fluvianets (l&#8217;Armentera)<\/span><\/td><td><span style=\"font-size: 10pt;\">Cor de Maria (Figueres)<\/span><\/td><td><span style=\"font-size: 10pt;\">Escola Joan Regl\u00e0 (B\u00e0scara)<\/span><\/td><\/tr><tr><td><span style=\"font-size: 10pt;\">Escola Pompeu Fabra (Llan\u00e7\u00e0)&nbsp;<\/span><\/td><td><span style=\"font-size: 10pt;\">Escola Salvador Dal\u00ed (Figueres)&nbsp;<\/span><\/td><td><span style=\"font-size: 10pt;\">Escola Joana d&#8217;Emp\u00faries (Castell\u00f3 d&#8217;Emp\u00faries)<\/span><\/td><\/tr><tr><td><span style=\"font-size: 10pt;\">Escola Narc\u00eds Monturiol (Roses)<\/span><\/td><td><span style=\"font-size: 10pt;\">INS Illa de Rodes (Roses)<\/span><\/td><td>&nbsp;<\/td><\/tr><\/tbody><\/table><\/figure>\n\n\n\n<p><span style=\"font-size: 10pt;\">En total a la comarca hi ha 20 centres implicats a la Xarxa de Compet\u00e8ncies, amb 39 coordinadors\/es dels grups impulsors de centre.<\/span><br><span style=\"font-size: 10pt;\">El fet de pert\u00e0nyer a una xarxa docent entre iguals, com la Xarxa de Compet\u00e8ncies B\u00e0siques, empeny a crear espais pedag\u00f2gics en el si de cada centre i a aprendre dels altres centres en un context de formaci\u00f3 cont\u00ednua entre iguals, que combina l\u2019acci\u00f3 i la reflexi\u00f3, amb la finalitat de consolidar projectes educatius transformadors i basats en el treball en equip de tots els agents de la comunitat educativa. La Xarxa CB inicial es va posar en marxa fa m\u00e9s de 20 anys, i s\u2019ha anat ampliant arreu de tota Catalunya. <a href=\"http:\/\/xtec.gencat.cat\/web\/.content\/curriculum\/xarxacb\/documents\/Qui-som.pdf\">+info<\/a><\/span><\/p>\n\n\n\n<p><strong>Acc\u00e9s a:<\/strong><\/p>\n\n\n\n<ul class=\"wp-block-list\">\n<li><a href=\"https:\/\/xtec.gencat.cat\/ca\/curriculum\/xarxa-de-competencies\/\" target=\"_blank\" rel=\"noopener noreferrer\">WEB PRINCIPAL XARXA COMPET\u00c8NCIES B\u00c0SIQUES (XTEC)<\/a><\/li>\n\n\n\n<li><a href=\"http:\/\/odissea.xtec.cat\/\" target=\"_blank\" rel=\"noopener noreferrer\">ENTORN ODISSEA<\/a> (cal identificar-se amb usuari xtec)<\/li>\n\n\n\n<li><a href=\"https:\/\/sites.google.com\/xtec.cat\/xxiv-jornada-anual-xarxa-de-c\/p%C3%A0gina-principal\" target=\"_blank\" rel=\"noopener noreferrer\">JORNADA ANUAL&nbsp;<\/a><\/li>\n\n\n\n<li><a href=\"https:\/\/projectes.xtec.cat\/xarxacb\/\" target=\"_blank\" rel=\"noopener noreferrer\">XCB &#8211; NODES<\/a><\/li>\n\n\n\n<li><span style=\"font-size: 12pt;\"><a href=\"https:\/\/blocs.xtec.cat\/xcbprojecte325\/\" target=\"_blank\" rel=\"nofollow noopener noreferrer\">Blocs XCBT<\/a>&nbsp;per editar el bloc cal identificar-se a:&nbsp;<a href=\"https:\/\/blocs.xtec.cat\/\" rel=\"nofollow\">https:\/\/blocs.xtec.cat\/<\/a><\/span><\/li>\n\n\n\n<li><a href=\"http:\/\/serveiseducatius.xtec.cat\/altemporda\/xarxa-de-competencies-basiques-territorial-11-alt-emporda-pla-de-lestany-i-ripolles\/xcbt11-recursos-per-a-la-formacio\/\">RECURSOS PER A LA FORMACI\u00d3<\/a><\/li>\n<\/ul>\n\n\n\n<p class=\"has-text-align-center\"><iframe loading=\"lazy\" src=\"https:\/\/drive.google.com\/file\/d\/0B5JxqkTkotQLYUJXcVJHTFNnTUpSb1UweThUMTdTSVRqUzBz\/preview\" width=\"600\" height=\"850\"><\/iframe><\/p>\n","protected":false},"excerpt":{"rendered":"<p>La Xarxa de Compet\u00e8ncies Territorial (XCT11) est\u00e0 formada per un equip de docents que desenvolupen el treball per compet\u00e8ncies als seus centres, elaboren instruments de suport per orientar els processos de reflexi\u00f3 i la gesti\u00f3 del curr\u00edculum, i comparteixen processos d\u2019autoavaluaci\u00f3.Aquest curs 2024-25, set\u00e8 any de la xarxa 11, en formen part els seg\u00fcents centres [&hellip;]<\/p>\n","protected":false},"author":14,"featured_media":0,"parent":0,"menu_order":0,"comment_status":"closed","ping_status":"closed","template":"","meta":{"_bbp_topic_count":0,"_bbp_reply_count":0,"_bbp_total_topic_count":0,"_bbp_total_reply_count":0,"_bbp_voice_count":0,"_bbp_anonymous_reply_count":0,"_bbp_topic_count_hidden":0,"_bbp_reply_count_hidden":0,"_bbp_forum_subforum_count":0,"site-sidebar-layout":"default","site-content-layout":"","ast-site-content-layout":"default","site-content-style":"default","site-sidebar-style":"default","ast-global-header-display":"","ast-banner-title-visibility":"","ast-main-header-display":"","ast-hfb-above-header-display":"","ast-hfb-below-header-display":"","ast-hfb-mobile-header-display":"","site-post-title":"","ast-breadcrumbs-content":"","ast-featured-img":"","footer-sml-layout":"","theme-transparent-header-meta":"","adv-header-id-meta":"","stick-header-meta":"","header-above-stick-meta":"","header-main-stick-meta":"","header-below-stick-meta":"","astra-migrate-meta-layouts":"set","ast-page-background-enabled":"default","ast-page-background-meta":{"desktop":{"background-color":"var(--ast-global-color-4)","background-image":"","background-repeat":"repeat","background-position":"center center","background-size":"auto","background-attachment":"scroll","background-type":"","background-media":"","overlay-type":"","overlay-color":"","overlay-opacity":"","overlay-gradient":""},"tablet":{"background-color":"","background-image":"","background-repeat":"repeat","background-position":"center center","background-size":"auto","background-attachment":"scroll","background-type":"","background-media":"","overlay-type":"","overlay-color":"","overlay-opacity":"","overlay-gradient":""},"mobile":{"background-color":"","background-image":"","background-repeat":"repeat","background-position":"center center","background-size":"auto","background-attachment":"scroll","background-type":"","background-media":"","overlay-type":"","overlay-color":"","overlay-opacity":"","overlay-gradient":""}},"ast-content-background-meta":{"desktop":{"background-color":"var(--ast-global-color-5)","background-image":"","background-repeat":"repeat","background-position":"center center","background-size":"auto","background-attachment":"scroll","background-type":"","background-media":"","overlay-type":"","overlay-color":"","overlay-opacity":"","overlay-gradient":""},"tablet":{"background-color":"var(--ast-global-color-5)","background-image":"","background-repeat":"repeat","background-position":"center center","background-size":"auto","background-attachment":"scroll","background-type":"","background-media":"","overlay-type":"","overlay-color":"","overlay-opacity":"","overlay-gradient":""},"mobile":{"background-color":"var(--ast-global-color-5)","background-image":"","background-repeat":"repeat","background-position":"center center","background-size":"auto","background-attachment":"scroll","background-type":"","background-media":"","overlay-type":"","overlay-color":"","overlay-opacity":"","overlay-gradient":""}},"footnotes":""},"class_list":["post-9053","page","type-page","status-publish","hentry"],"post_mailing_queue_ids":[],"_links":{"self":[{"href":"https:\/\/serveiseducatius.xtec.cat\/altemporda\/wp-json\/wp\/v2\/pages\/9053","targetHints":{"allow":["GET"]}}],"collection":[{"href":"https:\/\/serveiseducatius.xtec.cat\/altemporda\/wp-json\/wp\/v2\/pages"}],"about":[{"href":"https:\/\/serveiseducatius.xtec.cat\/altemporda\/wp-json\/wp\/v2\/types\/page"}],"author":[{"embeddable":true,"href":"https:\/\/serveiseducatius.xtec.cat\/altemporda\/wp-json\/wp\/v2\/users\/14"}],"replies":[{"embeddable":true,"href":"https:\/\/serveiseducatius.xtec.cat\/altemporda\/wp-json\/wp\/v2\/comments?post=9053"}],"version-history":[{"count":6,"href":"https:\/\/serveiseducatius.xtec.cat\/altemporda\/wp-json\/wp\/v2\/pages\/9053\/revisions"}],"predecessor-version":[{"id":27568,"href":"https:\/\/serveiseducatius.xtec.cat\/altemporda\/wp-json\/wp\/v2\/pages\/9053\/revisions\/27568"}],"wp:attachment":[{"href":"https:\/\/serveiseducatius.xtec.cat\/altemporda\/wp-json\/wp\/v2\/media?parent=9053"}],"curies":[{"name":"wp","href":"https:\/\/api.w.org\/{rel}","templated":true}]}}