{"id":889,"date":"2015-11-29T15:07:18","date_gmt":"2015-11-29T14:07:18","guid":{"rendered":"http:\/\/serveiseducatius.xtec.cat\/altemporda\/?page_id=889"},"modified":"2020-11-25T13:59:30","modified_gmt":"2020-11-25T12:59:30","slug":"revistes","status":"publish","type":"page","link":"https:\/\/serveiseducatius.xtec.cat\/altemporda\/recursos\/revistes\/","title":{"rendered":"Revistes"},"content":{"rendered":"<div>\n<h4 dir=\"ltr\">Buidat de Revistes d&#8217;inter\u00e8s pedag\u00f2gic<\/h4>\n<p dir=\"ltr\"><span style=\"color: #000000; font-size: medium;\">Els Centres de Recursos Pedag\u00f2gics de les comarques gironines realitzem el buidat <\/span><span style=\"font-size: medium;\">d&#8217;articles de les seg\u00fcents revistes d&#8217;inter\u00e8s pedag\u00f2gic:<\/span><\/p>\n<table style=\"height: 239px;\" width=\"524\">\n<tbody>\n<tr>\n<td style=\"width: 293.25px;\">&#8211; Aula de Innovaci\u00f3n Educativa<\/td>\n<td style=\"width: 222.917px;\">&#8211; Inf\u00e0ncia a Europa<\/td>\n<\/tr>\n<tr>\n<td style=\"width: 293.25px;\">&#8211; Cuadernos de Pedagog\u00eda<\/td>\n<td style=\"width: 222.917px;\">&#8211; La Clase de Ciencias<\/td>\n<\/tr>\n<tr>\n<td style=\"width: 293.25px;\">&#8211; Escola Catalana<\/td>\n<td style=\"width: 222.917px;\">&#8211; Perspectiva Escolar<\/td>\n<\/tr>\n<tr>\n<td style=\"width: 293.25px;\">&#8211; Guix<\/td>\n<td style=\"width: 222.917px;\">&#8211; Reporter Doc<\/td>\n<\/tr>\n<tr>\n<td style=\"width: 293.25px;\">&#8211; Guix d&#8217;Infantil<\/td>\n<td style=\"width: 222.917px;\">&#8211; Temps d&#8217;Educaci\u00f3<\/td>\n<\/tr>\n<tr>\n<td style=\"width: 293.25px;\">&#8211; Inf\u00e0ncia<\/td>\n<td style=\"width: 222.917px;\"><\/td>\n<\/tr>\n<\/tbody>\n<\/table>\n<\/div>\n<div>\n<p><span style=\"font-family: arial, sans-serif; font-size: medium;\">Des del 1995 mantenim una base de dades amb les seg\u00fcents dades de cada article: nom i n\u00fam. de la revista; mes; any; autor; t\u00edtol; i tres camps de descriptors. Pots despenjar-te la base de dades del buidat de revistes pedag\u00f2giques (el fitxer s&#8217;autodescomprimir\u00e0 i en resultar\u00e0 un arxiu en format MS-ACCESS) clicant el seg\u00fcent disquet: <\/span><\/p>\n<\/div>\n<p dir=\"ltr\" style=\"text-align: center;\"><span style=\"font-size: medium;\"><img decoding=\"async\" class=\"aligncenter\" src=\"https:\/\/lh3.googleusercontent.com\/JppUlVJd9NyY_DC99kFAtIStoeBaKFtD1rhLHukR7OIzv9CihCVORxfiGFe8nINRlBpd_B6brvFGu_bFEXEscSaVvTev5oAKAqnVX3lTBUVwYLuTOa6lPcjQmQ\" width=\"32px;\" height=\"32px;\" \/><a href=\"http:\/\/www.xtec.net\/crp-baixemporda\/mediateca\/revistes\/revistes.exe\">(revistes.exe)<\/a><\/span><\/p>\n<h4 dir=\"ltr\"><span style=\"font-size: medium;\">Revistes digitals<\/span><\/h4>\n<ul>\n<li dir=\"ltr\">\n<p dir=\"ltr\"><span style=\"font-size: medium;\"><span style=\"font-size: medium;\"><strong><a href=\"https:\/\/www.grao.cat\/ca\/productes\/revistes?c=ALA\" target=\"_blank\" rel=\"noopener noreferrer\">Alambique<\/a><\/strong>. Did\u00e0ctica de les Ci\u00e8ncies Experimentals. Reflexions, recursos i experi\u00e8ncies per a l\u2019educaci\u00f3 prim\u00e0ria i secund\u00e0ria (ESO i Batxillerat). T\u00e9 com a objectiu proporcionar informaci\u00f3 \u00fatil per a la pr\u00e0ctica docent i per a l\u2019autoformaci\u00f3 del professorat.<\/span><\/span><\/p>\n<\/li>\n<li dir=\"ltr\">\n<p dir=\"ltr\"><span style=\"font-size: medium;\"><span style=\"font-size: medium;\"><strong><a href=\"http:\/\/ambitsdepsicopedagogiaiorientacio.cat\/?lang=es\" target=\"_blank\" rel=\"noopener noreferrer\">\u00c0mbits de psicopedagogia<\/a><\/strong>. Psicopedagogia i educaci\u00f3. S\u2019adre\u00e7a a professionals de la psicologia educativa, psicopedagogs, mestres i professionals vinculats al m\u00f3n educatiu.<br \/>\nArticles d&#8217;acc\u00e9s lliure.<\/span><\/span><\/p>\n<\/li>\n<li dir=\"ltr\">\n<p dir=\"ltr\"><span style=\"font-size: medium;\"><span style=\"font-size: medium;\"><strong><a href=\"https:\/\/www.grao.cat\/ca\/productes\/revistes?c=ART\" target=\"_blank\" rel=\"noopener noreferrer\">Articles<\/a><\/strong>. Articles de Did\u00e0ctica de la Llengua i de la Literatura. T\u00e9 com a objectiu ser un instrument de formaci\u00f3 permanent dels professionals de l\u2019ensenyament de la llengua, un espai d\u2019intercanvi i de coneixements, opinions, recerques i experi\u00e8ncies.<\/span><\/span><\/p>\n<\/li>\n<li dir=\"ltr\">\n<p dir=\"ltr\"><span style=\"font-size: medium;\"><span style=\"font-size: medium;\"><strong><a href=\"http:\/\/aulainfantil.grao.com\/\" target=\"_blank\" rel=\"noopener noreferrer\">Aula d&#8217;infantil<\/a><\/strong>. Reflexions, recursos did\u00e0ctics i experi\u00e8ncies pedag\u00f2giques d\u2019educaci\u00f3 infantil (primer i segon cicle)<\/span><\/span><\/p>\n<\/li>\n<li dir=\"ltr\">\n<p dir=\"ltr\"><span style=\"font-size: medium;\"><span style=\"font-size: medium;\"><strong><a href=\"http:\/\/aula.grao.com\/\" target=\"_blank\" rel=\"noopener noreferrer\">Aula de innovaci\u00f3n educativa<\/a>. <\/strong>Did\u00e0ctica general. Reflexions, recursos did\u00e0ctics i experi\u00e8ncies pedag\u00f2giques per a l\u2019educaci\u00f3 prim\u00e0ria i secund\u00e0ria.<\/span><\/span><\/p>\n<\/li>\n<li dir=\"ltr\">\n<p dir=\"ltr\"><span style=\"font-size: medium;\"><strong><a href=\"https:\/\/www.google.es\/url?sa=t&amp;rct=j&amp;q=&amp;esrc=s&amp;source=web&amp;cd=1&amp;cad=rja&amp;uact=8&amp;ved=0ahUKEwic45bT_7XJAhUHVRQKHWpqCNYQFgghMAA&amp;url=http%3A%2F%2Fauladesecundaria.grao.com%2F&amp;usg=AFQjCNFrjn4VaZXCLq7IXni-9RAMCmbMwg&amp;sig2=iJUEj1rWq3Wht_RAWKwVoQ\" target=\"_blank\" rel=\"noopener noreferrer\">Aula de secundaria<\/a><\/strong>. Revista bimestral dirigida especialment al professorat de l&#8217;etapa de secund\u00e0ria. Aporta eines de tutoria i orientaci\u00f3, aix\u00ed com reflexions i recursos de did\u00e0ctica.<\/span><\/p>\n<\/li>\n<li dir=\"ltr\">\n<p dir=\"ltr\"><span style=\"font-size: medium;\"><a href=\"http:\/\/www20.gencat.cat\/portal\/site\/mediambient\/menuitem.685af0bd03466a424e9cac3bb0c0e1a0\/?vgnextoid=ab49843889cb7310VgnVCM2000009b0c1e0aRCRD&amp;vgnextchannel=ab49843889cb7310VgnVCM2000009b0c1e0aRCRD&amp;vgnextfmt=default\" target=\"_blank\" rel=\"noopener noreferrer\">Butllet\u00ed Escoles verdes<\/a>. Butllet\u00ed del Projecte Escoles Verdes (en format PDF) que t\u00e9 com a objectiu b\u00e0sic l\u2019ambientalitzaci\u00f3 dels centres educatius, tant a nivell curricular com pel que fa a la seva gesti\u00f3.<\/span><\/p>\n<\/li>\n<li dir=\"ltr\">\n<p dir=\"ltr\"><span style=\"font-size: medium;\"><a href=\"http:\/\/comunidad-escolar.cnice.mec.es\/otrosnum.html\" target=\"_blank\" rel=\"noopener noreferrer\">Comunidad Escolar<\/a>. Acc\u00e9s a l&#8217;\u00faltim n\u00famero d&#8217;aquesta publicaci\u00f3 electr\u00f2nica que es publica des del Programa de Noves Tecnologies (PNTIC) del Ministerio de Educaci\u00f3n y Ciencia.<\/span><\/p>\n<\/li>\n<li dir=\"ltr\">\n<p dir=\"ltr\"><span style=\"font-size: medium;\"><a href=\"http:\/\/www.unesco.org\/new\/es\/unesco-courier\/\" target=\"_blank\" rel=\"noopener noreferrer\">El Correo de la Unesco<\/a>. Versi\u00f3 digital de la prestigiosa publicaci\u00f3 de la UNESCO. Des d&#8217;aquesta p\u00e0gina es pot accedir de manera directa als continguts dels dos darrers n\u00fameros i als sumaris dels n\u00fameros publicats des de 1998.<\/span><\/p>\n<\/li>\n<li dir=\"ltr\">\n<p dir=\"ltr\"><span style=\"font-size: medium;\"><a href=\"http:\/\/edutec.rediris.es\/Revelec2\/presentacion.html\" target=\"_blank\" rel=\"noopener noreferrer\">Edutec<\/a>. Revista electr\u00f2nica de tecnologia educativa.<\/span><\/p>\n<\/li>\n<li dir=\"ltr\">\n<p dir=\"ltr\"><span style=\"font-size: medium;\"><a href=\"http:\/\/rsensat.blogspot.com.es\/\" target=\"_blank\" rel=\"noopener noreferrer\">Ep Mestre\/a!<\/a>. Des d&#8217;aquest apartat del web de l&#8217;Associaci\u00f3 de Mestres Rosa Sensat (al final de tot de la p\u00e0gina), podreu escollir el n\u00famero que vulgueu del full que que duu aquest t\u00edtol, editat per aquesta associaci\u00f3 (en format PDF) <\/span><\/p>\n<\/li>\n<li dir=\"ltr\">\n<p dir=\"ltr\"><span style=\"font-size: medium;\"><a href=\"http:\/\/www.mecd.gob.es\/revista-de-educacion\/\" target=\"_blank\" rel=\"noopener noreferrer\">Revista de Educaci\u00f3n<\/a>. Versi\u00f3 electr\u00f2nica des de 2006 (els articles s\u00f3n en format PDF) d&#8217;aquesta revista que publica en format impr\u00e8s el Ministeri d&#8217;Educaci\u00f3 i Ci\u00e8ncia espanyol des de 1951. <\/span><\/p>\n<\/li>\n<li dir=\"ltr\">\n<p dir=\"ltr\"><span style=\"font-size: medium;\"><a href=\"http:\/\/reddigital.cnice.mec.es\/\" target=\"_blank\" rel=\"noopener noreferrer\">Red Digital<\/a>. Revista del CNICE (Centre Nacional d&#8217;Informaci\u00f3 i Investigaci\u00f3 Educatives, depenent del MEC) especialitzada en TIC i Educaci\u00f3.<\/span><\/p>\n<\/li>\n<li dir=\"ltr\">\n<p dir=\"ltr\"><span style=\"font-size: medium;\"><a>Heuresis<\/a>. Revista electr\u00f2nica d&#8217;investigaci\u00f3 curricular i educativa.<\/span><\/p>\n<\/li>\n<li dir=\"ltr\">\n<p dir=\"ltr\"><span style=\"font-size: medium;\"><a>In-f\u00e0n-cia<\/a>. Web de la revista In-f\u00e0n-cia on es relacionen les diferents activitats que s&#8217;organitzen al voltant d&#8217;aquesta publicaci\u00f3. \u00a0<\/span><\/p>\n<\/li>\n<li dir=\"ltr\">\n<p dir=\"ltr\"><span style=\"font-size: medium;\"><a>Lecturas de Educaci\u00f3n F\u00edsica y Deportes<\/a>. Revista electr\u00f2nica d&#8217;educaci\u00f3 f\u00edsica i esports.<\/span><\/p>\n<\/li>\n<li dir=\"ltr\">\n<p dir=\"ltr\"><span style=\"font-size: medium;\"><a>Medi ambient. Tecnologia i cultura<\/a>. Acc\u00e9s a la versi\u00f3 electr\u00f2nica del darrer n\u00famero de la revista.<\/span><\/p>\n<\/li>\n<li dir=\"ltr\">\n<p dir=\"ltr\"><span style=\"font-size: medium;\"><a>Monogr\u00e1ficos<\/a>. Apartats de monografies d&#8217;Educaweb.<\/span><\/p>\n<\/li>\n<li dir=\"ltr\">\n<p dir=\"ltr\"><span style=\"font-size: medium;\"><a>Quaderns digitals<\/a>. Revista digital especialitzada en la divulgaci\u00f3 de les tecnologies de la informaci\u00f3 i la comunicaci\u00f3. Fa una especial incid\u00e8ncia en el vessant educatiu. A m\u00e9s cal destacar que en la seva Hemeroteca Virtual Educativa aplega tot un seguit de revistes digitals relacionades amb l&#8217;educaci\u00f3.<\/span><\/p>\n<\/li>\n<li dir=\"ltr\">\n<p dir=\"ltr\"><span style=\"font-size: medium;\"><a>Relieve<\/a>. Revista electr\u00f2nica d&#8217;investigaci\u00f3 i avaluaci\u00f3 educativa.<\/span><\/p>\n<\/li>\n<li dir=\"ltr\">\n<p dir=\"ltr\"><a>Senderi<\/a>. Revista d&#8217;educaci\u00f3 en valors.<\/p>\n<\/li>\n<li dir=\"ltr\">\n<p dir=\"ltr\"><span style=\"font-size: medium;\"><span style=\"font-size: medium;\"><a href=\"https:\/\/www.grao.cat\/ca\/productes\/revistes?c=TAN\" target=\"_blank\" rel=\"noopener noreferrer\">T\u00e1ndem: Did\u00e1ctica de la educaci\u00f3n f\u00edsica<\/a>. Revista per al professorat d&#8217;educaci\u00f3 f\u00edsica. Did\u00e0ctica de l&#8217;educaci\u00f3 f\u00edsica i l&#8217;esport a l&#8217;escola. Ofereix unitats did\u00e0ctiques d&#8217;educaci\u00f3 f\u00edsica.<\/span><\/span><\/p>\n<\/li>\n<li dir=\"ltr\">\n<p dir=\"ltr\"><span style=\"font-size: medium;\"><span style=\"font-size: medium;\"><a href=\"https:\/\/www.grao.cat\/ca\/productes\/revistes?c=TEX\">Textos<\/a>. Reflexions, recursos i experi\u00e8ncies sobre did\u00e0ctica de la llengua i la literatura per educaci\u00f3 prim\u00e0ria i secund\u00e0ria (ESO i Batxillerat)<\/span><\/span><\/p>\n<\/li>\n<li dir=\"ltr\">\n<p dir=\"ltr\">\n<\/li>\n<li><span style=\"font-size: medium;\"><a>Tots (Quaderns d&#8217;Educaci\u00f3 ambiental)<\/a>. Acc\u00e9s al darrer n\u00famero d&#8217;aquesta revista de tem\u00e0tica medioambiental publicada des del Centre Unesco de Catalunya. Tamb\u00e9 es pot accedir als n\u00fameros anteriors.<\/span><\/li>\n<\/ul>\n","protected":false},"excerpt":{"rendered":"<p>Buidat de Revistes d&#8217;inter\u00e8s pedag\u00f2gic Els Centres de Recursos Pedag\u00f2gics de les comarques gironines realitzem el buidat d&#8217;articles de les seg\u00fcents revistes d&#8217;inter\u00e8s pedag\u00f2gic: &#8211; Aula de Innovaci\u00f3n Educativa &#8211; Inf\u00e0ncia a Europa &#8211; Cuadernos de Pedagog\u00eda &#8211; La Clase de Ciencias &#8211; Escola Catalana &#8211; Perspectiva Escolar &#8211; Guix &#8211; Reporter Doc &#8211; Guix [&hellip;]<\/p>\n","protected":false},"author":3,"featured_media":0,"parent":906,"menu_order":0,"comment_status":"closed","ping_status":"closed","template":"page-templates\/side-menu.php","meta":{"_bbp_topic_count":0,"_bbp_reply_count":0,"_bbp_total_topic_count":0,"_bbp_total_reply_count":0,"_bbp_voice_count":0,"_bbp_anonymous_reply_count":0,"_bbp_topic_count_hidden":0,"_bbp_reply_count_hidden":0,"_bbp_forum_subforum_count":0,"site-sidebar-layout":"default","site-content-layout":"","ast-site-content-layout":"","site-content-style":"default","site-sidebar-style":"default","ast-global-header-display":"","ast-banner-title-visibility":"","ast-main-header-display":"","ast-hfb-above-header-display":"","ast-hfb-below-header-display":"","ast-hfb-mobile-header-display":"","site-post-title":"","ast-breadcrumbs-content":"","ast-featured-img":"","footer-sml-layout":"","theme-transparent-header-meta":"","adv-header-id-meta":"","stick-header-meta":"","header-above-stick-meta":"","header-main-stick-meta":"","header-below-stick-meta":"","astra-migrate-meta-layouts":"default","ast-page-background-enabled":"default","ast-page-background-meta":{"desktop":{"background-color":"var(--ast-global-color-4)","background-image":"","background-repeat":"repeat","background-position":"center center","background-size":"auto","background-attachment":"scroll","background-type":"","background-media":"","overlay-type":"","overlay-color":"","overlay-opacity":"","overlay-gradient":""},"tablet":{"background-color":"","background-image":"","background-repeat":"repeat","background-position":"center center","background-size":"auto","background-attachment":"scroll","background-type":"","background-media":"","overlay-type":"","overlay-color":"","overlay-opacity":"","overlay-gradient":""},"mobile":{"background-color":"","background-image":"","background-repeat":"repeat","background-position":"center center","background-size":"auto","background-attachment":"scroll","background-type":"","background-media":"","overlay-type":"","overlay-color":"","overlay-opacity":"","overlay-gradient":""}},"ast-content-background-meta":{"desktop":{"background-color":"var(--ast-global-color-5)","background-image":"","background-repeat":"repeat","background-position":"center center","background-size":"auto","background-attachment":"scroll","background-type":"","background-media":"","overlay-type":"","overlay-color":"","overlay-opacity":"","overlay-gradient":""},"tablet":{"background-color":"var(--ast-global-color-5)","background-image":"","background-repeat":"repeat","background-position":"center center","background-size":"auto","background-attachment":"scroll","background-type":"","background-media":"","overlay-type":"","overlay-color":"","overlay-opacity":"","overlay-gradient":""},"mobile":{"background-color":"var(--ast-global-color-5)","background-image":"","background-repeat":"repeat","background-position":"center center","background-size":"auto","background-attachment":"scroll","background-type":"","background-media":"","overlay-type":"","overlay-color":"","overlay-opacity":"","overlay-gradient":""}},"footnotes":""},"class_list":["post-889","page","type-page","status-publish","hentry"],"post_mailing_queue_ids":[],"_links":{"self":[{"href":"https:\/\/serveiseducatius.xtec.cat\/altemporda\/wp-json\/wp\/v2\/pages\/889","targetHints":{"allow":["GET"]}}],"collection":[{"href":"https:\/\/serveiseducatius.xtec.cat\/altemporda\/wp-json\/wp\/v2\/pages"}],"about":[{"href":"https:\/\/serveiseducatius.xtec.cat\/altemporda\/wp-json\/wp\/v2\/types\/page"}],"author":[{"embeddable":true,"href":"https:\/\/serveiseducatius.xtec.cat\/altemporda\/wp-json\/wp\/v2\/users\/3"}],"replies":[{"embeddable":true,"href":"https:\/\/serveiseducatius.xtec.cat\/altemporda\/wp-json\/wp\/v2\/comments?post=889"}],"version-history":[{"count":3,"href":"https:\/\/serveiseducatius.xtec.cat\/altemporda\/wp-json\/wp\/v2\/pages\/889\/revisions"}],"predecessor-version":[{"id":11849,"href":"https:\/\/serveiseducatius.xtec.cat\/altemporda\/wp-json\/wp\/v2\/pages\/889\/revisions\/11849"}],"up":[{"embeddable":true,"href":"https:\/\/serveiseducatius.xtec.cat\/altemporda\/wp-json\/wp\/v2\/pages\/906"}],"wp:attachment":[{"href":"https:\/\/serveiseducatius.xtec.cat\/altemporda\/wp-json\/wp\/v2\/media?parent=889"}],"curies":[{"name":"wp","href":"https:\/\/api.w.org\/{rel}","templated":true}]}}