{"id":8807,"date":"2019-10-09T13:06:23","date_gmt":"2019-10-09T11:06:23","guid":{"rendered":"http:\/\/serveiseducatius.xtec.cat\/altemporda\/?page_id=8807"},"modified":"2025-10-01T12:37:02","modified_gmt":"2025-10-01T10:37:02","slug":"equips-directius","status":"publish","type":"page","link":"https:\/\/serveiseducatius.xtec.cat\/altemporda\/equips-directius\/","title":{"rendered":"Equips directius"},"content":{"rendered":"<p><span style=\"color: #ff0000;\"><strong>Compte:<\/strong><\/span> Cal identificaci\u00f3 per entrar en alguns dels apartats seg\u00fcents. Aix\u00f2 vol dir que si no formeu part d&#8217;aquest col\u00b7lectiu no hi podreu entrar i no es compartir\u00e0 la informaci\u00f3.<\/p>\n<hr width=\"1px\/\" \/>\n<p><!--FILA 1--><\/p>\n<div class=\"fila;\" style=\"display: flex; align-items: center; justify-content: center;\">\n<div class=\"columna\" style=\"width: 20%; text-align: center;\"><a class=\"boto_taula\" style=\"color: #000000; display: flex; align-items: center; justify-content: center; height: 70px; text-decoration: none;\" href=\"http:\/\/serveiseducatius.xtec.cat\/altemporda\/equips-directius\/programacio-general-anual\/\" target=\"_blank\" rel=\"noopener noreferrer\"><span style=\"font-size: 1.25em;\">PGA (Programaci\u00f3 General Anual)<\/span><\/a><\/div>\n<div class=\"columna\" style=\"width: 20%; text-align: center;\"><a class=\"boto_taula\" style=\"color: #000000; display: flex; align-items: center; justify-content: center; height: 70px; text-decoration: none;\" href=\"https:\/\/serveiseducatius.xtec.cat\/altemporda\/equips-directius\/sistema-dindicadors-de-centre-sic\/\" target=\"_blank\" rel=\"noopener noreferrer\"><span style=\"font-size: 1.25em;\">SIC (Sistema d&#8217;Indicadors de centre)<\/span><\/a><\/div>\n<div class=\"columna\" style=\"width: 20%; text-align: center;\"><a class=\"boto_taula\" style=\"color: #000000; display: flex; align-items: center; justify-content: center; height: 70px; text-decoration: none;\" href=\"https:\/\/sites.google.com\/xtec.cat\/direccions-primaria\/p%C3%A0gina-principal\" target=\"_blank\" rel=\"noopener noreferrer\"><span style=\"font-size: 1.25em;\">Direccions PRI<\/span><\/a><\/div>\n<div class=\"columna\" style=\"width: 20%; text-align: center;\"><a class=\"boto_taula\" style=\"color: #000000; display: flex; align-items: center; justify-content: center; height: 70px; text-decoration: none;\" href=\"https:\/\/sites.google.com\/xtec.cat\/direccionssecundariaae\/p%C3%A0gina-principal\" target=\"_blank\" rel=\"noopener noreferrer\"><span style=\"font-size: 1.25em;\">Direccions SEC<\/span><\/a><\/div>\n<\/div>\n<hr width=\"1px\/\" \/>\n<p><!--FILA 2--><\/p>\n<div class=\"fila;\" style=\"display: flex; align-items: center; justify-content: center;\">\n<div class=\"columna\" style=\"width: 20%; text-align: center;\"><a class=\"boto1\" style=\"color: #000000; display: flex; align-items: center; justify-content: center; height: 70px; text-decoration: none;\" href=\"https:\/\/sites.google.com\/a\/xtec.cat\/seminari-de-caps-d-estudi-primaria-ae\/curs-2025-2026\" target=\"_blank\" rel=\"noopener noreferrer\"><span style=\"font-size: 1.25em;\">SC PRI<br \/>\n(Caps d&#8217;Estudis)<\/span><\/a><\/div>\n<div class=\"columna\" style=\"width: 20%; text-align: center;\"><a class=\"boto1\" style=\"color: #000000; display: flex; align-items: center; justify-content: center; height: 70px; text-decoration: none;\" href=\"https:\/\/sites.google.com\/xtec.cat\/sc-caps-estudi-secundria-ae\" target=\"_blank\" rel=\"noopener noreferrer\"><span style=\"font-size: 1.25em;\">SC SEC<br \/>\n(Caps d&#8217;Estudis)<\/span><\/a><\/div>\n<div class=\"columna\" style=\"width: 20%; text-align: center;\"><a class=\"boto1\" style=\"color: #000000; display: flex; align-items: center; justify-content: center; height: 70px; text-decoration: none;\" href=\"https:\/\/sites.google.com\/xtec.cat\/iecomarquesgironines\/inici\" target=\"_blank\" rel=\"noopener noreferrer\"><span style=\"font-size: 1.25em;\">SC I-E<br \/>\n(Comarques Gironines)<\/span><\/a><\/div>\n<div class=\"columna\" style=\"width: 20%; heigth: 475px;\"><a class=\"boto1\" style=\"color: #000000; display: flex; align-items: center; justify-content: center; height: 70px; text-decoration: none;\" href=\"https:\/\/serveiseducatius.xtec.cat\/altemporda\/equips-directius\/coordinacio-primaria-secundaria-zona-figueres\/\" target=\"_blank\" rel=\"noopener noreferrer\"><span style=\"font-size: 1.25em;\">PRI-SEC Coord.<br \/>\nZona Figueres\u00a0<\/span><\/a><\/div>\n<\/div>\n<hr width=\"1px\/\" \/>\n<p><!--FILA 3--><\/p>\n<div class=\"fila;\" style=\"display: flex; align-items: center; justify-content: center;\">\n<div class=\"columna\" style=\"width: 20%; text-align: center;\"><a class=\"boto_taula\" style=\"color: #000000; display: flex; align-items: center; justify-content: center; height: 70px; text-decoration: none;\" href=\"https:\/\/drive.google.com\/drive\/folders\/1UzR2p2vNhRqjy7qil2gdBW0n7M0lS4JK\" target=\"_blank\" rel=\"noopener noreferrer\"><span style=\"font-size: 1.25em;\">Absentisme<\/span><\/a><\/div>\n<div class=\"columna\" style=\"width: 20%; heigth: 475px; text-align: center;\"><a class=\"boto_taula\" style=\"color: #000000; display: flex; align-items: center; justify-content: center; height: 70px; text-decoration: none;\" href=\"https:\/\/serveiseducatius.xtec.cat\/altemporda\/equips-directius\/proves-de-competencies-basiques\/\" target=\"_blank\" rel=\"noopener noreferrer\"><span style=\"font-size: 1.25em;\">Proves Cb<\/span><\/a><\/div>\n<div class=\"columna\" style=\"width: 20%; heigth: 475px; text-align: center;\"><a class=\"boto_taula\" style=\"color: #000000; display: flex; align-items: center; justify-content: center; height: 70px; text-decoration: none;\" href=\"https:\/\/sites.google.com\/xtec.cat\/aval-comprensio-lectora-acl\/introducci%C3%B3\" target=\"_blank\" rel=\"noopener noreferrer\"><span style=\"font-size: 1.25em;\">Proves ACL<\/span><\/a><\/div>\n<div class=\"columna\" style=\"width: 20%; text-align: center;\"><a class=\"boto_taula\" style=\"color: #000000; display: flex; align-items: center; justify-content: center; height: 70px; text-decoration: none;\" href=\"https:\/\/serveiseducatius.xtec.cat\/altemporda\/equips-directius\/historic-e-directius\/\" target=\"_blank\" rel=\"noopener noreferrer\"><span style=\"font-size: 1.25em;\">Hist\u00f2ric<\/span><\/a><\/div>\n<\/div>\n<hr width=\"1px\/\" \/>\n<p><!--FILA 4--><\/p>\n<div class=\"fila;\" style=\"display: flex; align-items: center; justify-content: center;\">\n<div class=\"columna\" style=\"width: 20%; text-align: center;\"><\/div>\n<div class=\"columna\" style=\"width: 20%; text-align: center;\"><\/div>\n<\/div>\n<hr width=\"1px\/\" \/>\n","protected":false},"excerpt":{"rendered":"<p>Compte: Cal identificaci\u00f3 per entrar en alguns dels apartats seg\u00fcents. Aix\u00f2 vol dir que si no formeu part d&#8217;aquest col\u00b7lectiu no hi podreu entrar i no es compartir\u00e0 la informaci\u00f3. PGA (Programaci\u00f3 General Anual) SIC (Sistema d&#8217;Indicadors de centre) Direccions PRI Direccions SEC SC PRI (Caps d&#8217;Estudis) SC SEC (Caps d&#8217;Estudis) SC I-E (Comarques Gironines) [&hellip;]<\/p>\n","protected":false},"author":4,"featured_media":0,"parent":0,"menu_order":0,"comment_status":"closed","ping_status":"closed","template":"","meta":{"_bbp_topic_count":0,"_bbp_reply_count":0,"_bbp_total_topic_count":0,"_bbp_total_reply_count":0,"_bbp_voice_count":0,"_bbp_anonymous_reply_count":0,"_bbp_topic_count_hidden":0,"_bbp_reply_count_hidden":0,"_bbp_forum_subforum_count":0,"site-sidebar-layout":"default","site-content-layout":"","ast-site-content-layout":"","site-content-style":"default","site-sidebar-style":"default","ast-global-header-display":"","ast-banner-title-visibility":"","ast-main-header-display":"","ast-hfb-above-header-display":"","ast-hfb-below-header-display":"","ast-hfb-mobile-header-display":"","site-post-title":"","ast-breadcrumbs-content":"","ast-featured-img":"","footer-sml-layout":"","theme-transparent-header-meta":"","adv-header-id-meta":"","stick-header-meta":"","header-above-stick-meta":"","header-main-stick-meta":"","header-below-stick-meta":"","astra-migrate-meta-layouts":"default","ast-page-background-enabled":"default","ast-page-background-meta":{"desktop":{"background-color":"var(--ast-global-color-4)","background-image":"","background-repeat":"repeat","background-position":"center center","background-size":"auto","background-attachment":"scroll","background-type":"","background-media":"","overlay-type":"","overlay-color":"","overlay-opacity":"","overlay-gradient":""},"tablet":{"background-color":"","background-image":"","background-repeat":"repeat","background-position":"center center","background-size":"auto","background-attachment":"scroll","background-type":"","background-media":"","overlay-type":"","overlay-color":"","overlay-opacity":"","overlay-gradient":""},"mobile":{"background-color":"","background-image":"","background-repeat":"repeat","background-position":"center center","background-size":"auto","background-attachment":"scroll","background-type":"","background-media":"","overlay-type":"","overlay-color":"","overlay-opacity":"","overlay-gradient":""}},"ast-content-background-meta":{"desktop":{"background-color":"var(--ast-global-color-5)","background-image":"","background-repeat":"repeat","background-position":"center center","background-size":"auto","background-attachment":"scroll","background-type":"","background-media":"","overlay-type":"","overlay-color":"","overlay-opacity":"","overlay-gradient":""},"tablet":{"background-color":"var(--ast-global-color-5)","background-image":"","background-repeat":"repeat","background-position":"center center","background-size":"auto","background-attachment":"scroll","background-type":"","background-media":"","overlay-type":"","overlay-color":"","overlay-opacity":"","overlay-gradient":""},"mobile":{"background-color":"var(--ast-global-color-5)","background-image":"","background-repeat":"repeat","background-position":"center center","background-size":"auto","background-attachment":"scroll","background-type":"","background-media":"","overlay-type":"","overlay-color":"","overlay-opacity":"","overlay-gradient":""}},"footnotes":""},"class_list":["post-8807","page","type-page","status-publish","hentry"],"post_mailing_queue_ids":[],"_links":{"self":[{"href":"https:\/\/serveiseducatius.xtec.cat\/altemporda\/wp-json\/wp\/v2\/pages\/8807","targetHints":{"allow":["GET"]}}],"collection":[{"href":"https:\/\/serveiseducatius.xtec.cat\/altemporda\/wp-json\/wp\/v2\/pages"}],"about":[{"href":"https:\/\/serveiseducatius.xtec.cat\/altemporda\/wp-json\/wp\/v2\/types\/page"}],"author":[{"embeddable":true,"href":"https:\/\/serveiseducatius.xtec.cat\/altemporda\/wp-json\/wp\/v2\/users\/4"}],"replies":[{"embeddable":true,"href":"https:\/\/serveiseducatius.xtec.cat\/altemporda\/wp-json\/wp\/v2\/comments?post=8807"}],"version-history":[{"count":7,"href":"https:\/\/serveiseducatius.xtec.cat\/altemporda\/wp-json\/wp\/v2\/pages\/8807\/revisions"}],"predecessor-version":[{"id":26340,"href":"https:\/\/serveiseducatius.xtec.cat\/altemporda\/wp-json\/wp\/v2\/pages\/8807\/revisions\/26340"}],"wp:attachment":[{"href":"https:\/\/serveiseducatius.xtec.cat\/altemporda\/wp-json\/wp\/v2\/media?parent=8807"}],"curies":[{"name":"wp","href":"https:\/\/api.w.org\/{rel}","templated":true}]}}