{"id":8802,"date":"2019-10-03T13:29:12","date_gmt":"2019-10-03T11:29:12","guid":{"rendered":"http:\/\/serveiseducatius.xtec.cat\/altemporda\/?page_id=8802"},"modified":"2024-10-01T09:00:44","modified_gmt":"2024-10-01T07:00:44","slug":"crp","status":"publish","type":"page","link":"https:\/\/serveiseducatius.xtec.cat\/altemporda\/el-servei-educatiu\/equip\/crp\/","title":{"rendered":"CRP"},"content":{"rendered":"<h5>Descripci\u00f3<\/h5>\n<p>El CRP de l&#8217;Alt Empord\u00e0 \u00e9s un equip que dona suport a l\u2019activitat pedag\u00f2gica dels centres i a la tasca docent de mestres i professorat, especialment, en temes de formaci\u00f3 permanent, de recursos pedag\u00f2gics i de dinamitzaci\u00f3 de projectes de centre i de la zona.<br \/>\nEl CRP forma part del Servei Educatiu de l&#8217;Alt Empord\u00e0 conjuntament amb els equips de suport i assessorament en llengua, interculturalitat i cohesi\u00f3 social (ELIC) i els equips d\u2019assessorament psicopegag\u00f2gic (EAP).<\/p>\n<h5>Xarxa CRP<\/h5>\n<ul>\n<li><a href=\"http:\/\/www.xtec.cat\/web\/serveis\/adreces\/tipus_servei\/crp\">Xarxa de CRP de Catalunya<\/a><\/li>\n<\/ul>\n<h5>Serveis que ofereix<\/h5>\n<h6>Als centres educatius:<\/h6>\n<ul>\n<li>Suport i assessorament en projectes de centre (projectes d\u2019autonomia de centre, projectes TAC, projectes d\u2019organitzaci\u00f3 i \u00fas de la biblioteca escolar, projectes de conviv\u00e8ncia\u2026).<\/li>\n<li>Oferta i assessorament en recursos pedag\u00f2gics.<\/li>\n<li>Assessorament en formaci\u00f3 permanent.<\/li>\n<\/ul>\n<h6>Al professorat dels centres educatius:<\/h6>\n<ul>\n<li>Informaci\u00f3 i pr\u00e9stec de recursos educatius.<\/li>\n<li>Informaci\u00f3 i assessorament en formaci\u00f3 permanent.<\/li>\n<\/ul>\n<h6>A la zona:<\/h6>\n<ul>\n<li>Suport als projectes propis de la zona.<\/li>\n<li>Recollida, intercanvi i difusi\u00f3 de pr\u00e0ctiques i experi\u00e8ncies educatives.<\/li>\n<li>Disseny, elaboraci\u00f3 i dinamitzaci\u00f3 de maletes pedag\u00f2giques.<\/li>\n<li>Localitzaci\u00f3, selecci\u00f3, catalogaci\u00f3 i difusi\u00f3 de recursos.<\/li>\n<li>Disseny i organitzaci\u00f3 d\u2019activitats de dinamitzaci\u00f3 de la zona amb participaci\u00f3 de l\u2019alumnat.<\/li>\n<li>Disseny, organitzaci\u00f3 i impuls en les xarxes de centres.<\/li>\n<li>Treball en xarxa en la detecci\u00f3 de necessitats formatives, en l\u2019establiment de criteris d\u2019actuaci\u00f3 i en la difusi\u00f3 de recursos.<\/li>\n<li>Disseny, organitzaci\u00f3 i gesti\u00f3 de les activitats formatives de coordinaci\u00f3.<\/li>\n<li>Coordinaci\u00f3 i organitzaci\u00f3 de les activitats del Pla de Formaci\u00f3 de Zona (PFZ).<\/li>\n<\/ul>\n<h6>Professionals CRP:<\/h6>\n<ul>\n<li style=\"list-style-type: none;\">\n<ul>\n<li>Anna Ros Sans &#8211; aros233@xtec.cat<\/li>\n<li>Josep Maria Godoy i Tom\u00e0s &#8211; jgodoy@xtec.cat<\/li>\n<li>\u00c0ngel Agust\u00ed Arellano &#8211; aagusti4@xtec.cat<\/li>\n<li>Pili Arn\u00e1iz P\u00e9rez &#8211; marnaiz2@xtec.cat<\/li>\n<\/ul>\n<\/li>\n<\/ul>\n<h6>Contacte:<\/h6>\n<ul>\n<li style=\"list-style-type: none;\">\n<ul>\n<li>Tel\u00e8fon: 972509150<\/li>\n<li>Correu electr\u00f2nic: b7990001@xtec.cat<\/li>\n<\/ul>\n<\/li>\n<\/ul>\n<p>&nbsp;<\/p>\n","protected":false},"excerpt":{"rendered":"<p>Descripci\u00f3 El CRP de l&#8217;Alt Empord\u00e0 \u00e9s un equip que dona suport a l\u2019activitat pedag\u00f2gica dels centres i a la tasca docent de mestres i professorat, especialment, en temes de formaci\u00f3 permanent, de recursos pedag\u00f2gics i de dinamitzaci\u00f3 de projectes de centre i de la zona. El CRP forma part del Servei Educatiu de l&#8217;Alt [&hellip;]<\/p>\n","protected":false},"author":4,"featured_media":0,"parent":306,"menu_order":0,"comment_status":"closed","ping_status":"closed","template":"page-templates\/side-menu.php","meta":{"_bbp_topic_count":0,"_bbp_reply_count":0,"_bbp_total_topic_count":0,"_bbp_total_reply_count":0,"_bbp_voice_count":0,"_bbp_anonymous_reply_count":0,"_bbp_topic_count_hidden":0,"_bbp_reply_count_hidden":0,"_bbp_forum_subforum_count":0,"site-sidebar-layout":"default","site-content-layout":"","ast-site-content-layout":"","site-content-style":"default","site-sidebar-style":"default","ast-global-header-display":"","ast-banner-title-visibility":"","ast-main-header-display":"","ast-hfb-above-header-display":"","ast-hfb-below-header-display":"","ast-hfb-mobile-header-display":"","site-post-title":"","ast-breadcrumbs-content":"","ast-featured-img":"","footer-sml-layout":"","theme-transparent-header-meta":"","adv-header-id-meta":"","stick-header-meta":"","header-above-stick-meta":"","header-main-stick-meta":"","header-below-stick-meta":"","astra-migrate-meta-layouts":"default","ast-page-background-enabled":"default","ast-page-background-meta":{"desktop":{"background-color":"var(--ast-global-color-4)","background-image":"","background-repeat":"repeat","background-position":"center center","background-size":"auto","background-attachment":"scroll","background-type":"","background-media":"","overlay-type":"","overlay-color":"","overlay-opacity":"","overlay-gradient":""},"tablet":{"background-color":"","background-image":"","background-repeat":"repeat","background-position":"center center","background-size":"auto","background-attachment":"scroll","background-type":"","background-media":"","overlay-type":"","overlay-color":"","overlay-opacity":"","overlay-gradient":""},"mobile":{"background-color":"","background-image":"","background-repeat":"repeat","background-position":"center center","background-size":"auto","background-attachment":"scroll","background-type":"","background-media":"","overlay-type":"","overlay-color":"","overlay-opacity":"","overlay-gradient":""}},"ast-content-background-meta":{"desktop":{"background-color":"var(--ast-global-color-5)","background-image":"","background-repeat":"repeat","background-position":"center center","background-size":"auto","background-attachment":"scroll","background-type":"","background-media":"","overlay-type":"","overlay-color":"","overlay-opacity":"","overlay-gradient":""},"tablet":{"background-color":"var(--ast-global-color-5)","background-image":"","background-repeat":"repeat","background-position":"center center","background-size":"auto","background-attachment":"scroll","background-type":"","background-media":"","overlay-type":"","overlay-color":"","overlay-opacity":"","overlay-gradient":""},"mobile":{"background-color":"var(--ast-global-color-5)","background-image":"","background-repeat":"repeat","background-position":"center center","background-size":"auto","background-attachment":"scroll","background-type":"","background-media":"","overlay-type":"","overlay-color":"","overlay-opacity":"","overlay-gradient":""}},"footnotes":""},"class_list":["post-8802","page","type-page","status-publish","hentry"],"post_mailing_queue_ids":[],"_links":{"self":[{"href":"https:\/\/serveiseducatius.xtec.cat\/altemporda\/wp-json\/wp\/v2\/pages\/8802","targetHints":{"allow":["GET"]}}],"collection":[{"href":"https:\/\/serveiseducatius.xtec.cat\/altemporda\/wp-json\/wp\/v2\/pages"}],"about":[{"href":"https:\/\/serveiseducatius.xtec.cat\/altemporda\/wp-json\/wp\/v2\/types\/page"}],"author":[{"embeddable":true,"href":"https:\/\/serveiseducatius.xtec.cat\/altemporda\/wp-json\/wp\/v2\/users\/4"}],"replies":[{"embeddable":true,"href":"https:\/\/serveiseducatius.xtec.cat\/altemporda\/wp-json\/wp\/v2\/comments?post=8802"}],"version-history":[{"count":5,"href":"https:\/\/serveiseducatius.xtec.cat\/altemporda\/wp-json\/wp\/v2\/pages\/8802\/revisions"}],"predecessor-version":[{"id":23824,"href":"https:\/\/serveiseducatius.xtec.cat\/altemporda\/wp-json\/wp\/v2\/pages\/8802\/revisions\/23824"}],"up":[{"embeddable":true,"href":"https:\/\/serveiseducatius.xtec.cat\/altemporda\/wp-json\/wp\/v2\/pages\/306"}],"wp:attachment":[{"href":"https:\/\/serveiseducatius.xtec.cat\/altemporda\/wp-json\/wp\/v2\/media?parent=8802"}],"curies":[{"name":"wp","href":"https:\/\/api.w.org\/{rel}","templated":true}]}}