{"id":8769,"date":"2024-04-18T08:00:33","date_gmt":"2024-04-18T06:00:33","guid":{"rendered":"http:\/\/serveiseducatius.xtec.cat\/altemporda\/?page_id=8769"},"modified":"2025-05-06T08:26:13","modified_gmt":"2025-05-06T06:26:13","slug":"pfz-deteccio-de-necessitats-formatives","status":"publish","type":"page","link":"https:\/\/serveiseducatius.xtec.cat\/altemporda\/formacio\/pfz-deteccio-de-necessitats-formatives\/","title":{"rendered":"PFZ &#8211; Detecci\u00f3 de necessitats formatives"},"content":{"rendered":"<div class=\"engrandeix img;\"><img loading=\"lazy\" decoding=\"async\" class=\"size-full wp-image-20489 alignleft\" src=\"https:\/\/serveiseducatius.xtec.cat\/altemporda\/wp-content\/uploads\/usu1156\/2023\/04\/Boto-deteccio-PFZ.gif\" alt=\"\" width=\"150\" height=\"150\" \/><\/div>\n<h3 style=\"text-align: left;\"><span style=\"color: #339966;\"><b>Detecci\u00f3 de necessitats formatives, PFZ de l&#8217;Alt Empord\u00e0 <\/b><\/span><span style=\"color: #339966;\"><b>2025 &#8211; 2026<\/b><\/span><\/h3>\n<p>El Departament d\u2019Educaci\u00f3 i Formaci\u00f3 Professional estableix un conjunt de l\u00ednies de formaci\u00f3 per donar resposta a les necessitats de formaci\u00f3 permanent dels centres educatius i dels docents de Catalunya. El Pla de Formaci\u00f3 de Zona, PFZ, \u00e9s la planificaci\u00f3 en l&#8217;\u00e0mbit comarcal de la formaci\u00f3 permanent pel professorat i pels centres educatius.<\/p>\n<div style=\"text-align: center;\"><span style=\"font-size: 18pt;\">Presentaci\u00f3 de sol\u00b7licituds<b> <u>fins al 31 de maig del 2025<\/u><\/b><\/span><\/div>\n<div>\n<hr \/>\n<\/div>\n<p style=\"text-align: center;\"><a class=\"boto250px\" style=\"color: #000000;\" href=\"https:\/\/docs.google.com\/forms\/d\/1OXduxCDCLL_hlYHSAAHKjoqyL2xLXGeqlMoUnLlkanw\/preview\" target=\"_blank\" rel=\"noopener noreferrer\"><span style=\"font-size: 14pt;\"><strong>Formulari de sol\u00b7licitud<\/strong><\/span><\/a><\/p>\n<p style=\"text-align: center;\"><b>Circular d&#8217;inici del proc\u00e9s:<\/b><\/p>\n<div>\n<div><b><span style=\"font-family: verdana, sans-serif; font-size: medium;\"><a href=\"https:\/\/drive.google.com\/file\/d\/1DCeMOEy19Wa-i2GXVPTh8zbagCqyYOFC\/view\" target=\"_blank\" rel=\"noopener\"><img loading=\"lazy\" decoding=\"async\" class=\"aligncenter wp-image-10718\" src=\"https:\/\/serveiseducatius.xtec.cat\/altemporda\/wp-content\/uploads\/usu1156\/2020\/05\/Descarrega-PDF.png\" alt=\"\" width=\"53\" height=\"56\" \/><\/a><\/span><\/b><\/div>\n<div>\n<hr \/>\n<p>Tamb\u00e9 podeu optar per sol\u00b7licitar algun dels <strong>programes d\u2019innovaci\u00f3<\/strong> dels que s\u2019ofereixen, dins del per\u00edode corresponent. Trobareu tota la informaci\u00f3 a <strong><a href=\"https:\/\/espai.educacio.gencat.cat\/Centres\/Innovacio-pedagogica\/Pagines\/default.aspx\">Portal de centres.<\/a><\/strong><\/p>\n<p><span style=\"font-family: inherit; font-size: 1em;\">Us recordem que trobareu m\u00e9s informaci\u00f3 sobre la formaci\u00f3 en general i el cat\u00e0leg del Departament (quan estigui publicat) a l\u2019<\/span><a style=\"font-family: inherit; font-size: 1em;\" href=\"https:\/\/xtec.gencat.cat\/ca\/formacio\/\">apartat corresponent (XTEC).\u00a0<\/a><\/p>\n<div><b><span style=\"color: #cc0000; font-family: verdana, sans-serif; font-size: large;\">Tingueu present que:<\/span><\/b><\/div>\n<ul>\n<li><span style=\"font-size: 12pt;\">T<span style=\"color: #000000;\">otes les activitats comportaran una part de treball no presencial destinat a la realitzaci\u00f3 de tasques d&#8217;aprofitament i transfer\u00e8ncia a l&#8217;aula.<\/span><\/span><\/li>\n<li><span style=\"color: #000000; font-family: arial, sans-serif; font-size: 12pt;\">Una bona definici\u00f3 i concreci\u00f3 de la demanda (objectius i indicadors\u2026) afavoreix el desenvolupament i aprofitament de l&#8217;activitat.<\/span>\n<ul>\n<li><span style=\"color: #0b5394; font-family: arial, sans-serif; font-size: 12pt;\"><i>Si voleu, en\u00a0<a href=\"https:\/\/docs.google.com\/spreadsheets\/d\/1EXlrvT_4xGhoTiTyLqXocgqyYyUoHGGBhHFht47h_o4\/pubhtml?gid=84&amp;single=true\" target=\"_blank\" rel=\"noopener noreferrer\">aquest enlla\u00e7<\/a>, podeu consultar les\u00a0<b>concrecions d&#8217;activitats EN CENTRE en cursos anteriors<\/b><\/i><\/span><\/li>\n<\/ul>\n<\/li>\n<li><span style=\"color: #000000; font-family: arial, sans-serif; font-size: 12pt;\">Si no recordeu la contrasenya XTEC, podeu sol\u00b7licitar-la a: <\/span><span style=\"font-size: 10pt;\"><span style=\"color: #ba1414;\"><a class=\"NG__breadcrumb__item_link \" style=\"color: #ba1414;\" href=\"http:\/\/xtec.gencat.cat\/ca\/\" target=\"_blank\" rel=\"noopener\">XTEC &#8211; Inici<\/a><\/span>\u00a0&gt; <span style=\"color: #ba1414;\"><a class=\"NG__breadcrumb__item_link\" style=\"color: #ba1414;\" href=\"http:\/\/xtec.gencat.cat\/ca\/at_usuari\/\" target=\"_blank\" rel=\"noopener\"><span class=\"NG__breadcrumb__item_link_span NG__breadcrumb__item_link_span--overflow\">Atenci\u00f3 a l&#8217;usuari<\/span><\/a><\/span> &gt; <span style=\"color: #ba1414;\"><a class=\"NG__breadcrumb__item_link\" style=\"color: #ba1414;\" href=\"http:\/\/xtec.gencat.cat\/ca\/at_usuari\/gestio\/\" target=\"_blank\" rel=\"noopener\"><span class=\"NG__breadcrumb__item_link_span NG__breadcrumb__item_link_span--overflow\">Gesti\u00f3 d&#8217;usuaris<\/span><\/a><\/span> &gt; <a style=\"color: #ba1414;\" href=\"https:\/\/xtec.gencat.cat\/ca\/at_usuari\/gestio\/#:~:text=Com%20puc%20recuperar%20la%20meva%20contrasenya?\" target=\"_blank\" rel=\"noopener\">#Com puc recuperar la meva contrasenya?<\/a><\/span><\/li>\n<\/ul>\n<table class=\" aligncenter\" style=\"width: 100%; border-collapse: collapse; border-style: solid; border-color: #000000;\">\n<tbody>\n<tr>\n<td style=\"width: 100%; background-color: #f0f0f0;\">\n<ul style=\"font-size: 16px; font-family: 'Helvetica Neue', Helvetica, Helvetica, Arial, sans-serif;\">\n<li>Respecte de les activitats EN CENTRE, es disposa d&#8217;una partida econ\u00f2mica que es distribuir\u00e0 entre aquells centres que h\u00e0giu entrat la sol\u00b7licitud dins el termini; amb el benent\u00e8s que aquesta aportaci\u00f3 del Departament ser\u00e0 una part proporcional del cost per a la persona formadora, externa al centre \u2014i que haur\u00e0 de ser treballadora del Departament d&#8217;Educaci\u00f3 i Formaci\u00f3 Professional o docent en alguna universitat\u2014. La resta del pagament l&#8217;haur\u00e0 d&#8217;assumir el centre directament.<\/li>\n<\/ul>\n<\/td>\n<\/tr>\n<\/tbody>\n<\/table>\n<p><b><i><span style=\"font-size: 12pt;\">Per a qualsevol consulta o dubte adreceu-vos al CRP (Tel. 972.50.91.50; Correu electr\u00f2nic:\u00a0<\/span><a href=\"mailto:crp-altemporda@xtec.cat\" target=\"_blank\" rel=\"noopener noreferrer\"><span style=\"font-size: 12pt;\">crp-<\/span>altemporda@xtec.cat<\/a>)<\/i><\/b><\/p>\n<div>\n<div class=\"entry-content\">\n<hr \/>\n<h5><strong style=\"font-family: inherit; font-size: 1em;\">Calendari del Pla de Formaci\u00f3 de Zona 2025\/26:<\/strong><\/h5>\n<\/div>\n<div style=\"display: flex; align-items: center; justify-content: center;\">\n<div class=\"fila; engrandeix img;\" style=\"display: flex; align-items: center; justify-content: center;\">\n<table class=\"table\" width=\"702\">\n<tbody>\n<tr>\n<td><b>Proc\u00e9s 1r torn 2025-26<\/b><\/td>\n<td><b>Inici<\/b><\/td>\n<td><b>Fi<\/b><\/td>\n<\/tr>\n<tr>\n<td>Inscripcions a les activitats del PFZ \u2013 1r torn<\/td>\n<td>5 de setembre<\/td>\n<td>21 de setembre<\/td>\n<\/tr>\n<tr>\n<td>Assignacions d\u2019activitats \u2013 1r torn<\/td>\n<td>22 de setembre<\/td>\n<td>6 d\u2019octubre<\/td>\n<\/tr>\n<tr>\n<td>Consulta d\u2019assignacions \u2013 1r torn<\/td>\n<td>7 d\u2019octubre<\/td>\n<td><\/td>\n<\/tr>\n<tr>\n<td>Inici de les activitats PFZ \u2013\u00a0 1r torn<\/td>\n<td>13 d\u2019octubre<\/td>\n<td><\/td>\n<\/tr>\n<tr>\n<td><strong>Proc\u00e9s 2n torn 2025-26<\/strong><\/td>\n<td><\/td>\n<td><\/td>\n<\/tr>\n<tr>\n<td>Inscripcions a les activitats del PFZ \u2013 2n torn<\/td>\n<td>7 de gener<\/td>\n<td>15 de gener<\/td>\n<\/tr>\n<tr>\n<td>Assignaci\u00f3 d\u2019activitats \u2013 2n torn<\/td>\n<td>16 de gener<\/td>\n<td>29 de gener<\/td>\n<\/tr>\n<tr>\n<td>Consulta d\u2019assignacions \u2013 2n torn<\/td>\n<td>30 de gener<\/td>\n<td><\/td>\n<\/tr>\n<tr>\n<td>Inici de les activitats PFZ \u2013 2n torn<\/td>\n<td>5 de febrer<\/td>\n<td><\/td>\n<\/tr>\n<\/tbody>\n<\/table>\n<\/div>\n<\/div>\n<div><\/div>\n<\/div>\n<\/div>\n<\/div>\n","protected":false},"excerpt":{"rendered":"<p>Detecci\u00f3 de necessitats formatives, PFZ de l&#8217;Alt Empord\u00e0 2025 &#8211; 2026 El Departament d\u2019Educaci\u00f3 i Formaci\u00f3 Professional estableix un conjunt de l\u00ednies de formaci\u00f3 per donar resposta a les necessitats de formaci\u00f3 permanent dels centres educatius i dels docents de Catalunya. El Pla de Formaci\u00f3 de Zona, PFZ, \u00e9s la planificaci\u00f3 en l&#8217;\u00e0mbit comarcal de [&hellip;]<\/p>\n","protected":false},"author":4,"featured_media":0,"parent":416,"menu_order":2,"comment_status":"closed","ping_status":"closed","template":"page-templates\/side-menu.php","meta":{"_bbp_topic_count":0,"_bbp_reply_count":0,"_bbp_total_topic_count":0,"_bbp_total_reply_count":0,"_bbp_voice_count":0,"_bbp_anonymous_reply_count":0,"_bbp_topic_count_hidden":0,"_bbp_reply_count_hidden":0,"_bbp_forum_subforum_count":0,"site-sidebar-layout":"default","site-content-layout":"","ast-site-content-layout":"","site-content-style":"default","site-sidebar-style":"default","ast-global-header-display":"","ast-banner-title-visibility":"","ast-main-header-display":"","ast-hfb-above-header-display":"","ast-hfb-below-header-display":"","ast-hfb-mobile-header-display":"","site-post-title":"","ast-breadcrumbs-content":"","ast-featured-img":"","footer-sml-layout":"","theme-transparent-header-meta":"","adv-header-id-meta":"","stick-header-meta":"","header-above-stick-meta":"","header-main-stick-meta":"","header-below-stick-meta":"","astra-migrate-meta-layouts":"default","ast-page-background-enabled":"default","ast-page-background-meta":{"desktop":{"background-color":"var(--ast-global-color-4)","background-image":"","background-repeat":"repeat","background-position":"center center","background-size":"auto","background-attachment":"scroll","background-type":"","background-media":"","overlay-type":"","overlay-color":"","overlay-opacity":"","overlay-gradient":""},"tablet":{"background-color":"","background-image":"","background-repeat":"repeat","background-position":"center center","background-size":"auto","background-attachment":"scroll","background-type":"","background-media":"","overlay-type":"","overlay-color":"","overlay-opacity":"","overlay-gradient":""},"mobile":{"background-color":"","background-image":"","background-repeat":"repeat","background-position":"center center","background-size":"auto","background-attachment":"scroll","background-type":"","background-media":"","overlay-type":"","overlay-color":"","overlay-opacity":"","overlay-gradient":""}},"ast-content-background-meta":{"desktop":{"background-color":"var(--ast-global-color-5)","background-image":"","background-repeat":"repeat","background-position":"center center","background-size":"auto","background-attachment":"scroll","background-type":"","background-media":"","overlay-type":"","overlay-color":"","overlay-opacity":"","overlay-gradient":""},"tablet":{"background-color":"var(--ast-global-color-5)","background-image":"","background-repeat":"repeat","background-position":"center center","background-size":"auto","background-attachment":"scroll","background-type":"","background-media":"","overlay-type":"","overlay-color":"","overlay-opacity":"","overlay-gradient":""},"mobile":{"background-color":"var(--ast-global-color-5)","background-image":"","background-repeat":"repeat","background-position":"center center","background-size":"auto","background-attachment":"scroll","background-type":"","background-media":"","overlay-type":"","overlay-color":"","overlay-opacity":"","overlay-gradient":""}},"footnotes":""},"class_list":["post-8769","page","type-page","status-publish","hentry"],"post_mailing_queue_ids":[],"_links":{"self":[{"href":"https:\/\/serveiseducatius.xtec.cat\/altemporda\/wp-json\/wp\/v2\/pages\/8769","targetHints":{"allow":["GET"]}}],"collection":[{"href":"https:\/\/serveiseducatius.xtec.cat\/altemporda\/wp-json\/wp\/v2\/pages"}],"about":[{"href":"https:\/\/serveiseducatius.xtec.cat\/altemporda\/wp-json\/wp\/v2\/types\/page"}],"author":[{"embeddable":true,"href":"https:\/\/serveiseducatius.xtec.cat\/altemporda\/wp-json\/wp\/v2\/users\/4"}],"replies":[{"embeddable":true,"href":"https:\/\/serveiseducatius.xtec.cat\/altemporda\/wp-json\/wp\/v2\/comments?post=8769"}],"version-history":[{"count":6,"href":"https:\/\/serveiseducatius.xtec.cat\/altemporda\/wp-json\/wp\/v2\/pages\/8769\/revisions"}],"predecessor-version":[{"id":25586,"href":"https:\/\/serveiseducatius.xtec.cat\/altemporda\/wp-json\/wp\/v2\/pages\/8769\/revisions\/25586"}],"up":[{"embeddable":true,"href":"https:\/\/serveiseducatius.xtec.cat\/altemporda\/wp-json\/wp\/v2\/pages\/416"}],"wp:attachment":[{"href":"https:\/\/serveiseducatius.xtec.cat\/altemporda\/wp-json\/wp\/v2\/media?parent=8769"}],"curies":[{"name":"wp","href":"https:\/\/api.w.org\/{rel}","templated":true}]}}