{"id":8624,"date":"2019-02-13T10:34:21","date_gmt":"2019-02-13T09:34:21","guid":{"rendered":"http:\/\/serveiseducatius.xtec.cat\/altemporda\/?page_id=8624"},"modified":"2024-12-18T14:07:52","modified_gmt":"2024-12-18T13:07:52","slug":"materials-de-formacio-p","status":"publish","type":"page","link":"https:\/\/serveiseducatius.xtec.cat\/altemporda\/formacio\/materials-de-formacio-p\/","title":{"rendered":"Materials de formaci\u00f3"},"content":{"rendered":"<p>&nbsp;<\/p>\n<p><a href=\"http:\/\/odissea.xtec.cat\/course\/index.php?categoryid=403\"><img loading=\"lazy\" decoding=\"async\" class=\"alignnone size-full wp-image-8497\" src=\"https:\/\/serveiseducatius.xtec.cat\/altemporda\/wp-content\/uploads\/usu1156\/2018\/11\/odissea.jpg\" alt=\"\" width=\"334\" height=\"84\" srcset=\"https:\/\/serveiseducatius.xtec.cat\/altemporda\/wp-content\/uploads\/usu1156\/2018\/11\/odissea.jpg 334w, https:\/\/serveiseducatius.xtec.cat\/altemporda\/wp-content\/uploads\/usu1156\/2018\/11\/odissea-300x75.jpg 300w\" sizes=\"auto, (max-width: 334px) 100vw, 334px\" \/><\/a><\/p>\n<p><a href=\"http:\/\/ateneu.xtec.cat\/wikiform\/wikiexport\/cursos\/index\" target=\"_blank\" rel=\"noopener noreferrer\"><img loading=\"lazy\" decoding=\"async\" class=\"alignnone size-full wp-image-6486\" src=\"http:\/\/serveiseducatius.xtec.cat\/se-baixllobregat6\/wp-content\/uploads\/usu778\/2015\/11\/xtec_ateneu.jpg\" alt=\"xtec_ateneu\" width=\"250\" height=\"82\" \/><\/a><\/p>\n<p><a href=\"https:\/\/sites.google.com\/a\/xtec.cat\/fem-matematiquesae\/\">Fem matem\u00e0tiques!<\/a> Materials de la formaci\u00f3 feta el curs 2015-2016<\/p>\n<p><a href=\"https:\/\/sites.google.com\/xtec.cat\/aramat-0-8\/presentaci%C3%B3\" target=\"_blank\" rel=\"noopener\">AraMat 0-8<\/a>. Materials de la formaci\u00f3 feta el curs 2023-2024<\/p>\n<p><a href=\"http:\/\/odissea.xtec.cat\/course\/index.php?categoryid=403\">Entorn virtual de formaci\u00f3 del SEAE<\/a><\/p>\n<p><a href=\"https:\/\/sites.google.com\/a\/xtec.cat\/lempordacremat\/inici\" target=\"_blank\" rel=\"noopener noreferrer\"><img loading=\"lazy\" decoding=\"async\" class=\"alignnone\" style=\"border: 1px solid #00688A;\" src=\"https:\/\/serveiseducatius.xtec.cat\/altemporda\/wp-content\/uploads\/usu1156\/2022\/12\/Boto-eduFOC-1.png\" alt=\"\" width=\"202\" height=\"202\" \/><\/a><\/p>\n<hr \/>\n<p style=\"text-align: center;\"><strong><span style=\"font-size: 18pt;\">Seminaris de coordinaci\u00f3 (SC) i Grups de treball (GT) fel Pla de Formaci\u00f3 de Zona<\/span><\/strong><\/p>\n<div>\n<table class=\" aligncenter\" style=\"height: 531px; width: 74.0227%; border-collapse: collapse;\" border=\"0\">\n<tbody>\n<tr style=\"height: 32px;\">\n<td style=\"width: 100%; border-style: hidden; height: 32px;\" colspan=\"2\"><\/td>\n<\/tr>\n<tr style=\"height: 191px;\">\n<td style=\"width: 50%; border-style: hidden; height: 191px;\"><span style=\"font-size: 36pt;\"><a href=\"https:\/\/drive.google.com\/viewerng\/viewer?a=v&amp;pid=sites&amp;srcid=eHRlYy5jYXR8c2VhZXxneDo1NzYzNjk3ZGFlNTdiZjUy&amp;pli=1&amp;u=0\" target=\"_blank\" rel=\"noopener noreferrer\"><img loading=\"lazy\" decoding=\"async\" class=\"aligncenter\" src=\"https:\/\/drive.google.com\/uc?id=0B0zHBF5nyE_QWjNxREtfaFBVUjA\" width=\"450\" height=\"100\" border=\"0\" \/><\/a><a href=\"https:\/\/sites.google.com\/a\/xtec.cat\/seminari-caps-d-estudi-secundaria-ae\/presentacio\" target=\"_blank\" rel=\"noopener noreferrer\"><img loading=\"lazy\" decoding=\"async\" class=\"aligncenter\" src=\"https:\/\/drive.google.com\/uc?id=0B0zHBF5nyE_QaEM1ODRPX3g3anM\" width=\"450\" height=\"100\" border=\"0\" \/><\/a><a href=\"https:\/\/sites.google.com\/a\/xtec.cat\/seminari-0-3-alt-emporda\/\" target=\"_blank\" rel=\"noopener noreferrer\"><img loading=\"lazy\" decoding=\"async\" class=\"aligncenter\" src=\"https:\/\/drive.google.com\/uc?id=0B0zHBF5nyE_QbFktaDlWQ2ZnekE\" alt=\"https:\/\/sites.google.com\/a\/xtec.cat\/seminari-0-3-alt-emporda\/\" width=\"450\" height=\"100\" border=\"0\" \/><\/a><a href=\"https:\/\/sites.google.com\/a\/xtec.cat\/seminari-d-educacio-fisica\/\" target=\"_blank\" rel=\"noopener noreferrer\"><img loading=\"lazy\" decoding=\"async\" class=\"aligncenter\" src=\"https:\/\/drive.google.com\/uc?id=0B0zHBF5nyE_QQjN4eUdVQlhxMU0\" width=\"450\" height=\"100\" border=\"0\" \/><\/a><a href=\"https:\/\/xbesgi.wikispaces.com\/Inici\" target=\"_blank\" rel=\"noopener noreferrer\"><img loading=\"lazy\" decoding=\"async\" class=\"aligncenter\" src=\"https:\/\/drive.google.com\/uc?id=0B96ud0g1sJWZRnNhdGtYMFphbmc\" alt=\"https:\/\/xbesgi.wikispaces.com\/Inici\" width=\"450\" height=\"100\" border=\"0\" \/><\/a><a href=\"https:\/\/sites.google.com\/a\/xtec.cat\/seminari-mall-ae\/\" target=\"_blank\" rel=\"noopener noreferrer\"><img loading=\"lazy\" decoding=\"async\" class=\"aligncenter\" src=\"https:\/\/sites.google.com\/a\/xtec.cat\/seae\/formacio\/Captura%20de%20pantalla%202017-02-02%20a%20les%2019.23.07.png\" alt=\"https:\/\/sites.google.com\/a\/xtec.cat\/seae\/formacio\/Captura%20de%20pantalla%202017-02-02%20a%20les%2019.23.07.png?attredirects=0\" width=\"450\" height=\"100\" border=\"0\" \/><\/a><\/span><\/td>\n<td style=\"width: 50%; border-style: hidden; height: 191px;\"><span style=\"font-size: 36pt;\"><a href=\"https:\/\/sites.google.com\/a\/xtec.cat\/seminari-de-caps-d-estudi-primaria-ae\/\" target=\"_blank\" rel=\"noopener noreferrer\"><img loading=\"lazy\" decoding=\"async\" class=\"aligncenter\" src=\"https:\/\/drive.google.com\/uc?id=0B0zHBF5nyE_Qb1JRcU00VHlqbU0\" alt=\"https:\/\/docs.google.com\/a\/xtec.cat\/file\/d\/0B0zHBF5nyE_Qb1JRcU00VHlqbU0\/edit?usp=drive_web\" width=\"450\" height=\"100\" border=\"0\" \/><\/a><a href=\"https:\/\/sites.google.com\/a\/xtec.cat\/seminari-de-mee\/\" target=\"_blank\" rel=\"noopener noreferrer\"><img loading=\"lazy\" decoding=\"async\" class=\"aligncenter\" src=\"https:\/\/drive.google.com\/uc?id=0B0zHBF5nyE_QejhoX3ZYWlduc0E\" width=\"450\" height=\"100\" border=\"0\" \/><\/a><a href=\"https:\/\/sites.google.com\/a\/xtec.cat\/educacio-infantil-3-6-ae\/\" target=\"_blank\" rel=\"noopener noreferrer\"><img loading=\"lazy\" decoding=\"async\" class=\"aligncenter\" src=\"https:\/\/drive.google.com\/uc?id=0B0zHBF5nyE_QZXE5T2w1cnJLTXM\" width=\"450\" height=\"100\" border=\"0\" \/><\/a><a href=\"https:\/\/sites.google.com\/a\/xtec.cat\/formacio-tdah\/\" target=\"_blank\" rel=\"noopener noreferrer\"><img loading=\"lazy\" decoding=\"async\" class=\"aligncenter\" src=\"https:\/\/drive.google.com\/uc?id=0B96ud0g1sJWZdkxtU3NuZmhmNjA\" alt=\"https:\/\/sites.google.com\/a\/xtec.cat\/formacio-tdah\/\" width=\"450\" height=\"100\" border=\"0\" \/><\/a><a href=\"http:\/\/blocs.xtec.cat\/seaeangles\/\" target=\"_blank\" rel=\"noopener noreferrer\"><img loading=\"lazy\" decoding=\"async\" class=\"aligncenter\" src=\"https:\/\/drive.google.com\/uc?id=0B96ud0g1sJWZWGRfZklnQ1J0SFE\" alt=\"http:\/\/blocs.xtec.cat\/seaeangles\/\" width=\"450\" height=\"100\" border=\"0\" \/><img loading=\"lazy\" decoding=\"async\" class=\"aligncenter\" src=\"https:\/\/sites.google.com\/a\/xtec.cat\/seae\/formacio\/Captura%20de%20pantalla%202017-02-02%20a%20les%2019.22.42.png\" width=\"450\" height=\"100\" border=\"0\" \/><\/a><\/span><\/td>\n<\/tr>\n<\/tbody>\n<\/table>\n<\/div>\n","protected":false},"excerpt":{"rendered":"<p>&nbsp; Fem matem\u00e0tiques! Materials de la formaci\u00f3 feta el curs 2015-2016 AraMat 0-8. Materials de la formaci\u00f3 feta el curs 2023-2024 Entorn virtual de formaci\u00f3 del SEAE Seminaris de coordinaci\u00f3 (SC) i Grups de treball (GT) fel Pla de Formaci\u00f3 de Zona<\/p>\n","protected":false},"author":4,"featured_media":0,"parent":416,"menu_order":7,"comment_status":"closed","ping_status":"closed","template":"page-templates\/side-menu.php","meta":{"_bbp_topic_count":0,"_bbp_reply_count":0,"_bbp_total_topic_count":0,"_bbp_total_reply_count":0,"_bbp_voice_count":0,"_bbp_anonymous_reply_count":0,"_bbp_topic_count_hidden":0,"_bbp_reply_count_hidden":0,"_bbp_forum_subforum_count":0,"site-sidebar-layout":"default","site-content-layout":"","ast-site-content-layout":"","site-content-style":"default","site-sidebar-style":"default","ast-global-header-display":"","ast-banner-title-visibility":"","ast-main-header-display":"","ast-hfb-above-header-display":"","ast-hfb-below-header-display":"","ast-hfb-mobile-header-display":"","site-post-title":"","ast-breadcrumbs-content":"","ast-featured-img":"","footer-sml-layout":"","theme-transparent-header-meta":"","adv-header-id-meta":"","stick-header-meta":"","header-above-stick-meta":"","header-main-stick-meta":"","header-below-stick-meta":"","astra-migrate-meta-layouts":"default","ast-page-background-enabled":"default","ast-page-background-meta":{"desktop":{"background-color":"var(--ast-global-color-4)","background-image":"","background-repeat":"repeat","background-position":"center center","background-size":"auto","background-attachment":"scroll","background-type":"","background-media":"","overlay-type":"","overlay-color":"","overlay-opacity":"","overlay-gradient":""},"tablet":{"background-color":"","background-image":"","background-repeat":"repeat","background-position":"center center","background-size":"auto","background-attachment":"scroll","background-type":"","background-media":"","overlay-type":"","overlay-color":"","overlay-opacity":"","overlay-gradient":""},"mobile":{"background-color":"","background-image":"","background-repeat":"repeat","background-position":"center center","background-size":"auto","background-attachment":"scroll","background-type":"","background-media":"","overlay-type":"","overlay-color":"","overlay-opacity":"","overlay-gradient":""}},"ast-content-background-meta":{"desktop":{"background-color":"var(--ast-global-color-5)","background-image":"","background-repeat":"repeat","background-position":"center center","background-size":"auto","background-attachment":"scroll","background-type":"","background-media":"","overlay-type":"","overlay-color":"","overlay-opacity":"","overlay-gradient":""},"tablet":{"background-color":"var(--ast-global-color-5)","background-image":"","background-repeat":"repeat","background-position":"center center","background-size":"auto","background-attachment":"scroll","background-type":"","background-media":"","overlay-type":"","overlay-color":"","overlay-opacity":"","overlay-gradient":""},"mobile":{"background-color":"var(--ast-global-color-5)","background-image":"","background-repeat":"repeat","background-position":"center center","background-size":"auto","background-attachment":"scroll","background-type":"","background-media":"","overlay-type":"","overlay-color":"","overlay-opacity":"","overlay-gradient":""}},"footnotes":""},"class_list":["post-8624","page","type-page","status-publish","hentry"],"post_mailing_queue_ids":[],"_links":{"self":[{"href":"https:\/\/serveiseducatius.xtec.cat\/altemporda\/wp-json\/wp\/v2\/pages\/8624","targetHints":{"allow":["GET"]}}],"collection":[{"href":"https:\/\/serveiseducatius.xtec.cat\/altemporda\/wp-json\/wp\/v2\/pages"}],"about":[{"href":"https:\/\/serveiseducatius.xtec.cat\/altemporda\/wp-json\/wp\/v2\/types\/page"}],"author":[{"embeddable":true,"href":"https:\/\/serveiseducatius.xtec.cat\/altemporda\/wp-json\/wp\/v2\/users\/4"}],"replies":[{"embeddable":true,"href":"https:\/\/serveiseducatius.xtec.cat\/altemporda\/wp-json\/wp\/v2\/comments?post=8624"}],"version-history":[{"count":6,"href":"https:\/\/serveiseducatius.xtec.cat\/altemporda\/wp-json\/wp\/v2\/pages\/8624\/revisions"}],"predecessor-version":[{"id":8629,"href":"https:\/\/serveiseducatius.xtec.cat\/altemporda\/wp-json\/wp\/v2\/pages\/8624\/revisions\/8629"}],"up":[{"embeddable":true,"href":"https:\/\/serveiseducatius.xtec.cat\/altemporda\/wp-json\/wp\/v2\/pages\/416"}],"wp:attachment":[{"href":"https:\/\/serveiseducatius.xtec.cat\/altemporda\/wp-json\/wp\/v2\/media?parent=8624"}],"curies":[{"name":"wp","href":"https:\/\/api.w.org\/{rel}","templated":true}]}}