{"id":548,"date":"2015-11-26T18:10:47","date_gmt":"2015-11-26T17:10:47","guid":{"rendered":"http:\/\/serveiseducatius.xtec.cat\/altemporda\/?page_id=548"},"modified":"2025-09-19T09:30:16","modified_gmt":"2025-09-19T07:30:16","slug":"zona-formadors","status":"publish","type":"page","link":"https:\/\/serveiseducatius.xtec.cat\/altemporda\/formacio\/zona-formadors\/","title":{"rendered":"Zona formadors"},"content":{"rendered":"<p>Primer de tot, us agra\u00efm la vostra col\u00b7laboraci\u00f3 i us desitgem que gaudiu de l&#8217;experi\u00e8ncia com a formadors.<\/p>\n<hr \/>\n<p>Per gestionar les activitats de qu\u00e8 sou responsables podeu consultar el seg\u00fcent esquema:<br \/>\n<span style=\"color:#087EB6;\"><marquee behavior=\"alternate\" scrollamount=\"2\" scrolldelay=\"5\" height=\"25\" width=\"375\"><i>El document es carregar\u00e0 en uns instants\u2026<\/i><\/marquee><\/p>\n<div style=\"width: 100%;\">\n<div style=\"position: relative; padding-bottom: 150%; padding-top: 0px; height: 0px; text-align: center;\"><iframe loading=\"lazy\" src=\"https:\/\/view.genial.ly\/5e60bdefc1a7970fc7dd9777\" width=\"800\" height=\"1550px\" frameborder=\"0\"><span data-mce-type=\"bookmark\" style=\"display: inline-block; width: 0px; overflow: hidden; line-height: 0;\" class=\"mce_SELRES_start\">\ufeff<\/span><\/iframe><\/div>\n<\/div>\n<hr \/>\n<p>Les activitats requereixen documentaci\u00f3 signada digitalment, per saber m\u00e9s sobre la signatura digital seguiu el seg\u00fcent enlla\u00e7:<\/p>\n<p><a href=\"https:\/\/serveiseducatius.xtec.cat\/altemporda\/formacio\/zona-formadors\/com-signar-electronicament\/\" target=\"_blank\" rel=\"noopener noreferrer\"><img loading=\"lazy\" decoding=\"async\" class=\"wp-image-9980 aligncenter\" src=\"https:\/\/serveiseducatius.xtec.cat\/altemporda\/wp-content\/uploads\/usu1156\/2020\/03\/Fima-Adobe.png\" alt=\"\" width=\"108\" height=\"82\" \/><\/a><\/p>\n<p>Si ho preferiu, podeu contactar amb el servei educatiu de l&#8217;Alt Empord\u00e0 mitjan\u00e7ant el correu electr\u00f2nic <a href=\"mailto:se-altemporda@xtec.cat\" target=\"_blank\" rel=\"noopener noreferrer\">se-altemporda@xtec.cat<\/a>\u00a0o trucant al tel\u00e8fon <strong>972 50 91 50<\/strong>.<\/p>\n<div class=\"mceTemp\"><\/div>\n","protected":false},"excerpt":{"rendered":"<p>Primer de tot, us agra\u00efm la vostra col\u00b7laboraci\u00f3 i us desitgem que gaudiu de l&#8217;experi\u00e8ncia com a formadors. Per gestionar les activitats de qu\u00e8 sou responsables podeu consultar el seg\u00fcent esquema: El document es carregar\u00e0 en uns instants\u2026 \ufeff Les activitats requereixen documentaci\u00f3 signada digitalment, per saber m\u00e9s sobre la signatura digital seguiu el seg\u00fcent [&hellip;]<\/p>\n","protected":false},"author":1,"featured_media":0,"parent":416,"menu_order":6,"comment_status":"closed","ping_status":"closed","template":"page-templates\/side-menu.php","meta":{"_bbp_topic_count":0,"_bbp_reply_count":0,"_bbp_total_topic_count":0,"_bbp_total_reply_count":0,"_bbp_voice_count":0,"_bbp_anonymous_reply_count":0,"_bbp_topic_count_hidden":0,"_bbp_reply_count_hidden":0,"_bbp_forum_subforum_count":0,"site-sidebar-layout":"default","site-content-layout":"","ast-site-content-layout":"","site-content-style":"default","site-sidebar-style":"default","ast-global-header-display":"","ast-banner-title-visibility":"","ast-main-header-display":"","ast-hfb-above-header-display":"","ast-hfb-below-header-display":"","ast-hfb-mobile-header-display":"","site-post-title":"","ast-breadcrumbs-content":"","ast-featured-img":"","footer-sml-layout":"","theme-transparent-header-meta":"","adv-header-id-meta":"","stick-header-meta":"","header-above-stick-meta":"","header-main-stick-meta":"","header-below-stick-meta":"","astra-migrate-meta-layouts":"default","ast-page-background-enabled":"default","ast-page-background-meta":{"desktop":{"background-color":"var(--ast-global-color-4)","background-image":"","background-repeat":"repeat","background-position":"center center","background-size":"auto","background-attachment":"scroll","background-type":"","background-media":"","overlay-type":"","overlay-color":"","overlay-opacity":"","overlay-gradient":""},"tablet":{"background-color":"","background-image":"","background-repeat":"repeat","background-position":"center center","background-size":"auto","background-attachment":"scroll","background-type":"","background-media":"","overlay-type":"","overlay-color":"","overlay-opacity":"","overlay-gradient":""},"mobile":{"background-color":"","background-image":"","background-repeat":"repeat","background-position":"center center","background-size":"auto","background-attachment":"scroll","background-type":"","background-media":"","overlay-type":"","overlay-color":"","overlay-opacity":"","overlay-gradient":""}},"ast-content-background-meta":{"desktop":{"background-color":"var(--ast-global-color-5)","background-image":"","background-repeat":"repeat","background-position":"center center","background-size":"auto","background-attachment":"scroll","background-type":"","background-media":"","overlay-type":"","overlay-color":"","overlay-opacity":"","overlay-gradient":""},"tablet":{"background-color":"var(--ast-global-color-5)","background-image":"","background-repeat":"repeat","background-position":"center center","background-size":"auto","background-attachment":"scroll","background-type":"","background-media":"","overlay-type":"","overlay-color":"","overlay-opacity":"","overlay-gradient":""},"mobile":{"background-color":"var(--ast-global-color-5)","background-image":"","background-repeat":"repeat","background-position":"center center","background-size":"auto","background-attachment":"scroll","background-type":"","background-media":"","overlay-type":"","overlay-color":"","overlay-opacity":"","overlay-gradient":""}},"footnotes":""},"class_list":["post-548","page","type-page","status-publish","hentry"],"post_mailing_queue_ids":[],"_links":{"self":[{"href":"https:\/\/serveiseducatius.xtec.cat\/altemporda\/wp-json\/wp\/v2\/pages\/548","targetHints":{"allow":["GET"]}}],"collection":[{"href":"https:\/\/serveiseducatius.xtec.cat\/altemporda\/wp-json\/wp\/v2\/pages"}],"about":[{"href":"https:\/\/serveiseducatius.xtec.cat\/altemporda\/wp-json\/wp\/v2\/types\/page"}],"author":[{"embeddable":true,"href":"https:\/\/serveiseducatius.xtec.cat\/altemporda\/wp-json\/wp\/v2\/users\/1"}],"replies":[{"embeddable":true,"href":"https:\/\/serveiseducatius.xtec.cat\/altemporda\/wp-json\/wp\/v2\/comments?post=548"}],"version-history":[{"count":6,"href":"https:\/\/serveiseducatius.xtec.cat\/altemporda\/wp-json\/wp\/v2\/pages\/548\/revisions"}],"predecessor-version":[{"id":9972,"href":"https:\/\/serveiseducatius.xtec.cat\/altemporda\/wp-json\/wp\/v2\/pages\/548\/revisions\/9972"}],"up":[{"embeddable":true,"href":"https:\/\/serveiseducatius.xtec.cat\/altemporda\/wp-json\/wp\/v2\/pages\/416"}],"wp:attachment":[{"href":"https:\/\/serveiseducatius.xtec.cat\/altemporda\/wp-json\/wp\/v2\/media?parent=548"}],"curies":[{"name":"wp","href":"https:\/\/api.w.org\/{rel}","templated":true}]}}