{"id":385,"date":"2015-11-25T14:26:15","date_gmt":"2015-11-25T13:26:15","guid":{"rendered":"http:\/\/serveiseducatius.xtec.cat\/altemporda\/?page_id=385"},"modified":"2026-03-19T16:54:39","modified_gmt":"2026-03-19T15:54:39","slug":"ensenyament-secundari-batxillerat-i-formacio-professional","status":"publish","type":"page","link":"https:\/\/serveiseducatius.xtec.cat\/altemporda\/comunitat\/centres-educatius\/ensenyament-secundari-batxillerat-i-formacio-professional\/","title":{"rendered":"Ensenyament secundari, Batxillerat i Formaci\u00f3 professional"},"content":{"rendered":"\n<figure class=\"wp-block-table is-style-stripes\"><table><tbody><tr><td><b>Codi<\/b><\/td><td><b>Municipi<\/b><\/td><td><b>Nom Centre<\/b><\/td><td><b>Tel\u00e8fon<\/b><\/td><td><b>Fax<\/b><\/td><td><b>Correu-e<\/b><\/td><\/tr><tr><td>17006083<\/td><td>Castell\u00f3 d&#8217;Emp\u00faries<\/td><td><a href=\"https:\/\/agora.xtec.cat\/iescastellodempuries\/\" target=\"_blank\" rel=\"nofollow noopener noreferrer\">INS de Castell\u00f3 d&#8217;Emp\u00faries<\/a><\/td><td>972250768<\/td><td>972158710<\/td><td><a href=\"https:\/\/mail.google.com\/mail\/?view=cm&amp;fs=1&amp;tf=1&amp;to=b7006083@xtec.cat\" target=\"_blank\" rel=\"noopener noreferrer\">b7006083@xtec.cat<\/a><\/td><\/tr><tr><td>17004438<\/td><td>Figueres<\/td><td><a href=\"http:\/\/institutalexandredeulofeu.cat\/ca\" target=\"_blank\" rel=\"nofollow noopener noreferrer\">INS Alexandre Deulofeu<\/a><\/td><td>972505674<\/td><td>972511530<\/td><td><a href=\"mailto:b7004438@xtec.cat\" target=\"_blank\" rel=\"noopener noreferrer\">b7004438@xtec.cat<\/a><\/td><\/tr><tr><td>17005649<\/td><td>Figueres<\/td><td><a href=\"https:\/\/www.cendrassos.net\/\" target=\"_blank\" rel=\"nofollow noopener noreferrer\">INS Cendrassos<\/a><\/td><td>972507908<\/td><td>972507908<\/td><td><a href=\"mailto:b7005649@xtec.cat\" target=\"_blank\" rel=\"noopener noreferrer\">b7005649@xtec.cat<\/a><\/td><\/tr><tr><td>17001221<\/td><td>Figueres<\/td><td><a href=\"https:\/\/agora.xtec.cat\/iesmonturiol\/\" target=\"_blank\" rel=\"nofollow noopener noreferrer\">INS Narc\u00eds Monturiol<\/a><\/td><td>972671604<\/td><td>972511467<\/td><td><a href=\"mailto:b7001221@xtec.cat\" target=\"_blank\" rel=\"noopener noreferrer\">b7001221@xtec.cat<\/a><\/td><\/tr><tr><td>17007609<\/td><td>Figueres<\/td><td><a href=\"http:\/\/www.olivargran.cat\/\" target=\"_blank\" rel=\"nofollow noopener noreferrer\">INS Olivar Gran<\/a><\/td><td>972504562<\/td><td>972508508<\/td><td><a href=\"mailto:b7007609@xtec.cat\" target=\"_blank\" rel=\"noopener noreferrer\">b7007609@xtec.cat<\/a><\/td><\/tr><tr><td>17001218<\/td><td>Figueres<\/td><td><a href=\"http:\/\/www.iesrm.net\/\" target=\"_blank\" rel=\"nofollow noopener noreferrer\">INS Ramon Muntaner<\/a><\/td><td>972672559<\/td><td>972673969<\/td><td><a href=\"mailto:b7001218@xtec.cat\" target=\"_blank\" rel=\"noopener noreferrer\">b7001218@xtec.cat<\/a><\/td><\/tr><tr><td>17006745<\/td><td>La Jonquera<\/td><td><a href=\"https:\/\/agora.xtec.cat\/ieslajonquera\/\" target=\"_blank\" rel=\"nofollow noopener noreferrer\">INS de La Jonquera<\/a><\/td><td>972554440<\/td><td>972554367<\/td><td><a href=\"mailto:b7006745@xtec.cat\" target=\"_blank\" rel=\"noopener noreferrer\">b7006745@xtec.cat<\/a><\/td><\/tr><tr><td>17005251<\/td><td>L&#8217;Escala<\/td><td><a href=\"https:\/\/agora.xtec.cat\/ieslescala\/\" target=\"_blank\" rel=\"nofollow noopener noreferrer\">INS El Pedr\u00f3<\/a><\/td><td>972772128<\/td><td>972774370<\/td><td><a href=\"mailto:b7005251@xtec.cat\" target=\"_blank\" rel=\"noopener noreferrer\">b7005251@xtec.cat<\/a><\/td><\/tr><tr><td>17006769<\/td><td>Llan\u00e7\u00e0<\/td><td><a href=\"https:\/\/agora.xtec.cat\/insllanca\/\" target=\"_blank\" rel=\"nofollow noopener noreferrer\">INS de Llan\u00e7\u00e0<\/a><\/td><td>972121489<\/td><td>972121489<\/td><td><a href=\"mailto:b7006769@xtec.cat\" target=\"_blank\" rel=\"noopener noreferrer\">b7006769@xtec.cat<\/a><\/td><\/tr><tr><td>17010839<\/td><td>Peralada<\/td><td><a href=\"https:\/\/agora.xtec.cat\/insperalada\/?fbclid=IwAR1nf3M7eXW74wHsHYP0EaN4lAYNkXW4-QT2g5CcDQvcJiHxO7pbjLdRtos\">INS de Peralada<\/a><\/td><td>667372885<\/td><td>&nbsp;<\/td><td><a href=\"mailto:b7010839@xtec.cat\" target=\"_blank\" rel=\"noopener\">b7010839@xtec.cat<\/a><\/td><\/tr><tr><td>17005364<\/td><td>Roses<\/td><td><a href=\"http:\/\/www.inscapnorfeu.cat\/\" target=\"_blank\" rel=\"nofollow noopener noreferrer\">INS Cap Norfeu<\/a><\/td><td>972150567<\/td><td>972151322<\/td><td><a href=\"mailto:b7005364@xtec.cat\" target=\"_blank\" rel=\"noopener noreferrer\">b7005364@xtec.cat<\/a><\/td><\/tr><tr><td>17006851<\/td><td>Roses<\/td><td><a href=\"http:\/\/www.iesilladerodes.cat\/\" target=\"_blank\" rel=\"nofollow noopener noreferrer\">INS Illa de Rodes<\/a><\/td><td>972154383<\/td><td>972153774<\/td><td><a href=\"mailto:b7006851@xtec.cat\" target=\"_blank\" rel=\"noopener noreferrer\">b7006851@xtec.cat<\/a><\/td><\/tr><tr><td>17008390<\/td><td>Vilafant<\/td><td><a href=\"https:\/\/agora.xtec.cat\/insvilafant\/\" target=\"_blank\" rel=\"nofollow noopener noreferrer\">INS de Vilafant<\/a><\/td><td>972508285<\/td><td>972671566<\/td><td><a href=\"mailto:b7008390@xtec.cat\" target=\"_blank\" rel=\"noopener noreferrer\">b7008390@xtec.cat<\/a><\/td><\/tr><\/tbody><\/table><\/figure>\n\n\n\n<h5 class=\"wp-block-heading\">&nbsp;<\/h5>\n","protected":false},"excerpt":{"rendered":"<p>Codi Municipi Nom Centre Tel\u00e8fon Fax Correu-e 17006083 Castell\u00f3 d&#8217;Emp\u00faries INS de Castell\u00f3 d&#8217;Emp\u00faries 972250768 972158710 b7006083@xtec.cat 17004438 Figueres INS Alexandre Deulofeu 972505674 972511530 b7004438@xtec.cat 17005649 Figueres INS Cendrassos 972507908 972507908 b7005649@xtec.cat 17001221 Figueres INS Narc\u00eds Monturiol 972671604 972511467 b7001221@xtec.cat 17007609 Figueres INS Olivar Gran 972504562 972508508 b7007609@xtec.cat 17001218 Figueres INS Ramon Muntaner 972672559 972673969 [&hellip;]<\/p>\n","protected":false},"author":1,"featured_media":0,"parent":338,"menu_order":4,"comment_status":"closed","ping_status":"closed","template":"","meta":{"_bbp_topic_count":0,"_bbp_reply_count":0,"_bbp_total_topic_count":0,"_bbp_total_reply_count":0,"_bbp_voice_count":0,"_bbp_anonymous_reply_count":0,"_bbp_topic_count_hidden":0,"_bbp_reply_count_hidden":0,"_bbp_forum_subforum_count":0,"site-sidebar-layout":"default","site-content-layout":"","ast-site-content-layout":"default","site-content-style":"default","site-sidebar-style":"default","ast-global-header-display":"","ast-banner-title-visibility":"","ast-main-header-display":"","ast-hfb-above-header-display":"","ast-hfb-below-header-display":"","ast-hfb-mobile-header-display":"","site-post-title":"","ast-breadcrumbs-content":"","ast-featured-img":"","footer-sml-layout":"","theme-transparent-header-meta":"","adv-header-id-meta":"","stick-header-meta":"","header-above-stick-meta":"","header-main-stick-meta":"","header-below-stick-meta":"","astra-migrate-meta-layouts":"set","ast-page-background-enabled":"default","ast-page-background-meta":{"desktop":{"background-color":"var(--ast-global-color-4)","background-image":"","background-repeat":"repeat","background-position":"center center","background-size":"auto","background-attachment":"scroll","background-type":"","background-media":"","overlay-type":"","overlay-color":"","overlay-opacity":"","overlay-gradient":""},"tablet":{"background-color":"","background-image":"","background-repeat":"repeat","background-position":"center center","background-size":"auto","background-attachment":"scroll","background-type":"","background-media":"","overlay-type":"","overlay-color":"","overlay-opacity":"","overlay-gradient":""},"mobile":{"background-color":"","background-image":"","background-repeat":"repeat","background-position":"center center","background-size":"auto","background-attachment":"scroll","background-type":"","background-media":"","overlay-type":"","overlay-color":"","overlay-opacity":"","overlay-gradient":""}},"ast-content-background-meta":{"desktop":{"background-color":"var(--ast-global-color-5)","background-image":"","background-repeat":"repeat","background-position":"center center","background-size":"auto","background-attachment":"scroll","background-type":"","background-media":"","overlay-type":"","overlay-color":"","overlay-opacity":"","overlay-gradient":""},"tablet":{"background-color":"var(--ast-global-color-5)","background-image":"","background-repeat":"repeat","background-position":"center center","background-size":"auto","background-attachment":"scroll","background-type":"","background-media":"","overlay-type":"","overlay-color":"","overlay-opacity":"","overlay-gradient":""},"mobile":{"background-color":"var(--ast-global-color-5)","background-image":"","background-repeat":"repeat","background-position":"center center","background-size":"auto","background-attachment":"scroll","background-type":"","background-media":"","overlay-type":"","overlay-color":"","overlay-opacity":"","overlay-gradient":""}},"footnotes":""},"class_list":["post-385","page","type-page","status-publish","hentry"],"post_mailing_queue_ids":[],"_links":{"self":[{"href":"https:\/\/serveiseducatius.xtec.cat\/altemporda\/wp-json\/wp\/v2\/pages\/385","targetHints":{"allow":["GET"]}}],"collection":[{"href":"https:\/\/serveiseducatius.xtec.cat\/altemporda\/wp-json\/wp\/v2\/pages"}],"about":[{"href":"https:\/\/serveiseducatius.xtec.cat\/altemporda\/wp-json\/wp\/v2\/types\/page"}],"author":[{"embeddable":true,"href":"https:\/\/serveiseducatius.xtec.cat\/altemporda\/wp-json\/wp\/v2\/users\/1"}],"replies":[{"embeddable":true,"href":"https:\/\/serveiseducatius.xtec.cat\/altemporda\/wp-json\/wp\/v2\/comments?post=385"}],"version-history":[{"count":5,"href":"https:\/\/serveiseducatius.xtec.cat\/altemporda\/wp-json\/wp\/v2\/pages\/385\/revisions"}],"predecessor-version":[{"id":27398,"href":"https:\/\/serveiseducatius.xtec.cat\/altemporda\/wp-json\/wp\/v2\/pages\/385\/revisions\/27398"}],"up":[{"embeddable":true,"href":"https:\/\/serveiseducatius.xtec.cat\/altemporda\/wp-json\/wp\/v2\/pages\/338"}],"wp:attachment":[{"href":"https:\/\/serveiseducatius.xtec.cat\/altemporda\/wp-json\/wp\/v2\/media?parent=385"}],"curies":[{"name":"wp","href":"https:\/\/api.w.org\/{rel}","templated":true}]}}