{"id":318,"date":"2015-11-24T18:18:24","date_gmt":"2015-11-24T17:18:24","guid":{"rendered":"http:\/\/serveiseducatius.xtec.cat\/altemporda\/?page_id=318"},"modified":"2024-12-17T12:46:42","modified_gmt":"2024-12-17T11:46:42","slug":"on-som","status":"publish","type":"page","link":"https:\/\/serveiseducatius.xtec.cat\/altemporda\/el-servei-educatiu\/on-som\/","title":{"rendered":"Contacte"},"content":{"rendered":"<table style=\"border-collapse: collapse; width: 100%;\">\n<tbody>\n<tr>\n<td style=\"width: 33.3333%;\"><strong>Servei Educatiu de l&#8217;Alt Empord\u00e0<br \/>\n<\/strong>Avinguda M. \u00c0ngels Anglada, 13<br \/>\n17600 Figueres<br \/>\nTel. 972 50 91 50 &#8211; 972 51 18 14<br \/>\n<a href=\"mailto:se-altemporda@xtec.cat\" target=\"_blank\" rel=\"noopener\">se-altemporda@xtec.cat<\/a><\/td>\n<td style=\"width: 33.3333%;\"><strong>CRP:<\/strong><br \/>\nTel\u00e8fon: 972 50 91 50<br \/>\nCorreu electr\u00f2nic: <a href=\"mailto:crp-altemporda@xtec.cat\" target=\"_blank\" rel=\"noopener\">crp-altemporda@xtec.cat<\/a><\/td>\n<td style=\"width: 33.3333%;\"><strong>EAP:<\/strong><br \/>\nTel\u00e8fon: 972 51 18 14<br \/>\nCorreu electr\u00f2nic: <a href=\"mailto:eap-altemporda@xtec.cat\" target=\"_blank\" rel=\"noopener\">eap-altemporda@xtec.cat<\/a><\/td>\n<\/tr>\n<\/tbody>\n<\/table>\n<div class=\"fila\"><\/div>\n<p style=\"text-align: center; line-height: 50%;\"><iframe loading=\"lazy\" src=\"https:\/\/docs.google.com\/document\/d\/1xi9-2qrhEODuXHcJGmOwmcz_3QANphzj2Vpd_RPGEdo\/preview\" width=\"100%\" height=\"1165\"><span data-mce-type=\"bookmark\" style=\"display: inline-block; width: 0px; overflow: hidden; line-height: 0;\" class=\"mce_SELRES_start\">\ufeff<\/span><span data-mce-type=\"bookmark\" style=\"display: inline-block; width: 0px; overflow: hidden; line-height: 0;\" class=\"mce_SELRES_start\">\ufeff<\/span><span data-mce-type=\"bookmark\" style=\"display: inline-block; width: 0px; overflow: hidden; line-height: 0;\" class=\"mce_SELRES_start\">\ufeff<\/span><span data-mce-type=\"bookmark\" style=\"display: inline-block; width: 0px; overflow: hidden; line-height: 0;\" class=\"mce_SELRES_start\">\ufeff<\/span><span data-mce-type=\"bookmark\" style=\"display: inline-block; width: 0px; overflow: hidden; line-height: 0;\" class=\"mce_SELRES_start\">\ufeff<\/span><\/iframe><\/p>\n<p style=\"text-align: center; line-height: 52%;\"><strong><em><span style=\"color: #ff0000;\"><a style=\"color: #ff0000;\" href=\"https:\/\/docs.google.com\/document\/d\/1xi9-2qrhEODuXHcJGmOwmcz_3QANphzj2Vpd_RPGEdo\/export?format=pdf\" rel=\"noopener noreferrer\">Baixar la graella en PDF<\/a><\/span><\/em><\/strong><\/p>\n<p>&nbsp;<\/p>\n<p><strong>Com arribar-hi:<br \/>\n<\/strong><\/p>\n<p><img loading=\"lazy\" decoding=\"async\" class=\" wp-image-24470 alignleft\" src=\"https:\/\/serveiseducatius.xtec.cat\/altemporda\/wp-content\/uploads\/usu1156\/2024\/12\/Google-Maps.png\" alt=\"\" width=\"24\" height=\"24\" srcset=\"https:\/\/serveiseducatius.xtec.cat\/altemporda\/wp-content\/uploads\/usu1156\/2024\/12\/Google-Maps.png 163w, https:\/\/serveiseducatius.xtec.cat\/altemporda\/wp-content\/uploads\/usu1156\/2024\/12\/Google-Maps-150x150.png 150w\" sizes=\"auto, (max-width: 24px) 100vw, 24px\" \/> <a href=\"https:\/\/www.google.es\/maps\/dir\/Besal%C3%BA\/42.256155,2.959296\/@42.2569353,2.956942,603m\/data=!3m1!1e3!4m10!4m9!1m5!1m1!1s0x12bac0aac1f19969:0x8411c49506728bd1!2m2!1d2.7033575!2d42.1995621!1m1!4e1!3e0?hl=ca\" target=\"_blank\" rel=\"noopener noreferrer\">COM ARRIBAR-HI (Muntanya)<\/a><\/p>\n<p><a href=\"https:\/\/www.google.es\/maps\/dir\/Besal%C3%BA\/42.256155,2.959296\/@42.258651,2.957232,1196m\/data=!3m1!1e3!4m18!4m17!1m13!1m1!1s0x12bac0aac1f19969:0x8411c49506728bd1!2m2!1d2.7033575!2d42.1995621!3m3!1m2!1d2.95847!2d42.25843!3m3!1m2!1d2.959163!2d42.258524!1m1!4e1!3e0?hl=ca\" target=\"_blank\" rel=\"noopener noreferrer\"><img loading=\"lazy\" decoding=\"async\" class=\" wp-image-24470 alignleft\" src=\"https:\/\/serveiseducatius.xtec.cat\/altemporda\/wp-content\/uploads\/usu1156\/2024\/12\/Google-Maps.png\" alt=\"\" width=\"24\" height=\"24\" srcset=\"https:\/\/serveiseducatius.xtec.cat\/altemporda\/wp-content\/uploads\/usu1156\/2024\/12\/Google-Maps.png 163w, https:\/\/serveiseducatius.xtec.cat\/altemporda\/wp-content\/uploads\/usu1156\/2024\/12\/Google-Maps-150x150.png 150w\" sizes=\"auto, (max-width: 24px) 100vw, 24px\" \/><\/a><a href=\"https:\/\/www.google.es\/maps\/dir\/Figueres,Carretera+de+barcelona\/42.256184,2.959356\/@42.2572985,2.9591297,596m\/data=!3m1!1e3!4m19!4m18!1m14!1m1!1s0x12ba8db12bafbefd:0xf32e109f754126e6!2m2!1d2.971516!2d42.249832!3m3!1m2!1d2.960628!2d42.259307!3m4!1m2!1d2.9584871!2d42.2583092!3s0x12ba8dc014270c09:0xfb7d6399fd4310b1!1m1!4e1!3e0?hl=ca\" target=\"_blank\" rel=\"noopener noreferrer\">COM ARRIBAR-HI (Girona i costa)<\/a><\/p>\n<p style=\"text-align: center;\"><iframe loading=\"lazy\" src=\"https:\/\/www.google.com\/maps\/embed?pb=!1m14!1m12!1m3!1d897.451762614778!2d2.960161995615235!3d42.25612482621616!2m3!1f0!2f0!3f0!3m2!1i1024!2i768!4f13.1!5e1!3m2!1sca!2ses!4v1459861775591\" width=\"472\" height=\"472\" frameborder=\"0\"><\/iframe><\/p>\n<hr \/>\n<p>&nbsp;<\/p>\n","protected":false},"excerpt":{"rendered":"<p>Servei Educatiu de l&#8217;Alt Empord\u00e0 Avinguda M. \u00c0ngels Anglada, 13 17600 Figueres Tel. 972 50 91 50 &#8211; 972 51 18 14 se-altemporda@xtec.cat CRP: Tel\u00e8fon: 972 50 91 50 Correu electr\u00f2nic: crp-altemporda@xtec.cat EAP: Tel\u00e8fon: 972 51 18 14 Correu electr\u00f2nic: eap-altemporda@xtec.cat \ufeff\ufeff\ufeff\ufeff\ufeff Baixar la graella en PDF &nbsp; Com arribar-hi: COM ARRIBAR-HI (Muntanya) COM ARRIBAR-HI [&hellip;]<\/p>\n","protected":false},"author":1,"featured_media":0,"parent":806,"menu_order":1,"comment_status":"closed","ping_status":"closed","template":"page-templates\/side-menu.php","meta":{"_bbp_topic_count":0,"_bbp_reply_count":0,"_bbp_total_topic_count":0,"_bbp_total_reply_count":0,"_bbp_voice_count":0,"_bbp_anonymous_reply_count":0,"_bbp_topic_count_hidden":0,"_bbp_reply_count_hidden":0,"_bbp_forum_subforum_count":0,"site-sidebar-layout":"default","site-content-layout":"","ast-site-content-layout":"","site-content-style":"default","site-sidebar-style":"default","ast-global-header-display":"","ast-banner-title-visibility":"","ast-main-header-display":"","ast-hfb-above-header-display":"","ast-hfb-below-header-display":"","ast-hfb-mobile-header-display":"","site-post-title":"","ast-breadcrumbs-content":"","ast-featured-img":"","footer-sml-layout":"","theme-transparent-header-meta":"","adv-header-id-meta":"","stick-header-meta":"","header-above-stick-meta":"","header-main-stick-meta":"","header-below-stick-meta":"","astra-migrate-meta-layouts":"default","ast-page-background-enabled":"default","ast-page-background-meta":{"desktop":{"background-color":"var(--ast-global-color-4)","background-image":"","background-repeat":"repeat","background-position":"center center","background-size":"auto","background-attachment":"scroll","background-type":"","background-media":"","overlay-type":"","overlay-color":"","overlay-opacity":"","overlay-gradient":""},"tablet":{"background-color":"","background-image":"","background-repeat":"repeat","background-position":"center center","background-size":"auto","background-attachment":"scroll","background-type":"","background-media":"","overlay-type":"","overlay-color":"","overlay-opacity":"","overlay-gradient":""},"mobile":{"background-color":"","background-image":"","background-repeat":"repeat","background-position":"center center","background-size":"auto","background-attachment":"scroll","background-type":"","background-media":"","overlay-type":"","overlay-color":"","overlay-opacity":"","overlay-gradient":""}},"ast-content-background-meta":{"desktop":{"background-color":"var(--ast-global-color-5)","background-image":"","background-repeat":"repeat","background-position":"center center","background-size":"auto","background-attachment":"scroll","background-type":"","background-media":"","overlay-type":"","overlay-color":"","overlay-opacity":"","overlay-gradient":""},"tablet":{"background-color":"var(--ast-global-color-5)","background-image":"","background-repeat":"repeat","background-position":"center center","background-size":"auto","background-attachment":"scroll","background-type":"","background-media":"","overlay-type":"","overlay-color":"","overlay-opacity":"","overlay-gradient":""},"mobile":{"background-color":"var(--ast-global-color-5)","background-image":"","background-repeat":"repeat","background-position":"center center","background-size":"auto","background-attachment":"scroll","background-type":"","background-media":"","overlay-type":"","overlay-color":"","overlay-opacity":"","overlay-gradient":""}},"footnotes":""},"class_list":["post-318","page","type-page","status-publish","hentry"],"post_mailing_queue_ids":[],"_links":{"self":[{"href":"https:\/\/serveiseducatius.xtec.cat\/altemporda\/wp-json\/wp\/v2\/pages\/318","targetHints":{"allow":["GET"]}}],"collection":[{"href":"https:\/\/serveiseducatius.xtec.cat\/altemporda\/wp-json\/wp\/v2\/pages"}],"about":[{"href":"https:\/\/serveiseducatius.xtec.cat\/altemporda\/wp-json\/wp\/v2\/types\/page"}],"author":[{"embeddable":true,"href":"https:\/\/serveiseducatius.xtec.cat\/altemporda\/wp-json\/wp\/v2\/users\/1"}],"replies":[{"embeddable":true,"href":"https:\/\/serveiseducatius.xtec.cat\/altemporda\/wp-json\/wp\/v2\/comments?post=318"}],"version-history":[{"count":7,"href":"https:\/\/serveiseducatius.xtec.cat\/altemporda\/wp-json\/wp\/v2\/pages\/318\/revisions"}],"predecessor-version":[{"id":24471,"href":"https:\/\/serveiseducatius.xtec.cat\/altemporda\/wp-json\/wp\/v2\/pages\/318\/revisions\/24471"}],"up":[{"embeddable":true,"href":"https:\/\/serveiseducatius.xtec.cat\/altemporda\/wp-json\/wp\/v2\/pages\/806"}],"wp:attachment":[{"href":"https:\/\/serveiseducatius.xtec.cat\/altemporda\/wp-json\/wp\/v2\/media?parent=318"}],"curies":[{"name":"wp","href":"https:\/\/api.w.org\/{rel}","templated":true}]}}