{"id":306,"date":"2015-11-24T18:02:44","date_gmt":"2015-11-24T17:02:44","guid":{"rendered":"http:\/\/serveiseducatius.xtec.cat\/altemporda\/?page_id=306"},"modified":"2023-10-16T17:21:18","modified_gmt":"2023-10-16T15:21:18","slug":"equip","status":"publish","type":"page","link":"https:\/\/serveiseducatius.xtec.cat\/altemporda\/el-servei-educatiu\/equip\/","title":{"rendered":"Equip"},"content":{"rendered":"<p>Cada servei educatiu est\u00e0 format per un equip multidisciplinari:<\/p>\n<ul>\n<li><a href=\"https:\/\/serveiseducatius.xtec.cat\/altemporda\/el-servei-educatiu\/presentacio\/crp\/\" target=\"_blank\" rel=\"noopener noreferrer\"><strong>CRP <\/strong>(Centre de recursos pedag\u00f2gics)<\/a>: equip que dona\u00a0<strong>suport a l&#8217;activitat pedag\u00f2gica dels centres<\/strong> i a la tasca docent de mestres i professorat, especialment, en temes de formaci\u00f3 permanent, de recursos pedag\u00f2gics i de dinamitzaci\u00f3 de projectes de centre i de la zona.<\/li>\n<li><strong>EAP <\/strong>(Equip d&#8217;assessorament i orientaci\u00f3 psicopedag\u00f2gic)<span class=\"Apple-converted-space\">: equip<\/span> que dona\u00a0suport al professorat i als centres educatius en la resposta a la <strong>diversitat de l&#8217;alumnat<\/strong> i en relaci\u00f3 als alumnes que presenten <strong>necessitats educatives especials<\/strong>, aix\u00ed com a les seves fam\u00edlies. Podeu consultar les activitats, recursos i not\u00edcies a l&#8217;apartat din\u00e0mic de l&#8217;<a href=\"http:\/\/serveiseducatius.xtec.cat\/altemporda\/categoria\/eap\/\" target=\"_blank\" rel=\"noopener noreferrer\">EAP<\/a>.<\/li>\n<li><strong>ELIC <\/strong>(Equip d&#8217;assessorament i orientaci\u00f3 en llengua, interculturalitat i cohesi\u00f3 social): que donen suport al professorat en l&#8217;atenci\u00f3 a la diversitat relacionada amb l&#8217;alumnat, especialment procedent de la immigraci\u00f3 i\/o amb l&#8217;alumnat amb risc d&#8217;exclusi\u00f3 social, en l&#8217;\u00e0mbit dels centres educatius i els plans educatius d&#8217;entorn.\u00a0Podeu consultar les activitats, recursos i not\u00edcies a l&#8217;apartat din\u00e0mic de l&#8217;<a href=\"http:\/\/serveiseducatius.xtec.cat\/altemporda\/categoria\/elic\/\" target=\"_blank\" rel=\"noopener noreferrer\">ELIC<\/a>.<\/li>\n<\/ul>\n<p>El Servei Educatiu tamb\u00e9 treballa de forma coordinada amb el <a href=\"https:\/\/serveiseducatius.xtec.cat\/creda-narcismaso\/\" target=\"_blank\" rel=\"noopener noreferrer\">CREDA<\/a> (Centre de Recursos Educatius per a Deficients Auditius) Narc\u00eds Mas\u00f3 de Salt i amb el professorat que at\u00e9n l&#8217;alumnat amb discapacitat visual. Igualment, col\u00b7labora amb el <a href=\"http:\/\/blocs.xtec.cat\/cdaempuries\/\" target=\"_blank\" rel=\"noopener noreferrer\">Camp d&#8217;aprenentatge Emp\u00faries<\/a>\u00a0i amb l&#8217;<a href=\"https:\/\/serveiseducatius.xtec.cat\/edadelcanigo\/\" target=\"_blank\" rel=\"noopener noreferrer\">Entorn d&#8217;aprenentatge del Canig\u00f3<\/a> en diverses iniciatives.<\/p>\n<p>La gesti\u00f3 i coordinaci\u00f3 del Servei Educatiu de l&#8217;Alt Empord\u00e0 recau en l&#8217;equip de direcci\u00f3 t\u00e8cnica.<\/p>\n<p>L\u2019equip de direcci\u00f3 t\u00e8cnica est\u00e0 format per:<br \/>\n&#8211; el director del CRP i coordinador del servei educatiu: Josep Maria Godoy i Tom\u00e0s (Hotxin)<br \/>\n&#8211; la directora de l\u2019EAP: Olga Roig i Ferrer<br \/>\n&#8211; la coordinadora ELIC: J\u00falia Dan\u00e9s i Guzman<\/p>\n<p>Les funcions de l\u2019equip de direcci\u00f3 t\u00e8cnica dels serveis educatius s\u00f3n les seg\u00fcents:<br \/>\n&#8211; Establir els objectius i identificar les necessitats d\u2019actuaci\u00f3 interna i els indicadors d\u2019avaluaci\u00f3 del servei.<br \/>\n&#8211; Vetllar per un treball integrat dels equips del servei educatiu tant a la zona com als centres.<br \/>\n&#8211; Vetllar pel desenvolupament en el territori de programes d\u2019innovaci\u00f3, de formaci\u00f3, xarxes educatives, que afavoreixin el treball integrat dels serveis educatius.<br \/>\n&#8211; Prioritzar les actuacions que impliquen suport i assessorament als centres de la zona i a les xarxes educatives.<br \/>\n&#8211; Identificar les necessitats dels centres educatius, del professorat, de l&#8217;alumnat, de les fam\u00edlies i de la zona.<br \/>\n&#8211; Elaborar i difondre una relaci\u00f3 dels serveis que s\u2019ofereixen per a informaci\u00f3 dels mestres i professorat dels centres p\u00fablics i privats sostinguts amb fons p\u00fablics.<br \/>\n&#8211; Coordinar les actuacions dels professionals dels diferents serveis i vetllar per l\u2019efic\u00e0cia de la intervenci\u00f3 en els centres preferentment de forma integrada.<br \/>\n&#8211; Elaborar la proposta de pla d\u2019actuaci\u00f3, indicadors d\u2019avaluaci\u00f3 i propostes de millora.<br \/>\n&#8211; Fer el seguiment dels objectius del pla i del desenvolupament de les activitats que se\u2019n deriven.<br \/>\n&#8211; Elaborar el pressupost i la liquidaci\u00f3 corresponent.<br \/>\n&#8211; Organitzar i dissenyar el contingut de les reunions plen\u00e0ries conjuntament amb el coordinador o coordinadora del servei educatiu.<\/p>\n<p>&nbsp;<\/p>\n<p><img loading=\"lazy\" decoding=\"async\" class=\" size-full wp-image-185 alignright\" src=\"http:\/\/serveiseducatius.xtec.cat\/altemporda\/wp-content\/uploads\/usu1156\/2014\/09\/ampa.png\" alt=\"ampa\" width=\"315\" height=\"126\" srcset=\"https:\/\/serveiseducatius.xtec.cat\/altemporda\/wp-content\/uploads\/usu1156\/2014\/09\/ampa.png 315w, https:\/\/serveiseducatius.xtec.cat\/altemporda\/wp-content\/uploads\/usu1156\/2014\/09\/ampa-300x120.png 300w\" sizes=\"auto, (max-width: 315px) 100vw, 315px\" \/><\/p>\n","protected":false},"excerpt":{"rendered":"<p>Cada servei educatiu est\u00e0 format per un equip multidisciplinari: CRP (Centre de recursos pedag\u00f2gics): equip que dona\u00a0suport a l&#8217;activitat pedag\u00f2gica dels centres i a la tasca docent de mestres i professorat, especialment, en temes de formaci\u00f3 permanent, de recursos pedag\u00f2gics i de dinamitzaci\u00f3 de projectes de centre i de la zona. EAP (Equip d&#8217;assessorament i [&hellip;]<\/p>\n","protected":false},"author":1,"featured_media":0,"parent":806,"menu_order":3,"comment_status":"closed","ping_status":"closed","template":"page-templates\/side-menu.php","meta":{"_bbp_topic_count":0,"_bbp_reply_count":0,"_bbp_total_topic_count":0,"_bbp_total_reply_count":0,"_bbp_voice_count":0,"_bbp_anonymous_reply_count":0,"_bbp_topic_count_hidden":0,"_bbp_reply_count_hidden":0,"_bbp_forum_subforum_count":0,"site-sidebar-layout":"default","site-content-layout":"","ast-site-content-layout":"","site-content-style":"default","site-sidebar-style":"default","ast-global-header-display":"","ast-banner-title-visibility":"","ast-main-header-display":"","ast-hfb-above-header-display":"","ast-hfb-below-header-display":"","ast-hfb-mobile-header-display":"","site-post-title":"","ast-breadcrumbs-content":"","ast-featured-img":"","footer-sml-layout":"","theme-transparent-header-meta":"","adv-header-id-meta":"","stick-header-meta":"","header-above-stick-meta":"","header-main-stick-meta":"","header-below-stick-meta":"","astra-migrate-meta-layouts":"default","ast-page-background-enabled":"default","ast-page-background-meta":{"desktop":{"background-color":"var(--ast-global-color-4)","background-image":"","background-repeat":"repeat","background-position":"center center","background-size":"auto","background-attachment":"scroll","background-type":"","background-media":"","overlay-type":"","overlay-color":"","overlay-opacity":"","overlay-gradient":""},"tablet":{"background-color":"","background-image":"","background-repeat":"repeat","background-position":"center center","background-size":"auto","background-attachment":"scroll","background-type":"","background-media":"","overlay-type":"","overlay-color":"","overlay-opacity":"","overlay-gradient":""},"mobile":{"background-color":"","background-image":"","background-repeat":"repeat","background-position":"center center","background-size":"auto","background-attachment":"scroll","background-type":"","background-media":"","overlay-type":"","overlay-color":"","overlay-opacity":"","overlay-gradient":""}},"ast-content-background-meta":{"desktop":{"background-color":"var(--ast-global-color-5)","background-image":"","background-repeat":"repeat","background-position":"center center","background-size":"auto","background-attachment":"scroll","background-type":"","background-media":"","overlay-type":"","overlay-color":"","overlay-opacity":"","overlay-gradient":""},"tablet":{"background-color":"var(--ast-global-color-5)","background-image":"","background-repeat":"repeat","background-position":"center center","background-size":"auto","background-attachment":"scroll","background-type":"","background-media":"","overlay-type":"","overlay-color":"","overlay-opacity":"","overlay-gradient":""},"mobile":{"background-color":"var(--ast-global-color-5)","background-image":"","background-repeat":"repeat","background-position":"center center","background-size":"auto","background-attachment":"scroll","background-type":"","background-media":"","overlay-type":"","overlay-color":"","overlay-opacity":"","overlay-gradient":""}},"footnotes":""},"class_list":["post-306","page","type-page","status-publish","hentry"],"post_mailing_queue_ids":[],"_links":{"self":[{"href":"https:\/\/serveiseducatius.xtec.cat\/altemporda\/wp-json\/wp\/v2\/pages\/306","targetHints":{"allow":["GET"]}}],"collection":[{"href":"https:\/\/serveiseducatius.xtec.cat\/altemporda\/wp-json\/wp\/v2\/pages"}],"about":[{"href":"https:\/\/serveiseducatius.xtec.cat\/altemporda\/wp-json\/wp\/v2\/types\/page"}],"author":[{"embeddable":true,"href":"https:\/\/serveiseducatius.xtec.cat\/altemporda\/wp-json\/wp\/v2\/users\/1"}],"replies":[{"embeddable":true,"href":"https:\/\/serveiseducatius.xtec.cat\/altemporda\/wp-json\/wp\/v2\/comments?post=306"}],"version-history":[{"count":5,"href":"https:\/\/serveiseducatius.xtec.cat\/altemporda\/wp-json\/wp\/v2\/pages\/306\/revisions"}],"predecessor-version":[{"id":21309,"href":"https:\/\/serveiseducatius.xtec.cat\/altemporda\/wp-json\/wp\/v2\/pages\/306\/revisions\/21309"}],"up":[{"embeddable":true,"href":"https:\/\/serveiseducatius.xtec.cat\/altemporda\/wp-json\/wp\/v2\/pages\/806"}],"wp:attachment":[{"href":"https:\/\/serveiseducatius.xtec.cat\/altemporda\/wp-json\/wp\/v2\/media?parent=306"}],"curies":[{"name":"wp","href":"https:\/\/api.w.org\/{rel}","templated":true}]}}