{"id":26682,"date":"2025-11-18T09:11:25","date_gmt":"2025-11-18T08:11:25","guid":{"rendered":"https:\/\/serveiseducatius.xtec.cat\/altemporda\/?page_id=26682"},"modified":"2025-11-18T09:21:15","modified_gmt":"2025-11-18T08:21:15","slug":"reading-aloud-2024-2025","status":"publish","type":"page","link":"https:\/\/serveiseducatius.xtec.cat\/altemporda\/english-time\/reading-aloud-contest\/reading-aloud-2024-2025\/","title":{"rendered":"Reading aloud 2024-2025"},"content":{"rendered":"<p><a href=\"https:\/\/serveiseducatius.xtec.cat\/altemporda\/wp-content\/uploads\/usu1156\/2024\/02\/Reading-aloud.jpg\"><img loading=\"lazy\" decoding=\"async\" class=\"aligncenter wp-image-26686 size-full\" src=\"https:\/\/serveiseducatius.xtec.cat\/altemporda\/wp-content\/uploads\/usu1156\/2025\/11\/ReadingAloud_2025.jpg\" alt=\"\" width=\"694\" height=\"313\" srcset=\"https:\/\/serveiseducatius.xtec.cat\/altemporda\/wp-content\/uploads\/usu1156\/2025\/11\/ReadingAloud_2025.jpg 694w, https:\/\/serveiseducatius.xtec.cat\/altemporda\/wp-content\/uploads\/usu1156\/2025\/11\/ReadingAloud_2025-300x135.jpg 300w\" sizes=\"auto, (max-width: 694px) 100vw, 694px\" \/><\/a><br \/>\nDivendres, 21 de mar\u00e7 de 2025 a les 17.30 h, es va celebrar el segon Certamen de lectura en llengua anglesa a l&#8217;institut Narc\u00eds Monturiol de Figueres. S&#8217;adre\u00e7a a tot l&#8217;alumnat de 4t d&#8217;ESO de la comarca.<\/p>\n<h4 style=\"text-align: center;\"><span style=\"font-size: 30pt; color: #00688a;\"><strong>Reading Aloud Contest \u2013 Curs 2024-25<\/strong><\/span><\/h4>\n<p style=\"background-color: #a3c537; font-size: 1.5em; color: black; text-align: center;\">Rules and rubrics<\/p>\n<table style=\"border-collapse: collapse; width: 100%;\">\n<tbody>\n<tr>\n<td style=\"width: 50%; border-style: hidden; vertical-align: top;\"><iframe loading=\"lazy\" style=\"border: 0px #ffffff none;\" src=\"https:\/\/drive.google.com\/file\/d\/1o8XXIA4r7FSUbMPKpTRsnxMpsam_DrXF\/preview\" name=\"myiFrame\" width=\"600px\" height=\"700px\" frameborder=\"1\" marginwidth=\"0px\" marginheight=\"0px\" scrolling=\"no\" allowfullscreen=\"allowfullscreen\"><span data-mce-type=\"bookmark\" style=\"display: inline-block; width: 0px; overflow: hidden; line-height: 0;\" class=\"mce_SELRES_start\">\ufeff<\/span><\/iframe><\/td>\n<td style=\"width: 50%; border-style: hidden; vertical-align: top;\"><iframe loading=\"lazy\" src=\"https:\/\/drive.google.com\/file\/d\/1ZHjSY-4LV_o58sKEvFXIIPpgMCFHkcfs\/preview\" width=\"640\" height=\"380\"><\/iframe><\/td>\n<\/tr>\n<\/tbody>\n<\/table>\n<div style=\"display: flex; align-items: center; justify-content: center;\"><\/div>\n<p style=\"background-color: #a3c537; font-size: 1.5em; color: black; text-align: center;\">Photo collection<\/p>\n<div style=\"display: flex; align-items: center; justify-content: center;\">\n<div id=\"24265\" style=\"width: 100%; max-width: 600px; height: 400px; display: none;\"><img decoding=\"async\" src=\"https:\/\/lh3.googleusercontent.com\/d\/15Vffwq3mnOvsqBNK_0olGxO3pzPV3Q3o=w500\" \/><br \/>\n<img decoding=\"async\" src=\"https:\/\/lh3.googleusercontent.com\/d\/19d7apPDb0Pls-d_FSJgbkM8AwnxB35Wf=w500\" \/><br \/>\n<img decoding=\"async\" src=\"https:\/\/lh3.googleusercontent.com\/d\/1HswZhUUgN0ivf0wxM8ySNyyTHZ3s5iFO=w500\" \/><br \/>\n<img decoding=\"async\" src=\"https:\/\/lh3.googleusercontent.com\/d\/1HxqdGSfMU6AzRqaeSRTn30YOau5eHzSc=w500\" \/><br \/>\n<img decoding=\"async\" src=\"https:\/\/lh3.googleusercontent.com\/d\/1I5-MnfKdVoycFT2QnvtkwF59CTAZSUgx=w500\" \/><br \/>\n<img decoding=\"async\" src=\"https:\/\/lh3.googleusercontent.com\/d\/1I5JJIwLouZvjWpiDjmHL5X5_uqOI2BF1=w500\" \/><br \/>\n<img decoding=\"async\" src=\"https:\/\/lh3.googleusercontent.com\/d\/1I5JrCXBRsR1IVUZUguvMCGLqsXM4O7eL=w500\" \/><br \/>\n<img decoding=\"async\" src=\"https:\/\/lh3.googleusercontent.com\/d\/1I5dfjDxKK97h3hePxjOAhDqbfltapDIE=w500\" \/><br \/>\n<img decoding=\"async\" src=\"https:\/\/lh3.googleusercontent.com\/d\/1I6xWxPGr20aNX2bOkvvdPfCpA1ssgxyF=w500\" \/><br \/>\n<img decoding=\"async\" src=\"https:\/\/lh3.googleusercontent.com\/d\/1ICc8OUvBt0LOyi2T9N666KdamF7B3Xk1=w500\" \/><br \/>\n<img decoding=\"async\" src=\"https:\/\/lh3.googleusercontent.com\/d\/1IORgkaDBwn3RkqkyeFvmrweoCQr2YWva=w500\" \/><br \/>\n<img decoding=\"async\" src=\"https:\/\/lh3.googleusercontent.com\/d\/1IOsXsryVMh6a7-p3aVIW7xcZC9oQLMTm=w500\" \/><br \/>\n<img decoding=\"async\" src=\"https:\/\/lh3.googleusercontent.com\/d\/1IPBtNAARg3mmLUX8Nspn70pgF87fIVZM=w500\" \/><br \/>\n<img decoding=\"async\" src=\"https:\/\/lh3.googleusercontent.com\/d\/1IS1Rk1CSZF7E0vGHyJXVIoVwa8EdEw4M=w500\" \/><br \/>\n<img decoding=\"async\" src=\"https:\/\/lh3.googleusercontent.com\/d\/1IV_ZsAols23MRcOzyy3KKqkgcXB_Yrrk=w500\" \/><br \/>\n<img decoding=\"async\" src=\"https:\/\/lh3.googleusercontent.com\/d\/1I_Bey9YZrz5vdJ4jtUUyGEQN6Lr2j9uy=w500\" \/><br \/>\n<img decoding=\"async\" src=\"https:\/\/lh3.googleusercontent.com\/d\/1Ih4QcxYFsSkrPgHQF06Pt0v-tUKkmJk-=w500\" \/><br \/>\n<img decoding=\"async\" src=\"https:\/\/lh3.googleusercontent.com\/d\/1IlCKMZmPGWBmWWm8zxktR-vjMMqFdHhI=w500\" \/><br \/>\n<img decoding=\"async\" src=\"https:\/\/lh3.googleusercontent.com\/d\/1Isn0LKLI7TY5OxXhYcwOv5rUniTWKW-f=w500\" \/><img decoding=\"async\" src=\"https:\/\/lh3.googleusercontent.com\/d\/1Iv3GxqhvPyISXGUKmN5Gn8YrNWyxfGLC=w500\" \/><br \/>\n<img decoding=\"async\" src=\"https:\/\/lh3.googleusercontent.com\/d\/1J-iFHaERap9gk_IH6Ylm4CiFtzdYXvOA=w500\" \/><br \/>\n<img decoding=\"async\" src=\"https:\/\/lh3.googleusercontent.com\/d\/1KWNi2c8GWYDyJBhl42bFgtLV6y2nUVvB=w500\" \/><\/div>\n<p><script type=\"text\/javascript\" src=\"https:\/\/cdnjs.cloudflare.com\/ajax\/libs\/jquery\/3.6.1\/jquery.min.js\"><\/script><br \/>\n<script>\n  (MyGalleries=(typeof MyGalleries === 'undefined' ? [] : MyGalleries)).push({gallId:'#24265',autoplay:true,lightbox:true,debug:false,popupLinks:true});\n  if(typeof GalleryLoaded === 'undefined'){\n    GalleryLoaded = jQuery(function(){\n      jQuery.ajax({url:'https:\/\/cdnjs.cloudflare.com\/ajax\/libs\/galleria\/1.6.1\/galleria.min.js',dataType:'script',cache:true}).done(function(){\n        Galleria.loadTheme('https:\/\/cdnjs.cloudflare.com\/ajax\/libs\/galleria\/1.6.1\/themes\/classic\/galleria.classic.js');\n        for(var n in MyGalleries){\n          Galleria.run(MyGalleries[n].gallId, MyGalleries[n]);\n          jQuery(MyGalleries[n].gallId).css('display','block');\n        }\n      });\n    });\n  }\n<\/script><\/p>\n<\/div>\n","protected":false},"excerpt":{"rendered":"<p>Divendres, 21 de mar\u00e7 de 2025 a les 17.30 h, es va celebrar el segon Certamen de lectura en llengua anglesa a l&#8217;institut Narc\u00eds Monturiol de Figueres. S&#8217;adre\u00e7a a tot l&#8217;alumnat de 4t d&#8217;ESO de la comarca. Reading Aloud Contest \u2013 Curs 2024-25 Rules and rubrics \ufeff Photo collection<\/p>\n","protected":false},"author":4,"featured_media":0,"parent":23465,"menu_order":0,"comment_status":"closed","ping_status":"closed","template":"","meta":{"_bbp_topic_count":0,"_bbp_reply_count":0,"_bbp_total_topic_count":0,"_bbp_total_reply_count":0,"_bbp_voice_count":0,"_bbp_anonymous_reply_count":0,"_bbp_topic_count_hidden":0,"_bbp_reply_count_hidden":0,"_bbp_forum_subforum_count":0,"site-sidebar-layout":"default","site-content-layout":"","ast-site-content-layout":"","site-content-style":"default","site-sidebar-style":"default","ast-global-header-display":"","ast-banner-title-visibility":"","ast-main-header-display":"","ast-hfb-above-header-display":"","ast-hfb-below-header-display":"","ast-hfb-mobile-header-display":"","site-post-title":"","ast-breadcrumbs-content":"","ast-featured-img":"","footer-sml-layout":"","theme-transparent-header-meta":"","adv-header-id-meta":"","stick-header-meta":"","header-above-stick-meta":"","header-main-stick-meta":"","header-below-stick-meta":"","astra-migrate-meta-layouts":"default","ast-page-background-enabled":"default","ast-page-background-meta":{"desktop":{"background-color":"var(--ast-global-color-4)","background-image":"","background-repeat":"repeat","background-position":"center center","background-size":"auto","background-attachment":"scroll","background-type":"","background-media":"","overlay-type":"","overlay-color":"","overlay-opacity":"","overlay-gradient":""},"tablet":{"background-color":"","background-image":"","background-repeat":"repeat","background-position":"center center","background-size":"auto","background-attachment":"scroll","background-type":"","background-media":"","overlay-type":"","overlay-color":"","overlay-opacity":"","overlay-gradient":""},"mobile":{"background-color":"","background-image":"","background-repeat":"repeat","background-position":"center center","background-size":"auto","background-attachment":"scroll","background-type":"","background-media":"","overlay-type":"","overlay-color":"","overlay-opacity":"","overlay-gradient":""}},"ast-content-background-meta":{"desktop":{"background-color":"var(--ast-global-color-5)","background-image":"","background-repeat":"repeat","background-position":"center center","background-size":"auto","background-attachment":"scroll","background-type":"","background-media":"","overlay-type":"","overlay-color":"","overlay-opacity":"","overlay-gradient":""},"tablet":{"background-color":"var(--ast-global-color-5)","background-image":"","background-repeat":"repeat","background-position":"center center","background-size":"auto","background-attachment":"scroll","background-type":"","background-media":"","overlay-type":"","overlay-color":"","overlay-opacity":"","overlay-gradient":""},"mobile":{"background-color":"var(--ast-global-color-5)","background-image":"","background-repeat":"repeat","background-position":"center center","background-size":"auto","background-attachment":"scroll","background-type":"","background-media":"","overlay-type":"","overlay-color":"","overlay-opacity":"","overlay-gradient":""}},"footnotes":""},"class_list":["post-26682","page","type-page","status-publish","hentry"],"post_mailing_queue_ids":[],"_links":{"self":[{"href":"https:\/\/serveiseducatius.xtec.cat\/altemporda\/wp-json\/wp\/v2\/pages\/26682","targetHints":{"allow":["GET"]}}],"collection":[{"href":"https:\/\/serveiseducatius.xtec.cat\/altemporda\/wp-json\/wp\/v2\/pages"}],"about":[{"href":"https:\/\/serveiseducatius.xtec.cat\/altemporda\/wp-json\/wp\/v2\/types\/page"}],"author":[{"embeddable":true,"href":"https:\/\/serveiseducatius.xtec.cat\/altemporda\/wp-json\/wp\/v2\/users\/4"}],"replies":[{"embeddable":true,"href":"https:\/\/serveiseducatius.xtec.cat\/altemporda\/wp-json\/wp\/v2\/comments?post=26682"}],"version-history":[{"count":4,"href":"https:\/\/serveiseducatius.xtec.cat\/altemporda\/wp-json\/wp\/v2\/pages\/26682\/revisions"}],"predecessor-version":[{"id":26688,"href":"https:\/\/serveiseducatius.xtec.cat\/altemporda\/wp-json\/wp\/v2\/pages\/26682\/revisions\/26688"}],"up":[{"embeddable":true,"href":"https:\/\/serveiseducatius.xtec.cat\/altemporda\/wp-json\/wp\/v2\/pages\/23465"}],"wp:attachment":[{"href":"https:\/\/serveiseducatius.xtec.cat\/altemporda\/wp-json\/wp\/v2\/media?parent=26682"}],"curies":[{"name":"wp","href":"https:\/\/api.w.org\/{rel}","templated":true}]}}