{"id":26433,"date":"2025-10-07T12:45:33","date_gmt":"2025-10-07T10:45:33","guid":{"rendered":"https:\/\/serveiseducatius.xtec.cat\/altemporda\/?page_id=26433"},"modified":"2026-04-07T17:05:05","modified_gmt":"2026-04-07T15:05:05","slug":"comd-2025-2026","status":"publish","type":"page","link":"https:\/\/serveiseducatius.xtec.cat\/altemporda\/cultura-digital\/xtcd-comissio-digital-de-centre\/comd-2025-2026\/","title":{"rendered":"COMD 2025-2026"},"content":{"rendered":"<p style=\"font-family: opendyslexic; text-align: center;\"><span style=\"font-size: 24pt; color: #087eb6;\">Acc\u00e9s a les sessions territorials:<\/span><\/p>\n<hr \/>\n<div class=\"fila;\" style=\"display: flex; align-items: center; justify-content: center;\">\n<div class=\"columna\" style=\"width: 20%; text-align: center;\"><a class=\"boto_taula\" style=\"color: #000000; display: flex; align-items: center; justify-content: center;\" href=\"https:\/\/serveiseducatius.xtec.cat\/altemporda\/cultura-digital\/xtcd-comissio-digital-de-centre\/comd-2025-2026\/comd-sessio-1-07-10-2025\/\" target=\"_blank\" rel=\"noopener noreferrer\"><span style=\"font-size: 1.25em; font-family: opendyslexic;\"><strong>Sessi\u00f3 1<\/strong><\/span><\/a><\/div>\n<div class=\"columna\" style=\"width: 20%; text-align: center;\"><a class=\"boto_taula\" style=\"color: #000000; display: flex; align-items: center; justify-content: center;\" href=\"https:\/\/serveiseducatius.xtec.cat\/altemporda\/cultura-digital\/xtcd-comissio-digital-de-centre\/comd-2025-2026\/comd-sessio-2-02-12-2025\/\" target=\"_blank\" rel=\"noopener noreferrer\"><span style=\"font-size: 1.25em; font-family: opendyslexic;\"><strong>Sessi\u00f3 2<\/strong><\/span><\/a><\/div>\n<div class=\"columna\" style=\"width: 20%; text-align: center;\"><a class=\"boto_taula\" style=\"color: #000000; display: flex; align-items: center; justify-content: center;\" href=\"https:\/\/serveiseducatius.xtec.cat\/altemporda\/cultura-digital\/xtcd-comissio-digital-de-centre\/comd-2025-2026\/comd-sessio-2-24-02-2026\/\" target=\"_blank\" rel=\"noopener noreferrer\"><span style=\"font-size: 1.25em; font-family: opendyslexic;\"><strong>Sessi\u00f3 3<\/strong><\/span><\/a><\/div>\n<div class=\"columna\" style=\"width: 20%; text-align: center;\"><a class=\"boto_taula\" style=\"color: #000000; display: flex; align-items: center; justify-content: center;\" href=\"https:\/\/serveiseducatius.xtec.cat\/altemporda\/comd-sessio-4-07-04-2026\/\" target=\"_blank\" rel=\"noopener noreferrer\"><span style=\"font-size: 1.25em; font-family: opendyslexic;\"><strong>Sessi\u00f3 4<\/strong><\/span><\/a><\/div>\n<div class=\"columna\" style=\"width: 20%; text-align: center;\"><a class=\"boto_taula\" style=\"color: #000000; display: flex; align-items: center; justify-content: center;\" href=\"https:\/\/serveiseducatius.xtec.cat\/altemporda\/00-pagina-en-construccio\/\" target=\"_blank\" rel=\"noopener noreferrer\"><span style=\"font-size: 1.25em; font-family: opendyslexic;\"><strong>Sessi\u00f3 5<\/strong><\/span><\/a><\/div>\n<\/div>\n<hr \/>\n<div class=\"fila;\" style=\"display: flex; align-items: center; justify-content: center;\">\n<div class=\"columna\" style=\"width: 20%; text-align: center;\"><a class=\"boto_taula\" style=\"color: #000000; display: flex; align-items: center; justify-content: center;\" href=\"https:\/\/meet.google.com\/vcp-sjjm-ovc\" target=\"_blank\" rel=\"noopener noreferrer\"><span style=\"font-size: 1.25em; font-family: opendyslexic;\"><strong>Acc\u00e9s al Meet<br \/>\nSessions territorials<\/strong><\/span><\/a><\/div>\n<div class=\"columna\" style=\"width: 5%; text-align: center;\"><\/div>\n<div class=\"columna\" style=\"width: 20%; text-align: center;\"><a class=\"boto_taula\" style=\"color: #000000; display: flex; align-items: center; justify-content: center;\" href=\"https:\/\/docs.google.com\/forms\/d\/e\/1FAIpQLSfcCjcBgBKsfvJxgMJJ1EAR05ER7Qv0kr7sEyhTltUSlrgOhA\/viewform\" target=\"_blank\" rel=\"noopener noreferrer\"><span style=\"font-size: 1.25em; font-family: opendyslexic;\"><strong>Formulari d&#8217;assist\u00e8ncia<br \/>\nSessions territorials<\/strong><\/span><\/a><\/div>\n<\/div>\n<hr \/>\n<h2><i><span style=\"font-weight: 400;\">Calendari de sessions 2025-2026<\/span><\/i><\/h2>\n<h5>Subxarxa de Comissi\u00f3 Digital de Centre<\/h5>\n<table style=\"width: 61.7569%; height: 314px;\" align=\"center\">\n<tbody>\n<tr>\n<td style=\"width: 7.32026%;\"><span style=\"font-weight: 400;\">N\u00fam.<\/span><\/td>\n<td style=\"width: 24.4058%;\"><span style=\"font-weight: 400;\">Tipus de sessi\u00f3<\/span><\/td>\n<td style=\"width: 30.2359%;\"><span style=\"font-weight: 400;\">Lloc<\/span><\/td>\n<td style=\"width: 47.5425%;\"><span style=\"font-weight: 400;\">Data<\/span><\/td>\n<\/tr>\n<tr>\n<td style=\"width: 7.32026%;\"><b>1<\/b><\/td>\n<td style=\"width: 24.4058%;\"><span style=\"font-weight: 400;\">Seminari Web 1<\/span><\/td>\n<td style=\"width: 30.2359%;\"><a href=\"https:\/\/projectes.xtec.cat\/digital\/formacio-docent\/xtcd\/\"><span style=\"font-weight: 400;\">https:\/\/projectes.xtec.cat\/xtcd\/<\/span><\/a><\/td>\n<td style=\"width: 47.5425%;\"><span style=\"font-weight: 400;\">18 de setembre de 2025 de 17:30 a 19:00 h<\/span><\/td>\n<\/tr>\n<tr>\n<td style=\"width: 7.32026%;\"><b>2<\/b><\/td>\n<td style=\"width: 24.4058%;\"><b>Seminari territorial 1<\/b><\/td>\n<td style=\"width: 30.2359%;\"><a href=\"https:\/\/ja.cat\/sessio_COMD_AE\"><span style=\"font-weight: 400;\">https:\/\/ja.cat\/sessio_COMD_AE<\/span><\/a><\/td>\n<td style=\"width: 47.5425%;\"><b>7 d&#8217;octubre de 2025<\/b><span style=\"font-weight: 400;\"> de 17:30 a 19:00 h<\/span><\/td>\n<\/tr>\n<tr>\n<td style=\"width: 7.32026%;\"><b>3<\/b><\/td>\n<td style=\"width: 24.4058%;\"><span style=\"font-weight: 400;\">Seminari Web 2<\/span><\/td>\n<td style=\"width: 30.2359%;\"><a href=\"https:\/\/projectes.xtec.cat\/digital\/formacio-docent\/xtcd\/\"><span style=\"font-weight: 400;\">https:\/\/projectes.xtec.cat\/xtcd\/<\/span><\/a><\/td>\n<td style=\"width: 47.5425%;\"><span style=\"font-weight: 400;\">13 de novembre de 2025 de 17:30 a 19:00 h<\/span><\/td>\n<\/tr>\n<tr>\n<td style=\"width: 7.32026%;\"><b>4<\/b><\/td>\n<td style=\"width: 24.4058%;\"><b>Seminari territorial 2<\/b><\/td>\n<td style=\"width: 30.2359%;\"><a href=\"https:\/\/ja.cat\/sessio_COMD_AE\"><span style=\"font-weight: 400;\">https:\/\/ja.cat\/sessio_COMD_AE<\/span><\/a><\/td>\n<td style=\"width: 47.5425%;\"><b>2 de desembre de 2025<\/b><span style=\"font-weight: 400;\"> de 17:30 a 19:00 h<\/span><\/td>\n<\/tr>\n<tr>\n<td style=\"width: 7.32026%;\"><b>5<\/b><\/td>\n<td style=\"width: 24.4058%;\"><span style=\"font-weight: 400;\">Seminari Web 3<\/span><\/td>\n<td style=\"width: 30.2359%;\"><a href=\"https:\/\/projectes.xtec.cat\/digital\/formacio-docent\/xtcd\/\"><span style=\"font-weight: 400;\">https:\/\/projectes.xtec.cat\/xtcd\/<\/span><\/a><\/td>\n<td style=\"width: 47.5425%;\"><span style=\"font-weight: 400;\">29 de gener de 2026 de 17:30 a 19:00 h<\/span><\/td>\n<\/tr>\n<tr>\n<td style=\"width: 7.32026%;\"><b>6<\/b><\/td>\n<td style=\"width: 24.4058%;\"><b>Seminari territorial 3<\/b><\/td>\n<td style=\"width: 30.2359%;\"><a href=\"https:\/\/ja.cat\/sessio_COMD_AE\"><span style=\"font-weight: 400;\">https:\/\/ja.cat\/sessio_COMD_AE<\/span><\/a><\/td>\n<td style=\"width: 47.5425%;\"><b>24 de febrer de 2026<\/b><span style=\"font-weight: 400;\"> de 17:30 a 19:00 h<\/span><\/td>\n<\/tr>\n<tr>\n<td style=\"width: 7.32026%;\"><b>7<\/b><\/td>\n<td style=\"width: 24.4058%;\"><span style=\"font-weight: 400;\">Seminari Web 4<\/span><\/td>\n<td style=\"width: 30.2359%;\"><a href=\"https:\/\/projectes.xtec.cat\/digital\/formacio-docent\/xtcd\/\"><span style=\"font-weight: 400;\">https:\/\/projectes.xtec.cat\/xtcd\/<\/span><\/a><\/td>\n<td style=\"width: 47.5425%;\"><span style=\"font-weight: 400;\">12 de mar\u00e7 de 2026 de 17:30 a 19:00 h<\/span><\/td>\n<\/tr>\n<tr>\n<td style=\"width: 7.32026%;\"><b>8<\/b><\/td>\n<td style=\"width: 24.4058%;\"><b>Seminari territorial 4<\/b><\/td>\n<td style=\"width: 30.2359%;\"><a href=\"https:\/\/ja.cat\/sessio_COMD_AE\"><span style=\"font-weight: 400;\">https:\/\/ja.cat\/sessio_COMD_AE<\/span><\/a><\/td>\n<td style=\"width: 47.5425%;\"><b>7 d&#8217;abril de 2026<\/b><span style=\"font-weight: 400;\"> de 17:30 a 19:00 h<\/span><\/td>\n<\/tr>\n<tr>\n<td style=\"width: 7.32026%;\"><b>9<\/b><\/td>\n<td style=\"width: 24.4058%;\"><span style=\"font-weight: 400;\">Seminari Web 5<\/span><\/td>\n<td style=\"width: 30.2359%;\"><a href=\"https:\/\/projectes.xtec.cat\/digital\/formacio-docent\/xtcd\/\"><span style=\"font-weight: 400;\">https:\/\/projectes.xtec.cat\/xtcd\/<\/span><\/a><\/td>\n<td style=\"width: 47.5425%;\"><span style=\"font-weight: 400;\">14 de maig de 2026 de 17:30 a 19:00 h<\/span><\/td>\n<\/tr>\n<tr>\n<td style=\"width: 7.32026%;\"><b>10<\/b><\/td>\n<td style=\"width: 24.4058%;\"><b>Seminari territorial 5<\/b><\/td>\n<td style=\"width: 30.2359%;\"><a href=\"https:\/\/ja.cat\/sessio_COMD_AE\"><span style=\"font-weight: 400;\">https:\/\/ja.cat\/sessio_COMD_AE<\/span><\/a><\/td>\n<td style=\"width: 47.5425%;\"><b>2 de juny de 2026<\/b><span style=\"font-weight: 400;\"> de 17:30 a 19:00 h<\/span><\/td>\n<\/tr>\n<\/tbody>\n<\/table>\n<hr \/>\n<p style=\"font-family: opendyslexic; text-align: center;\"><span style=\"font-size: 24pt; color: #087eb6;\"><a href=\"https:\/\/projectes.xtec.cat\/digital\/formacio-docent\/xtcd\/\" target=\"_blank\" rel=\"noopener\">Acc\u00e9s a les sessions seminari en l\u00ednia<\/a>:<\/span><\/p>\n<p style=\"text-align: center;\"><iframe loading=\"lazy\" title=\"Sessions XTCD 2023-2024\" src=\"https:\/\/projectes.xtec.cat\/digital\/formacio-docent\/xtcd\/subxarxa-de-la-comissio-digital-comd\/\" width=\"100%;\" height=\"2100\"><span data-mce-type=\"bookmark\" style=\"display: inline-block; width: 0px; overflow: hidden; line-height: 0;\" class=\"&quot;mce_SELRES&lt;\/p\"><br \/>\n<\/span><\/iframe><\/p>\n<p><!----comment node----><!--a=1--><\/p>\n","protected":false},"excerpt":{"rendered":"<p>Acc\u00e9s a les sessions territorials: Sessi\u00f3 1 Sessi\u00f3 2 Sessi\u00f3 3 Sessi\u00f3 4 Sessi\u00f3 5 Acc\u00e9s al Meet Sessions territorials Formulari d&#8217;assist\u00e8ncia Sessions territorials Calendari de sessions 2025-2026 Subxarxa de Comissi\u00f3 Digital de Centre N\u00fam. Tipus de sessi\u00f3 Lloc Data 1 Seminari Web 1 https:\/\/projectes.xtec.cat\/xtcd\/ 18 de setembre de 2025 de 17:30 a 19:00 h [&hellip;]<\/p>\n","protected":false},"author":4,"featured_media":0,"parent":21534,"menu_order":0,"comment_status":"closed","ping_status":"closed","template":"","meta":{"_bbp_topic_count":0,"_bbp_reply_count":0,"_bbp_total_topic_count":0,"_bbp_total_reply_count":0,"_bbp_voice_count":0,"_bbp_anonymous_reply_count":0,"_bbp_topic_count_hidden":0,"_bbp_reply_count_hidden":0,"_bbp_forum_subforum_count":0,"site-sidebar-layout":"default","site-content-layout":"","ast-site-content-layout":"default","site-content-style":"default","site-sidebar-style":"default","ast-global-header-display":"","ast-banner-title-visibility":"","ast-main-header-display":"","ast-hfb-above-header-display":"","ast-hfb-below-header-display":"","ast-hfb-mobile-header-display":"","site-post-title":"","ast-breadcrumbs-content":"","ast-featured-img":"","footer-sml-layout":"","theme-transparent-header-meta":"","adv-header-id-meta":"","stick-header-meta":"","header-above-stick-meta":"","header-main-stick-meta":"","header-below-stick-meta":"","astra-migrate-meta-layouts":"set","ast-page-background-enabled":"default","ast-page-background-meta":{"desktop":{"background-color":"var(--ast-global-color-4)","background-image":"","background-repeat":"repeat","background-position":"center center","background-size":"auto","background-attachment":"scroll","background-type":"","background-media":"","overlay-type":"","overlay-color":"","overlay-opacity":"","overlay-gradient":""},"tablet":{"background-color":"","background-image":"","background-repeat":"repeat","background-position":"center center","background-size":"auto","background-attachment":"scroll","background-type":"","background-media":"","overlay-type":"","overlay-color":"","overlay-opacity":"","overlay-gradient":""},"mobile":{"background-color":"","background-image":"","background-repeat":"repeat","background-position":"center center","background-size":"auto","background-attachment":"scroll","background-type":"","background-media":"","overlay-type":"","overlay-color":"","overlay-opacity":"","overlay-gradient":""}},"ast-content-background-meta":{"desktop":{"background-color":"var(--ast-global-color-5)","background-image":"","background-repeat":"repeat","background-position":"center center","background-size":"auto","background-attachment":"scroll","background-type":"","background-media":"","overlay-type":"","overlay-color":"","overlay-opacity":"","overlay-gradient":""},"tablet":{"background-color":"var(--ast-global-color-5)","background-image":"","background-repeat":"repeat","background-position":"center center","background-size":"auto","background-attachment":"scroll","background-type":"","background-media":"","overlay-type":"","overlay-color":"","overlay-opacity":"","overlay-gradient":""},"mobile":{"background-color":"var(--ast-global-color-5)","background-image":"","background-repeat":"repeat","background-position":"center center","background-size":"auto","background-attachment":"scroll","background-type":"","background-media":"","overlay-type":"","overlay-color":"","overlay-opacity":"","overlay-gradient":""}},"footnotes":""},"class_list":["post-26433","page","type-page","status-publish","hentry"],"post_mailing_queue_ids":[],"_links":{"self":[{"href":"https:\/\/serveiseducatius.xtec.cat\/altemporda\/wp-json\/wp\/v2\/pages\/26433","targetHints":{"allow":["GET"]}}],"collection":[{"href":"https:\/\/serveiseducatius.xtec.cat\/altemporda\/wp-json\/wp\/v2\/pages"}],"about":[{"href":"https:\/\/serveiseducatius.xtec.cat\/altemporda\/wp-json\/wp\/v2\/types\/page"}],"author":[{"embeddable":true,"href":"https:\/\/serveiseducatius.xtec.cat\/altemporda\/wp-json\/wp\/v2\/users\/4"}],"replies":[{"embeddable":true,"href":"https:\/\/serveiseducatius.xtec.cat\/altemporda\/wp-json\/wp\/v2\/comments?post=26433"}],"version-history":[{"count":6,"href":"https:\/\/serveiseducatius.xtec.cat\/altemporda\/wp-json\/wp\/v2\/pages\/26433\/revisions"}],"predecessor-version":[{"id":27523,"href":"https:\/\/serveiseducatius.xtec.cat\/altemporda\/wp-json\/wp\/v2\/pages\/26433\/revisions\/27523"}],"up":[{"embeddable":true,"href":"https:\/\/serveiseducatius.xtec.cat\/altemporda\/wp-json\/wp\/v2\/pages\/21534"}],"wp:attachment":[{"href":"https:\/\/serveiseducatius.xtec.cat\/altemporda\/wp-json\/wp\/v2\/media?parent=26433"}],"curies":[{"name":"wp","href":"https:\/\/api.w.org\/{rel}","templated":true}]}}