{"id":26327,"date":"2025-09-30T12:31:43","date_gmt":"2025-09-30T10:31:43","guid":{"rendered":"https:\/\/serveiseducatius.xtec.cat\/altemporda\/?page_id=26327"},"modified":"2026-03-24T06:29:22","modified_gmt":"2026-03-24T05:29:22","slug":"coor-2025-2026","status":"publish","type":"page","link":"https:\/\/serveiseducatius.xtec.cat\/altemporda\/cultura-digital\/xtcd-coordinacio-digital-de-centre\/coor-2025-2026\/","title":{"rendered":"COOR 2025-2026"},"content":{"rendered":"\n<div class=\"wp-block-buttons is-content-justification-center is-layout-flex wp-container-core-buttons-is-layout-1 wp-block-buttons-is-layout-flex\">\n<div class=\"wp-block-button has-custom-width wp-block-button__width-50 has-custom-font-size is-style-outline has-large-font-size is-style-outline--1\"><a class=\"wp-block-button__link has-text-align-center wp-element-button\" href=\"https:\/\/script.google.com\/a\/macros\/xtec.cat\/s\/AKfycbxKLbGeXsnQ4r7Fn2H7uvkU2_u7IDTqqc5064nTvt865vNoVmOT_z28i30ruXfw_vaO5A\/exec\" target=\"_blank\" rel=\"noreferrer noopener\">Comprovaci\u00f3 de la participaci\u00f3<\/a><\/div>\n<\/div>\n\n\n\n<hr class=\"wp-block-separator has-alpha-channel-opacity is-style-wide\"\/>\n\n\n\n<h2 class=\"wp-block-heading has-text-align-center\">Acc\u00e9s a les sessions territorials al SEAE:<\/h2>\n\n\n\n<div class=\"wp-block-buttons is-content-justification-center is-layout-flex wp-container-core-buttons-is-layout-2 wp-block-buttons-is-layout-flex\">\n<div class=\"wp-block-button\"><a class=\"wp-block-button__link wp-element-button\" href=\"https:\/\/serveiseducatius.xtec.cat\/altemporda\/cultura-digital\/xtcd-coordinacio-digital-de-centre\/coor-2025-2026\/coor-1a-sessio-30-09-2025\/\" target=\"_blank\" rel=\"noreferrer noopener\">Sessi\u00f3 1<\/a><\/div>\n\n\n\n<div class=\"wp-block-button\"><a class=\"wp-block-button__link wp-element-button\" href=\"https:\/\/serveiseducatius.xtec.cat\/altemporda\/cultura-digital\/xtcd-coordinacio-digital-de-centre\/coor-2025-2026\/coor-2a-sessio-25-11-2025\/\" target=\"_blank\" rel=\"noreferrer noopener\">Sessi\u00f3 2<\/a><\/div>\n\n\n\n<div class=\"wp-block-button\"><a class=\"wp-block-button__link wp-element-button\" href=\"https:\/\/serveiseducatius.xtec.cat\/altemporda\/cultura-digital\/xtcd-coordinacio-digital-de-centre\/coor-2025-2026\/coor-3a-sessio-10-02-2026\/\" target=\"_blank\" rel=\"noreferrer noopener\">Sessi\u00f3 3<\/a><\/div>\n\n\n\n<div class=\"wp-block-button\"><a class=\"wp-block-button__link wp-element-button\" href=\"https:\/\/serveiseducatius.xtec.cat\/altemporda\/cultura-digital\/xtcd-coordinacio-digital-de-centre\/coor-2025-2026\/coor-4a-sessio-24-03-2026\/\" target=\"_blank\" rel=\"noreferrer noopener\">Sessi\u00f3 4<\/a><\/div>\n\n\n\n<div class=\"wp-block-button\"><a class=\"wp-block-button__link wp-element-button\">Sessi\u00f3 5<\/a><\/div>\n<\/div>\n\n\n\n<figure class=\"wp-block-table\"><table class=\"has-fixed-layout\"><thead><tr><th><strong>Seminari web<\/strong><br><em>(de 17.30 a 19.00 h)<\/em><\/th><th><strong>Seminari territorial<\/strong><br><em>(de 15.00 a 17.00 h)<\/em><\/th><th><strong>Nus<\/strong><\/th><\/tr><\/thead><tbody><tr><td>Sessi\u00f3 1 (18-09-2025)<\/td><td>Sessi\u00f3 1 (30-09-2025)<\/td><td>S\u00ed<\/td><\/tr><tr><td>Sessi\u00f3 2 (13-11-2025)<\/td><td>Sessi\u00f3 2 (25-11-2025)<\/td><td>S\u00ed<\/td><\/tr><tr><td>Sessi\u00f3 3 (29-01-2026)<\/td><td>Sessi\u00f3 3 (10-02-2026)<\/td><td>S\u00ed<\/td><\/tr><tr><td>Sessi\u00f3 4 (12-03-2026)<\/td><td>Sessi\u00f3 4 (24-03-2026)<\/td><td>S\u00ed<\/td><\/tr><tr><td>Sessi\u00f3 5 (14-05-2026)<\/td><td>Sessi\u00f3 5 (26-05-2026)<\/td><td>S\u00ed<\/td><\/tr><\/tbody><\/table><\/figure>\n\n\n\n<hr class=\"wp-block-separator has-alpha-channel-opacity is-style-wide\"\/>\n\n\n\n<div class=\"wp-block-buttons is-content-justification-center is-layout-flex wp-container-core-buttons-is-layout-3 wp-block-buttons-is-layout-flex\">\n<div class=\"wp-block-button has-custom-width wp-block-button__width-50\"><a class=\"wp-block-button__link has-text-align-center wp-element-button\" href=\"https:\/\/projectes.xtec.cat\/digital\/formacio-docent\/xtcd\/\" target=\"_blank\" rel=\"noreferrer noopener\">Acc\u00e9s als seminaris en l\u00ednia<\/a><\/div>\n<\/div>\n\n\n\n<hr class=\"wp-block-separator has-alpha-channel-opacity is-style-wide\"\/>\n\n\n\n<p style=\"text-align: center;\"><iframe loading=\"lazy\" title=\"Sessions XTCD 2023-2024\" src=\"https:\/\/projectes.xtec.cat\/digital\/formacio-docent\/xtcd\/subxarxa-de-la-coordinacio-digital-de-centre-cdc\/\" width=\"90%;\" height=\"800\"><span data-mce-type=\"bookmark\" style=\"display: inline-block; width: 0px; overflow: hidden; line-height: 0;\" class=\"&quot;mce_SELRES&lt;\/p\"><br \/>\n<\/span><\/iframe><\/p>\n","protected":false},"excerpt":{"rendered":"<p>Acc\u00e9s a les sessions territorials al SEAE: Seminari web(de 17.30 a 19.00 h) Seminari territorial(de 15.00 a 17.00 h) Nus Sessi\u00f3 1 (18-09-2025) Sessi\u00f3 1 (30-09-2025) S\u00ed Sessi\u00f3 2 (13-11-2025) Sessi\u00f3 2 (25-11-2025) S\u00ed Sessi\u00f3 3 (29-01-2026) Sessi\u00f3 3 (10-02-2026) S\u00ed Sessi\u00f3 4 (12-03-2026) Sessi\u00f3 4 (24-03-2026) S\u00ed Sessi\u00f3 5 (14-05-2026) Sessi\u00f3 5 (26-05-2026) S\u00ed<\/p>\n","protected":false},"author":4,"featured_media":0,"parent":14854,"menu_order":0,"comment_status":"closed","ping_status":"closed","template":"","meta":{"_bbp_topic_count":0,"_bbp_reply_count":0,"_bbp_total_topic_count":0,"_bbp_total_reply_count":0,"_bbp_voice_count":0,"_bbp_anonymous_reply_count":0,"_bbp_topic_count_hidden":0,"_bbp_reply_count_hidden":0,"_bbp_forum_subforum_count":0,"site-sidebar-layout":"default","site-content-layout":"","ast-site-content-layout":"default","site-content-style":"default","site-sidebar-style":"default","ast-global-header-display":"","ast-banner-title-visibility":"","ast-main-header-display":"","ast-hfb-above-header-display":"","ast-hfb-below-header-display":"","ast-hfb-mobile-header-display":"","site-post-title":"","ast-breadcrumbs-content":"","ast-featured-img":"","footer-sml-layout":"","theme-transparent-header-meta":"","adv-header-id-meta":"","stick-header-meta":"","header-above-stick-meta":"","header-main-stick-meta":"","header-below-stick-meta":"","astra-migrate-meta-layouts":"set","ast-page-background-enabled":"default","ast-page-background-meta":{"desktop":{"background-color":"var(--ast-global-color-4)","background-image":"","background-repeat":"repeat","background-position":"center center","background-size":"auto","background-attachment":"scroll","background-type":"","background-media":"","overlay-type":"","overlay-color":"","overlay-opacity":"","overlay-gradient":""},"tablet":{"background-color":"","background-image":"","background-repeat":"repeat","background-position":"center center","background-size":"auto","background-attachment":"scroll","background-type":"","background-media":"","overlay-type":"","overlay-color":"","overlay-opacity":"","overlay-gradient":""},"mobile":{"background-color":"","background-image":"","background-repeat":"repeat","background-position":"center center","background-size":"auto","background-attachment":"scroll","background-type":"","background-media":"","overlay-type":"","overlay-color":"","overlay-opacity":"","overlay-gradient":""}},"ast-content-background-meta":{"desktop":{"background-color":"var(--ast-global-color-5)","background-image":"","background-repeat":"repeat","background-position":"center center","background-size":"auto","background-attachment":"scroll","background-type":"","background-media":"","overlay-type":"","overlay-color":"","overlay-opacity":"","overlay-gradient":""},"tablet":{"background-color":"var(--ast-global-color-5)","background-image":"","background-repeat":"repeat","background-position":"center center","background-size":"auto","background-attachment":"scroll","background-type":"","background-media":"","overlay-type":"","overlay-color":"","overlay-opacity":"","overlay-gradient":""},"mobile":{"background-color":"var(--ast-global-color-5)","background-image":"","background-repeat":"repeat","background-position":"center center","background-size":"auto","background-attachment":"scroll","background-type":"","background-media":"","overlay-type":"","overlay-color":"","overlay-opacity":"","overlay-gradient":""}},"footnotes":""},"class_list":["post-26327","page","type-page","status-publish","hentry"],"post_mailing_queue_ids":[],"_links":{"self":[{"href":"https:\/\/serveiseducatius.xtec.cat\/altemporda\/wp-json\/wp\/v2\/pages\/26327","targetHints":{"allow":["GET"]}}],"collection":[{"href":"https:\/\/serveiseducatius.xtec.cat\/altemporda\/wp-json\/wp\/v2\/pages"}],"about":[{"href":"https:\/\/serveiseducatius.xtec.cat\/altemporda\/wp-json\/wp\/v2\/types\/page"}],"author":[{"embeddable":true,"href":"https:\/\/serveiseducatius.xtec.cat\/altemporda\/wp-json\/wp\/v2\/users\/4"}],"replies":[{"embeddable":true,"href":"https:\/\/serveiseducatius.xtec.cat\/altemporda\/wp-json\/wp\/v2\/comments?post=26327"}],"version-history":[{"count":5,"href":"https:\/\/serveiseducatius.xtec.cat\/altemporda\/wp-json\/wp\/v2\/pages\/26327\/revisions"}],"predecessor-version":[{"id":27478,"href":"https:\/\/serveiseducatius.xtec.cat\/altemporda\/wp-json\/wp\/v2\/pages\/26327\/revisions\/27478"}],"up":[{"embeddable":true,"href":"https:\/\/serveiseducatius.xtec.cat\/altemporda\/wp-json\/wp\/v2\/pages\/14854"}],"wp:attachment":[{"href":"https:\/\/serveiseducatius.xtec.cat\/altemporda\/wp-json\/wp\/v2\/media?parent=26327"}],"curies":[{"name":"wp","href":"https:\/\/api.w.org\/{rel}","templated":true}]}}