{"id":26205,"date":"2025-09-19T10:31:06","date_gmt":"2025-09-19T08:31:06","guid":{"rendered":"https:\/\/serveiseducatius.xtec.cat\/altemporda\/?page_id=26205"},"modified":"2025-11-04T15:45:52","modified_gmt":"2025-11-04T14:45:52","slug":"clva-2025","status":"publish","type":"page","link":"https:\/\/serveiseducatius.xtec.cat\/altemporda\/certamen-de-lectura-en-veu-alta\/clva-2025\/","title":{"rendered":"CLVA 2025"},"content":{"rendered":"<p><a href=\"https:\/\/www.lecturaenveualta.cat\/certamen-de-lectura-en-veu-alta-escolar\/\"><img loading=\"lazy\" decoding=\"async\" class=\"alignleft wp-image-16684\" src=\"https:\/\/serveiseducatius.xtec.cat\/altemporda\/wp-content\/uploads\/usu1156\/2022\/03\/Logo.jpg\" alt=\"\" width=\"561\" height=\"178\" srcset=\"https:\/\/serveiseducatius.xtec.cat\/altemporda\/wp-content\/uploads\/usu1156\/2022\/03\/Logo.jpg 1007w, https:\/\/serveiseducatius.xtec.cat\/altemporda\/wp-content\/uploads\/usu1156\/2022\/03\/Logo-300x95.jpg 300w, https:\/\/serveiseducatius.xtec.cat\/altemporda\/wp-content\/uploads\/usu1156\/2022\/03\/Logo-768x243.jpg 768w\" sizes=\"auto, (max-width: 561px) 100vw, 561px\" \/><\/a>El Certamen de LVA est\u00e0 organitzat per la Fundaci\u00f3 Enciclop\u00e8dia Catalana i el Departament d\u2019Educaci\u00f3, i compta amb el suport de l\u2019Obra Social \u201cla Caixa\u201d i de Biblioteques P\u00fabliques de Catalunya. T\u00e9 com a objectiu la promoci\u00f3 de la lectura a l\u2019alumnat de tot Catalunya.<\/p>\n<p>El Certamen consta de cinc categories: grumets vermells (cicle mitj\u00e0 de prim\u00e0ria), grumets verds (cicle superior de prim\u00e0ria), timoners (alumnat nouvingut de cicle superior de prim\u00e0ria i primer cicle d\u2019ESO), corsaris (primer cicle d\u2019ESO) i tropa de corsaris (grups de 3 nois i noies de 2n cicle d\u2019ESO). La lectura \u00e9s individual a totes les categories, excepte la tropa de corsaris. En aquesta categoria la lectura \u00e9s col\u00b7lectiva.<\/p>\n<p>Cada centre educatiu pot participar en el Certamen amb un alumne per categoria <em>(en la categoria de Tropa de Corsaris, 3r i 4t d\u2019ESO, ha de ser un grup de tres alumnes)<\/em>.<\/p>\n<hr \/>\n<h4 style=\"text-align: center;\"><span style=\"font-size: 30pt; color: #00688a;\"><strong>XXI Certamen de Lectura en Veu Alta &#8211; Curs 2024-25<\/strong><\/span><\/h4>\n<hr \/>\n<div style=\"display: flex; align-items: center; justify-content: center;\"><\/div>\n<p style=\"background-color: #00afcb; color: white; font-size: 1.5em; text-align: center;\">Semifinal de l&#8217;Alt Empord\u00e0<\/p>\n<p><a href=\"https:\/\/serveiseducatius.xtec.cat\/altemporda\/wp-content\/uploads\/usu1156\/2024\/03\/CLVA-Alumnat-seleccionat.png\"><img loading=\"lazy\" decoding=\"async\" class=\"size-full wp-image-20357 aligncenter\" src=\"https:\/\/serveiseducatius.xtec.cat\/altemporda\/wp-content\/uploads\/usu1156\/2025\/04\/CLV-2025-Alumnat-seleccionat-penjat-al-web.png\" alt=\"\" width=\"960\" height=\"540\" \/><\/a><\/p>\n<hr \/>\n<h6><strong>Recull fotogr\u00e0fic<\/strong><\/h6>\n<table style=\"border-collapse: collapse; width: 100%;\">\n<tbody>\n<tr>\n<td style=\"width: 33.3333%; background-color: #ffffff; border-style: hidden;\"><a href=\"https:\/\/photos.app.goo.gl\/ojdvMZqtkJ2zt8he6\" target=\"_blank\" rel=\"noopener\"><img loading=\"lazy\" decoding=\"async\" class=\"alignnone wp-image-20292 size-full\" src=\"https:\/\/serveiseducatius.xtec.cat\/altemporda\/wp-content\/uploads\/usu1156\/2023\/03\/Semifinal-Grumets-verds-2023-CLVA-Alt-Emporda-3.jpg\" alt=\"\" width=\"960\" height=\"540\" srcset=\"https:\/\/serveiseducatius.xtec.cat\/altemporda\/wp-content\/uploads\/usu1156\/2023\/03\/Semifinal-Grumets-verds-2023-CLVA-Alt-Emporda-3.jpg 960w, https:\/\/serveiseducatius.xtec.cat\/altemporda\/wp-content\/uploads\/usu1156\/2023\/03\/Semifinal-Grumets-verds-2023-CLVA-Alt-Emporda-3-300x169.jpg 300w, https:\/\/serveiseducatius.xtec.cat\/altemporda\/wp-content\/uploads\/usu1156\/2023\/03\/Semifinal-Grumets-verds-2023-CLVA-Alt-Emporda-3-768x432.jpg 768w\" sizes=\"auto, (max-width: 960px) 100vw, 960px\" \/><\/a><\/td>\n<td style=\"width: 33.3333%; background-color: #ffffff; border-style: hidden;\"><a href=\"https:\/\/photos.app.goo.gl\/3a9Ddgo8Ty6e1vn98\" target=\"_blank\" rel=\"noopener\"><img loading=\"lazy\" decoding=\"async\" class=\"alignnone wp-image-20291 size-full\" src=\"https:\/\/serveiseducatius.xtec.cat\/altemporda\/wp-content\/uploads\/usu1156\/2023\/03\/Semifinal-Grumets-verds-2023-CLVA-Alt-Emporda-2.jpg\" alt=\"\" width=\"960\" height=\"540\" srcset=\"https:\/\/serveiseducatius.xtec.cat\/altemporda\/wp-content\/uploads\/usu1156\/2023\/03\/Semifinal-Grumets-verds-2023-CLVA-Alt-Emporda-2.jpg 960w, https:\/\/serveiseducatius.xtec.cat\/altemporda\/wp-content\/uploads\/usu1156\/2023\/03\/Semifinal-Grumets-verds-2023-CLVA-Alt-Emporda-2-300x169.jpg 300w, https:\/\/serveiseducatius.xtec.cat\/altemporda\/wp-content\/uploads\/usu1156\/2023\/03\/Semifinal-Grumets-verds-2023-CLVA-Alt-Emporda-2-768x432.jpg 768w\" sizes=\"auto, (max-width: 960px) 100vw, 960px\" \/><\/a><\/td>\n<td style=\"width: 33.3333%; background-color: #ffffff; border-style: hidden;\"><a href=\"https:\/\/photos.app.goo.gl\/62nR2bN6N9HUoWwT9\" target=\"_blank\" rel=\"noopener\"><img loading=\"lazy\" decoding=\"async\" class=\"alignnone wp-image-20288 size-full\" src=\"https:\/\/serveiseducatius.xtec.cat\/altemporda\/wp-content\/uploads\/usu1156\/2023\/03\/Semifinal-Grumets-verds-2023-CLVA-Alt-Emporda-1.jpg\" alt=\"\" width=\"960\" height=\"540\" srcset=\"https:\/\/serveiseducatius.xtec.cat\/altemporda\/wp-content\/uploads\/usu1156\/2023\/03\/Semifinal-Grumets-verds-2023-CLVA-Alt-Emporda-1.jpg 960w, https:\/\/serveiseducatius.xtec.cat\/altemporda\/wp-content\/uploads\/usu1156\/2023\/03\/Semifinal-Grumets-verds-2023-CLVA-Alt-Emporda-1-300x169.jpg 300w, https:\/\/serveiseducatius.xtec.cat\/altemporda\/wp-content\/uploads\/usu1156\/2023\/03\/Semifinal-Grumets-verds-2023-CLVA-Alt-Emporda-1-768x432.jpg 768w\" sizes=\"auto, (max-width: 960px) 100vw, 960px\" \/><\/a><\/td>\n<\/tr>\n<\/tbody>\n<\/table>\n<hr \/>\n<h6><strong>Presentacions de les jornades<\/strong><\/h6>\n<table style=\"border-collapse: collapse; width: 100%;\">\n<tbody>\n<tr>\n<td style=\"width: 33.3333%; border-style: hidden;\"><iframe loading=\"lazy\" src=\"https:\/\/docs.google.com\/presentation\/d\/11zHRPVNtl4TD9-krFareanJesfj1TBxJQz_id1K8OjE\/embed?start=false&amp;loop=true&amp;delayms=60000\" width=\"480\" height=\"299\" frameborder=\"0\" allowfullscreen=\"allowfullscreen\" data-mce-fragment=\"1\"><\/iframe><\/td>\n<td style=\"width: 33.3333%; border-style: hidden;\"><iframe loading=\"lazy\" src=\"https:\/\/docs.google.com\/presentation\/d\/1pjewfLkTAKsvZ5VT4GQks4dg--fZNgrtoplpYOKMMcA\/embed?start=false&amp;loop=true&amp;delayms=60000\" width=\"480\" height=\"299\" frameborder=\"0\" allowfullscreen=\"allowfullscreen\" data-mce-fragment=\"1\"><\/iframe><\/td>\n<td style=\"width: 33.3333%; border-style: hidden;\"><iframe loading=\"lazy\" src=\"https:\/\/docs.google.com\/presentation\/d\/1rL5CYn_Tt9tTaTQQxroVFS2sz9k8W6_cVfhzwRCiVpo\/embed?start=false&amp;loop=true&amp;delayms=60000\" width=\"480\" height=\"299\" frameborder=\"0\" allowfullscreen=\"allowfullscreen\" data-mce-fragment=\"1\"><\/iframe><\/td>\n<\/tr>\n<\/tbody>\n<\/table>\n<h4 style=\"text-align: center;\"><\/h4>\n<p style=\"background-color: #00afcb; color: white; font-size: 1.5em; text-align: center;\">Final territorial de les comarques gironines<\/p>\n<p>Celebrat el <strong>14 de maig<\/strong>\u00a0al teatre municipal de\u00a0<strong>Palafrugell<\/strong>.<\/p>\n<div style=\"display: flex; align-items: center; justify-content: center;\"><iframe loading=\"lazy\" src=\"https:\/\/docs.google.com\/spreadsheets\/u\/2\/d\/1WNkSq-Prws-wGITtKNShTlNx71yp4sDuPd4ILbjhWHs\/pubhtml?gid=324395195#gid=324395195&amp;single=true&amp;widget=true&amp;headers=false\" width=\"1035px\" height=\"375px\"><span data-mce-type=\"bookmark\" style=\"display: inline-block; width: 0px; overflow: hidden; line-height: 0;\" class=\"mce_SELRES_start\">\ufeff<\/span><\/iframe><\/div>\n<p>&nbsp;<\/p>\n<hr \/>\n<p style=\"background-color: #00afcb; color: white; font-size: 1em; text-align: center;\"><span style=\"font-size: 1.5em;\">Informacions diverses<\/span><\/p>\n<div class=\"fila;\" style=\"display: flex; align-items: center; justify-content: center;\"><iframe loading=\"lazy\" style=\"border: 2px #074BA0 solid;\" src=\"https:\/\/drive.google.com\/file\/d\/1FrIbw3gvRNjy4ndIXpkbVxHFVP9CjZYO\/preview\" name=\"myiFrame\" width=\"650px\" height=\"340px\" frameborder=\"1\" marginwidth=\"0px\" marginheight=\"0px\" scrolling=\"yes\" allowfullscreen=\"allowfullscreen\"><\/iframe><\/div>\n<p>&nbsp;<\/p>\n<hr \/>\n<p style=\"background-color: #00afcb; color: white; font-size: 1em; text-align: center;\"><span style=\"font-size: 1.5em;\">Informacions diverses<\/span><\/p>\n<p dir=\"ltr\">Aquests lectors i lectores participaran en la semifinal de l\u2019Alt Empord\u00e0 que, at\u00e8s el gran nombre d\u2019alumnat inscrit, es far\u00e0 en <strong>3 dies consecutius<\/strong>.<\/p>\n<p dir=\"ltr\"><strong>Lloc<\/strong>: <strong><a href=\"https:\/\/maps.app.goo.gl\/DteWjH7mqC2ykCZk7\" target=\"_blank\" rel=\"noopener\">Auditori dels Caputxins de Figueres<\/a>.<\/strong><\/p>\n<p><strong>SECUND\u00c0RIA<\/strong><\/p>\n<ul>\n<li dir=\"ltr\">\n<p dir=\"ltr\" role=\"presentation\">Data: dimarts, <strong>25 de mar\u00e7<\/strong> de 2025<\/p>\n<\/li>\n<li dir=\"ltr\">\n<p dir=\"ltr\" role=\"presentation\">Horari: <strong>9:30\u00a0 a 12 h<\/strong><\/p>\n<\/li>\n<li dir=\"ltr\">\n<p dir=\"ltr\" role=\"presentation\">Grups: <strong><span style=\"color: #54340c;\">Corsaris<\/span><\/strong><span style=\"color: #54340c;\">,\u00a0<\/span><strong><span style=\"color: #ff9900;\">Timoners 1r o 2n d\u2019ESO<\/span><\/strong><strong>\u00a0<\/strong>i <span style=\"color: #9020e6;\"><strong>Tropa de Corsaris.<\/strong><\/span><\/p>\n<\/li>\n<\/ul>\n<p dir=\"ltr\"><strong>PRIM\u00c0RIA<\/strong><\/p>\n<ul>\n<li dir=\"ltr\">\n<p dir=\"ltr\" role=\"presentation\">Data: dimecres, <strong>26 de mar\u00e7<\/strong> de 2025<\/p>\n<\/li>\n<li dir=\"ltr\">\n<p dir=\"ltr\" role=\"presentation\">Horari: <strong>9:30\u00a0 a 12 h\u00a0<\/strong><\/p>\n<\/li>\n<li dir=\"ltr\">\n<p dir=\"ltr\" role=\"presentation\">Grups: <strong><span style=\"color: #ff0000;\">Grumets vermells.<\/span><\/strong><\/p>\n<\/li>\n<\/ul>\n<p><strong>PRIM\u00c0RIA<\/strong><\/p>\n<ul>\n<li dir=\"ltr\">\n<p dir=\"ltr\" role=\"presentation\">Data: dijous, <strong>27 de mar\u00e7<\/strong> de 2025<\/p>\n<\/li>\n<li dir=\"ltr\">\n<p dir=\"ltr\" role=\"presentation\">Horari:<strong> 9:30\u00a0 a 12 h\u00a0<\/strong><\/p>\n<\/li>\n<li dir=\"ltr\">\n<p dir=\"ltr\" role=\"presentation\">Grups: <span style=\"color: #47cf2b;\"><strong>Grumets verds<\/strong><\/span> i <span style=\"color: #ff9900;\"><strong>Timoners de cicle superior.<\/strong><\/span><\/p>\n<\/li>\n<\/ul>\n<hr \/>\n<p><span style=\"font-size: 18pt; color: #00688a; text-align: center;\"><strong>Centres inscrits de l&#8217;Alt Empord\u00e0<\/strong><\/span><\/p>\n<div style=\"text-align: center;\"><iframe loading=\"lazy\" src=\"https:\/\/docs.google.com\/spreadsheets\/u\/1\/d\/1nwZReoz9zALDl67sqsu5J62SlfsBb5FBlGmx4KH46rc\/pub?gid=352090380#gid=352090380&amp;single=true\" width=\"88.5%\" height=\"1675\"><span data-mce-type=\"bookmark\" style=\"display: inline-block; width: 0px; overflow: hidden; line-height: 0;\" class=\"mce_SELRES_start\">\ufeff<\/span><span data-mce-type=\"bookmark\" style=\"display: inline-block; width: 0px; overflow: hidden; line-height: 0;\" class=\"mce_SELRES_start\">\ufeff<\/span><span data-mce-type=\"bookmark\" style=\"display: inline-block; width: 0px; overflow: hidden; line-height: 0;\" class=\"mce_SELRES_start\">\ufeff<\/span><span data-mce-type=\"bookmark\" style=\"display: inline-block; width: 0px; overflow: hidden; line-height: 0;\" class=\"mce_SELRES_start\">\ufeff<\/span><span data-mce-type=\"bookmark\" style=\"display: inline-block; width: 0px; overflow: hidden; line-height: 0;\" class=\"mce_SELRES_start\"><span data-mce-type=\"bookmark\" style=\"display: inline-block; width: 0px; overflow: hidden; line-height: 0;\" class=\"mce_SELRES_start\">\ufeff<\/span>\ufeff<\/span><\/iframe><\/div>\n<h5><\/h5>\n<h5><span style=\"font-size: 14pt;\"><b>Assistents:<\/b><\/span><\/h5>\n<p><span style=\"font-size: 12pt; line-height: 5px;\">Pot assistir <strong><em>un m\u00e0xim de: <\/em><\/strong><\/span><span style=\"font-size: 10pt; line-height: 5px;\"><strong><em><span style=\"font-weight: 400;\">(En aquest nombre s\u2019inclou el lector o lectora, professorat, familiars, companys i companyes).<\/span><\/em><\/strong><\/span><\/p>\n<ul>\n<li><span style=\"font-size: 12pt;\"><strong style=\"font-family: inherit;\"><em><span style=\"color: #0000ff;\"><span style=\"font-size: 18.6667px;\">3<\/span><\/span> persones <\/em><\/strong><\/span><em>(lector o lectora + 2 acompanyats)<\/em> el 1r dia:<span style=\"font-size: 16px;\">\u00a0<\/span><strong style=\"font-size: 16px;\"><span style=\"color: #54340c;\">Corsaris<\/span><\/strong><span style=\"font-size: 16px;\">,<\/span> <strong style=\"font-size: 16px;\"><span style=\"color: #ff9900;\">Timoners 1r o 2n d\u2019ESO<\/span><\/strong><strong style=\"font-size: 16px;\">\u00a0<\/strong><span style=\"font-size: 16px;\">i\u00a0<\/span><span style=\"color: #9020e6;\"><strong>Tropa de Corsaris.<\/strong><\/span><\/li>\n<li><span style=\"font-size: 12pt;\"><strong><em><span style=\"font-size: 14pt;\"><span style=\"color: #0000ff;\">6<\/span><\/span> persones <\/em><\/strong><\/span><em>(lector o lectora + 5 acompanyats)<\/em> el 2n dia: <strong style=\"font-size: 16px;\"><span style=\"color: #ff0000;\">Grumets vermells.<\/span><\/strong><\/li>\n<li><span style=\"font-size: 12pt;\"><strong><em><span style=\"color: #0000ff; font-size: 14pt;\">4 <\/span>persones <\/em><\/strong><em>(lector o lectora + 3 acompanyats) <\/em><\/span>el 3r dia:<span style=\"font-size: 12pt;\">\u00a0<span style=\"color: #47cf2b;\"><strong>Grumets verds<\/strong><\/span>\u00a0i\u00a0<span style=\"color: #ff9900;\"><strong>Timoners de cicle superior.<\/strong><\/span><\/span><\/li>\n<\/ul>\n<p><em><span style=\"font-size: 12pt;\"><span style=\"font-weight: 400;\">(\u00c9s el centre educatiu qui decideix qui s\u00f3n les persones que formen el grup d\u2019acompanyants. No cal que ens n\u2019envieu els noms abans de l\u2019acte).<\/span><\/span><\/em><\/p>\n<h5><b>ASPECTES A TENIR PRESENTS:<\/b><\/h5>\n<ul>\n<li style=\"font-weight: 400;\" aria-level=\"1\"><span style=\"font-weight: 400;\">El dia de la Semifinal, recordeu que <\/span><b>cal llegir del llibre,<\/b> <span style=\"text-decoration: underline;\"><b>no s&#8217;acceptaran<\/b><\/span><b><span style=\"text-decoration: underline;\"> lectors o lectores amb fotoc\u00f2pies<\/span>.<\/b><\/li>\n<li style=\"font-weight: 400;\" aria-level=\"1\"><span style=\"font-weight: 400;\">Comproveu si teniu la mateixa edici\u00f3. <em>Si no, simplement busqueu el fragment en l\u2019edici\u00f3 de qu\u00e8 disposeu<\/em>.<\/span><\/li>\n<li style=\"font-weight: 400;\" aria-level=\"1\"><span style=\"font-weight: 400;\">El dia de la semifinal \u2014per sorteig\u2014 s&#8217;establir\u00e0 l&#8217;ordre d&#8217;intervenci\u00f3 per a la lectura dels fragments.<\/span><\/li>\n<li style=\"font-weight: 400;\" aria-level=\"1\"><span style=\"font-weight: 400;\">En cas que l\u2019alumne\/a inscrit no hi pugui participar, ens feu arribar un correu electr\u00f2nic amb el nom i Cognoms del nou participant.<\/span><\/li>\n<\/ul>\n<hr \/>\n<p style=\"background-color: #00afcb; color: white; font-size: 1.5em; text-align: center;\">Llibres<\/p>\n<p><a href=\"https:\/\/www.lecturaenveualta.cat\/certamen-de-lectura-en-veu-alta-escolar\/llibres\/\" target=\"_blank\" rel=\"noopener\"><img loading=\"lazy\" decoding=\"async\" class=\" wp-image-24757 alignleft\" src=\"https:\/\/serveiseducatius.xtec.cat\/altemporda\/wp-content\/uploads\/usu1156\/2025\/01\/Poster-Llibres-CLVA-.png\" alt=\"\" width=\"272\" height=\"182\" srcset=\"https:\/\/serveiseducatius.xtec.cat\/altemporda\/wp-content\/uploads\/usu1156\/2025\/01\/Poster-Llibres-CLVA-.png 750w, https:\/\/serveiseducatius.xtec.cat\/altemporda\/wp-content\/uploads\/usu1156\/2025\/01\/Poster-Llibres-CLVA--300x200.png 300w\" sizes=\"auto, (max-width: 272px) 100vw, 272px\" \/><\/a>Ja estan disponibles els\u00a0<a href=\"https:\/\/www.lecturaenveualta.cat\/certamen-de-lectura-en-veu-alta-escolar\/llibres\/\" target=\"_blank\" rel=\"noopener\">Llibres del XXI Certamen<\/a>, per a la fase SEMIFINAL.<\/p>\n<p>Tots s\u00f3n en l\u2019edici\u00f3 escolar, per tant, us preguem que us fixeu en l\u2019EAN i la col\u00b7lecci\u00f3.<\/p>\n<p>Les lectures relatives a cada categoria s&#8217;enviaran cinc dies h\u00e0bils abans de la data de la semifinal corresponent.<\/p>\n<p>Per a la fase FINAL TERRITORIAL, el llibre, \u00e9s de lliure elecci\u00f3: el professorat tria el llibre que considera m\u00e9s adient.<\/p>\n<p><iframe loading=\"lazy\" style=\"border: 2px #074BA0 solid;\" src=\"https:\/\/drive.google.com\/file\/d\/1FrIbw3gvRNjy4ndIXpkbVxHFVP9CjZYO\/preview\" name=\"myiFrame\" width=\"650px\" height=\"340px\" frameborder=\"1\" marginwidth=\"0px\" marginheight=\"0px\" scrolling=\"yes\" allowfullscreen=\"allowfullscreen\"><\/iframe><\/p>\n<hr \/>\n<p style=\"background-color: #00afcb; color: white; font-size: 1em; text-align: center;\"><span style=\"font-size: 1.5em;\">Altres Informacions<\/span><\/p>\n<ul>\n<li><a href=\"https:\/\/www.lecturaenveualta.cat\/certamen-de-lectura-en-veu-alta-escolar\/bases-del-certamen-escolar\/\" target=\"_blank\" rel=\"noopener\">Bases del certamen<\/a><\/li>\n<li><a style=\"font-family: inherit; font-size: 1em;\" href=\"https:\/\/www.lecturaenveualta.cat\/certamen-de-lectura-en-veu-alta-escolar\/faqs-les-preguntes-mes-frequents-en-relacio-a-la-participacio-en-el-certamen-escolar-de-lectura-en-veu-alta-aqui-ho-tens-tot\/\" target=\"_blank\" rel=\"noopener\">Preguntes m\u00e9s freq\u00fcents, FAQS<\/a><span style=\"font-family: inherit; font-size: 1em;\">.<\/span><\/li>\n<\/ul>\n<div class=\"fila;\" style=\"display: flex; align-items: center; justify-content: center;\">\n<div class=\"columna\" style=\"width: 20%; text-align: center;\"><\/div>\n<\/div>\n","protected":false},"excerpt":{"rendered":"<p>El Certamen de LVA est\u00e0 organitzat per la Fundaci\u00f3 Enciclop\u00e8dia Catalana i el Departament d\u2019Educaci\u00f3, i compta amb el suport de l\u2019Obra Social \u201cla Caixa\u201d i de Biblioteques P\u00fabliques de Catalunya. T\u00e9 com a objectiu la promoci\u00f3 de la lectura a l\u2019alumnat de tot Catalunya. El Certamen consta de cinc categories: grumets vermells (cicle mitj\u00e0 [&hellip;]<\/p>\n","protected":false},"author":4,"featured_media":0,"parent":11470,"menu_order":13,"comment_status":"closed","ping_status":"closed","template":"page-templates\/side-menu.php","meta":{"_bbp_topic_count":0,"_bbp_reply_count":0,"_bbp_total_topic_count":0,"_bbp_total_reply_count":0,"_bbp_voice_count":0,"_bbp_anonymous_reply_count":0,"_bbp_topic_count_hidden":0,"_bbp_reply_count_hidden":0,"_bbp_forum_subforum_count":0,"site-sidebar-layout":"default","site-content-layout":"","ast-site-content-layout":"","site-content-style":"default","site-sidebar-style":"default","ast-global-header-display":"","ast-banner-title-visibility":"","ast-main-header-display":"","ast-hfb-above-header-display":"","ast-hfb-below-header-display":"","ast-hfb-mobile-header-display":"","site-post-title":"","ast-breadcrumbs-content":"","ast-featured-img":"","footer-sml-layout":"","theme-transparent-header-meta":"","adv-header-id-meta":"","stick-header-meta":"","header-above-stick-meta":"","header-main-stick-meta":"","header-below-stick-meta":"","astra-migrate-meta-layouts":"default","ast-page-background-enabled":"default","ast-page-background-meta":{"desktop":{"background-color":"var(--ast-global-color-4)","background-image":"","background-repeat":"repeat","background-position":"center center","background-size":"auto","background-attachment":"scroll","background-type":"","background-media":"","overlay-type":"","overlay-color":"","overlay-opacity":"","overlay-gradient":""},"tablet":{"background-color":"","background-image":"","background-repeat":"repeat","background-position":"center center","background-size":"auto","background-attachment":"scroll","background-type":"","background-media":"","overlay-type":"","overlay-color":"","overlay-opacity":"","overlay-gradient":""},"mobile":{"background-color":"","background-image":"","background-repeat":"repeat","background-position":"center center","background-size":"auto","background-attachment":"scroll","background-type":"","background-media":"","overlay-type":"","overlay-color":"","overlay-opacity":"","overlay-gradient":""}},"ast-content-background-meta":{"desktop":{"background-color":"var(--ast-global-color-5)","background-image":"","background-repeat":"repeat","background-position":"center center","background-size":"auto","background-attachment":"scroll","background-type":"","background-media":"","overlay-type":"","overlay-color":"","overlay-opacity":"","overlay-gradient":""},"tablet":{"background-color":"var(--ast-global-color-5)","background-image":"","background-repeat":"repeat","background-position":"center center","background-size":"auto","background-attachment":"scroll","background-type":"","background-media":"","overlay-type":"","overlay-color":"","overlay-opacity":"","overlay-gradient":""},"mobile":{"background-color":"var(--ast-global-color-5)","background-image":"","background-repeat":"repeat","background-position":"center center","background-size":"auto","background-attachment":"scroll","background-type":"","background-media":"","overlay-type":"","overlay-color":"","overlay-opacity":"","overlay-gradient":""}},"footnotes":""},"class_list":["post-26205","page","type-page","status-publish","hentry"],"post_mailing_queue_ids":[],"_links":{"self":[{"href":"https:\/\/serveiseducatius.xtec.cat\/altemporda\/wp-json\/wp\/v2\/pages\/26205","targetHints":{"allow":["GET"]}}],"collection":[{"href":"https:\/\/serveiseducatius.xtec.cat\/altemporda\/wp-json\/wp\/v2\/pages"}],"about":[{"href":"https:\/\/serveiseducatius.xtec.cat\/altemporda\/wp-json\/wp\/v2\/types\/page"}],"author":[{"embeddable":true,"href":"https:\/\/serveiseducatius.xtec.cat\/altemporda\/wp-json\/wp\/v2\/users\/4"}],"replies":[{"embeddable":true,"href":"https:\/\/serveiseducatius.xtec.cat\/altemporda\/wp-json\/wp\/v2\/comments?post=26205"}],"version-history":[{"count":3,"href":"https:\/\/serveiseducatius.xtec.cat\/altemporda\/wp-json\/wp\/v2\/pages\/26205\/revisions"}],"predecessor-version":[{"id":27293,"href":"https:\/\/serveiseducatius.xtec.cat\/altemporda\/wp-json\/wp\/v2\/pages\/26205\/revisions\/27293"}],"up":[{"embeddable":true,"href":"https:\/\/serveiseducatius.xtec.cat\/altemporda\/wp-json\/wp\/v2\/pages\/11470"}],"wp:attachment":[{"href":"https:\/\/serveiseducatius.xtec.cat\/altemporda\/wp-json\/wp\/v2\/media?parent=26205"}],"curies":[{"name":"wp","href":"https:\/\/api.w.org\/{rel}","templated":true}]}}