{"id":25968,"date":"2025-07-07T12:04:41","date_gmt":"2025-07-07T10:04:41","guid":{"rendered":"https:\/\/serveiseducatius.xtec.cat\/altemporda\/?page_id=25968"},"modified":"2025-10-30T10:50:58","modified_gmt":"2025-10-30T09:50:58","slug":"pla-de-suport-individualitzat-psi","status":"publish","type":"page","link":"https:\/\/serveiseducatius.xtec.cat\/altemporda\/equips-directius\/pla-de-suport-individualitzat-psi\/","title":{"rendered":"Pla de Suport Individualitzat (PSI)"},"content":{"rendered":"<p>El seminari de MEE amb la col\u00b7laboraci\u00f3 del SEAE ha elaborat un <strong>model de pla de suport individualitzat <\/strong>per a l&#8217;\u00fas en els centres educatius, que tamb\u00e9 poden adaptar<span style=\"font-family: inherit; font-size: 1em;\"> segons les seves necessitats.<\/span><\/p>\n<p>Podeu fer-vos una c\u00f2pia clicant sobre els seg\u00fcents botons:<\/p>\n<div class=\"fila;\" style=\"display: flex; align-items: center; justify-content: center;\">\n<div class=\"columna\" style=\"width: 20%; text-align: center;\"><a class=\"boto_taula\" style=\"color: #000000; display: flex; align-items: center; justify-content: center; height: 70px; text-decoration: none;\" href=\"https:\/\/docs.google.com\/spreadsheets\/d\/1vtOsczwbjaGVu0UoqYfJmRXHOwtb0AFl2CW-kTeVeTg\/copy\" target=\"_blank\" rel=\"noopener noreferrer\"><span style=\"font-size: 1.25em;\">PSI Infantil<\/span><\/a><\/div>\n<div class=\"columna\" style=\"width: 20%; text-align: center;\"><a class=\"boto_taula\" style=\"color: #000000; display: flex; align-items: center; justify-content: center; height: 70px; text-decoration: none;\" href=\"https:\/\/docs.google.com\/spreadsheets\/d\/1zEyXSyl5QpBWdq_-0hPo9Mb0-n4aMjuH6N7zJD29htI\/copy\" target=\"_blank\" rel=\"noopener noreferrer\"><span style=\"font-size: 1.25em;\">PSI Prim\u00e0ria<\/span><\/a><\/div>\n<\/div>\n<p>Tamb\u00e9 podeu consultar les instruccions seguint el seg\u00fcent enlla\u00e7:<\/p>\n<div class=\"fila;\" style=\"display: flex; align-items: center; justify-content: center;\">\n<div class=\"columna\" style=\"width: 25%; text-align: center;\"><a class=\"boto2\" style=\"color: #000000; display: flex; align-items: center; justify-content: center; height: 70px; text-decoration: none;\" href=\"https:\/\/docs.google.com\/presentation\/d\/1RshqmKxMlRt2AsU1q2mm7T_Z5WCmUej-aSt95nQlIIA\/preview\" target=\"_blank\" rel=\"noopener noreferrer\"><span style=\"font-size: 1.25em;\">Instruccions d&#8217;\u00fas<\/span><\/a><\/div>\n<\/div>\n","protected":false},"excerpt":{"rendered":"<p>El seminari de MEE amb la col\u00b7laboraci\u00f3 del SEAE ha elaborat un model de pla de suport individualitzat per a l&#8217;\u00fas en els centres educatius, que tamb\u00e9 poden adaptar segons les seves necessitats. Podeu fer-vos una c\u00f2pia clicant sobre els seg\u00fcents botons: PSI Infantil PSI Prim\u00e0ria Tamb\u00e9 podeu consultar les instruccions seguint el seg\u00fcent enlla\u00e7: [&hellip;]<\/p>\n","protected":false},"author":4,"featured_media":0,"parent":8807,"menu_order":0,"comment_status":"closed","ping_status":"closed","template":"","meta":{"_bbp_topic_count":0,"_bbp_reply_count":0,"_bbp_total_topic_count":0,"_bbp_total_reply_count":0,"_bbp_voice_count":0,"_bbp_anonymous_reply_count":0,"_bbp_topic_count_hidden":0,"_bbp_reply_count_hidden":0,"_bbp_forum_subforum_count":0,"site-sidebar-layout":"default","site-content-layout":"","ast-site-content-layout":"","site-content-style":"default","site-sidebar-style":"default","ast-global-header-display":"","ast-banner-title-visibility":"","ast-main-header-display":"","ast-hfb-above-header-display":"","ast-hfb-below-header-display":"","ast-hfb-mobile-header-display":"","site-post-title":"","ast-breadcrumbs-content":"","ast-featured-img":"","footer-sml-layout":"","theme-transparent-header-meta":"","adv-header-id-meta":"","stick-header-meta":"","header-above-stick-meta":"","header-main-stick-meta":"","header-below-stick-meta":"","astra-migrate-meta-layouts":"default","ast-page-background-enabled":"default","ast-page-background-meta":{"desktop":{"background-color":"var(--ast-global-color-4)","background-image":"","background-repeat":"repeat","background-position":"center center","background-size":"auto","background-attachment":"scroll","background-type":"","background-media":"","overlay-type":"","overlay-color":"","overlay-opacity":"","overlay-gradient":""},"tablet":{"background-color":"","background-image":"","background-repeat":"repeat","background-position":"center center","background-size":"auto","background-attachment":"scroll","background-type":"","background-media":"","overlay-type":"","overlay-color":"","overlay-opacity":"","overlay-gradient":""},"mobile":{"background-color":"","background-image":"","background-repeat":"repeat","background-position":"center center","background-size":"auto","background-attachment":"scroll","background-type":"","background-media":"","overlay-type":"","overlay-color":"","overlay-opacity":"","overlay-gradient":""}},"ast-content-background-meta":{"desktop":{"background-color":"var(--ast-global-color-5)","background-image":"","background-repeat":"repeat","background-position":"center center","background-size":"auto","background-attachment":"scroll","background-type":"","background-media":"","overlay-type":"","overlay-color":"","overlay-opacity":"","overlay-gradient":""},"tablet":{"background-color":"var(--ast-global-color-5)","background-image":"","background-repeat":"repeat","background-position":"center center","background-size":"auto","background-attachment":"scroll","background-type":"","background-media":"","overlay-type":"","overlay-color":"","overlay-opacity":"","overlay-gradient":""},"mobile":{"background-color":"var(--ast-global-color-5)","background-image":"","background-repeat":"repeat","background-position":"center center","background-size":"auto","background-attachment":"scroll","background-type":"","background-media":"","overlay-type":"","overlay-color":"","overlay-opacity":"","overlay-gradient":""}},"footnotes":""},"class_list":["post-25968","page","type-page","status-publish","hentry"],"post_mailing_queue_ids":[],"_links":{"self":[{"href":"https:\/\/serveiseducatius.xtec.cat\/altemporda\/wp-json\/wp\/v2\/pages\/25968","targetHints":{"allow":["GET"]}}],"collection":[{"href":"https:\/\/serveiseducatius.xtec.cat\/altemporda\/wp-json\/wp\/v2\/pages"}],"about":[{"href":"https:\/\/serveiseducatius.xtec.cat\/altemporda\/wp-json\/wp\/v2\/types\/page"}],"author":[{"embeddable":true,"href":"https:\/\/serveiseducatius.xtec.cat\/altemporda\/wp-json\/wp\/v2\/users\/4"}],"replies":[{"embeddable":true,"href":"https:\/\/serveiseducatius.xtec.cat\/altemporda\/wp-json\/wp\/v2\/comments?post=25968"}],"version-history":[{"count":6,"href":"https:\/\/serveiseducatius.xtec.cat\/altemporda\/wp-json\/wp\/v2\/pages\/25968\/revisions"}],"predecessor-version":[{"id":26567,"href":"https:\/\/serveiseducatius.xtec.cat\/altemporda\/wp-json\/wp\/v2\/pages\/25968\/revisions\/26567"}],"up":[{"embeddable":true,"href":"https:\/\/serveiseducatius.xtec.cat\/altemporda\/wp-json\/wp\/v2\/pages\/8807"}],"wp:attachment":[{"href":"https:\/\/serveiseducatius.xtec.cat\/altemporda\/wp-json\/wp\/v2\/media?parent=25968"}],"curies":[{"name":"wp","href":"https:\/\/api.w.org\/{rel}","templated":true}]}}