{"id":25892,"date":"2025-06-25T09:42:08","date_gmt":"2025-06-25T07:42:08","guid":{"rendered":"https:\/\/serveiseducatius.xtec.cat\/altemporda\/?page_id=25892"},"modified":"2025-06-26T10:39:51","modified_gmt":"2025-06-26T08:39:51","slug":"credits","status":"publish","type":"page","link":"https:\/\/serveiseducatius.xtec.cat\/altemporda\/xarxa-descoles-dels-aiguamolls-de-lemporda\/credits\/","title":{"rendered":"Cr\u00e8dits"},"content":{"rendered":"<p><b>\u00a9 Xarxa d\u2019escoles dels Aiguamolls de l&#8217;Empord\u00e0. Alt Empord\u00e0.<\/b><\/p>\n<p><b>\u00a9 Agenda escolar Aiguamolls de l&#8217;Empord\u00e0.<\/b><\/p>\n<p><b>\u00a9 Equip impulsor:<\/b> ESC. Ruiz Amado, ESC. Joana d&#8217;Emp\u00faries i IE El Bruel &#8211; Empuriabrava de Castell\u00f3 d&#8217;Emp\u00faries, ESC. Llagut (Sant Pere Pescador), ESC. Fluvianets (L&#8217;Armentera) i ESC. Ramon Muntaner (Peralada). <b>Curs 2024-2025<\/b><\/p>\n<p><b>\u00a9 Il\u00b7lustraci\u00f3 agenda:<\/b><a href=\"http:\/\/www.tonillobet.com\/\">\u00a0Toni Llobet<\/a><\/p>\n<p><b>\u00a9 Continguts agenda:<\/b> PN Aiguamolls de l&#8217;Empord\u00e0, SEAE, <a href=\"https:\/\/www.sorellona.org\/\">Associaci\u00f3 La Sorellona<\/a><\/p>\n<p><strong>@ Continguts web:<\/strong> Servei educatiu de l\u2019Alt Empord\u00e0, PN dels Aiguamolls de l&#8217;Empord\u00e0<\/p>\n<p><strong>Edita:<\/strong><\/p>\n<p><strong>\u00a9 Servei educatiu de l\u2019Alt Empord\u00e0 (SEAE)<\/strong><\/p>\n<p>crp-altemporda@xtec.cat<\/p>\n<p><strong>\u00a9\u00a0<a href=\"https:\/\/parcsnaturals.gencat.cat\/ca\/xarxa-de-parcs\/aiguamolls-emporda\/inici\/index.html\">Parc Natural dels Aiguamolls de l&#8217;Empord\u00e0<\/a><\/strong><\/p>\n<p><a href=\"mailto:pnaiguamolls@gencat.cat\">pnaiguamolls@gencat.cat<\/a><\/p>\n<p>Aiguamolls de l&#8217;Empord\u00e0<\/p>\n","protected":false},"excerpt":{"rendered":"<p>\u00a9 Xarxa d\u2019escoles dels Aiguamolls de l&#8217;Empord\u00e0. Alt Empord\u00e0. \u00a9 Agenda escolar Aiguamolls de l&#8217;Empord\u00e0. \u00a9 Equip impulsor: ESC. Ruiz Amado, ESC. Joana d&#8217;Emp\u00faries i IE El Bruel &#8211; Empuriabrava de Castell\u00f3 d&#8217;Emp\u00faries, ESC. Llagut (Sant Pere Pescador), ESC. Fluvianets (L&#8217;Armentera) i ESC. Ramon Muntaner (Peralada). Curs 2024-2025 \u00a9 Il\u00b7lustraci\u00f3 agenda:\u00a0Toni Llobet \u00a9 Continguts agenda: [&hellip;]<\/p>\n","protected":false},"author":4,"featured_media":0,"parent":25193,"menu_order":0,"comment_status":"closed","ping_status":"closed","template":"","meta":{"_bbp_topic_count":0,"_bbp_reply_count":0,"_bbp_total_topic_count":0,"_bbp_total_reply_count":0,"_bbp_voice_count":0,"_bbp_anonymous_reply_count":0,"_bbp_topic_count_hidden":0,"_bbp_reply_count_hidden":0,"_bbp_forum_subforum_count":0,"site-sidebar-layout":"default","site-content-layout":"","ast-site-content-layout":"","site-content-style":"default","site-sidebar-style":"default","ast-global-header-display":"","ast-banner-title-visibility":"","ast-main-header-display":"","ast-hfb-above-header-display":"","ast-hfb-below-header-display":"","ast-hfb-mobile-header-display":"","site-post-title":"","ast-breadcrumbs-content":"","ast-featured-img":"","footer-sml-layout":"","theme-transparent-header-meta":"","adv-header-id-meta":"","stick-header-meta":"","header-above-stick-meta":"","header-main-stick-meta":"","header-below-stick-meta":"","astra-migrate-meta-layouts":"default","ast-page-background-enabled":"default","ast-page-background-meta":{"desktop":{"background-color":"var(--ast-global-color-4)","background-image":"","background-repeat":"repeat","background-position":"center center","background-size":"auto","background-attachment":"scroll","background-type":"","background-media":"","overlay-type":"","overlay-color":"","overlay-opacity":"","overlay-gradient":""},"tablet":{"background-color":"","background-image":"","background-repeat":"repeat","background-position":"center center","background-size":"auto","background-attachment":"scroll","background-type":"","background-media":"","overlay-type":"","overlay-color":"","overlay-opacity":"","overlay-gradient":""},"mobile":{"background-color":"","background-image":"","background-repeat":"repeat","background-position":"center center","background-size":"auto","background-attachment":"scroll","background-type":"","background-media":"","overlay-type":"","overlay-color":"","overlay-opacity":"","overlay-gradient":""}},"ast-content-background-meta":{"desktop":{"background-color":"var(--ast-global-color-5)","background-image":"","background-repeat":"repeat","background-position":"center center","background-size":"auto","background-attachment":"scroll","background-type":"","background-media":"","overlay-type":"","overlay-color":"","overlay-opacity":"","overlay-gradient":""},"tablet":{"background-color":"var(--ast-global-color-5)","background-image":"","background-repeat":"repeat","background-position":"center center","background-size":"auto","background-attachment":"scroll","background-type":"","background-media":"","overlay-type":"","overlay-color":"","overlay-opacity":"","overlay-gradient":""},"mobile":{"background-color":"var(--ast-global-color-5)","background-image":"","background-repeat":"repeat","background-position":"center center","background-size":"auto","background-attachment":"scroll","background-type":"","background-media":"","overlay-type":"","overlay-color":"","overlay-opacity":"","overlay-gradient":""}},"footnotes":""},"class_list":["post-25892","page","type-page","status-publish","hentry"],"post_mailing_queue_ids":[],"_links":{"self":[{"href":"https:\/\/serveiseducatius.xtec.cat\/altemporda\/wp-json\/wp\/v2\/pages\/25892","targetHints":{"allow":["GET"]}}],"collection":[{"href":"https:\/\/serveiseducatius.xtec.cat\/altemporda\/wp-json\/wp\/v2\/pages"}],"about":[{"href":"https:\/\/serveiseducatius.xtec.cat\/altemporda\/wp-json\/wp\/v2\/types\/page"}],"author":[{"embeddable":true,"href":"https:\/\/serveiseducatius.xtec.cat\/altemporda\/wp-json\/wp\/v2\/users\/4"}],"replies":[{"embeddable":true,"href":"https:\/\/serveiseducatius.xtec.cat\/altemporda\/wp-json\/wp\/v2\/comments?post=25892"}],"version-history":[{"count":6,"href":"https:\/\/serveiseducatius.xtec.cat\/altemporda\/wp-json\/wp\/v2\/pages\/25892\/revisions"}],"predecessor-version":[{"id":25932,"href":"https:\/\/serveiseducatius.xtec.cat\/altemporda\/wp-json\/wp\/v2\/pages\/25892\/revisions\/25932"}],"up":[{"embeddable":true,"href":"https:\/\/serveiseducatius.xtec.cat\/altemporda\/wp-json\/wp\/v2\/pages\/25193"}],"wp:attachment":[{"href":"https:\/\/serveiseducatius.xtec.cat\/altemporda\/wp-json\/wp\/v2\/media?parent=25892"}],"curies":[{"name":"wp","href":"https:\/\/api.w.org\/{rel}","templated":true}]}}