{"id":25889,"date":"2025-06-25T09:41:13","date_gmt":"2025-06-25T07:41:13","guid":{"rendered":"https:\/\/serveiseducatius.xtec.cat\/altemporda\/?page_id=25889"},"modified":"2025-10-03T09:38:10","modified_gmt":"2025-10-03T07:38:10","slug":"imatge-grafica","status":"publish","type":"page","link":"https:\/\/serveiseducatius.xtec.cat\/altemporda\/xarxa-descoles-dels-aiguamolls-de-lemporda\/imatge-grafica\/","title":{"rendered":"Imatge gr\u00e0fica"},"content":{"rendered":"<p>Per refor\u00e7ar\u00a0la\u00a0identitat corporativa dels\u00a0centres de la\u00a0<strong>Xarxa d\u2019escoles del Parc Natural dels Aiguamolls de l&#8217;Empord\u00e0<\/strong> davant la comunitat educativa, es considera oport\u00fa que integrin, a les comunicacions i elements de projecci\u00f3 externa (Web, XSS), les imatges identificatives del projecte.<\/p>\n<p>El logotip de la XEPNA \u00e9s un<strong> xarxet com\u00fa<\/strong>. \u00c9s una au amb molta pres\u00e8ncia al parc, com molts altres an\u00e0tids. L\u2019elecci\u00f3 d\u2019aquesta au en concret \u00e9s arran del seu nom \u201cxarxet\u201d i del joc de paraules que genera amb la \u201cXarxa d\u2019Escoles dels Aiguamolls\u201d.<\/p>\n<p>Pel que fa als webs dels centres s\u2019aconsella incorporar els diferents logotips dels projectes en els quals es participa per tal de refor\u00e7ar la visibilitat de les actuacions davant de les fam\u00edlies.<\/p>\n<p>Aprofitem per recordar la rellev\u00e0ncia d\u2019incorporar, al web de l\u2019escola, una pestanya sobre la [imatge gr\u00e0fica].<\/p>\n<p><em>Descarrega\u2019t, incrusta i enlla\u00e7a les imatges al web del teu centre<\/em><\/p>\n<hr \/>\n<p><a href=\"https:\/\/serveiseducatius.xtec.cat\/altemporda\/wp-content\/uploads\/usu1156\/2025\/07\/Quadrat-boto-SE.png.png\" download=\"\"><img loading=\"lazy\" decoding=\"async\" class=\"size-full wp-image-18846 aligncenter\" src=\"https:\/\/serveiseducatius.xtec.cat\/altemporda\/wp-content\/uploads\/usu1156\/2025\/07\/Quadrat-boto-SE.png\" alt=\"\" width=\"250\" height=\"250\" \/><\/a><\/p>\n<p><a href=\"https:\/\/serveiseducatius.xtec.cat\/altemporda\/wp-content\/uploads\/usu1156\/2025\/07\/Rodo-grups-de-whatsapp.png\" download=\"\"><img loading=\"lazy\" decoding=\"async\" class=\"size-full wp-image-18846 aligncenter\" src=\"https:\/\/serveiseducatius.xtec.cat\/altemporda\/wp-content\/uploads\/usu1156\/2025\/07\/Rodo-grups-de-whatsapp.png\" alt=\"\" width=\"250\" height=\"250\" \/><\/a><\/p>\n<p><a href=\"https:\/\/serveiseducatius.xtec.cat\/altemporda\/wp-content\/uploads\/usu1156\/2025\/07\/Blanc-fons-transparent.png\" download=\"\"><img loading=\"lazy\" decoding=\"async\" class=\"size-full wp-image-18846 aligncenter\" src=\"https:\/\/serveiseducatius.xtec.cat\/altemporda\/wp-content\/uploads\/usu1156\/2025\/07\/Blanc-fons-gris.png\" alt=\"\" width=\"250\" height=\"250\" \/><\/a><\/p>\n<p><a href=\"https:\/\/serveiseducatius.xtec.cat\/altemporda\/wp-content\/uploads\/usu1156\/2025\/07\/Blanc-Fons-verd.png\" download=\"\"><img loading=\"lazy\" decoding=\"async\" class=\"size-full wp-image-18846 aligncenter\" src=\"https:\/\/serveiseducatius.xtec.cat\/altemporda\/wp-content\/uploads\/usu1156\/2025\/07\/Blanc-Fons-verd.png\" alt=\"\" width=\"250\" height=\"250\" \/><\/a><\/p>\n<p><a href=\"https:\/\/serveiseducatius.xtec.cat\/altemporda\/wp-content\/uploads\/usu1156\/2025\/07\/Verd-Fons-blanc.png\" download=\"\"><img loading=\"lazy\" decoding=\"async\" class=\"size-full wp-image-18846 aligncenter\" src=\"https:\/\/serveiseducatius.xtec.cat\/altemporda\/wp-content\/uploads\/usu1156\/2025\/07\/Verd-Fons-blanc.png\" alt=\"\" width=\"250\" height=\"250\" \/><\/a><\/p>\n<p><a href=\"https:\/\/serveiseducatius.xtec.cat\/altemporda\/wp-content\/uploads\/usu1156\/2025\/07\/Verd-Fons-transparent.png\" download=\"\"><img loading=\"lazy\" decoding=\"async\" class=\"size-full wp-image-18846 aligncenter\" src=\"https:\/\/serveiseducatius.xtec.cat\/altemporda\/wp-content\/uploads\/usu1156\/2025\/07\/Verd-Fons-transparent.png\" alt=\"\" width=\"250\" height=\"250\" \/><\/a><\/p>\n<p>&nbsp;<\/p>\n","protected":false},"excerpt":{"rendered":"<p>Per refor\u00e7ar\u00a0la\u00a0identitat corporativa dels\u00a0centres de la\u00a0Xarxa d\u2019escoles del Parc Natural dels Aiguamolls de l&#8217;Empord\u00e0 davant la comunitat educativa, es considera oport\u00fa que integrin, a les comunicacions i elements de projecci\u00f3 externa (Web, XSS), les imatges identificatives del projecte. El logotip de la XEPNA \u00e9s un xarxet com\u00fa. \u00c9s una au amb molta pres\u00e8ncia al parc, [&hellip;]<\/p>\n","protected":false},"author":4,"featured_media":0,"parent":25193,"menu_order":0,"comment_status":"closed","ping_status":"closed","template":"","meta":{"_bbp_topic_count":0,"_bbp_reply_count":0,"_bbp_total_topic_count":0,"_bbp_total_reply_count":0,"_bbp_voice_count":0,"_bbp_anonymous_reply_count":0,"_bbp_topic_count_hidden":0,"_bbp_reply_count_hidden":0,"_bbp_forum_subforum_count":0,"site-sidebar-layout":"default","site-content-layout":"","ast-site-content-layout":"","site-content-style":"default","site-sidebar-style":"default","ast-global-header-display":"","ast-banner-title-visibility":"","ast-main-header-display":"","ast-hfb-above-header-display":"","ast-hfb-below-header-display":"","ast-hfb-mobile-header-display":"","site-post-title":"","ast-breadcrumbs-content":"","ast-featured-img":"","footer-sml-layout":"","theme-transparent-header-meta":"","adv-header-id-meta":"","stick-header-meta":"","header-above-stick-meta":"","header-main-stick-meta":"","header-below-stick-meta":"","astra-migrate-meta-layouts":"default","ast-page-background-enabled":"default","ast-page-background-meta":{"desktop":{"background-color":"var(--ast-global-color-4)","background-image":"","background-repeat":"repeat","background-position":"center center","background-size":"auto","background-attachment":"scroll","background-type":"","background-media":"","overlay-type":"","overlay-color":"","overlay-opacity":"","overlay-gradient":""},"tablet":{"background-color":"","background-image":"","background-repeat":"repeat","background-position":"center center","background-size":"auto","background-attachment":"scroll","background-type":"","background-media":"","overlay-type":"","overlay-color":"","overlay-opacity":"","overlay-gradient":""},"mobile":{"background-color":"","background-image":"","background-repeat":"repeat","background-position":"center center","background-size":"auto","background-attachment":"scroll","background-type":"","background-media":"","overlay-type":"","overlay-color":"","overlay-opacity":"","overlay-gradient":""}},"ast-content-background-meta":{"desktop":{"background-color":"var(--ast-global-color-5)","background-image":"","background-repeat":"repeat","background-position":"center center","background-size":"auto","background-attachment":"scroll","background-type":"","background-media":"","overlay-type":"","overlay-color":"","overlay-opacity":"","overlay-gradient":""},"tablet":{"background-color":"var(--ast-global-color-5)","background-image":"","background-repeat":"repeat","background-position":"center center","background-size":"auto","background-attachment":"scroll","background-type":"","background-media":"","overlay-type":"","overlay-color":"","overlay-opacity":"","overlay-gradient":""},"mobile":{"background-color":"var(--ast-global-color-5)","background-image":"","background-repeat":"repeat","background-position":"center center","background-size":"auto","background-attachment":"scroll","background-type":"","background-media":"","overlay-type":"","overlay-color":"","overlay-opacity":"","overlay-gradient":""}},"footnotes":""},"class_list":["post-25889","page","type-page","status-publish","hentry"],"post_mailing_queue_ids":[],"_links":{"self":[{"href":"https:\/\/serveiseducatius.xtec.cat\/altemporda\/wp-json\/wp\/v2\/pages\/25889","targetHints":{"allow":["GET"]}}],"collection":[{"href":"https:\/\/serveiseducatius.xtec.cat\/altemporda\/wp-json\/wp\/v2\/pages"}],"about":[{"href":"https:\/\/serveiseducatius.xtec.cat\/altemporda\/wp-json\/wp\/v2\/types\/page"}],"author":[{"embeddable":true,"href":"https:\/\/serveiseducatius.xtec.cat\/altemporda\/wp-json\/wp\/v2\/users\/4"}],"replies":[{"embeddable":true,"href":"https:\/\/serveiseducatius.xtec.cat\/altemporda\/wp-json\/wp\/v2\/comments?post=25889"}],"version-history":[{"count":6,"href":"https:\/\/serveiseducatius.xtec.cat\/altemporda\/wp-json\/wp\/v2\/pages\/25889\/revisions"}],"predecessor-version":[{"id":26396,"href":"https:\/\/serveiseducatius.xtec.cat\/altemporda\/wp-json\/wp\/v2\/pages\/25889\/revisions\/26396"}],"up":[{"embeddable":true,"href":"https:\/\/serveiseducatius.xtec.cat\/altemporda\/wp-json\/wp\/v2\/pages\/25193"}],"wp:attachment":[{"href":"https:\/\/serveiseducatius.xtec.cat\/altemporda\/wp-json\/wp\/v2\/media?parent=25889"}],"curies":[{"name":"wp","href":"https:\/\/api.w.org\/{rel}","templated":true}]}}