{"id":25878,"date":"2025-06-25T09:35:15","date_gmt":"2025-06-25T07:35:15","guid":{"rendered":"https:\/\/serveiseducatius.xtec.cat\/altemporda\/?page_id=25878"},"modified":"2025-09-25T17:08:22","modified_gmt":"2025-09-25T15:08:22","slug":"posters-ambientals-xepnae","status":"publish","type":"page","link":"https:\/\/serveiseducatius.xtec.cat\/altemporda\/xarxa-descoles-dels-aiguamolls-de-lemporda\/posters-ambientals-xepnae\/","title":{"rendered":"P\u00f2sters ambientals"},"content":{"rendered":"<p data-start=\"89\" data-end=\"369\">En aquest espai hi trobareu una col\u00b7lecci\u00f3 de <strong data-start=\"134\" data-end=\"156\">p\u00f2sters ambientals<\/strong>, concebuts com a eina pedag\u00f2gica per enriquir les activitats a l\u2019aula. Us animem a <strong>descarregar-los<\/strong> i <strong>imprimir-los<\/strong> en format A3 per treure\u2019n el m\u00e0xim rendiment i estimular l\u2019inter\u00e8s i la curiositat de l\u2019alumnat.<\/p>\n<p data-start=\"371\" data-end=\"581\">Els p\u00f2sters de l\u2019Agenda del Parc Natural dels Aiguamolls de l\u2019Empord\u00e0 presenten una <strong data-start=\"455\" data-end=\"487\">recreaci\u00f3 visual excepcional<\/strong>, que combina diversos ambients del parc en una sola imatge, i aix\u00f2 permet captar-ne l\u2019ess\u00e8ncia.<\/p>\n<p data-start=\"583\" data-end=\"952\">A trav\u00e9s de l\u2019observaci\u00f3 atenta d\u2019aquests ambients recreats, l\u2019alumnat pot descobrir i comprendre diversos elements de la natura, desenvolupant habilitats d\u2019an\u00e0lisi, reflexi\u00f3 i apreciaci\u00f3 del m\u00f3n que els envolta. Com afirmava <strong data-start=\"809\" data-end=\"822\">Arist\u00f2til<\/strong>, <em data-start=\"824\" data-end=\"878\">\u201cL\u2019observaci\u00f3 \u00e9s la primera base de tot coneixement\u201d<\/em>, recordant-nos que aprendre \u00e9s, en primer lloc, saber mirar i percebre.<\/p>\n<p data-start=\"954\" data-end=\"1124\">Aix\u00ed, aquests p\u00f2sters no nom\u00e9s serveixen com a recurs visual, sin\u00f3 que esdevenen una finestra per connectar l\u2019alumnat amb la natura i amb el coneixement del seu entorn.<\/p>\n<div class=\"fila; engrandeix img;\" style=\"display: flex; align-items: center; justify-content: center;\">\n<div class=\"columna\" style=\"width: 35%; text-align: center; font-size: 1em;\"><a href=\"https:\/\/serveiseducatius.xtec.cat\/altemporda\/xarxa-descoles-dels-aiguamolls-de-lemporda\/posters-ambientals-xepnae\/poster-ambiental-2025-2026\/\" target=\"_blank\" rel=\"noopener noreferrer\"><img decoding=\"async\" class=\"aligncenter size-full wp-image-22668\" style=\"border: 1px solid #00688A;\" src=\"https:\/\/serveiseducatius.xtec.cat\/altemporda\/wp-content\/uploads\/usu1156\/2025\/09\/PNAE-poster-2025-2026.jpg\" alt=\"\" width=\"90%\" \/>2025-2026<\/a><\/div>\n<\/div>\n","protected":false},"excerpt":{"rendered":"<p>En aquest espai hi trobareu una col\u00b7lecci\u00f3 de p\u00f2sters ambientals, concebuts com a eina pedag\u00f2gica per enriquir les activitats a l\u2019aula. Us animem a descarregar-los i imprimir-los en format A3 per treure\u2019n el m\u00e0xim rendiment i estimular l\u2019inter\u00e8s i la curiositat de l\u2019alumnat. Els p\u00f2sters de l\u2019Agenda del Parc Natural dels Aiguamolls de l\u2019Empord\u00e0 presenten [&hellip;]<\/p>\n","protected":false},"author":4,"featured_media":0,"parent":25193,"menu_order":0,"comment_status":"closed","ping_status":"closed","template":"","meta":{"_bbp_topic_count":0,"_bbp_reply_count":0,"_bbp_total_topic_count":0,"_bbp_total_reply_count":0,"_bbp_voice_count":0,"_bbp_anonymous_reply_count":0,"_bbp_topic_count_hidden":0,"_bbp_reply_count_hidden":0,"_bbp_forum_subforum_count":0,"site-sidebar-layout":"default","site-content-layout":"","ast-site-content-layout":"","site-content-style":"default","site-sidebar-style":"default","ast-global-header-display":"","ast-banner-title-visibility":"","ast-main-header-display":"","ast-hfb-above-header-display":"","ast-hfb-below-header-display":"","ast-hfb-mobile-header-display":"","site-post-title":"","ast-breadcrumbs-content":"","ast-featured-img":"","footer-sml-layout":"","theme-transparent-header-meta":"","adv-header-id-meta":"","stick-header-meta":"","header-above-stick-meta":"","header-main-stick-meta":"","header-below-stick-meta":"","astra-migrate-meta-layouts":"default","ast-page-background-enabled":"default","ast-page-background-meta":{"desktop":{"background-color":"var(--ast-global-color-4)","background-image":"","background-repeat":"repeat","background-position":"center center","background-size":"auto","background-attachment":"scroll","background-type":"","background-media":"","overlay-type":"","overlay-color":"","overlay-opacity":"","overlay-gradient":""},"tablet":{"background-color":"","background-image":"","background-repeat":"repeat","background-position":"center center","background-size":"auto","background-attachment":"scroll","background-type":"","background-media":"","overlay-type":"","overlay-color":"","overlay-opacity":"","overlay-gradient":""},"mobile":{"background-color":"","background-image":"","background-repeat":"repeat","background-position":"center center","background-size":"auto","background-attachment":"scroll","background-type":"","background-media":"","overlay-type":"","overlay-color":"","overlay-opacity":"","overlay-gradient":""}},"ast-content-background-meta":{"desktop":{"background-color":"var(--ast-global-color-5)","background-image":"","background-repeat":"repeat","background-position":"center center","background-size":"auto","background-attachment":"scroll","background-type":"","background-media":"","overlay-type":"","overlay-color":"","overlay-opacity":"","overlay-gradient":""},"tablet":{"background-color":"var(--ast-global-color-5)","background-image":"","background-repeat":"repeat","background-position":"center center","background-size":"auto","background-attachment":"scroll","background-type":"","background-media":"","overlay-type":"","overlay-color":"","overlay-opacity":"","overlay-gradient":""},"mobile":{"background-color":"var(--ast-global-color-5)","background-image":"","background-repeat":"repeat","background-position":"center center","background-size":"auto","background-attachment":"scroll","background-type":"","background-media":"","overlay-type":"","overlay-color":"","overlay-opacity":"","overlay-gradient":""}},"footnotes":""},"class_list":["post-25878","page","type-page","status-publish","hentry"],"post_mailing_queue_ids":[],"_links":{"self":[{"href":"https:\/\/serveiseducatius.xtec.cat\/altemporda\/wp-json\/wp\/v2\/pages\/25878","targetHints":{"allow":["GET"]}}],"collection":[{"href":"https:\/\/serveiseducatius.xtec.cat\/altemporda\/wp-json\/wp\/v2\/pages"}],"about":[{"href":"https:\/\/serveiseducatius.xtec.cat\/altemporda\/wp-json\/wp\/v2\/types\/page"}],"author":[{"embeddable":true,"href":"https:\/\/serveiseducatius.xtec.cat\/altemporda\/wp-json\/wp\/v2\/users\/4"}],"replies":[{"embeddable":true,"href":"https:\/\/serveiseducatius.xtec.cat\/altemporda\/wp-json\/wp\/v2\/comments?post=25878"}],"version-history":[{"count":6,"href":"https:\/\/serveiseducatius.xtec.cat\/altemporda\/wp-json\/wp\/v2\/pages\/25878\/revisions"}],"predecessor-version":[{"id":26304,"href":"https:\/\/serveiseducatius.xtec.cat\/altemporda\/wp-json\/wp\/v2\/pages\/25878\/revisions\/26304"}],"up":[{"embeddable":true,"href":"https:\/\/serveiseducatius.xtec.cat\/altemporda\/wp-json\/wp\/v2\/pages\/25193"}],"wp:attachment":[{"href":"https:\/\/serveiseducatius.xtec.cat\/altemporda\/wp-json\/wp\/v2\/media?parent=25878"}],"curies":[{"name":"wp","href":"https:\/\/api.w.org\/{rel}","templated":true}]}}