{"id":25757,"date":"2025-06-04T13:11:53","date_gmt":"2025-06-04T11:11:53","guid":{"rendered":"https:\/\/serveiseducatius.xtec.cat\/altemporda\/?page_id=25757"},"modified":"2025-06-04T13:11:53","modified_gmt":"2025-06-04T11:11:53","slug":"2025-2","status":"publish","type":"page","link":"https:\/\/serveiseducatius.xtec.cat\/altemporda\/clubs-de-lectura\/jornada-intercentres\/2025-2\/","title":{"rendered":"2025"},"content":{"rendered":"<ul>\n<li style=\"list-style-type: none;\">\n<ul>\n<li style=\"list-style-type: none;\">\n<ul>\n<li>Dia: divendres 30 de maig de 2025<\/li>\n<li>Lloc: Teatre El Jard\u00ed<\/li>\n<li>Horari: de 10 a 13 h<\/li>\n<\/ul>\n<\/li>\n<\/ul>\n<\/li>\n<\/ul>\n<p>Les professores dinamitzadores d\u2019aquest seminari, juntament amb el Servei Educatiu de l\u2019Alt Empord\u00e0, han organitzat una trobada amb l\u2019autora<b>\u00a0Maria Carme Roca\u00a0<\/b>al Teatre El Jard\u00ed de Figueres. Durant tot el curs l\u2019alumnat dels centres participants ha llegit alguna obra d\u2019aquesta autora entre altres lectures. Han fet trobades peri\u00f2diques per comentar-les i diverses activitats de dinamitzaci\u00f3.<\/p>\n<p>Despr\u00e9s de la trobada, l\u2019alumnat dels diferents centres dur\u00e0 a terme una activitat en qu\u00e8 es podran con\u00e8ixer i intercanviar opinions sobre els seus interessos lectors.<\/p>\n<p>L\u2019acte comptar\u00e0 amb la pres\u00e8ncia de m\u00e9s de 300 estudiants i una vintena de docents dels instituts participants que en aquesta edici\u00f3 s\u00f3n: La Salle, Cendrassos, Narc\u00eds Monturiol, Alexandre Deulofeu, La Jonquera, El Pedr\u00f3, Illa de Rodes, Peralada i I-E Caritat Serinyana \u2013 Cap de Creus.<\/p>\n<div style=\"display: flex; align-items: center; justify-content: center;\">\n<div id=\"1CF88\" style=\"width: 100%; max-width: 600px; height: 400px; display: none;\"><img decoding=\"async\" src=\"https:\/\/lh3.googleusercontent.com\/d\/1kFYuWA_QG1UUH3NAEGta137BJ-qEPuYI=w500\" \/><br \/>\n<img decoding=\"async\" src=\"https:\/\/lh3.googleusercontent.com\/d\/1hLiXcqHidnB91NF6r6T4WrUn9exccqka=w500\" \/><br \/>\n<img decoding=\"async\" src=\"https:\/\/lh3.googleusercontent.com\/d\/1LycaZ9rRRWPALb7CCpP8_fuu0NY3DNKa=w500\" \/><br \/>\n<img decoding=\"async\" src=\"https:\/\/lh3.googleusercontent.com\/d\/1cQ1RIavKXYShCBYuc0r0t6zmJhMNz2nC=w500\" \/><br \/>\n<img decoding=\"async\" src=\"https:\/\/lh3.googleusercontent.com\/d\/1ZXrHvPIJQ75SQuri-3iW-DWRi_Dziqb8=w500\" \/><br \/>\n<img decoding=\"async\" src=\"https:\/\/lh3.googleusercontent.com\/d\/1FmnBQVQjUBPHpT8STWAsmBCpPNllS1Kw=w500\" \/><br \/>\n<img decoding=\"async\" src=\"https:\/\/lh3.googleusercontent.com\/d\/1g6-IbRvsWvytWA00r8dUrS8MwStLLUH5=w500\" \/><br \/>\n<img decoding=\"async\" src=\"https:\/\/lh3.googleusercontent.com\/d\/1XQdkggpeYt-27t-VcKHUu_13rDKPV4od=w500\" \/><br \/>\n<img decoding=\"async\" src=\"https:\/\/lh3.googleusercontent.com\/d\/1EMjrBrt4jk--Dc_7_Fg3kC4SdJBEYmAT=w500\" \/><br \/>\n<img decoding=\"async\" src=\"https:\/\/lh3.googleusercontent.com\/d\/1HYMyv7RiHr7ndKnwpKOw_dIVJEJg2JKm=w500\" \/><br \/>\n<img decoding=\"async\" src=\"https:\/\/lh3.googleusercontent.com\/d\/1pGRCJYG7xZfYNMJiQNQNChI5QHuktcpg=w500\" \/><br \/>\n<img decoding=\"async\" src=\"https:\/\/lh3.googleusercontent.com\/d\/1ioN0Q-wwqAvZORjSMY4j5prHmPDh3kk3=w500\" \/><br \/>\n<img decoding=\"async\" src=\"https:\/\/lh3.googleusercontent.com\/d\/1f3FSb3nKvrtkMNyyre94KtEXyaRtKp-x=w500\" \/><br \/>\n<img decoding=\"async\" src=\"https:\/\/lh3.googleusercontent.com\/d\/15uEcZMU0Bt38Y4amACjCiFK3Vc66XTon=w500\" \/><br \/>\n<img decoding=\"async\" src=\"https:\/\/lh3.googleusercontent.com\/d\/1BaHRle5dEHM9V0Du6-NjFLKrJ89kSZJB=w500\" \/><br \/>\n<img decoding=\"async\" src=\"https:\/\/lh3.googleusercontent.com\/d\/1QmllSts38M2w4bjpLncfnYdkwuwgiu2V=w500\" \/><br \/>\n<img decoding=\"async\" src=\"https:\/\/lh3.googleusercontent.com\/d\/1G41hxNoJapcTNLFABsn8_bIFM1SwQ-x3=w500\" \/><br \/>\n<img decoding=\"async\" src=\"https:\/\/lh3.googleusercontent.com\/d\/1BQ3btpDgq2ZtcvgbCUUw3jeCS1Lsv-5z=w500\" \/><br \/>\n<img decoding=\"async\" src=\"https:\/\/lh3.googleusercontent.com\/d\/1z1Z5Q7eGHhxk9z_x5T3KjjVdi-9EADVg=w500\" \/><br \/>\n<img decoding=\"async\" src=\"https:\/\/lh3.googleusercontent.com\/d\/19bvAmRPqyUt_M6b8dfoqzfE0hagpA2dY=w500\" \/><br \/>\n<img decoding=\"async\" src=\"https:\/\/lh3.googleusercontent.com\/d\/1RjHc7hGcvwEVsYyxPNiInCIOuCGSLS90=w500\" \/><br \/>\n<img decoding=\"async\" src=\"https:\/\/lh3.googleusercontent.com\/d\/1opdtMjF9NtFPcvlCWpPMOxfoCLQ71U79=w500\" \/><br \/>\n<img decoding=\"async\" src=\"https:\/\/lh3.googleusercontent.com\/d\/1dPmsldubrJEzlgrokTJEPopRE9oXWW1z=w500\" \/><br \/>\n<img decoding=\"async\" src=\"https:\/\/lh3.googleusercontent.com\/d\/1gE6YWogQSFYHBixj2vDjQerusJYmY-Jn=w500\" \/><br \/>\n<img decoding=\"async\" src=\"https:\/\/lh3.googleusercontent.com\/d\/1SGNAq9JJP_5AErmQ1G6unrpwhIhUU-j7=w500\" \/><br \/>\n<img decoding=\"async\" src=\"https:\/\/lh3.googleusercontent.com\/d\/1CSkJyBWzMA1gT93aFodAVWhpw9mRJWwZ=w500\" \/><br \/>\n<img decoding=\"async\" src=\"https:\/\/lh3.googleusercontent.com\/d\/1PqlGrzmWjaO1ff-5bdvnVIqZXbQeTEuc=w500\" \/><br \/>\n<img decoding=\"async\" src=\"https:\/\/lh3.googleusercontent.com\/d\/1Ycmeu6rSTXh5QxjBgU_SbKVg9NWNqUk-=w500\" \/><br \/>\n<img decoding=\"async\" src=\"https:\/\/lh3.googleusercontent.com\/d\/1Uk3a16R_ePPXtMy1Cz7jPnBs0D0Hqx9c=w500\" \/><br \/>\n<img decoding=\"async\" src=\"https:\/\/lh3.googleusercontent.com\/d\/1iym03qRTa33hfTR8FCf23IS5LI2ge8jN=w500\" \/><br \/>\n<img decoding=\"async\" src=\"https:\/\/lh3.googleusercontent.com\/d\/1buvOvQb3hhy26AeeYJsas351hcXA00cF=w500\" \/><br \/>\n<img decoding=\"async\" src=\"https:\/\/lh3.googleusercontent.com\/d\/1-je1tswJZcpC-B6kN1ZdIcayxHqdRNkw=w500\" \/><br \/>\n<img decoding=\"async\" src=\"https:\/\/lh3.googleusercontent.com\/d\/13AUs8UOu-pX4FFxYhdp0yHv-x1kcQyZK=w500\" \/><br \/>\n<img decoding=\"async\" src=\"https:\/\/lh3.googleusercontent.com\/d\/16F5jYiWb_egUIW65k_Z4Odc4RT8i05zo=w500\" \/><br \/>\n<img decoding=\"async\" src=\"https:\/\/lh3.googleusercontent.com\/d\/1Wj9MRG3RSftPI4Tx6C8OluryH6sZrq5_=w500\" \/><br \/>\n<img decoding=\"async\" src=\"https:\/\/lh3.googleusercontent.com\/d\/1hsXCGTiIFlztbjEqoW_pGghA9huCvkLv=w500\" \/><br \/>\n<img decoding=\"async\" src=\"https:\/\/lh3.googleusercontent.com\/d\/1xUds_GEcyR_kWGQ1PXqmEtQ_ND9SBexL=w500\" \/><br \/>\n<img decoding=\"async\" src=\"https:\/\/lh3.googleusercontent.com\/d\/1qIXvwvFAAAeJdILIYaGBztMxbvtnqAS9=w500\" \/><br \/>\n<img decoding=\"async\" src=\"https:\/\/lh3.googleusercontent.com\/d\/1PFI-Ur9kgf_1797MMT_dfauQ1Pc_NjzW=w500\" \/><\/div>\n<p><script type=\"text\/javascript\" src=\"https:\/\/cdnjs.cloudflare.com\/ajax\/libs\/jquery\/3.6.1\/jquery.min.js\"><\/script><br \/>\n<script>\n  (MyGalleries=(typeof MyGalleries === 'undefined' ? [] : MyGalleries)).push({gallId:'#1CF88',autoplay:true,lightbox:true,debug:false,popupLinks:true});\n  if(typeof GalleryLoaded === 'undefined'){\n    GalleryLoaded = jQuery(function(){\n      jQuery.ajax({url:'https:\/\/cdnjs.cloudflare.com\/ajax\/libs\/galleria\/1.6.1\/galleria.min.js',dataType:'script',cache:true}).done(function(){\n        Galleria.loadTheme('https:\/\/cdnjs.cloudflare.com\/ajax\/libs\/galleria\/1.6.1\/themes\/classic\/galleria.classic.js');\n        for(var n in MyGalleries){\n          Galleria.run(MyGalleries[n].gallId, MyGalleries[n]);\n          jQuery(MyGalleries[n].gallId).css('display','block');\n        }\n      });\n    });\n  }\n<\/script><\/p>\n<\/div>\n<hr \/>\n<div style=\"display: flex; align-items: center; justify-content: center;\">\n<hr \/>\n<\/div>\n<div style=\"display: flex; align-items: center; justify-content: center;\"><iframe loading=\"lazy\" style=\"border: 0px #ffffff none;\" src=\"https:\/\/drive.google.com\/file\/d\/1rq9NkLmU2wMCHwYmgc5l0ceF8ucAixwr\/preview\" name=\"myiFrame\" width=\"55%\" height=\"808px\" frameborder=\"1\" marginwidth=\"0px\" marginheight=\"0px\" scrolling=\"no\" allowfullscreen=\"allowfullscreen\"><span data-mce-type=\"bookmark\" style=\"display: inline-block; width: 0px; overflow: hidden; line-height: 0;\" class=\"mce_SELRES_start\">\ufeff<\/span><span data-mce-type=\"bookmark\" style=\"display: inline-block; width: 0px; overflow: hidden; line-height: 0;\" class=\"mce_SELRES_start\">\ufeff<\/span><span data-mce-type=\"bookmark\" style=\"display: inline-block; width: 0px; overflow: hidden; line-height: 0;\" class=\"mce_SELRES_start\">\ufeff<\/span><\/iframe><\/div>\n<div><\/div>\n","protected":false},"excerpt":{"rendered":"<p>Dia: divendres 30 de maig de 2025 Lloc: Teatre El Jard\u00ed Horari: de 10 a 13 h Les professores dinamitzadores d\u2019aquest seminari, juntament amb el Servei Educatiu de l\u2019Alt Empord\u00e0, han organitzat una trobada amb l\u2019autora\u00a0Maria Carme Roca\u00a0al Teatre El Jard\u00ed de Figueres. Durant tot el curs l\u2019alumnat dels centres participants ha llegit alguna obra [&hellip;]<\/p>\n","protected":false},"author":4,"featured_media":0,"parent":16189,"menu_order":0,"comment_status":"closed","ping_status":"closed","template":"","meta":{"_bbp_topic_count":0,"_bbp_reply_count":0,"_bbp_total_topic_count":0,"_bbp_total_reply_count":0,"_bbp_voice_count":0,"_bbp_anonymous_reply_count":0,"_bbp_topic_count_hidden":0,"_bbp_reply_count_hidden":0,"_bbp_forum_subforum_count":0,"site-sidebar-layout":"default","site-content-layout":"","ast-site-content-layout":"","site-content-style":"default","site-sidebar-style":"default","ast-global-header-display":"","ast-banner-title-visibility":"","ast-main-header-display":"","ast-hfb-above-header-display":"","ast-hfb-below-header-display":"","ast-hfb-mobile-header-display":"","site-post-title":"","ast-breadcrumbs-content":"","ast-featured-img":"","footer-sml-layout":"","theme-transparent-header-meta":"","adv-header-id-meta":"","stick-header-meta":"","header-above-stick-meta":"","header-main-stick-meta":"","header-below-stick-meta":"","astra-migrate-meta-layouts":"default","ast-page-background-enabled":"default","ast-page-background-meta":{"desktop":{"background-color":"var(--ast-global-color-4)","background-image":"","background-repeat":"repeat","background-position":"center center","background-size":"auto","background-attachment":"scroll","background-type":"","background-media":"","overlay-type":"","overlay-color":"","overlay-opacity":"","overlay-gradient":""},"tablet":{"background-color":"","background-image":"","background-repeat":"repeat","background-position":"center center","background-size":"auto","background-attachment":"scroll","background-type":"","background-media":"","overlay-type":"","overlay-color":"","overlay-opacity":"","overlay-gradient":""},"mobile":{"background-color":"","background-image":"","background-repeat":"repeat","background-position":"center center","background-size":"auto","background-attachment":"scroll","background-type":"","background-media":"","overlay-type":"","overlay-color":"","overlay-opacity":"","overlay-gradient":""}},"ast-content-background-meta":{"desktop":{"background-color":"var(--ast-global-color-5)","background-image":"","background-repeat":"repeat","background-position":"center center","background-size":"auto","background-attachment":"scroll","background-type":"","background-media":"","overlay-type":"","overlay-color":"","overlay-opacity":"","overlay-gradient":""},"tablet":{"background-color":"var(--ast-global-color-5)","background-image":"","background-repeat":"repeat","background-position":"center center","background-size":"auto","background-attachment":"scroll","background-type":"","background-media":"","overlay-type":"","overlay-color":"","overlay-opacity":"","overlay-gradient":""},"mobile":{"background-color":"var(--ast-global-color-5)","background-image":"","background-repeat":"repeat","background-position":"center center","background-size":"auto","background-attachment":"scroll","background-type":"","background-media":"","overlay-type":"","overlay-color":"","overlay-opacity":"","overlay-gradient":""}},"footnotes":""},"class_list":["post-25757","page","type-page","status-publish","hentry"],"post_mailing_queue_ids":[],"_links":{"self":[{"href":"https:\/\/serveiseducatius.xtec.cat\/altemporda\/wp-json\/wp\/v2\/pages\/25757","targetHints":{"allow":["GET"]}}],"collection":[{"href":"https:\/\/serveiseducatius.xtec.cat\/altemporda\/wp-json\/wp\/v2\/pages"}],"about":[{"href":"https:\/\/serveiseducatius.xtec.cat\/altemporda\/wp-json\/wp\/v2\/types\/page"}],"author":[{"embeddable":true,"href":"https:\/\/serveiseducatius.xtec.cat\/altemporda\/wp-json\/wp\/v2\/users\/4"}],"replies":[{"embeddable":true,"href":"https:\/\/serveiseducatius.xtec.cat\/altemporda\/wp-json\/wp\/v2\/comments?post=25757"}],"version-history":[{"count":6,"href":"https:\/\/serveiseducatius.xtec.cat\/altemporda\/wp-json\/wp\/v2\/pages\/25757\/revisions"}],"predecessor-version":[{"id":25766,"href":"https:\/\/serveiseducatius.xtec.cat\/altemporda\/wp-json\/wp\/v2\/pages\/25757\/revisions\/25766"}],"up":[{"embeddable":true,"href":"https:\/\/serveiseducatius.xtec.cat\/altemporda\/wp-json\/wp\/v2\/pages\/16189"}],"wp:attachment":[{"href":"https:\/\/serveiseducatius.xtec.cat\/altemporda\/wp-json\/wp\/v2\/media?parent=25757"}],"curies":[{"name":"wp","href":"https:\/\/api.w.org\/{rel}","templated":true}]}}