{"id":25193,"date":"2025-03-21T13:39:36","date_gmt":"2025-03-21T12:39:36","guid":{"rendered":"https:\/\/serveiseducatius.xtec.cat\/altemporda\/?page_id=25193"},"modified":"2025-10-02T12:17:08","modified_gmt":"2025-10-02T10:17:08","slug":"xarxa-descoles-dels-aiguamolls-de-lemporda","status":"publish","type":"page","link":"https:\/\/serveiseducatius.xtec.cat\/altemporda\/xarxa-descoles-dels-aiguamolls-de-lemporda\/","title":{"rendered":"Xarxa d&#8217;escoles dels Aiguamolls de l&#8217;Empord\u00e0"},"content":{"rendered":"<p style=\"text-align: justify;\"><img loading=\"lazy\" decoding=\"async\" class=\" wp-image-25923 alignleft\" src=\"https:\/\/serveiseducatius.xtec.cat\/altemporda\/wp-content\/uploads\/usu1156\/2025\/06\/aiguamolls.jpg\" alt=\"\" width=\"528\" height=\"382\" \/><\/p>\n<p style=\"text-align: justify;\"><span style=\"color: #008080;\"><em>Entre la terra i el mar, el Parc Natural dels Aiguamolls de l\u2019Empord\u00e0 ens ofereix una diversitat paisatg\u00edstica d\u2019una bellesa incomparable. Entre les desembocadures dels rius Fluvi\u00e0 i Muga, en un espai caracteritzat pels cursos fluvials actuals, les antigues desembocadures dels rius, i els sistemes de canalitzaci\u00f3 i rec dels conreus que hist\u00f2ricament s\u2019han donat en aquest lloc ric en aigua dol\u00e7a.<\/em><\/span><\/p>\n<p style=\"text-align: justify;\" data-start=\"106\" data-end=\"675\">El<strong data-start=\"106\" data-end=\"154\"> Parc Natural dels Aiguamolls de l\u2019Empord\u00e0<\/strong> va ser creat el 28 d\u2019octubre de 1983 i, des d\u2019aleshores, s\u2019ha consolidat com una de les zones humides m\u00e9s rellevants de Catalunya, al costat dels deltes de l\u2019Ebre i del Llobregat. Situat a la plana empordanesa, entre les desembocadures dels rius Fluvi\u00e0 i Muga, aquest espai singular es caracteritza per la conviv\u00e8ncia harm\u00f2nica entre els cursos fluvials, les antigues desembocadures, i els sistemes de canalitzaci\u00f3 i reg que, des de fa segles, han marcat la hist\u00f2ria agr\u00edcola d\u2019aquest territori tan ric en aigua dol\u00e7a.<\/p>\n<p style=\"text-align: justify;\" data-start=\"677\" data-end=\"917\">El parc es divideix en dos grans conjunts: al nord, les maresmes de Vila\u00fct, l\u2019antic estany de Castell\u00f3, Santa Margarida i les Salines; i al centre, l\u2019estany de Sant Pere i les zones que l\u2019envolten, avui considerades el cor vital del parc.<\/p>\n<p style=\"text-align: justify;\" data-start=\"919\" data-end=\"1568\">L\u2019empremta humana hi \u00e9s present i visible en la densa xarxa de s\u00e9quies, canals i recs que serpenteja pel territori. Aquests elements, lluny de ser merament artificials, formen part d\u2019un sistema viu que regula els nivells d\u2019aigua, permet el drenatge de terrenys peri\u00f2dicament inundats i alimenta els conreus que defineixen el paisatge agr\u00edcola de la regi\u00f3. Si b\u00e9 els camps han anat evolucionant \u2014de cereals d\u2019hivern com l\u2019ordi i el blat fins a fruiters, blat de moro, gira-sol o melca\u2014, el conreu de l\u2019arr\u00f2s, estretament vinculat a la identitat de les terres inundables, continua sent un s\u00edmbol, encara que avui tingui un paper m\u00e9s testimonial.<\/p>\n<p style=\"text-align: justify;\" data-start=\"1570\" data-end=\"1961\">La riquesa natural del parc es reflecteix en la seva flora, adaptada a condicions extremes: des de la psamm\u00f2fila, que arrela en s\u00f2ls sorrencs, fins a l&#8217;hal\u00f2fila, capa\u00e7 de prosperar en terres salabroses. Entre aquestes comunitats vegetals hi trobem esp\u00e8cies \u00faniques i escasses als Pa\u00efsos Catalans, algunes d\u2019elles d\u2019una distribuci\u00f3 molt restringida i, per tant, d\u2019alt valor de conservaci\u00f3.<\/p>\n<p style=\"text-align: justify;\" data-start=\"1963\" data-end=\"2496\">Tamb\u00e9 la fauna converteix els Aiguamolls en un espai excepcional. S\u2019hi han identificat 338 esp\u00e8cies d\u2019ocells, de les quals 82 hi nidifiquen regularment. La cigonya blanca, s\u00edmbol del parc, va ser la primera esp\u00e8cie recuperada als anys vuitanta i avui n\u2019hi viuen prop de 300 individus a la zona i als seus entorns. Aquesta pres\u00e8ncia, juntament amb la d\u2019altres aus migrat\u00f2ries i residents, ha atorgat al parc un reconeixement internacional, confirmant-lo com un indret de gran transcend\u00e8ncia per a la conservaci\u00f3 de la biodiversitat.<\/p>\n<p style=\"text-align: justify;\" data-start=\"2498\" data-end=\"2934\">M\u00e9s enll\u00e0 de les dades i les xifres, el Parc Natural dels Aiguamolls de l\u2019Empord\u00e0 \u00e9s un espai que ens recorda la import\u00e0ncia de l\u2019equilibri entre la natura i l\u2019activitat humana. Caminar pels seus paisatges \u00e9s endinsar-se en un mosaic de vida, on cada estany, cada au i cada planta ens parla de la fragilitat i, alhora, de la for\u00e7a dels ecosistemes. \u00c9s un llegat col\u00b7lectiu que ens inspira a preservar-lo per a les generacions futures.<\/p>\n<p style=\"text-align: justify;\"><img loading=\"lazy\" decoding=\"async\" class=\" wp-image-25928 alignleft\" src=\"https:\/\/serveiseducatius.xtec.cat\/altemporda\/wp-content\/uploads\/usu1156\/2025\/06\/Codi-QR-contraportada-XEPNAE-1.png\" alt=\"\" width=\"133\" height=\"133\" srcset=\"https:\/\/serveiseducatius.xtec.cat\/altemporda\/wp-content\/uploads\/usu1156\/2025\/06\/Codi-QR-contraportada-XEPNAE-1.png 280w, https:\/\/serveiseducatius.xtec.cat\/altemporda\/wp-content\/uploads\/usu1156\/2025\/06\/Codi-QR-contraportada-XEPNAE-1-150x150.png 150w\" sizes=\"auto, (max-width: 133px) 100vw, 133px\" \/><\/p>\n<p style=\"text-align: justify;\" data-start=\"119\" data-end=\"485\"><strong data-start=\"119\" data-end=\"167\">El Parc Natural dels Aiguamolls de l\u2019Empord\u00e0<\/strong>, en col\u00b7laboraci\u00f3 amb el <strong data-start=\"193\" data-end=\"229\">Servei Educatiu de l\u2019Alt Empord\u00e0<\/strong>, ha impulsat un <strong data-start=\"246\" data-end=\"263\">projecte com\u00fa<\/strong> per afavorir que la societat conegui millor el territori i s\u2019impliqui activament en la seva conservaci\u00f3. Aquest projecte tamb\u00e9 vol refor\u00e7ar el sentiment de vincle i pertinen\u00e7a amb el Parc, fent que tothom en sigui part.<\/p>\n<p style=\"text-align: justify;\" data-start=\"487\" data-end=\"793\">En aquest cam\u00ed, les escoles hi tenen un paper essencial. Per aix\u00f2 s\u2019ha creat la <strong data-start=\"567\" data-end=\"632\">Xarxa d\u2019Escoles del Parc Natural dels Aiguamolls de l\u2019Empord\u00e0<\/strong>, una iniciativa que ofereix recursos i experi\u00e8ncies educatives per apropar l\u2019alumnat a la riquesa natural del Parc i fer-lo protagonista en la seva preservaci\u00f3.<\/p>\n<p style=\"text-align: justify;\" data-start=\"795\" data-end=\"897\"><em data-start=\"795\" data-end=\"865\"><span style=\"color: #008080;\">\u201cLa gent protegeix all\u00f2 que estima, i nom\u00e9s estima all\u00f2 que coneix.\u201d<\/span> <\/em><strong data-start=\"870\" data-end=\"895\">Jacques-Yves Cousteau<\/strong><\/p>\n<p data-start=\"795\" data-end=\"897\"><strong><span style=\"color: #0000ff;\">Centres participants: <\/span><\/strong><span style=\"color: #0000ff;\"><span style=\"color: #000000;\">ESC Joana d&#8217;Emp\u00faries (Castell\u00f3 d&#8217;Emp\u00faries), ESC Ruiz Amado (Castell\u00f3 d&#8217;Emp\u00faries), ESC Llagut (Sant Pere Pescador), ESC Fluvianets (L&#8217;Armentera), ESC Teresa de Pallej\u00e0 (Forti\u00e0), ESC Ramon Muntaner (Peralada) i I-E El Bruel- Empuriabrava (Castell\u00f3 d&#8217;Emp\u00faries).<\/span><\/span><\/p>\n<p data-start=\"795\" data-end=\"897\"><span style=\"color: #0000ff;\"><span style=\"color: #000000;\"><img loading=\"lazy\" decoding=\"async\" class=\"wp-image-26390 aligncenter\" src=\"https:\/\/serveiseducatius.xtec.cat\/altemporda\/wp-content\/uploads\/usu1156\/2025\/10\/IMG-20251002-WA0000-1024x726.jpg\" alt=\"\" width=\"828\" height=\"587\" srcset=\"https:\/\/serveiseducatius.xtec.cat\/altemporda\/wp-content\/uploads\/usu1156\/2025\/10\/IMG-20251002-WA0000-1024x726.jpg 1024w, https:\/\/serveiseducatius.xtec.cat\/altemporda\/wp-content\/uploads\/usu1156\/2025\/10\/IMG-20251002-WA0000-300x213.jpg 300w, https:\/\/serveiseducatius.xtec.cat\/altemporda\/wp-content\/uploads\/usu1156\/2025\/10\/IMG-20251002-WA0000-768x544.jpg 768w, https:\/\/serveiseducatius.xtec.cat\/altemporda\/wp-content\/uploads\/usu1156\/2025\/10\/IMG-20251002-WA0000-1536x1088.jpg 1536w, https:\/\/serveiseducatius.xtec.cat\/altemporda\/wp-content\/uploads\/usu1156\/2025\/10\/IMG-20251002-WA0000.jpg 1589w\" sizes=\"auto, (max-width: 828px) 100vw, 828px\" \/><\/span><\/span><\/p>\n<p>&nbsp;<\/p>\n<p data-start=\"795\" data-end=\"897\">\n","protected":false},"excerpt":{"rendered":"<p>Entre la terra i el mar, el Parc Natural dels Aiguamolls de l\u2019Empord\u00e0 ens ofereix una diversitat paisatg\u00edstica d\u2019una bellesa incomparable. Entre les desembocadures dels rius Fluvi\u00e0 i Muga, en un espai caracteritzat pels cursos fluvials actuals, les antigues desembocadures dels rius, i els sistemes de canalitzaci\u00f3 i rec dels conreus que hist\u00f2ricament s\u2019han donat [&hellip;]<\/p>\n","protected":false},"author":4,"featured_media":0,"parent":0,"menu_order":0,"comment_status":"closed","ping_status":"closed","template":"","meta":{"_bbp_topic_count":0,"_bbp_reply_count":0,"_bbp_total_topic_count":0,"_bbp_total_reply_count":0,"_bbp_voice_count":0,"_bbp_anonymous_reply_count":0,"_bbp_topic_count_hidden":0,"_bbp_reply_count_hidden":0,"_bbp_forum_subforum_count":0,"site-sidebar-layout":"default","site-content-layout":"","ast-site-content-layout":"","site-content-style":"default","site-sidebar-style":"default","ast-global-header-display":"","ast-banner-title-visibility":"","ast-main-header-display":"","ast-hfb-above-header-display":"","ast-hfb-below-header-display":"","ast-hfb-mobile-header-display":"","site-post-title":"","ast-breadcrumbs-content":"","ast-featured-img":"","footer-sml-layout":"","theme-transparent-header-meta":"","adv-header-id-meta":"","stick-header-meta":"","header-above-stick-meta":"","header-main-stick-meta":"","header-below-stick-meta":"","astra-migrate-meta-layouts":"default","ast-page-background-enabled":"default","ast-page-background-meta":{"desktop":{"background-color":"var(--ast-global-color-4)","background-image":"","background-repeat":"repeat","background-position":"center center","background-size":"auto","background-attachment":"scroll","background-type":"","background-media":"","overlay-type":"","overlay-color":"","overlay-opacity":"","overlay-gradient":""},"tablet":{"background-color":"","background-image":"","background-repeat":"repeat","background-position":"center center","background-size":"auto","background-attachment":"scroll","background-type":"","background-media":"","overlay-type":"","overlay-color":"","overlay-opacity":"","overlay-gradient":""},"mobile":{"background-color":"","background-image":"","background-repeat":"repeat","background-position":"center center","background-size":"auto","background-attachment":"scroll","background-type":"","background-media":"","overlay-type":"","overlay-color":"","overlay-opacity":"","overlay-gradient":""}},"ast-content-background-meta":{"desktop":{"background-color":"var(--ast-global-color-5)","background-image":"","background-repeat":"repeat","background-position":"center center","background-size":"auto","background-attachment":"scroll","background-type":"","background-media":"","overlay-type":"","overlay-color":"","overlay-opacity":"","overlay-gradient":""},"tablet":{"background-color":"var(--ast-global-color-5)","background-image":"","background-repeat":"repeat","background-position":"center center","background-size":"auto","background-attachment":"scroll","background-type":"","background-media":"","overlay-type":"","overlay-color":"","overlay-opacity":"","overlay-gradient":""},"mobile":{"background-color":"var(--ast-global-color-5)","background-image":"","background-repeat":"repeat","background-position":"center center","background-size":"auto","background-attachment":"scroll","background-type":"","background-media":"","overlay-type":"","overlay-color":"","overlay-opacity":"","overlay-gradient":""}},"footnotes":""},"class_list":["post-25193","page","type-page","status-publish","hentry"],"post_mailing_queue_ids":[],"_links":{"self":[{"href":"https:\/\/serveiseducatius.xtec.cat\/altemporda\/wp-json\/wp\/v2\/pages\/25193","targetHints":{"allow":["GET"]}}],"collection":[{"href":"https:\/\/serveiseducatius.xtec.cat\/altemporda\/wp-json\/wp\/v2\/pages"}],"about":[{"href":"https:\/\/serveiseducatius.xtec.cat\/altemporda\/wp-json\/wp\/v2\/types\/page"}],"author":[{"embeddable":true,"href":"https:\/\/serveiseducatius.xtec.cat\/altemporda\/wp-json\/wp\/v2\/users\/4"}],"replies":[{"embeddable":true,"href":"https:\/\/serveiseducatius.xtec.cat\/altemporda\/wp-json\/wp\/v2\/comments?post=25193"}],"version-history":[{"count":7,"href":"https:\/\/serveiseducatius.xtec.cat\/altemporda\/wp-json\/wp\/v2\/pages\/25193\/revisions"}],"predecessor-version":[{"id":26391,"href":"https:\/\/serveiseducatius.xtec.cat\/altemporda\/wp-json\/wp\/v2\/pages\/25193\/revisions\/26391"}],"wp:attachment":[{"href":"https:\/\/serveiseducatius.xtec.cat\/altemporda\/wp-json\/wp\/v2\/media?parent=25193"}],"curies":[{"name":"wp","href":"https:\/\/api.w.org\/{rel}","templated":true}]}}