{"id":24882,"date":"2025-02-06T17:42:25","date_gmt":"2025-02-06T16:42:25","guid":{"rendered":"https:\/\/serveiseducatius.xtec.cat\/altemporda\/?page_id=24882"},"modified":"2025-02-19T09:46:34","modified_gmt":"2025-02-19T08:46:34","slug":"criteris-de-citacio","status":"publish","type":"page","link":"https:\/\/serveiseducatius.xtec.cat\/altemporda\/forum-de-treballs-de-recerca-ftr\/tutor-a-de-tdr\/criteris-de-citacio\/","title":{"rendered":"Criteris de citaci\u00f3"},"content":{"rendered":"<p><a href=\"https:\/\/drive.google.com\/file\/d\/1zRP51xR8Mnl-r4kC9GMmhIWaJficvbKB\/preview\" target=\"_blank\" rel=\"noopener\"><img loading=\"lazy\" decoding=\"async\" class=\"alignleft wp-image-25035\" src=\"https:\/\/serveiseducatius.xtec.cat\/altemporda\/wp-content\/uploads\/usu1156\/2025\/02\/Guia-APA7-UVIC_retocada.png\" alt=\"\" width=\"85\" height=\"120\" srcset=\"https:\/\/serveiseducatius.xtec.cat\/altemporda\/wp-content\/uploads\/usu1156\/2025\/02\/Guia-APA7-UVIC_retocada.png 479w, https:\/\/serveiseducatius.xtec.cat\/altemporda\/wp-content\/uploads\/usu1156\/2025\/02\/Guia-APA7-UVIC_retocada-211x300.png 211w\" sizes=\"auto, (max-width: 85px) 100vw, 85px\" \/><\/a><\/p>\n<h5><\/h5>\n<p>&nbsp;<\/p>\n<h5>Guia per elaborar citacions bibliogr\u00e0fiques en format APA 7a Edici\u00f3 2024.\u00a0 <a href=\"https:\/\/drive.google.com\/file\/d\/1zRP51xR8Mnl-r4kC9GMmhIWaJficvbKB\/preview\" target=\"_blank\" rel=\"noopener\">Guia per elaborar citacions APA<\/a>.<\/h5>\n<p>&nbsp;<\/p>\n<hr \/>\n<h5><a href=\"https:\/\/drive.google.com\/file\/d\/1J0NSWPU_yX2_bIlPyJAstkRBMjCKN_Fz\/preview\" target=\"_blank\" rel=\"noopener\"><img loading=\"lazy\" decoding=\"async\" class=\"alignleft wp-image-25037\" src=\"https:\/\/serveiseducatius.xtec.cat\/altemporda\/wp-content\/uploads\/usu1156\/2025\/02\/Citacio-bibliografica_retocada.png\" alt=\"\" width=\"78\" height=\"111\" srcset=\"https:\/\/serveiseducatius.xtec.cat\/altemporda\/wp-content\/uploads\/usu1156\/2025\/02\/Citacio-bibliografica_retocada.png 446w, https:\/\/serveiseducatius.xtec.cat\/altemporda\/wp-content\/uploads\/usu1156\/2025\/02\/Citacio-bibliografica_retocada-211x300.png 211w\" sizes=\"auto, (max-width: 78px) 100vw, 78px\" \/><\/a><\/h5>\n<h5><\/h5>\n<p>&nbsp;<\/p>\n<h5><a href=\"https:\/\/drive.google.com\/file\/d\/1J0NSWPU_yX2_bIlPyJAstkRBMjCKN_Fz\/preview\" target=\"_blank\" rel=\"noopener\">Citaci\u00f3 bibliogr\u00e0fica<\/a>. Llengua catalana.<\/h5>\n<p>&nbsp;<\/p>\n<hr \/>\n<h5><a href=\"https:\/\/crai.ub.edu\/serveis-i-recursos\/assessorament-referencies-bibliografiques\" target=\"_blank\" rel=\"noopener\"><img loading=\"lazy\" decoding=\"async\" class=\"alignleft wp-image-25036\" src=\"https:\/\/serveiseducatius.xtec.cat\/altemporda\/wp-content\/uploads\/usu1156\/2025\/02\/Com-citar-i-gestionar-bibliogrfia_retocada.png\" alt=\"\" width=\"125\" height=\"94\" \/><\/a><\/h5>\n<h5><\/h5>\n<h5><a href=\"https:\/\/crai.ub.edu\/serveis-i-recursos\/assessorament-referencies-bibliografiques\" target=\"_blank\" rel=\"noopener\">Assessorament en l&#8217;elaboraci\u00f3 de refer\u00e8ncies bibliogr\u00e0fiques<\/a>.<\/h5>\n<h5>CRAI \/Centre de Recursos per a l&#8217;Aprenentatge i la investigaci\u00f3. Universitat de Barcelona.<\/h5>\n<p>&nbsp;<\/p>\n<hr \/>\n","protected":false},"excerpt":{"rendered":"<p>&nbsp; Guia per elaborar citacions bibliogr\u00e0fiques en format APA 7a Edici\u00f3 2024.\u00a0 Guia per elaborar citacions APA. &nbsp; &nbsp; Citaci\u00f3 bibliogr\u00e0fica. Llengua catalana. &nbsp; Assessorament en l&#8217;elaboraci\u00f3 de refer\u00e8ncies bibliogr\u00e0fiques. CRAI \/Centre de Recursos per a l&#8217;Aprenentatge i la investigaci\u00f3. Universitat de Barcelona. &nbsp;<\/p>\n","protected":false},"author":4,"featured_media":0,"parent":15114,"menu_order":0,"comment_status":"closed","ping_status":"closed","template":"","meta":{"_bbp_topic_count":0,"_bbp_reply_count":0,"_bbp_total_topic_count":0,"_bbp_total_reply_count":0,"_bbp_voice_count":0,"_bbp_anonymous_reply_count":0,"_bbp_topic_count_hidden":0,"_bbp_reply_count_hidden":0,"_bbp_forum_subforum_count":0,"site-sidebar-layout":"default","site-content-layout":"","ast-site-content-layout":"","site-content-style":"default","site-sidebar-style":"default","ast-global-header-display":"","ast-banner-title-visibility":"","ast-main-header-display":"","ast-hfb-above-header-display":"","ast-hfb-below-header-display":"","ast-hfb-mobile-header-display":"","site-post-title":"","ast-breadcrumbs-content":"","ast-featured-img":"","footer-sml-layout":"","theme-transparent-header-meta":"","adv-header-id-meta":"","stick-header-meta":"","header-above-stick-meta":"","header-main-stick-meta":"","header-below-stick-meta":"","astra-migrate-meta-layouts":"default","ast-page-background-enabled":"default","ast-page-background-meta":{"desktop":{"background-color":"var(--ast-global-color-4)","background-image":"","background-repeat":"repeat","background-position":"center center","background-size":"auto","background-attachment":"scroll","background-type":"","background-media":"","overlay-type":"","overlay-color":"","overlay-opacity":"","overlay-gradient":""},"tablet":{"background-color":"","background-image":"","background-repeat":"repeat","background-position":"center center","background-size":"auto","background-attachment":"scroll","background-type":"","background-media":"","overlay-type":"","overlay-color":"","overlay-opacity":"","overlay-gradient":""},"mobile":{"background-color":"","background-image":"","background-repeat":"repeat","background-position":"center center","background-size":"auto","background-attachment":"scroll","background-type":"","background-media":"","overlay-type":"","overlay-color":"","overlay-opacity":"","overlay-gradient":""}},"ast-content-background-meta":{"desktop":{"background-color":"var(--ast-global-color-5)","background-image":"","background-repeat":"repeat","background-position":"center center","background-size":"auto","background-attachment":"scroll","background-type":"","background-media":"","overlay-type":"","overlay-color":"","overlay-opacity":"","overlay-gradient":""},"tablet":{"background-color":"var(--ast-global-color-5)","background-image":"","background-repeat":"repeat","background-position":"center center","background-size":"auto","background-attachment":"scroll","background-type":"","background-media":"","overlay-type":"","overlay-color":"","overlay-opacity":"","overlay-gradient":""},"mobile":{"background-color":"var(--ast-global-color-5)","background-image":"","background-repeat":"repeat","background-position":"center center","background-size":"auto","background-attachment":"scroll","background-type":"","background-media":"","overlay-type":"","overlay-color":"","overlay-opacity":"","overlay-gradient":""}},"footnotes":""},"class_list":["post-24882","page","type-page","status-publish","hentry"],"post_mailing_queue_ids":[],"_links":{"self":[{"href":"https:\/\/serveiseducatius.xtec.cat\/altemporda\/wp-json\/wp\/v2\/pages\/24882","targetHints":{"allow":["GET"]}}],"collection":[{"href":"https:\/\/serveiseducatius.xtec.cat\/altemporda\/wp-json\/wp\/v2\/pages"}],"about":[{"href":"https:\/\/serveiseducatius.xtec.cat\/altemporda\/wp-json\/wp\/v2\/types\/page"}],"author":[{"embeddable":true,"href":"https:\/\/serveiseducatius.xtec.cat\/altemporda\/wp-json\/wp\/v2\/users\/4"}],"replies":[{"embeddable":true,"href":"https:\/\/serveiseducatius.xtec.cat\/altemporda\/wp-json\/wp\/v2\/comments?post=24882"}],"version-history":[{"count":7,"href":"https:\/\/serveiseducatius.xtec.cat\/altemporda\/wp-json\/wp\/v2\/pages\/24882\/revisions"}],"predecessor-version":[{"id":25044,"href":"https:\/\/serveiseducatius.xtec.cat\/altemporda\/wp-json\/wp\/v2\/pages\/24882\/revisions\/25044"}],"up":[{"embeddable":true,"href":"https:\/\/serveiseducatius.xtec.cat\/altemporda\/wp-json\/wp\/v2\/pages\/15114"}],"wp:attachment":[{"href":"https:\/\/serveiseducatius.xtec.cat\/altemporda\/wp-json\/wp\/v2\/media?parent=24882"}],"curies":[{"name":"wp","href":"https:\/\/api.w.org\/{rel}","templated":true}]}}