{"id":24819,"date":"2025-02-05T13:57:37","date_gmt":"2025-02-05T12:57:37","guid":{"rendered":"https:\/\/serveiseducatius.xtec.cat\/altemporda\/?page_id=24819"},"modified":"2025-02-07T12:46:26","modified_gmt":"2025-02-07T11:46:26","slug":"assessorament-tdr","status":"publish","type":"page","link":"https:\/\/serveiseducatius.xtec.cat\/altemporda\/forum-de-treballs-de-recerca-ftr\/tutor-a-de-tdr\/assessorament-tdr\/","title":{"rendered":"Assessorament i suport al TdR"},"content":{"rendered":"<p style=\"text-align: justify;\"><strong><a href=\"https:\/\/educacio.mediambient-altemporda.org\/Projectes.aspx\">Tutoritzaci\u00f3 de Treballs de Recerca: \u00c0rea de Medi Ambient del Consell Comarcal de l&#8217;Alt Empord\u00e0<\/a>. <\/strong>L&#8217;\u00c0rea de Medi Ambient del Consell Comarcal de l&#8217;Alt Empord\u00e0 t\u00e9 la voluntat de donar eines i recursos a l&#8217;alumnat i tamb\u00e9 al professorat en l&#8217;elaboraci\u00f3 del treball de recerca dins l&#8217;\u00e0mbit del medi ambient. <a href=\"https:\/\/educacio.mediambient-altemporda.org\/Documents\/PDF\/C16_Solicitud%20de%20tutoritzacio.pdf\">Sol\u00b7licitud per la tutoritzaci\u00f3<\/a>.<\/p>\n<p style=\"text-align: justify;\"><strong><em><a href=\"http:\/\/xec3.grode.org\/\">XEC3: Mentoria de Treballs de Recerca <\/a><\/em><\/strong>El projecte de la UAB-GRODE ofereix a la universitat i als Instituts la mentoria, per part de persones de la generaci\u00f3 s\u00e8nior, dels treballs de TFG, de mestratges i, a la <strong>secund\u00e0ria postobligat\u00f2ria<\/strong>, en els <strong>treballs de recerca<\/strong> amb la participaci\u00f3 de l&#8217;alumnat, el professorat i la persona s\u00e8nior.<\/p>\n<p style=\"text-align: justify;\"><em><strong><a title=\"Projecte FORCES - UB\" href=\"http:\/\/www.ub.edu\/cere\/forces\/\" target=\"_blank\" rel=\"noopener\">Projecte FORCES &#8211; UB <\/a><\/strong><\/em>Des de l\u2019IDP-ICE de la UB, en el marc del projecte FORCES (Foment de la Recerca en els Centres de Secund\u00e0ria), es vol facilitar la relaci\u00f3 entre els diferents departaments de la UB i els centres de secund\u00e0ria per ajudar a fer el treball de recerca obligatori dels alumnes de batxillerat.<\/p>\n<p style=\"text-align: justify;\"><strong><a title=\"Programa Arg\u00f3 ICE de la UAB\" href=\"https:\/\/www.uab.cat\/web\/programa-argo-1345714880943.html\" target=\"_blank\" rel=\"noopener noreferrer\"><em>Programa<\/em> Arg\u00f3 ICE de la UAB <\/a><\/strong>Dins el programa Arg\u00f3, de l&#8217;ICE de la UAB, que pret\u00e9n facilitar als estudiants de secund\u00e0ria la transici\u00f3 a la universitat, hi ha la proposta d&#8217;assessorament en els treballs de recerca. Els temes de recerca s\u00f3n proposats per professors de la UAB de diferents \u00e0rees, per\u00f2 hi ha la possibilitat de fer consultes puntuals sobre altres temes de recerca.<\/p>\n<p style=\"text-align: justify;\"><strong><a title=\"Assessorament UPC (Terrassa)\" href=\"https:\/\/eseiaat.upc.edu\/ca\/futurs-estudiants\/assessorament-de-treballs-de-recerca\" target=\"_blank\" rel=\"noopener noreferrer\"><em>Assessorament UPC (Terrassa)<\/em> <\/a><\/strong>Dins els serveis de l&#8217;Escola Universit\u00e0ria d&#8217;Enginyeria T\u00e8cnica Industrial de Terrassa (UPC) s&#8217;inclou l&#8217;assessorament de Treballs de Recerca a estudiants de batxillerat.<\/p>\n<p style=\"text-align: justify;\"><em><strong><a title=\"Assessorament Arxiu Nacional de Catalunya\" href=\"https:\/\/cultura.gencat.cat\/web\/.content\/dgpc\/arxius_despublicada\/arxius_de_la_generalitat_de_catalunya\/antic_anc\/publicacions\/arxius\/opuscle4anc_servdidac.pdf\" target=\"_blank\" rel=\"noopener noreferrer\">Assessorament Arxiu Nacional de Catalunya <\/a><\/strong><\/em>El Servei did\u00e0ctic de l&#8217;Arxiu Nacional de Catalunya ofereix assessorament al professorat i a l&#8217;alumnat en relaci\u00f3 amb els treballs de recerca amb fonts de l&#8217;arxiu.<\/p>\n<p style=\"text-align: justify;\"><em><strong><a title=\"Recerca en Acci\u00f3\" href=\"https:\/\/www.recercaenaccio.cat\/\" target=\"_blank\" rel=\"noopener noreferrer\">Recerca en Acci\u00f3 <\/a><\/strong><\/em>Portal de l&#8217;AGAUR sobre recerca i experimentaci\u00f3 en tots els camps, amb la possibilitat que les escoles participin en projectes de recerca. Fundaci\u00f3 Ersilia Canal Recerca. Dins la web de la Fundaci\u00f3 Ersilia hi ha propostes i recursos per fer treballs de recerca i recursos per a l&#8217;alumnat i el professorat.<\/p>\n<p style=\"text-align: justify;\"><em><strong><a title=\"Comunitats Catalanes a l'Exterior\" href=\"http:\/\/sites.google.com\/site\/cerescesire\/proposta-comunitats-catalanes\" target=\"_blank\" rel=\"noopener noreferrer\">Comunitats Catalanes a l&#8217;Exterior <\/a><\/strong><\/em>La coordinaci\u00f3 de les comunitats catalanes a l&#8217;exterior ofereix suport per fer recerques al voltant de la migraci\u00f3 catalana.<\/p>\n<p style=\"text-align: justify;\"><strong><a title=\"Portal PAULA, recursos per a la tutoria de projectes de recerca - UB\" href=\"https:\/\/portalpaula.org\/ca\/investigar\/\" target=\"_blank\" rel=\"noopener noreferrer\">Portal PAULA, recursos per a la tutoria de projectes de recerca &#8211; UB <\/a><\/strong>Orientacions i materials per a la tutoria del treball de recerca de batxillerat.<\/p>\n<p style=\"text-align: justify;\"><strong><a title=\"Programa de suport a la recerca sobre la pau - UB\" href=\"http:\/\/recercapau.ub.edu\/\" target=\"_blank\" rel=\"noopener noreferrer\">Programa de suport a la recerca sobre la pau &#8211; UB <\/a><\/strong>Recursos, assessorament i propostes de recerca per a treballs relacionats amb la pau, la conviv\u00e8ncia i els drets humans.<\/p>\n<p style=\"text-align: justify;\">\n","protected":false},"excerpt":{"rendered":"<p>Tutoritzaci\u00f3 de Treballs de Recerca: \u00c0rea de Medi Ambient del Consell Comarcal de l&#8217;Alt Empord\u00e0. L&#8217;\u00c0rea de Medi Ambient del Consell Comarcal de l&#8217;Alt Empord\u00e0 t\u00e9 la voluntat de donar eines i recursos a l&#8217;alumnat i tamb\u00e9 al professorat en l&#8217;elaboraci\u00f3 del treball de recerca dins l&#8217;\u00e0mbit del medi ambient. Sol\u00b7licitud per la tutoritzaci\u00f3. XEC3: [&hellip;]<\/p>\n","protected":false},"author":4,"featured_media":0,"parent":15114,"menu_order":0,"comment_status":"closed","ping_status":"closed","template":"","meta":{"_bbp_topic_count":0,"_bbp_reply_count":0,"_bbp_total_topic_count":0,"_bbp_total_reply_count":0,"_bbp_voice_count":0,"_bbp_anonymous_reply_count":0,"_bbp_topic_count_hidden":0,"_bbp_reply_count_hidden":0,"_bbp_forum_subforum_count":0,"site-sidebar-layout":"default","site-content-layout":"","ast-site-content-layout":"","site-content-style":"default","site-sidebar-style":"default","ast-global-header-display":"","ast-banner-title-visibility":"","ast-main-header-display":"","ast-hfb-above-header-display":"","ast-hfb-below-header-display":"","ast-hfb-mobile-header-display":"","site-post-title":"","ast-breadcrumbs-content":"","ast-featured-img":"","footer-sml-layout":"","theme-transparent-header-meta":"","adv-header-id-meta":"","stick-header-meta":"","header-above-stick-meta":"","header-main-stick-meta":"","header-below-stick-meta":"","astra-migrate-meta-layouts":"default","ast-page-background-enabled":"default","ast-page-background-meta":{"desktop":{"background-color":"var(--ast-global-color-4)","background-image":"","background-repeat":"repeat","background-position":"center center","background-size":"auto","background-attachment":"scroll","background-type":"","background-media":"","overlay-type":"","overlay-color":"","overlay-opacity":"","overlay-gradient":""},"tablet":{"background-color":"","background-image":"","background-repeat":"repeat","background-position":"center center","background-size":"auto","background-attachment":"scroll","background-type":"","background-media":"","overlay-type":"","overlay-color":"","overlay-opacity":"","overlay-gradient":""},"mobile":{"background-color":"","background-image":"","background-repeat":"repeat","background-position":"center center","background-size":"auto","background-attachment":"scroll","background-type":"","background-media":"","overlay-type":"","overlay-color":"","overlay-opacity":"","overlay-gradient":""}},"ast-content-background-meta":{"desktop":{"background-color":"var(--ast-global-color-5)","background-image":"","background-repeat":"repeat","background-position":"center center","background-size":"auto","background-attachment":"scroll","background-type":"","background-media":"","overlay-type":"","overlay-color":"","overlay-opacity":"","overlay-gradient":""},"tablet":{"background-color":"var(--ast-global-color-5)","background-image":"","background-repeat":"repeat","background-position":"center center","background-size":"auto","background-attachment":"scroll","background-type":"","background-media":"","overlay-type":"","overlay-color":"","overlay-opacity":"","overlay-gradient":""},"mobile":{"background-color":"var(--ast-global-color-5)","background-image":"","background-repeat":"repeat","background-position":"center center","background-size":"auto","background-attachment":"scroll","background-type":"","background-media":"","overlay-type":"","overlay-color":"","overlay-opacity":"","overlay-gradient":""}},"footnotes":""},"class_list":["post-24819","page","type-page","status-publish","hentry"],"post_mailing_queue_ids":[],"_links":{"self":[{"href":"https:\/\/serveiseducatius.xtec.cat\/altemporda\/wp-json\/wp\/v2\/pages\/24819","targetHints":{"allow":["GET"]}}],"collection":[{"href":"https:\/\/serveiseducatius.xtec.cat\/altemporda\/wp-json\/wp\/v2\/pages"}],"about":[{"href":"https:\/\/serveiseducatius.xtec.cat\/altemporda\/wp-json\/wp\/v2\/types\/page"}],"author":[{"embeddable":true,"href":"https:\/\/serveiseducatius.xtec.cat\/altemporda\/wp-json\/wp\/v2\/users\/4"}],"replies":[{"embeddable":true,"href":"https:\/\/serveiseducatius.xtec.cat\/altemporda\/wp-json\/wp\/v2\/comments?post=24819"}],"version-history":[{"count":6,"href":"https:\/\/serveiseducatius.xtec.cat\/altemporda\/wp-json\/wp\/v2\/pages\/24819\/revisions"}],"predecessor-version":[{"id":24931,"href":"https:\/\/serveiseducatius.xtec.cat\/altemporda\/wp-json\/wp\/v2\/pages\/24819\/revisions\/24931"}],"up":[{"embeddable":true,"href":"https:\/\/serveiseducatius.xtec.cat\/altemporda\/wp-json\/wp\/v2\/pages\/15114"}],"wp:attachment":[{"href":"https:\/\/serveiseducatius.xtec.cat\/altemporda\/wp-json\/wp\/v2\/media?parent=24819"}],"curies":[{"name":"wp","href":"https:\/\/api.w.org\/{rel}","templated":true}]}}