{"id":24816,"date":"2025-02-05T13:56:42","date_gmt":"2025-02-05T12:56:42","guid":{"rendered":"https:\/\/serveiseducatius.xtec.cat\/altemporda\/?page_id=24816"},"modified":"2026-01-13T08:49:03","modified_gmt":"2026-01-13T07:49:03","slug":"guia-del-tdr","status":"publish","type":"page","link":"https:\/\/serveiseducatius.xtec.cat\/altemporda\/forum-de-treballs-de-recerca-ftr\/tutor-a-de-tdr\/guia-del-tdr\/","title":{"rendered":"Pautes per fer un bon Tdr"},"content":{"rendered":"<hr \/>\n<p style=\"text-align: left;\">El treball de recerca, tamb\u00e9 conegut com a TR o TdR, \u00e9s\u00a0<strong>una activitat d&#8217;investigaci\u00f3<\/strong>\u00a0que han de realitzar tots els estudiants de Batxillerat de Catalunya.\u00a0Consta d&#8217;una\u00a0<strong>part escrita<\/strong>\u00a0i d&#8217;una\u00a0<strong>presentaci\u00f3 oral<\/strong>. Aquest treball et comportar\u00e0 una inversi\u00f3 de temps d&#8217;unes 70 hores, aproximadament, i representa un\u00a0<strong>10% de la nota final del Batxillerat<\/strong>.<\/p>\n<p style=\"text-align: left;\"><img loading=\"lazy\" decoding=\"async\" class=\"alignleft\" src=\"https:\/\/static.educaweb.com\/img\/news\/infografia-consells-TR_V4.jpg\" alt=\"infografia pautes per elaborar un bon treball de recerca\" width=\"248\" height=\"451\" \/>Tot i que generalment es tracta d&#8217;un\u00a0<strong>treball individual<\/strong>, el teu centre et pot recomanar desenvolupar el TR en grup, segons les necessitats i la din\u00e0mica de la investigaci\u00f3.<\/p>\n<p style=\"text-align: left;\">\u00c9s convenient comen\u00e7ar a preparar el treball de recerca en el primer curs de Batxillerat, tot i que es lliura per escrit i es presenta oralment a segon curs.<\/p>\n<p style=\"text-align: left;\">El TR est\u00e0\u00a0<strong>tutoritzat per un professor o professora<\/strong>, que et guiar\u00e0 i assessorar\u00e0 en cada fase del proc\u00e9s d&#8217;investigaci\u00f3 a trav\u00e9s de reunions peri\u00f2diques. A m\u00e9s de l\u2019orientaci\u00f3 sobre les t\u00e8cniques habituals emprades en qualsevol recerca, el tutor o tutora del treball vetlla perqu\u00e8 l\u2019alumnat efectu\u00ef les tasques amb regularitat, utilitzi adequadament les fonts d\u2019informaci\u00f3, faci una selecci\u00f3 correcta de la informaci\u00f3 i estructuri correctament la presentaci\u00f3 final.<\/p>\n<p style=\"text-align: left;\">Amb aquesta finalitat, es duen a terme entrevistes peri\u00f2diques, on es fa el control sobre l\u2019estat del treball i s\u2019estableixen objectius per a les pr\u00f2ximes trobades.<\/p>\n<p>Conseg\u00fcentment, el tutor o tutora del treball de recerca \u00e9s present en totes les fases que es detallen tot seguit:<\/p>\n<ul style=\"text-align: left;\">\n<li>elecci\u00f3 del tema i la q\u00fcesti\u00f3 a investigar<\/li>\n<li>plantejament d\u2019hip\u00f2tesis o objectius inicials planificaci\u00f3 de la recerca cerca d\u2019informaci\u00f3<\/li>\n<li>processament de la informaci\u00f3 s\u00edntesi dels resultats de la investigaci\u00f3 i elaboraci\u00f3 de conclusions<\/li>\n<li>revisi\u00f3 de la feina feta<\/li>\n<li>presentaci\u00f3 de l\u2019informe (redacci\u00f3 del treball i exposici\u00f3 oral)<\/li>\n<\/ul>\n<p>Trobareu m\u00e9s informaci\u00f3 en aquest <a href=\"https:\/\/www.educaweb.cat\/continguts\/educatius\/batxillerat\/treball-recerca\/#normativa\" target=\"_blank\" rel=\"noopener\">enlla\u00e7.<\/a><\/p>\n<hr \/>\n<p>Tamb\u00e9 us adjuntem <a href=\"https:\/\/educacio.gencat.cat\/web\/.content\/home\/departament\/publicacions\/guies-estudis\/btx-treball-recerca.pdf\">una guia per fer un bon treball de recerca.<\/a><\/p>\n<p>I uns<a href=\"https:\/\/www.edubcn.cat\/rcs_gene\/extra\/05_recerca\/recursos\/220122_recursos_tutoritzacio_treball_recerca.pdf\"> recursos per acompanyar el TdR.<\/a><\/p>\n<p>Trobareu m\u00e9s informaci\u00f3 en aquest <a href=\"https:\/\/projectes.xtec.cat\/recerca\/treballs-de-recerca-batxillerat\/\">enlla\u00e7.<\/a><\/p>\n<hr \/>\n<p style=\"text-align: left;\">\n","protected":false},"excerpt":{"rendered":"<p>El treball de recerca, tamb\u00e9 conegut com a TR o TdR, \u00e9s\u00a0una activitat d&#8217;investigaci\u00f3\u00a0que han de realitzar tots els estudiants de Batxillerat de Catalunya.\u00a0Consta d&#8217;una\u00a0part escrita\u00a0i d&#8217;una\u00a0presentaci\u00f3 oral. Aquest treball et comportar\u00e0 una inversi\u00f3 de temps d&#8217;unes 70 hores, aproximadament, i representa un\u00a010% de la nota final del Batxillerat. Tot i que generalment es tracta [&hellip;]<\/p>\n","protected":false},"author":4,"featured_media":0,"parent":15114,"menu_order":0,"comment_status":"closed","ping_status":"closed","template":"","meta":{"_bbp_topic_count":0,"_bbp_reply_count":0,"_bbp_total_topic_count":0,"_bbp_total_reply_count":0,"_bbp_voice_count":0,"_bbp_anonymous_reply_count":0,"_bbp_topic_count_hidden":0,"_bbp_reply_count_hidden":0,"_bbp_forum_subforum_count":0,"site-sidebar-layout":"default","site-content-layout":"","ast-site-content-layout":"","site-content-style":"default","site-sidebar-style":"default","ast-global-header-display":"","ast-banner-title-visibility":"","ast-main-header-display":"","ast-hfb-above-header-display":"","ast-hfb-below-header-display":"","ast-hfb-mobile-header-display":"","site-post-title":"","ast-breadcrumbs-content":"","ast-featured-img":"","footer-sml-layout":"","theme-transparent-header-meta":"","adv-header-id-meta":"","stick-header-meta":"","header-above-stick-meta":"","header-main-stick-meta":"","header-below-stick-meta":"","astra-migrate-meta-layouts":"default","ast-page-background-enabled":"default","ast-page-background-meta":{"desktop":{"background-color":"var(--ast-global-color-4)","background-image":"","background-repeat":"repeat","background-position":"center center","background-size":"auto","background-attachment":"scroll","background-type":"","background-media":"","overlay-type":"","overlay-color":"","overlay-opacity":"","overlay-gradient":""},"tablet":{"background-color":"","background-image":"","background-repeat":"repeat","background-position":"center center","background-size":"auto","background-attachment":"scroll","background-type":"","background-media":"","overlay-type":"","overlay-color":"","overlay-opacity":"","overlay-gradient":""},"mobile":{"background-color":"","background-image":"","background-repeat":"repeat","background-position":"center center","background-size":"auto","background-attachment":"scroll","background-type":"","background-media":"","overlay-type":"","overlay-color":"","overlay-opacity":"","overlay-gradient":""}},"ast-content-background-meta":{"desktop":{"background-color":"var(--ast-global-color-5)","background-image":"","background-repeat":"repeat","background-position":"center center","background-size":"auto","background-attachment":"scroll","background-type":"","background-media":"","overlay-type":"","overlay-color":"","overlay-opacity":"","overlay-gradient":""},"tablet":{"background-color":"var(--ast-global-color-5)","background-image":"","background-repeat":"repeat","background-position":"center center","background-size":"auto","background-attachment":"scroll","background-type":"","background-media":"","overlay-type":"","overlay-color":"","overlay-opacity":"","overlay-gradient":""},"mobile":{"background-color":"var(--ast-global-color-5)","background-image":"","background-repeat":"repeat","background-position":"center center","background-size":"auto","background-attachment":"scroll","background-type":"","background-media":"","overlay-type":"","overlay-color":"","overlay-opacity":"","overlay-gradient":""}},"footnotes":""},"class_list":["post-24816","page","type-page","status-publish","hentry"],"post_mailing_queue_ids":[],"_links":{"self":[{"href":"https:\/\/serveiseducatius.xtec.cat\/altemporda\/wp-json\/wp\/v2\/pages\/24816","targetHints":{"allow":["GET"]}}],"collection":[{"href":"https:\/\/serveiseducatius.xtec.cat\/altemporda\/wp-json\/wp\/v2\/pages"}],"about":[{"href":"https:\/\/serveiseducatius.xtec.cat\/altemporda\/wp-json\/wp\/v2\/types\/page"}],"author":[{"embeddable":true,"href":"https:\/\/serveiseducatius.xtec.cat\/altemporda\/wp-json\/wp\/v2\/users\/4"}],"replies":[{"embeddable":true,"href":"https:\/\/serveiseducatius.xtec.cat\/altemporda\/wp-json\/wp\/v2\/comments?post=24816"}],"version-history":[{"count":7,"href":"https:\/\/serveiseducatius.xtec.cat\/altemporda\/wp-json\/wp\/v2\/pages\/24816\/revisions"}],"predecessor-version":[{"id":26895,"href":"https:\/\/serveiseducatius.xtec.cat\/altemporda\/wp-json\/wp\/v2\/pages\/24816\/revisions\/26895"}],"up":[{"embeddable":true,"href":"https:\/\/serveiseducatius.xtec.cat\/altemporda\/wp-json\/wp\/v2\/pages\/15114"}],"wp:attachment":[{"href":"https:\/\/serveiseducatius.xtec.cat\/altemporda\/wp-json\/wp\/v2\/media?parent=24816"}],"curies":[{"name":"wp","href":"https:\/\/api.w.org\/{rel}","templated":true}]}}