{"id":24813,"date":"2025-02-05T13:54:21","date_gmt":"2025-02-05T12:54:21","guid":{"rendered":"https:\/\/serveiseducatius.xtec.cat\/altemporda\/?page_id=24813"},"modified":"2025-02-19T09:21:08","modified_gmt":"2025-02-19T08:21:08","slug":"formacio-per-a-lalumnat-biblioteca-de-figueres","status":"publish","type":"page","link":"https:\/\/serveiseducatius.xtec.cat\/altemporda\/forum-de-treballs-de-recerca-ftr\/per-on-comenco\/formacio-per-a-lalumnat-biblioteca-de-figueres\/","title":{"rendered":"Biblioteca Fages de Climent: Sessions informatives gratu\u00eftes"},"content":{"rendered":"<hr \/>\n<p>Des de la <strong>Biblioteca Fages de Climent de Figueres<\/strong> s&#8217;ofereixen una s\u00e8rie de <strong>sessions informatives gratu\u00eftes<\/strong> als centres i institucions que ho sol\u00b7licitin pr\u00e8viament per aconseguir que els usuaris coneguin millor el funcionament, els serveis i els recursos del centre.<\/p>\n<p>Per a m\u00e9s informaci\u00f3 contacteu amb : \u00a0<a href=\"mailto:info@bibliotecadefigueres.cat\" target=\"_blank\" rel=\"noopener\">info@bibliotecadefigueres.cat<\/a><\/p>\n<p>S&#8217;organitzen:<\/p>\n<ul>\n<li><a href=\"https:\/\/www.bibliotecadefigueres.cat\/Serveis\/SFormacio.aspx\" target=\"_blank\" rel=\"noopener\">Sessions generals sobre el funcionament de la biblioteca<\/a><\/li>\n<li><a href=\"https:\/\/www.bibliotecadefigueres.cat\/Serveis\/SFormacio.aspx\" target=\"_blank\" rel=\"noopener\">Sessions sobre recursos d&#8217;informaci\u00f3<\/a><\/li>\n<li><a href=\"https:\/\/www.bibliotecadefigueres.cat\/Serveis\/SFormacio.aspx\" target=\"_blank\" rel=\"noopener\">Sessions per les Escoles<\/a><\/li>\n<li><a href=\"https:\/\/www.bibliotecadefigueres.cat\/Serveis\/SFormacio.aspx\" target=\"_blank\" rel=\"noopener\">Sessions a la carta<\/a><\/li>\n<\/ul>\n<p>&nbsp;<\/p>\n","protected":false},"excerpt":{"rendered":"<p>Des de la Biblioteca Fages de Climent de Figueres s&#8217;ofereixen una s\u00e8rie de sessions informatives gratu\u00eftes als centres i institucions que ho sol\u00b7licitin pr\u00e8viament per aconseguir que els usuaris coneguin millor el funcionament, els serveis i els recursos del centre. Per a m\u00e9s informaci\u00f3 contacteu amb : \u00a0info@bibliotecadefigueres.cat S&#8217;organitzen: Sessions generals sobre el funcionament de [&hellip;]<\/p>\n","protected":false},"author":4,"featured_media":0,"parent":15107,"menu_order":0,"comment_status":"closed","ping_status":"closed","template":"","meta":{"_bbp_topic_count":0,"_bbp_reply_count":0,"_bbp_total_topic_count":0,"_bbp_total_reply_count":0,"_bbp_voice_count":0,"_bbp_anonymous_reply_count":0,"_bbp_topic_count_hidden":0,"_bbp_reply_count_hidden":0,"_bbp_forum_subforum_count":0,"site-sidebar-layout":"default","site-content-layout":"","ast-site-content-layout":"","site-content-style":"default","site-sidebar-style":"default","ast-global-header-display":"","ast-banner-title-visibility":"","ast-main-header-display":"","ast-hfb-above-header-display":"","ast-hfb-below-header-display":"","ast-hfb-mobile-header-display":"","site-post-title":"","ast-breadcrumbs-content":"","ast-featured-img":"","footer-sml-layout":"","theme-transparent-header-meta":"","adv-header-id-meta":"","stick-header-meta":"","header-above-stick-meta":"","header-main-stick-meta":"","header-below-stick-meta":"","astra-migrate-meta-layouts":"default","ast-page-background-enabled":"default","ast-page-background-meta":{"desktop":{"background-color":"var(--ast-global-color-4)","background-image":"","background-repeat":"repeat","background-position":"center center","background-size":"auto","background-attachment":"scroll","background-type":"","background-media":"","overlay-type":"","overlay-color":"","overlay-opacity":"","overlay-gradient":""},"tablet":{"background-color":"","background-image":"","background-repeat":"repeat","background-position":"center center","background-size":"auto","background-attachment":"scroll","background-type":"","background-media":"","overlay-type":"","overlay-color":"","overlay-opacity":"","overlay-gradient":""},"mobile":{"background-color":"","background-image":"","background-repeat":"repeat","background-position":"center center","background-size":"auto","background-attachment":"scroll","background-type":"","background-media":"","overlay-type":"","overlay-color":"","overlay-opacity":"","overlay-gradient":""}},"ast-content-background-meta":{"desktop":{"background-color":"var(--ast-global-color-5)","background-image":"","background-repeat":"repeat","background-position":"center center","background-size":"auto","background-attachment":"scroll","background-type":"","background-media":"","overlay-type":"","overlay-color":"","overlay-opacity":"","overlay-gradient":""},"tablet":{"background-color":"var(--ast-global-color-5)","background-image":"","background-repeat":"repeat","background-position":"center center","background-size":"auto","background-attachment":"scroll","background-type":"","background-media":"","overlay-type":"","overlay-color":"","overlay-opacity":"","overlay-gradient":""},"mobile":{"background-color":"var(--ast-global-color-5)","background-image":"","background-repeat":"repeat","background-position":"center center","background-size":"auto","background-attachment":"scroll","background-type":"","background-media":"","overlay-type":"","overlay-color":"","overlay-opacity":"","overlay-gradient":""}},"footnotes":""},"class_list":["post-24813","page","type-page","status-publish","hentry"],"post_mailing_queue_ids":[],"_links":{"self":[{"href":"https:\/\/serveiseducatius.xtec.cat\/altemporda\/wp-json\/wp\/v2\/pages\/24813","targetHints":{"allow":["GET"]}}],"collection":[{"href":"https:\/\/serveiseducatius.xtec.cat\/altemporda\/wp-json\/wp\/v2\/pages"}],"about":[{"href":"https:\/\/serveiseducatius.xtec.cat\/altemporda\/wp-json\/wp\/v2\/types\/page"}],"author":[{"embeddable":true,"href":"https:\/\/serveiseducatius.xtec.cat\/altemporda\/wp-json\/wp\/v2\/users\/4"}],"replies":[{"embeddable":true,"href":"https:\/\/serveiseducatius.xtec.cat\/altemporda\/wp-json\/wp\/v2\/comments?post=24813"}],"version-history":[{"count":7,"href":"https:\/\/serveiseducatius.xtec.cat\/altemporda\/wp-json\/wp\/v2\/pages\/24813\/revisions"}],"predecessor-version":[{"id":25034,"href":"https:\/\/serveiseducatius.xtec.cat\/altemporda\/wp-json\/wp\/v2\/pages\/24813\/revisions\/25034"}],"up":[{"embeddable":true,"href":"https:\/\/serveiseducatius.xtec.cat\/altemporda\/wp-json\/wp\/v2\/pages\/15107"}],"wp:attachment":[{"href":"https:\/\/serveiseducatius.xtec.cat\/altemporda\/wp-json\/wp\/v2\/media?parent=24813"}],"curies":[{"name":"wp","href":"https:\/\/api.w.org\/{rel}","templated":true}]}}