{"id":24810,"date":"2025-02-05T13:51:05","date_gmt":"2025-02-05T12:51:05","guid":{"rendered":"https:\/\/serveiseducatius.xtec.cat\/altemporda\/?page_id=24810"},"modified":"2025-02-19T09:44:20","modified_gmt":"2025-02-19T08:44:20","slug":"guia-del-tdr","status":"publish","type":"page","link":"https:\/\/serveiseducatius.xtec.cat\/altemporda\/forum-de-treballs-de-recerca-ftr\/per-on-comenco\/guia-del-tdr\/","title":{"rendered":"Guia pr\u00e0ctica per Tutoritzar un bon TdR"},"content":{"rendered":"<hr \/>\n<h5><strong><a href=\"http:\/\/diposit.ub.edu\/dspace\/bitstream\/2445\/179613\/4\/Guia%20pr%c3%a0ctica%20per%20a%20TUTORITZAR%20un%20bon%20treball%20de%20recerca%20a%20batxillerat%20GUIA%20DEL%20PROFESSOR_1.pdf\" target=\"_blank\" rel=\"noopener\">Guia pr\u00e0ctica per a TUTORITZAR un bon treball de recerca a Batxillerat.<\/a> <a href=\"http:\/\/diposit.ub.edu\/dspace\/handle\/2445\/179613\" target=\"_blank\" rel=\"noopener\">Dip\u00f2sit digital de la UB.<\/a><\/strong><\/h5>\n<p><a style=\"color: #2795b6;\" href=\"https:\/\/drive.google.com\/file\/d\/1LUnodAdhUhQTUlSF0UI42jVeKmz7Rkxx\/preview\" target=\"_blank\" rel=\"noopener\"><img loading=\"lazy\" decoding=\"async\" class=\"alignleft wp-image-25027\" src=\"https:\/\/serveiseducatius.xtec.cat\/altemporda\/wp-content\/uploads\/usu1156\/2025\/02\/Guia-practica-TDR_retocada.png\" alt=\"\" width=\"181\" height=\"136\" srcset=\"https:\/\/serveiseducatius.xtec.cat\/altemporda\/wp-content\/uploads\/usu1156\/2025\/02\/Guia-practica-TDR_retocada.png 669w, https:\/\/serveiseducatius.xtec.cat\/altemporda\/wp-content\/uploads\/usu1156\/2025\/02\/Guia-practica-TDR_retocada-300x226.png 300w, https:\/\/serveiseducatius.xtec.cat\/altemporda\/wp-content\/uploads\/usu1156\/2025\/02\/Guia-practica-TDR_retocada-200x150.png 200w\" sizes=\"auto, (max-width: 181px) 100vw, 181px\" \/><\/a>TURULL, M.; PONS, A.; ROCA, B. et al. <em>Guia pr\u00e0ctica per TUTORITZAR un bon treball de recerca (TR) a batxillerat. #20 consells essencials. Guia del professorat: Barcelona. 2021.<\/em> Aquesta guia va adre\u00e7ada, sobretot, per\u00f2 no exclusivament, al professorat novell de secund\u00e0ria que no ha tingut una experi\u00e8ncia d\u2019investigaci\u00f3 en el seu \u00e0mbit disciplinari m\u00e9s enll\u00e0 dels treballs acad\u00e8mics que hagi pogut fer al llarg de la carrera [&#8230;] <a href=\"http:\/\/hdl.handle.net\/2445\/179613\" target=\"_blank\" rel=\"noopener\">http:\/\/hdl.handle.net\/2445\/179613<\/a><\/p>\n<hr \/>\n","protected":false},"excerpt":{"rendered":"<p>Guia pr\u00e0ctica per a TUTORITZAR un bon treball de recerca a Batxillerat. Dip\u00f2sit digital de la UB. TURULL, M.; PONS, A.; ROCA, B. et al. Guia pr\u00e0ctica per TUTORITZAR un bon treball de recerca (TR) a batxillerat. #20 consells essencials. Guia del professorat: Barcelona. 2021. Aquesta guia va adre\u00e7ada, sobretot, per\u00f2 no exclusivament, al professorat [&hellip;]<\/p>\n","protected":false},"author":4,"featured_media":0,"parent":15107,"menu_order":0,"comment_status":"closed","ping_status":"closed","template":"","meta":{"_bbp_topic_count":0,"_bbp_reply_count":0,"_bbp_total_topic_count":0,"_bbp_total_reply_count":0,"_bbp_voice_count":0,"_bbp_anonymous_reply_count":0,"_bbp_topic_count_hidden":0,"_bbp_reply_count_hidden":0,"_bbp_forum_subforum_count":0,"site-sidebar-layout":"default","site-content-layout":"","ast-site-content-layout":"","site-content-style":"default","site-sidebar-style":"default","ast-global-header-display":"","ast-banner-title-visibility":"","ast-main-header-display":"","ast-hfb-above-header-display":"","ast-hfb-below-header-display":"","ast-hfb-mobile-header-display":"","site-post-title":"","ast-breadcrumbs-content":"","ast-featured-img":"","footer-sml-layout":"","theme-transparent-header-meta":"","adv-header-id-meta":"","stick-header-meta":"","header-above-stick-meta":"","header-main-stick-meta":"","header-below-stick-meta":"","astra-migrate-meta-layouts":"default","ast-page-background-enabled":"default","ast-page-background-meta":{"desktop":{"background-color":"var(--ast-global-color-4)","background-image":"","background-repeat":"repeat","background-position":"center center","background-size":"auto","background-attachment":"scroll","background-type":"","background-media":"","overlay-type":"","overlay-color":"","overlay-opacity":"","overlay-gradient":""},"tablet":{"background-color":"","background-image":"","background-repeat":"repeat","background-position":"center center","background-size":"auto","background-attachment":"scroll","background-type":"","background-media":"","overlay-type":"","overlay-color":"","overlay-opacity":"","overlay-gradient":""},"mobile":{"background-color":"","background-image":"","background-repeat":"repeat","background-position":"center center","background-size":"auto","background-attachment":"scroll","background-type":"","background-media":"","overlay-type":"","overlay-color":"","overlay-opacity":"","overlay-gradient":""}},"ast-content-background-meta":{"desktop":{"background-color":"var(--ast-global-color-5)","background-image":"","background-repeat":"repeat","background-position":"center center","background-size":"auto","background-attachment":"scroll","background-type":"","background-media":"","overlay-type":"","overlay-color":"","overlay-opacity":"","overlay-gradient":""},"tablet":{"background-color":"var(--ast-global-color-5)","background-image":"","background-repeat":"repeat","background-position":"center center","background-size":"auto","background-attachment":"scroll","background-type":"","background-media":"","overlay-type":"","overlay-color":"","overlay-opacity":"","overlay-gradient":""},"mobile":{"background-color":"var(--ast-global-color-5)","background-image":"","background-repeat":"repeat","background-position":"center center","background-size":"auto","background-attachment":"scroll","background-type":"","background-media":"","overlay-type":"","overlay-color":"","overlay-opacity":"","overlay-gradient":""}},"footnotes":""},"class_list":["post-24810","page","type-page","status-publish","hentry"],"post_mailing_queue_ids":[],"_links":{"self":[{"href":"https:\/\/serveiseducatius.xtec.cat\/altemporda\/wp-json\/wp\/v2\/pages\/24810","targetHints":{"allow":["GET"]}}],"collection":[{"href":"https:\/\/serveiseducatius.xtec.cat\/altemporda\/wp-json\/wp\/v2\/pages"}],"about":[{"href":"https:\/\/serveiseducatius.xtec.cat\/altemporda\/wp-json\/wp\/v2\/types\/page"}],"author":[{"embeddable":true,"href":"https:\/\/serveiseducatius.xtec.cat\/altemporda\/wp-json\/wp\/v2\/users\/4"}],"replies":[{"embeddable":true,"href":"https:\/\/serveiseducatius.xtec.cat\/altemporda\/wp-json\/wp\/v2\/comments?post=24810"}],"version-history":[{"count":6,"href":"https:\/\/serveiseducatius.xtec.cat\/altemporda\/wp-json\/wp\/v2\/pages\/24810\/revisions"}],"predecessor-version":[{"id":25042,"href":"https:\/\/serveiseducatius.xtec.cat\/altemporda\/wp-json\/wp\/v2\/pages\/24810\/revisions\/25042"}],"up":[{"embeddable":true,"href":"https:\/\/serveiseducatius.xtec.cat\/altemporda\/wp-json\/wp\/v2\/pages\/15107"}],"wp:attachment":[{"href":"https:\/\/serveiseducatius.xtec.cat\/altemporda\/wp-json\/wp\/v2\/media?parent=24810"}],"curies":[{"name":"wp","href":"https:\/\/api.w.org\/{rel}","templated":true}]}}