{"id":24805,"date":"2025-02-05T13:40:43","date_gmt":"2025-02-05T12:40:43","guid":{"rendered":"https:\/\/serveiseducatius.xtec.cat\/altemporda\/?page_id=24805"},"modified":"2026-03-25T13:47:42","modified_gmt":"2026-03-25T12:47:42","slug":"ftr-edicio-actual","status":"publish","type":"page","link":"https:\/\/serveiseducatius.xtec.cat\/altemporda\/forum-de-treballs-de-recerca-ftr\/ftr-edicio-actual\/","title":{"rendered":"FTR &#8211; Edici\u00f3 actual"},"content":{"rendered":"\n<p>Enguany es porta a terme el <em><strong>XVI F\u00f2rum de Treballs de Recerca de l\u2019Alt Empord\u00e0 <\/strong>de la m\u00e0 del <\/em>grup de treball de coordinaci\u00f3 de batxillerat de l&#8217;Alt Empord\u00e0, constitu\u00eft per coordinadors i coordinadores de batxillerat de <strong>tots<\/strong> els instituts de la comarca.<\/p>\n\n\n\n<figure class=\"wp-block-image aligncenter\" style=\"margin-top:var(--wp--preset--spacing--40);margin-bottom:var(--wp--preset--spacing--40)\"><img loading=\"lazy\" decoding=\"async\" width=\"889\" height=\"500\" src=\"https:\/\/serveiseducatius.xtec.cat\/altemporda\/wp-content\/uploads\/usu1156\/2026\/02\/GT-FTR.png\" alt=\"\" class=\"wp-image-27065\" srcset=\"https:\/\/serveiseducatius.xtec.cat\/altemporda\/wp-content\/uploads\/usu1156\/2026\/02\/GT-FTR.png 889w, https:\/\/serveiseducatius.xtec.cat\/altemporda\/wp-content\/uploads\/usu1156\/2026\/02\/GT-FTR-300x169.png 300w, https:\/\/serveiseducatius.xtec.cat\/altemporda\/wp-content\/uploads\/usu1156\/2026\/02\/GT-FTR-768x432.png 768w\" sizes=\"auto, (max-width: 889px) 100vw, 889px\" \/><\/figure>\n\n\n\n<p class=\"has-text-align-center\" style=\"font-size:24px\">El <b>XVI<\/b><b><i> F\u00f2rum de treballs de recerca de l\u2019Alt Empord\u00e0<\/i><\/b><span style=\"font-weight: 400;\"> es portar\u00e0 a terme el<\/span> <b><span style=\"color: #800000;\">dissabte 18 d\u2019abril de 2026 a 2\/4 de 10 h a l\u2019INS La Jonquera<\/span><\/b><span style=\"font-weight: 400;\">.<\/span><\/p>\n\n\n\n<figure class=\"wp-block-image aligncenter size-full has-custom-border is-style-default\"><a href=\"https:\/\/serveiseducatius.xtec.cat\/altemporda\/wp-content\/uploads\/usu1156\/2026\/03\/Cartell-Forum-fulleto-definitiu-1_page-0001.png\"><img loading=\"lazy\" decoding=\"async\" width=\"500\" height=\"707\" src=\"https:\/\/serveiseducatius.xtec.cat\/altemporda\/wp-content\/uploads\/usu1156\/2026\/03\/Cartell-Forum-fulleto-definitiu-1_page-0001.png\" alt=\"\" class=\"wp-image-27498\" style=\"border-radius:0px\" srcset=\"https:\/\/serveiseducatius.xtec.cat\/altemporda\/wp-content\/uploads\/usu1156\/2026\/03\/Cartell-Forum-fulleto-definitiu-1_page-0001.png 500w, https:\/\/serveiseducatius.xtec.cat\/altemporda\/wp-content\/uploads\/usu1156\/2026\/03\/Cartell-Forum-fulleto-definitiu-1_page-0001-212x300.png 212w\" sizes=\"auto, (max-width: 500px) 100vw, 500px\" \/><\/a><\/figure>\n\n\n\n<hr class=\"wp-block-separator has-alpha-channel-opacity is-style-wide\"\/>\n\n\n\n<div class=\"wp-block-buttons is-content-justification-center is-layout-flex wp-container-core-buttons-is-layout-1 wp-block-buttons-is-layout-flex\">\n<div class=\"wp-block-button has-custom-width wp-block-button__width-50 has-custom-font-size is-style-fill has-medium-font-size\"><a class=\"wp-block-button__link has-text-align-center wp-element-button\" href=\"https:\/\/serveiseducatius.xtec.cat\/altemporda\/forum-de-treballs-de-recerca-ftr\/ftr-edicio-actual\/documentacio-del-ftr-a-emplenar-per-part-dels-centres\/\" style=\"border-style:none;border-width:0px;border-radius:14px\" target=\"_blank\" rel=\"noreferrer noopener\">Documentaci\u00f3 a omplir pels centres<\/a><\/div>\n<\/div>\n\n\n\n<hr class=\"wp-block-separator has-alpha-channel-opacity is-style-wide\"\/>\n\n\n\n<p><span style=\"font-weight: 400;\">Aquesta jornada del FTR t\u00e9 l\u2019objectiu de posar en relleu, lluny de qualsevol sentit competitiu, la qualitat de bona part dels treballs de recerca que es fan als nostres Instituts.<\/span><\/p>\n\n\n\n<figure class=\"wp-block-image aligncenter\"><a href=\"https:\/\/serveiseducatius.xtec.cat\/altemporda\/wp-content\/uploads\/usu1156\/2022\/10\/customLogo.png\"><img loading=\"lazy\" decoding=\"async\" width=\"950\" height=\"258\" src=\"https:\/\/serveiseducatius.xtec.cat\/altemporda\/wp-content\/uploads\/usu1156\/2022\/10\/customLogo.png\" alt=\"\" class=\"wp-image-18291\" srcset=\"https:\/\/serveiseducatius.xtec.cat\/altemporda\/wp-content\/uploads\/usu1156\/2022\/10\/customLogo.png 950w, https:\/\/serveiseducatius.xtec.cat\/altemporda\/wp-content\/uploads\/usu1156\/2022\/10\/customLogo-300x81.png 300w, https:\/\/serveiseducatius.xtec.cat\/altemporda\/wp-content\/uploads\/usu1156\/2022\/10\/customLogo-768x209.png 768w\" sizes=\"auto, (max-width: 950px) 100vw, 950px\" \/><\/a><\/figure>\n\n\n\n<hr class=\"wp-block-separator has-alpha-channel-opacity is-style-wide\"\/>\n\n\n\n<div id=\"1DFCB\" style=\"width:100%;max-width:600px;height:400px;display:none;\">\n<img decoding=\"async\" src=\"https:\/\/lh3.googleusercontent.com\/d\/1OftZYCQbA3KJTvMS9n6twEboXMExJmgB=w800-h600-no-\">\n<img decoding=\"async\" src=\"https:\/\/lh3.googleusercontent.com\/d\/1yugV2FzHipihz8ifNlUFlbtXtN3GnA0-=w800-h600-no-\">\n<img decoding=\"async\" src=\"https:\/\/lh3.googleusercontent.com\/d\/1UMjmddjl_-gpUAYJQBpIbkoVasxYRQJP=w800-h600-no-\">\n<img decoding=\"async\" src=\"https:\/\/lh3.googleusercontent.com\/d\/1zXBd8Rs-UUT5y_vPoxw54VfxIRfZjkGb=w800-h600-no-\">\n<img decoding=\"async\" src=\"https:\/\/lh3.googleusercontent.com\/d\/1mPK6oZ-a0PvLst24qIqebP37bVv2jB8w=w800-h600-no-\">\n<img decoding=\"async\" src=\"https:\/\/lh3.googleusercontent.com\/d\/1khNMBWQXfSpum9A0ZZSQfeEQ6XqYgOn2=w800-h600-no-\">\n<img decoding=\"async\" src=\"https:\/\/lh3.googleusercontent.com\/d\/1xxy_e-oIA2VMOrv8IiWm_pYMtgXshi_c=w800-h600-no-\">\n<img decoding=\"async\" src=\"https:\/\/lh3.googleusercontent.com\/d\/1y2jp4XamFP1-_c92a3mHbjzDBqyFbmEU=w800-h600-no-\">\n<img decoding=\"async\" src=\"https:\/\/lh3.googleusercontent.com\/d\/1zaRbfwFAUxpGjVNjfGDYcmGbp5q9QaB6=w800-h600-no-\">\n<img decoding=\"async\" src=\"https:\/\/lh3.googleusercontent.com\/d\/1boRQYdwuVJ5WZi98uMICI_jYAYsd5DSc=w800-h600-no-\">\n<img decoding=\"async\" src=\"https:\/\/lh3.googleusercontent.com\/d\/10ytXt510iGKT4GKrXkRXOHx-05j0TBez=w800-h600-no-\">\n<img decoding=\"async\" src=\"https:\/\/lh3.googleusercontent.com\/d\/16mFoyy-dijNHq3WRf8kmvpnRXc2qU75N=w800-h600-no-\">\n<img decoding=\"async\" src=\"https:\/\/lh3.googleusercontent.com\/d\/1aU3-Ac4siaHQuXpgcv8ZzKMG529H0OC6=w800-h600-no-\">\n<img decoding=\"async\" src=\"https:\/\/lh3.googleusercontent.com\/d\/1Le64MjxmYUQ-g3WBy9MG-2ocN2yP_nnV=w800-h600-no-\">\n<img decoding=\"async\" src=\"https:\/\/lh3.googleusercontent.com\/d\/1MFPYqnnIKQ_kA2gdCuPa8nJM9Y51-R7x=w800-h600-no-\">\n<img decoding=\"async\" src=\"https:\/\/lh3.googleusercontent.com\/d\/1Hlr_nC-mS-tTTv5Ech6LbY8O1Vg5KQOz=w800-h600-no-\">\n<img decoding=\"async\" src=\"https:\/\/lh3.googleusercontent.com\/d\/1NdOc-p5CRq88IbH72VadAutbKy1qNRb7=w800-h600-no-\">\n<img decoding=\"async\" src=\"https:\/\/lh3.googleusercontent.com\/d\/19y64o3mbGVBFZUg4c3qfxmiGqv3f3tO-=w800-h600-no-\">\n<img decoding=\"async\" src=\"https:\/\/lh3.googleusercontent.com\/d\/1KwPtDPr26xceO5s9fppMO0Sl-M5chAaM=w800-h600-no-\">\n<img decoding=\"async\" src=\"https:\/\/lh3.googleusercontent.com\/d\/1YLm_xygFz8laLYVX6gn7t5VTsZK4fYS4=w800-h600-no-\">\n<img decoding=\"async\" src=\"https:\/\/lh3.googleusercontent.com\/d\/18q6X8ww-pUUY43i2NX75Lbq9wy1Ahrwv=w800-h600-no-\">\n<img decoding=\"async\" src=\"https:\/\/lh3.googleusercontent.com\/d\/1XFrEoIfsIg9QMjR2Kn-pSt5LKHcxfVcT=w800-h600-no-\">\n<img decoding=\"async\" src=\"https:\/\/lh3.googleusercontent.com\/d\/1cRqbwUZLHRI2freBDfFsdrMxi7cMc7rx=w800-h600-no-\">\n<img decoding=\"async\" src=\"https:\/\/lh3.googleusercontent.com\/d\/1WjprMGRQjo4z5nH9HrU9x3A83P0aTty4=w800-h600-no-\">\n<img decoding=\"async\" src=\"https:\/\/lh3.googleusercontent.com\/d\/1kFxdsg-MT-tz_V5YMTK_b-D1qM9WeRvc=w800-h600-no-\">\n<img decoding=\"async\" src=\"https:\/\/lh3.googleusercontent.com\/d\/1idjGleLBCYhHJF8tH60juPlbSwVQroGi=w800-h600-no-\">\n<img decoding=\"async\" src=\"https:\/\/lh3.googleusercontent.com\/d\/1rlUXIaL_5px_0UN4BiK7vL3rJy0CTXu-=w800-h600-no-\">\n<img decoding=\"async\" src=\"https:\/\/lh3.googleusercontent.com\/d\/1mDvbVr8t_8tYURW1GuR4XaZAHZCo_WAr=w800-h600-no-\">\n<img decoding=\"async\" src=\"https:\/\/lh3.googleusercontent.com\/d\/1QjuxZkToCVZPR-rzz-fOI0YWNYC0zDtS=w800-h600-no-\">\n<img decoding=\"async\" src=\"https:\/\/lh3.googleusercontent.com\/d\/14tnl-04d1TiNlNtIcliWqRjV4eVD9H1N=w800-h600-no-\">\n<img decoding=\"async\" src=\"https:\/\/lh3.googleusercontent.com\/d\/1jYjJeiPI4pgPx6SfmKkfDkcNXJ9-IdlN=w800-h600-no-\">\n<img decoding=\"async\" src=\"https:\/\/lh3.googleusercontent.com\/d\/1FG3-XMSqqE7cfd7DsVl3bVr4YVVxO7A3=w800-h600-no-\">\n<img decoding=\"async\" src=\"https:\/\/lh3.googleusercontent.com\/d\/1XB7vgjI7Gos9jGnBDlsyn34dChxjCyeX=w800-h600-no-\">\n<img decoding=\"async\" src=\"https:\/\/lh3.googleusercontent.com\/d\/186iEi45hiUbHrEvO4Fg-Uiktl13mBQA2=w800-h600-no-\">\n<\/div>\n<script type=\"text\/javascript\" src=\"https:\/\/cdnjs.cloudflare.com\/ajax\/libs\/jquery\/3.6.1\/jquery.min.js\"><\/script>\n<script>\n  (MyGalleries=(typeof MyGalleries === 'undefined' ? [] : MyGalleries)).push({gallId:'#1DFCB',autoplay:true,lightbox:true,debug:false,popupLinks:true});\n  if(typeof GalleryLoaded === 'undefined'){\n    GalleryLoaded = jQuery(function(){\n      jQuery.ajax({url:'https:\/\/cdnjs.cloudflare.com\/ajax\/libs\/galleria\/1.6.1\/galleria.min.js',dataType:'script',cache:true}).done(function(){\n        Galleria.loadTheme('https:\/\/cdnjs.cloudflare.com\/ajax\/libs\/galleria\/1.6.1\/themes\/classic\/galleria.classic.js');\n        for(var n in MyGalleries){\n          Galleria.run(MyGalleries[n].gallId, MyGalleries[n]);\n          jQuery(MyGalleries[n].gallId).css('display','block');\n        }\n      });\n    });\n  }\n<\/script>\n\n\n\n<p><\/p>\n","protected":false},"excerpt":{"rendered":"<p>Enguany es porta a terme el XVI F\u00f2rum de Treballs de Recerca de l\u2019Alt Empord\u00e0 de la m\u00e0 del grup de treball de coordinaci\u00f3 de batxillerat de l&#8217;Alt Empord\u00e0, constitu\u00eft per coordinadors i coordinadores de batxillerat de tots els instituts de la comarca. El XVI F\u00f2rum de treballs de recerca de l\u2019Alt Empord\u00e0 es portar\u00e0 [&hellip;]<\/p>\n","protected":false},"author":4,"featured_media":0,"parent":13343,"menu_order":0,"comment_status":"closed","ping_status":"closed","template":"","meta":{"_bbp_topic_count":0,"_bbp_reply_count":0,"_bbp_total_topic_count":0,"_bbp_total_reply_count":0,"_bbp_voice_count":0,"_bbp_anonymous_reply_count":0,"_bbp_topic_count_hidden":0,"_bbp_reply_count_hidden":0,"_bbp_forum_subforum_count":0,"site-sidebar-layout":"default","site-content-layout":"","ast-site-content-layout":"default","site-content-style":"default","site-sidebar-style":"default","ast-global-header-display":"","ast-banner-title-visibility":"","ast-main-header-display":"","ast-hfb-above-header-display":"","ast-hfb-below-header-display":"","ast-hfb-mobile-header-display":"","site-post-title":"","ast-breadcrumbs-content":"","ast-featured-img":"","footer-sml-layout":"","theme-transparent-header-meta":"","adv-header-id-meta":"","stick-header-meta":"","header-above-stick-meta":"","header-main-stick-meta":"","header-below-stick-meta":"","astra-migrate-meta-layouts":"set","ast-page-background-enabled":"default","ast-page-background-meta":{"desktop":{"background-color":"var(--ast-global-color-4)","background-image":"","background-repeat":"repeat","background-position":"center center","background-size":"auto","background-attachment":"scroll","background-type":"","background-media":"","overlay-type":"","overlay-color":"","overlay-opacity":"","overlay-gradient":""},"tablet":{"background-color":"","background-image":"","background-repeat":"repeat","background-position":"center center","background-size":"auto","background-attachment":"scroll","background-type":"","background-media":"","overlay-type":"","overlay-color":"","overlay-opacity":"","overlay-gradient":""},"mobile":{"background-color":"","background-image":"","background-repeat":"repeat","background-position":"center center","background-size":"auto","background-attachment":"scroll","background-type":"","background-media":"","overlay-type":"","overlay-color":"","overlay-opacity":"","overlay-gradient":""}},"ast-content-background-meta":{"desktop":{"background-color":"var(--ast-global-color-5)","background-image":"","background-repeat":"repeat","background-position":"center center","background-size":"auto","background-attachment":"scroll","background-type":"","background-media":"","overlay-type":"","overlay-color":"","overlay-opacity":"","overlay-gradient":""},"tablet":{"background-color":"var(--ast-global-color-5)","background-image":"","background-repeat":"repeat","background-position":"center center","background-size":"auto","background-attachment":"scroll","background-type":"","background-media":"","overlay-type":"","overlay-color":"","overlay-opacity":"","overlay-gradient":""},"mobile":{"background-color":"var(--ast-global-color-5)","background-image":"","background-repeat":"repeat","background-position":"center center","background-size":"auto","background-attachment":"scroll","background-type":"","background-media":"","overlay-type":"","overlay-color":"","overlay-opacity":"","overlay-gradient":""}},"footnotes":""},"class_list":["post-24805","page","type-page","status-publish","hentry"],"post_mailing_queue_ids":[],"_links":{"self":[{"href":"https:\/\/serveiseducatius.xtec.cat\/altemporda\/wp-json\/wp\/v2\/pages\/24805","targetHints":{"allow":["GET"]}}],"collection":[{"href":"https:\/\/serveiseducatius.xtec.cat\/altemporda\/wp-json\/wp\/v2\/pages"}],"about":[{"href":"https:\/\/serveiseducatius.xtec.cat\/altemporda\/wp-json\/wp\/v2\/types\/page"}],"author":[{"embeddable":true,"href":"https:\/\/serveiseducatius.xtec.cat\/altemporda\/wp-json\/wp\/v2\/users\/4"}],"replies":[{"embeddable":true,"href":"https:\/\/serveiseducatius.xtec.cat\/altemporda\/wp-json\/wp\/v2\/comments?post=24805"}],"version-history":[{"count":5,"href":"https:\/\/serveiseducatius.xtec.cat\/altemporda\/wp-json\/wp\/v2\/pages\/24805\/revisions"}],"predecessor-version":[{"id":27500,"href":"https:\/\/serveiseducatius.xtec.cat\/altemporda\/wp-json\/wp\/v2\/pages\/24805\/revisions\/27500"}],"up":[{"embeddable":true,"href":"https:\/\/serveiseducatius.xtec.cat\/altemporda\/wp-json\/wp\/v2\/pages\/13343"}],"wp:attachment":[{"href":"https:\/\/serveiseducatius.xtec.cat\/altemporda\/wp-json\/wp\/v2\/media?parent=24805"}],"curies":[{"name":"wp","href":"https:\/\/api.w.org\/{rel}","templated":true}]}}