{"id":24630,"date":"2025-01-16T16:26:37","date_gmt":"2025-01-16T15:26:37","guid":{"rendered":"https:\/\/serveiseducatius.xtec.cat\/altemporda\/?page_id=24630"},"modified":"2025-01-23T08:26:06","modified_gmt":"2025-01-23T07:26:06","slug":"reading-aloud-2023-2024","status":"publish","type":"page","link":"https:\/\/serveiseducatius.xtec.cat\/altemporda\/english-time\/reading-aloud-contest\/reading-aloud-2023-2024\/","title":{"rendered":"Reading Aloud 2023-2024"},"content":{"rendered":"<p><a href=\"https:\/\/serveiseducatius.xtec.cat\/altemporda\/wp-content\/uploads\/usu1156\/2024\/02\/Reading-aloud.jpg\"><img loading=\"lazy\" decoding=\"async\" class=\" wp-image-22567 aligncenter\" src=\"https:\/\/serveiseducatius.xtec.cat\/altemporda\/wp-content\/uploads\/usu1156\/2024\/02\/Reading-aloud.jpg\" alt=\"\" width=\"530\" height=\"239\" srcset=\"https:\/\/serveiseducatius.xtec.cat\/altemporda\/wp-content\/uploads\/usu1156\/2024\/02\/Reading-aloud.jpg 694w, https:\/\/serveiseducatius.xtec.cat\/altemporda\/wp-content\/uploads\/usu1156\/2024\/02\/Reading-aloud-300x135.jpg 300w\" sizes=\"auto, (max-width: 530px) 100vw, 530px\" \/><\/a><br \/>\nDivendres, 1 de mar\u00e7 de 2024 a les 17.30 h, es va celebrar el primer Certamen de lectura en llengua anglesa a l&#8217;institut Narc\u00eds Monturiol de Figueres. S&#8217;adre\u00e7a a tot l&#8217;alumnat de 4t d&#8217;ESO de la comarca.<\/p>\n<p style=\"background-color: #a3c537; font-size: 1.5em; color: black; text-align: center;\">Rules and rubrics<\/p>\n<table style=\"border-collapse: collapse; width: 100%; height: 687px;\">\n<tbody>\n<tr style=\"height: 687px;\">\n<td style=\"width: 50%; border-style: hidden; text-align: center; height: 687px;\"><iframe loading=\"lazy\" style=\"border: 0px #ffffff none;\" src=\"https:\/\/drive.google.com\/file\/d\/1YumneRRuJWUBrzuoWc_qNoOqopCyP4lV\/preview\" name=\"myiFrame\" width=\"500px\" height=\"650px\" frameborder=\"1\" marginwidth=\"0px\" marginheight=\"0px\" scrolling=\"no\" allowfullscreen=\"allowfullscreen\"><\/iframe><br \/>\n<span style=\"color: #0000ff;\"><strong>Rules<\/strong><\/span><\/td>\n<td style=\"width: 50%; border-style: hidden; text-align: center; height: 687px;\"><iframe loading=\"lazy\" style=\"border: 0px #ffffff none;\" src=\"https:\/\/drive.google.com\/file\/d\/1uwLDEET2M7BWHJFaCATjlplnB281jlWV\/preview\" name=\"myiFrame\" width=\"600px\" height=\"400px\" frameborder=\"1\" marginwidth=\"0px\" marginheight=\"0px\" scrolling=\"no\" allowfullscreen=\"allowfullscreen\">&amp;amp;amp;amp;amp;amp;amp;amp;amp;amp;amp;amp;amp;amp;amp;amp;amp;amp;lt;span data-mce-type=&#8221;bookmark&#8221; style=&#8221;display: inline-block; width: 0px; overflow: hidden; line-height: 0;&#8221; class=&#8221;mce_SELRES_start&#8221;&amp;amp;amp;amp;amp;amp;amp;amp;amp;amp;amp;amp;amp;amp;amp;amp;amp;amp;gt;\ufeff&amp;amp;amp;amp;amp;amp;amp;amp;amp;amp;amp;amp;amp;amp;amp;amp;amp;amp;lt;\/span&amp;amp;amp;amp;amp;amp;amp;amp;amp;amp;amp;amp;amp;amp;amp;amp;amp;amp;gt;<\/iframe><br \/>\n<span style=\"color: #0000ff;\"><strong>Rubrics<\/strong><\/span><\/td>\n<\/tr>\n<\/tbody>\n<\/table>\n<p style=\"background-color: #a3c537; font-size: 1.5em; color: black; text-align: center;\">Photo collection<\/p>\n<div style=\"display: flex; align-items: center; justify-content: center;\">\n<div id=\"2B297\" style=\"width: 100%; max-width: 600px; height: 400px; display: none;\">\n<p><img decoding=\"async\" src=\"https:\/\/lh3.googleusercontent.com\/d\/1D9FLJTT4ddhcn8zLUnYHcZ2fBpYgZTR3=w500\" \/><br \/>\n<img decoding=\"async\" src=\"https:\/\/lh3.googleusercontent.com\/d\/1DE56WzxcpGSB_TPIsdpGWxP0S2dM2f68=w500\" \/><br \/>\n<img decoding=\"async\" src=\"https:\/\/lh3.googleusercontent.com\/d\/1DGe5FKmHz1ER5Qjl_sjp46yelvfEZk_u=w500\" \/><br \/>\n<img decoding=\"async\" src=\"https:\/\/lh3.googleusercontent.com\/d\/1DHZelxbjzq0RnrxZ5gc8xTpNtqxDquVQ=w500\" \/><br \/>\n<img decoding=\"async\" src=\"https:\/\/lh3.googleusercontent.com\/d\/1DLOklNkBkvlLyeicxPGYkRnHbsWT7wKI=w500\" \/><br \/>\n<img decoding=\"async\" src=\"https:\/\/lh3.googleusercontent.com\/d\/1DMW9j1cAnQYOOLEhhnkKKofrV7CmNAdM=w500\" \/><br \/>\n<img decoding=\"async\" src=\"https:\/\/lh3.googleusercontent.com\/d\/1DMlodG9x06-IrWB08DB-MepGiNvgSL4v=w500\" \/><br \/>\n<img decoding=\"async\" src=\"https:\/\/lh3.googleusercontent.com\/d\/1DRUXjtCDzknqhnEA2FoSDCP6Gvk9IXyi=w500\" \/><br \/>\n<img decoding=\"async\" src=\"https:\/\/lh3.googleusercontent.com\/d\/1DUMa4HdVrICA0n2ynYKPhzroUxLyE_bX=w500\" \/><br \/>\n<img decoding=\"async\" src=\"https:\/\/lh3.googleusercontent.com\/d\/1DVox0O0UnrM5xcQ-AMlAkUgbC7JQFHny=w500\" \/><br \/>\n<img decoding=\"async\" src=\"https:\/\/lh3.googleusercontent.com\/d\/1DZYFnv1fa8LB9jrbx3Md36ZH8kJI7F5C=w500\" \/><br \/>\n<img decoding=\"async\" src=\"https:\/\/lh3.googleusercontent.com\/d\/1D_mo-gYjU9SsuvNpw_1dM0P7DZyN8apv=w500\" \/><br \/>\n<img decoding=\"async\" src=\"https:\/\/lh3.googleusercontent.com\/d\/1DfHurxQOSM_-lWjwB7-8yhPeoqsfN-sx=w500\" \/><br \/>\n<img decoding=\"async\" src=\"https:\/\/lh3.googleusercontent.com\/d\/1DgKtC8eqF4qwNeyoiyLxdvS7Lpv546Mu=w500\" \/><br \/>\n<img decoding=\"async\" src=\"https:\/\/lh3.googleusercontent.com\/d\/1Dgbv6jBHgLFxykJu1ZD6NsAnhrha0LfW=w500\" \/><br \/>\n<img decoding=\"async\" src=\"https:\/\/lh3.googleusercontent.com\/d\/1DgscYQ4MMuIfGSbwFoBlxNzvoAtiIUlM=w500\" \/><br \/>\n<img decoding=\"async\" src=\"https:\/\/lh3.googleusercontent.com\/d\/1Dl80Zp_-TWQWkbasvGwFW7p_FRig7Nb7=w500\" \/><br \/>\n<img decoding=\"async\" src=\"https:\/\/lh3.googleusercontent.com\/d\/1Dmf2akcLCoMtny4Odtf6I8J3WRjIlimk=w500\" \/><br \/>\n<img decoding=\"async\" src=\"https:\/\/lh3.googleusercontent.com\/d\/1DnbNa2d8ziaNyhHFvFVtn2bBoQNc3177=w500\" \/><br \/>\n<img decoding=\"async\" src=\"https:\/\/lh3.googleusercontent.com\/d\/1DzNwvIUamY02ebNbWumC1vR3qFGBwB_5=w500\" \/><br \/>\n<img decoding=\"async\" src=\"https:\/\/lh3.googleusercontent.com\/d\/1E0yG6q-dgi5NPiMoiAwPDrVWdb79scah=w500\" \/><br \/>\n<img decoding=\"async\" src=\"https:\/\/lh3.googleusercontent.com\/d\/1E8f82HO8ep1m15TbbIJvi1-I9vmnwFFA=w500\" \/><br \/>\n<img decoding=\"async\" src=\"https:\/\/lh3.googleusercontent.com\/d\/1EC2BFu2B1Bc5DynXheRP9xHPOpgErty0=w500\" \/><br \/>\n<img decoding=\"async\" src=\"https:\/\/lh3.googleusercontent.com\/d\/1EIMNk8OKj4QSisw6-OfvB4p0D5c5p6WM=w500\" \/><br \/>\n<img decoding=\"async\" src=\"https:\/\/lh3.googleusercontent.com\/d\/1EOyHmNLQiO5sBBnigMZqBU-7ryFsg0Kg=w500\" \/><br \/>\n<img decoding=\"async\" src=\"https:\/\/lh3.googleusercontent.com\/d\/1ERgct0WjY8iesvgoxRGvnuTpnoTUMS9D=w500\" \/><br \/>\n<img decoding=\"async\" src=\"https:\/\/lh3.googleusercontent.com\/d\/1EcF89vL57mnvzo7Dnlu6o65vWYHjIVBc=w500\" \/><br \/>\n<img decoding=\"async\" src=\"https:\/\/lh3.googleusercontent.com\/d\/1EkmayXYEm_TAsk3IjHUFKmv0krINrwWE=w500\" \/><br \/>\n<img decoding=\"async\" src=\"https:\/\/lh3.googleusercontent.com\/d\/1EnZZQFrk0N7PQjSr6Vya0PVaoHs7d8R9=w500\" \/><\/p>\n<\/div>\n<p><script type=\"text\/javascript\" src=\"https:\/\/cdnjs.cloudflare.com\/ajax\/libs\/jquery\/3.6.1\/jquery.min.js\"><\/script><br \/>\n<script>\n  (MyGalleries=(typeof MyGalleries === 'undefined' ? [] : MyGalleries)).push({gallId:'#2B297',autoplay:true,lightbox:true,debug:false,popupLinks:true});\n  if(typeof GalleryLoaded === 'undefined'){\n    GalleryLoaded = jQuery(function(){\n      jQuery.ajax({url:'https:\/\/cdnjs.cloudflare.com\/ajax\/libs\/galleria\/1.6.1\/galleria.min.js',dataType:'script',cache:true}).done(function(){\n        Galleria.loadTheme('https:\/\/cdnjs.cloudflare.com\/ajax\/libs\/galleria\/1.6.1\/themes\/classic\/galleria.classic.js');\n        for(var n in MyGalleries){\n          Galleria.run(MyGalleries[n].gallId, MyGalleries[n]);\n          jQuery(MyGalleries[n].gallId).css('display','block');\n        }\n      });\n    });\n  }\n<\/script><\/p>\n<\/div>\n","protected":false},"excerpt":{"rendered":"<p>Divendres, 1 de mar\u00e7 de 2024 a les 17.30 h, es va celebrar el primer Certamen de lectura en llengua anglesa a l&#8217;institut Narc\u00eds Monturiol de Figueres. S&#8217;adre\u00e7a a tot l&#8217;alumnat de 4t d&#8217;ESO de la comarca. Rules and rubrics Rules &amp;amp;amp;amp;amp;amp;amp;amp;amp;amp;amp;amp;amp;amp;amp;amp;amp;amp;lt;span data-mce-type=&#8221;bookmark&#8221; style=&#8221;display: inline-block; width: 0px; overflow: hidden; line-height: 0;&#8221; class=&#8221;mce_SELRES_start&#8221;&amp;amp;amp;amp;amp;amp;amp;amp;amp;amp;amp;amp;amp;amp;amp;amp;amp;amp;gt;\ufeff&amp;amp;amp;amp;amp;amp;amp;amp;amp;amp;amp;amp;amp;amp;amp;amp;amp;amp;lt;\/span&amp;amp;amp;amp;amp;amp;amp;amp;amp;amp;amp;amp;amp;amp;amp;amp;amp;amp;gt; Rubrics Photo collection<\/p>\n","protected":false},"author":4,"featured_media":0,"parent":23465,"menu_order":0,"comment_status":"closed","ping_status":"closed","template":"","meta":{"_bbp_topic_count":0,"_bbp_reply_count":0,"_bbp_total_topic_count":0,"_bbp_total_reply_count":0,"_bbp_voice_count":0,"_bbp_anonymous_reply_count":0,"_bbp_topic_count_hidden":0,"_bbp_reply_count_hidden":0,"_bbp_forum_subforum_count":0,"site-sidebar-layout":"default","site-content-layout":"","ast-site-content-layout":"","site-content-style":"default","site-sidebar-style":"default","ast-global-header-display":"","ast-banner-title-visibility":"","ast-main-header-display":"","ast-hfb-above-header-display":"","ast-hfb-below-header-display":"","ast-hfb-mobile-header-display":"","site-post-title":"","ast-breadcrumbs-content":"","ast-featured-img":"","footer-sml-layout":"","theme-transparent-header-meta":"","adv-header-id-meta":"","stick-header-meta":"","header-above-stick-meta":"","header-main-stick-meta":"","header-below-stick-meta":"","astra-migrate-meta-layouts":"default","ast-page-background-enabled":"default","ast-page-background-meta":{"desktop":{"background-color":"var(--ast-global-color-4)","background-image":"","background-repeat":"repeat","background-position":"center center","background-size":"auto","background-attachment":"scroll","background-type":"","background-media":"","overlay-type":"","overlay-color":"","overlay-opacity":"","overlay-gradient":""},"tablet":{"background-color":"","background-image":"","background-repeat":"repeat","background-position":"center center","background-size":"auto","background-attachment":"scroll","background-type":"","background-media":"","overlay-type":"","overlay-color":"","overlay-opacity":"","overlay-gradient":""},"mobile":{"background-color":"","background-image":"","background-repeat":"repeat","background-position":"center center","background-size":"auto","background-attachment":"scroll","background-type":"","background-media":"","overlay-type":"","overlay-color":"","overlay-opacity":"","overlay-gradient":""}},"ast-content-background-meta":{"desktop":{"background-color":"var(--ast-global-color-5)","background-image":"","background-repeat":"repeat","background-position":"center center","background-size":"auto","background-attachment":"scroll","background-type":"","background-media":"","overlay-type":"","overlay-color":"","overlay-opacity":"","overlay-gradient":""},"tablet":{"background-color":"var(--ast-global-color-5)","background-image":"","background-repeat":"repeat","background-position":"center center","background-size":"auto","background-attachment":"scroll","background-type":"","background-media":"","overlay-type":"","overlay-color":"","overlay-opacity":"","overlay-gradient":""},"mobile":{"background-color":"var(--ast-global-color-5)","background-image":"","background-repeat":"repeat","background-position":"center center","background-size":"auto","background-attachment":"scroll","background-type":"","background-media":"","overlay-type":"","overlay-color":"","overlay-opacity":"","overlay-gradient":""}},"footnotes":""},"class_list":["post-24630","page","type-page","status-publish","hentry"],"post_mailing_queue_ids":[],"_links":{"self":[{"href":"https:\/\/serveiseducatius.xtec.cat\/altemporda\/wp-json\/wp\/v2\/pages\/24630","targetHints":{"allow":["GET"]}}],"collection":[{"href":"https:\/\/serveiseducatius.xtec.cat\/altemporda\/wp-json\/wp\/v2\/pages"}],"about":[{"href":"https:\/\/serveiseducatius.xtec.cat\/altemporda\/wp-json\/wp\/v2\/types\/page"}],"author":[{"embeddable":true,"href":"https:\/\/serveiseducatius.xtec.cat\/altemporda\/wp-json\/wp\/v2\/users\/4"}],"replies":[{"embeddable":true,"href":"https:\/\/serveiseducatius.xtec.cat\/altemporda\/wp-json\/wp\/v2\/comments?post=24630"}],"version-history":[{"count":6,"href":"https:\/\/serveiseducatius.xtec.cat\/altemporda\/wp-json\/wp\/v2\/pages\/24630\/revisions"}],"predecessor-version":[{"id":24734,"href":"https:\/\/serveiseducatius.xtec.cat\/altemporda\/wp-json\/wp\/v2\/pages\/24630\/revisions\/24734"}],"up":[{"embeddable":true,"href":"https:\/\/serveiseducatius.xtec.cat\/altemporda\/wp-json\/wp\/v2\/pages\/23465"}],"wp:attachment":[{"href":"https:\/\/serveiseducatius.xtec.cat\/altemporda\/wp-json\/wp\/v2\/media?parent=24630"}],"curies":[{"name":"wp","href":"https:\/\/api.w.org\/{rel}","templated":true}]}}