{"id":24368,"date":"2024-12-13T10:07:55","date_gmt":"2024-12-13T09:07:55","guid":{"rendered":"https:\/\/serveiseducatius.xtec.cat\/altemporda\/?page_id=24368"},"modified":"2024-12-17T09:12:32","modified_gmt":"2024-12-17T08:12:32","slug":"treballar-per-projectes-o-fer-projectes","status":"publish","type":"page","link":"https:\/\/serveiseducatius.xtec.cat\/altemporda\/equips-directius\/treballar-per-projectes-o-fer-projectes\/","title":{"rendered":"Treballar per projectes o fer projectes?"},"content":{"rendered":"<p><img loading=\"lazy\" decoding=\"async\" class=\" wp-image-24369 alignleft\" src=\"https:\/\/serveiseducatius.xtec.cat\/altemporda\/wp-content\/uploads\/usu1156\/2024\/12\/NB.png\" alt=\"\" width=\"204\" height=\"166\" srcset=\"https:\/\/serveiseducatius.xtec.cat\/altemporda\/wp-content\/uploads\/usu1156\/2024\/12\/NB.png 549w, https:\/\/serveiseducatius.xtec.cat\/altemporda\/wp-content\/uploads\/usu1156\/2024\/12\/NB-300x244.png 300w\" sizes=\"auto, (max-width: 204px) 100vw, 204px\" \/><\/p>\n<p><strong>Nati Bergad\u00e0:<\/strong> mestra d\u2019educaci\u00f3 especial per la Universitat de Vic (UVic) i Llicenciada en Psicopedagogia per la Universitat Oberta de Catalunya (UOC). M\u00e0ster en innovaci\u00f3 educativa en l\u2019especialitat de ci\u00e8ncies per la UVic (Innovaci\u00f3 en Did\u00e0ctiques Espec\u00edfiques) . Fa 15 anys que treballo com a mestra al departament d\u2019ensenyament de la Generalitat de Catalunya. En aquests anys he pogut treballar en escoles molt diverses.<br \/>\nTamb\u00e9 faig formaci\u00f3 de mestres amb el CIFE (UVic) i amb els centres de recursos pedag\u00f2gics.<\/p>\n<p>&nbsp;<\/p>\n<h4>Formaci\u00f3 en centre: El treball per projectes.<\/h4>\n<p><strong>Descriptor:<\/strong> Els canvis socials del moment, les situacions familiars dels infants, la gran pres\u00e8ncia de les noves tecnologies, el ritme de vida que portem tots\u2026 comporta que educar als nostres alumnes sigui un gran repte.<\/p>\n<p>Sovint veiem a les nostres aules com els infants estan desmotivats, passius, despistats. Ens costa que s\u2019impliquin en el que treballem, que vulguin aprendre, que s\u2019esforcin, que es motivin\u2026 En aquesta formaci\u00f3 vull parlar del <strong>treball per projectes<\/strong>, una manera d\u2019entendre l\u2019educaci\u00f3 que defenso molt i que considero que \u00e9s el gran remei que necessiten les nostres escoles.<\/p>\n<h4>Objectius:<\/h4>\n<ul>\n<li>Generar continguts de debat dins dels claustres dels centres de la comarca.<\/li>\n<\/ul>\n<h4>Confer\u00e8ncia<\/h4>\n<div style=\"display: flex; align-items: center; justify-content: center;\"><iframe loading=\"lazy\" style=\"border: 0px #ffffff none;\" src=\"https:\/\/drive.google.com\/file\/d\/1dCvuPZ9fLLQVd0ijy1JqclgTlLWSkv4K\/preview\" name=\"myiFrame\" width=\"60%\" height=\"350px\" frameborder=\"1\" marginwidth=\"0px\" marginheight=\"0px\" scrolling=\"no\" allowfullscreen=\"allowfullscreen\"><\/iframe><\/div>\n<hr \/>\n<h4>Calendari de confer\u00e8ncies a centre.<\/h4>\n<div style=\"display: flex; align-items: center; justify-content: center;\"><iframe loading=\"lazy\" style=\"border: 0px #ffffff none;\" src=\"https:\/\/drive.google.com\/file\/d\/176N7Th34j5KCcCa-WfDs4F-UOpURSwlg\/preview\" name=\"myiFrame\" width=\"600px\" height=\"800px\" frameborder=\"1\" marginwidth=\"0px\" marginheight=\"0px\" scrolling=\"no\" allowfullscreen=\"allowfullscreen\"><\/iframe><\/div>\n","protected":false},"excerpt":{"rendered":"<p>Nati Bergad\u00e0: mestra d\u2019educaci\u00f3 especial per la Universitat de Vic (UVic) i Llicenciada en Psicopedagogia per la Universitat Oberta de Catalunya (UOC). M\u00e0ster en innovaci\u00f3 educativa en l\u2019especialitat de ci\u00e8ncies per la UVic (Innovaci\u00f3 en Did\u00e0ctiques Espec\u00edfiques) . Fa 15 anys que treballo com a mestra al departament d\u2019ensenyament de la Generalitat de Catalunya. En [&hellip;]<\/p>\n","protected":false},"author":4,"featured_media":0,"parent":8807,"menu_order":0,"comment_status":"closed","ping_status":"closed","template":"page-templates\/side-menu.php","meta":{"_bbp_topic_count":0,"_bbp_reply_count":0,"_bbp_total_topic_count":0,"_bbp_total_reply_count":0,"_bbp_voice_count":0,"_bbp_anonymous_reply_count":0,"_bbp_topic_count_hidden":0,"_bbp_reply_count_hidden":0,"_bbp_forum_subforum_count":0,"site-sidebar-layout":"default","site-content-layout":"","ast-site-content-layout":"","site-content-style":"default","site-sidebar-style":"default","ast-global-header-display":"","ast-banner-title-visibility":"","ast-main-header-display":"","ast-hfb-above-header-display":"","ast-hfb-below-header-display":"","ast-hfb-mobile-header-display":"","site-post-title":"","ast-breadcrumbs-content":"","ast-featured-img":"","footer-sml-layout":"","theme-transparent-header-meta":"","adv-header-id-meta":"","stick-header-meta":"","header-above-stick-meta":"","header-main-stick-meta":"","header-below-stick-meta":"","astra-migrate-meta-layouts":"default","ast-page-background-enabled":"default","ast-page-background-meta":{"desktop":{"background-color":"var(--ast-global-color-4)","background-image":"","background-repeat":"repeat","background-position":"center center","background-size":"auto","background-attachment":"scroll","background-type":"","background-media":"","overlay-type":"","overlay-color":"","overlay-opacity":"","overlay-gradient":""},"tablet":{"background-color":"","background-image":"","background-repeat":"repeat","background-position":"center center","background-size":"auto","background-attachment":"scroll","background-type":"","background-media":"","overlay-type":"","overlay-color":"","overlay-opacity":"","overlay-gradient":""},"mobile":{"background-color":"","background-image":"","background-repeat":"repeat","background-position":"center center","background-size":"auto","background-attachment":"scroll","background-type":"","background-media":"","overlay-type":"","overlay-color":"","overlay-opacity":"","overlay-gradient":""}},"ast-content-background-meta":{"desktop":{"background-color":"var(--ast-global-color-5)","background-image":"","background-repeat":"repeat","background-position":"center center","background-size":"auto","background-attachment":"scroll","background-type":"","background-media":"","overlay-type":"","overlay-color":"","overlay-opacity":"","overlay-gradient":""},"tablet":{"background-color":"var(--ast-global-color-5)","background-image":"","background-repeat":"repeat","background-position":"center center","background-size":"auto","background-attachment":"scroll","background-type":"","background-media":"","overlay-type":"","overlay-color":"","overlay-opacity":"","overlay-gradient":""},"mobile":{"background-color":"var(--ast-global-color-5)","background-image":"","background-repeat":"repeat","background-position":"center center","background-size":"auto","background-attachment":"scroll","background-type":"","background-media":"","overlay-type":"","overlay-color":"","overlay-opacity":"","overlay-gradient":""}},"footnotes":""},"class_list":["post-24368","page","type-page","status-publish","hentry"],"post_mailing_queue_ids":[],"_links":{"self":[{"href":"https:\/\/serveiseducatius.xtec.cat\/altemporda\/wp-json\/wp\/v2\/pages\/24368","targetHints":{"allow":["GET"]}}],"collection":[{"href":"https:\/\/serveiseducatius.xtec.cat\/altemporda\/wp-json\/wp\/v2\/pages"}],"about":[{"href":"https:\/\/serveiseducatius.xtec.cat\/altemporda\/wp-json\/wp\/v2\/types\/page"}],"author":[{"embeddable":true,"href":"https:\/\/serveiseducatius.xtec.cat\/altemporda\/wp-json\/wp\/v2\/users\/4"}],"replies":[{"embeddable":true,"href":"https:\/\/serveiseducatius.xtec.cat\/altemporda\/wp-json\/wp\/v2\/comments?post=24368"}],"version-history":[{"count":4,"href":"https:\/\/serveiseducatius.xtec.cat\/altemporda\/wp-json\/wp\/v2\/pages\/24368\/revisions"}],"predecessor-version":[{"id":24427,"href":"https:\/\/serveiseducatius.xtec.cat\/altemporda\/wp-json\/wp\/v2\/pages\/24368\/revisions\/24427"}],"up":[{"embeddable":true,"href":"https:\/\/serveiseducatius.xtec.cat\/altemporda\/wp-json\/wp\/v2\/pages\/8807"}],"wp:attachment":[{"href":"https:\/\/serveiseducatius.xtec.cat\/altemporda\/wp-json\/wp\/v2\/media?parent=24368"}],"curies":[{"name":"wp","href":"https:\/\/api.w.org\/{rel}","templated":true}]}}