{"id":23919,"date":"2024-10-15T18:00:29","date_gmt":"2024-10-15T16:00:29","guid":{"rendered":"https:\/\/serveiseducatius.xtec.cat\/altemporda\/?page_id=23919"},"modified":"2025-05-22T18:34:03","modified_gmt":"2025-05-22T16:34:03","slug":"comd-2024-2025","status":"publish","type":"page","link":"https:\/\/serveiseducatius.xtec.cat\/altemporda\/cultura-digital\/xtcd-comissio-digital-de-centre\/comd-2024-2025\/","title":{"rendered":"COMD 2024-2025"},"content":{"rendered":"<p style=\"font-family: opendyslexic; text-align: center;\"><span style=\"font-size: 24pt; color: #087eb6;\">Acc\u00e9s a les sessions territorials:<\/span><\/p>\n<hr \/>\n<div class=\"fila;\" style=\"display: flex; align-items: center; justify-content: center;\">\n<div class=\"columna\" style=\"width: 20%; text-align: center;\"><a class=\"boto_taula\" style=\"color: #000000; display: flex; align-items: center; justify-content: center;\" href=\"https:\/\/serveiseducatius.xtec.cat\/altemporda\/cultura-digital\/xtcd-comissio-digital-de-centre\/comd-2024-2025\/comd-sessio-03-10-2024\/\" target=\"_blank\" rel=\"noopener noreferrer\"><span style=\"font-size: 1.25em; font-family: opendyslexic;\"><strong>Sessi\u00f3 1<\/strong><\/span><\/a><\/div>\n<div class=\"columna\" style=\"width: 20%; text-align: center;\"><a class=\"boto_taula\" style=\"color: #000000; display: flex; align-items: center; justify-content: center;\" href=\"https:\/\/serveiseducatius.xtec.cat\/altemporda\/cultura-digital\/xtcd-comissio-digital-de-centre\/comd-2024-2025\/comd-sessio-28-11-2024\/\" target=\"_blank\" rel=\"noopener noreferrer\"><span style=\"font-size: 1.25em; font-family: opendyslexic;\"><strong>Sessi\u00f3 2<\/strong><\/span><\/a><\/div>\n<div class=\"columna\" style=\"width: 20%; text-align: center;\"><a class=\"boto_taula\" style=\"color: #000000; display: flex; align-items: center; justify-content: center;\" href=\"https:\/\/serveiseducatius.xtec.cat\/altemporda\/cultura-digital\/xtcd-comissio-digital-de-centre\/comd-2024-2025\/comd-sessio-3-30-01-2025\/\" target=\"_blank\" rel=\"noopener noreferrer\"><span style=\"font-size: 1.25em; font-family: opendyslexic;\"><strong>Sessi\u00f3 3<\/strong><\/span><\/a><\/div>\n<div class=\"columna\" style=\"width: 20%; text-align: center;\"><a class=\"boto_taula\" style=\"color: #000000; display: flex; align-items: center; justify-content: center;\" href=\"https:\/\/serveiseducatius.xtec.cat\/altemporda\/cultura-digital\/xtcd-comissio-digital-de-centre\/comd-2024-2025\/comd-sessio-3-30-01-2025\/\" target=\"_blank\" rel=\"noopener noreferrer\"><span style=\"font-size: 1.25em; font-family: opendyslexic;\"><strong>Sessi\u00f3 4<\/strong><\/span><\/a><\/div>\n<div class=\"columna\" style=\"width: 20%; text-align: center;\"><a class=\"boto_taula\" style=\"color: #000000; display: flex; align-items: center; justify-content: center;\" href=\"https:\/\/serveiseducatius.xtec.cat\/altemporda\/cultura-digital\/xtcd-comissio-digital-de-centre\/comd-2024-2025\/comd-sessio-5-22-05-2025\/\" target=\"_blank\" rel=\"noopener noreferrer\"><span style=\"font-size: 1.25em; font-family: opendyslexic;\"><strong>Sessi\u00f3 5<\/strong><\/span><\/a><\/div>\n<\/div>\n<hr \/>\n<div class=\"fila;\" style=\"display: flex; align-items: center; justify-content: center;\">\n<div class=\"columna\" style=\"width: 20%; text-align: center;\"><a class=\"boto_taula\" style=\"color: #000000; display: flex; align-items: center; justify-content: center;\" href=\"https:\/\/meet.google.com\/vcp-sjjm-ovc\" target=\"_blank\" rel=\"noopener noreferrer\"><span style=\"font-size: 1.25em; font-family: opendyslexic;\"><strong>Enlla\u00e7 al Meet<br \/>\nSessions territorials<\/strong><\/span><\/a><\/div>\n<\/div>\n<hr \/>\n<table style=\"width: 55.3869%; height: 314px;\" align=\"center\">\n<tbody>\n<tr>\n<td style=\"background-color: #d4cfcf; text-align: center; width: 50.9162%;\"><b>Seminari web<\/b><\/td>\n<td style=\"background-color: #d4cfcf; text-align: center; width: 47.9058%;\"><b>Seminari territorial<\/b><\/td>\n<\/tr>\n<tr>\n<td style=\"width: 50.9162%;\"><span style=\"font-weight: 400;\">Sessi\u00f3 1 (19<\/span><span style=\"font-weight: 400;\">-09-2024<\/span><span style=\"font-weight: 400;\">)<\/span><\/td>\n<td style=\"width: 47.9058%;\"><span style=\"font-weight: 400;\">Sessi\u00f3 1 (03-10-2024)<\/span><\/td>\n<\/tr>\n<tr>\n<td style=\"width: 50.9162%;\"><span style=\"font-weight: 400;\">Sessi\u00f3 2 (14-11-2024)<\/span><\/td>\n<td style=\"width: 47.9058%;\"><span style=\"font-weight: 400;\">Sessi\u00f3 2 (28-11-2024)<\/span><\/td>\n<\/tr>\n<tr>\n<td style=\"width: 50.9162%;\"><span style=\"font-weight: 400;\">Sessi\u00f3 3 (16-01-2025)<\/span><\/td>\n<td style=\"width: 47.9058%;\"><span style=\"font-weight: 400;\">Sessi\u00f3 3 (30-01-2025)<\/span><\/td>\n<\/tr>\n<tr>\n<td style=\"width: 50.9162%;\"><span style=\"font-weight: 400;\">Sessi\u00f3 4 (27-02-2025)<\/span><\/td>\n<td style=\"width: 47.9058%;\"><span style=\"font-weight: 400;\">Sessi\u00f3 4 (13-03-2025)<\/span><\/td>\n<\/tr>\n<tr>\n<td style=\"width: 50.9162%;\"><span style=\"font-weight: 400;\">Sessi\u00f3 5 (08-05-2025)<\/span><\/td>\n<td style=\"width: 47.9058%;\"><span style=\"font-weight: 400;\">Sessi\u00f3 5 (22-05-2025)<\/span><\/td>\n<\/tr>\n<\/tbody>\n<\/table>\n<hr \/>\n<p style=\"font-family: opendyslexic; text-align: center;\"><span style=\"font-size: 24pt; color: #087eb6;\"><a href=\"https:\/\/projectes.xtec.cat\/digital\/formacio-docent\/xtcd\/\" target=\"_blank\" rel=\"noopener\">Acc\u00e9s a les sessions seminari en l\u00ednia<\/a>:<\/span><\/p>\n<p style=\"text-align: center;\"><iframe loading=\"lazy\" title=\"Sessions XTCD 2023-2024\" src=\"https:\/\/projectes.xtec.cat\/digital\/formacio-docent\/xtcd\/subxarxa-de-la-comissio-digital-comd\/\" width=\"100%;\" height=\"2100\"><span data-mce-type=\"bookmark\" style=\"display: inline-block; width: 0px; overflow: hidden; line-height: 0;\" class=\"&quot;mce_SELRES&lt;\/p\"><br \/>\n<\/span><\/iframe><\/p>\n","protected":false},"excerpt":{"rendered":"<p>Acc\u00e9s a les sessions territorials: Sessi\u00f3 1 Sessi\u00f3 2 Sessi\u00f3 3 Sessi\u00f3 4 Sessi\u00f3 5 Enlla\u00e7 al Meet Sessions territorials Seminari web Seminari territorial Sessi\u00f3 1 (19-09-2024) Sessi\u00f3 1 (03-10-2024) Sessi\u00f3 2 (14-11-2024) Sessi\u00f3 2 (28-11-2024) Sessi\u00f3 3 (16-01-2025) Sessi\u00f3 3 (30-01-2025) Sessi\u00f3 4 (27-02-2025) Sessi\u00f3 4 (13-03-2025) Sessi\u00f3 5 (08-05-2025) Sessi\u00f3 5 (22-05-2025) Acc\u00e9s [&hellip;]<\/p>\n","protected":false},"author":4,"featured_media":0,"parent":21534,"menu_order":0,"comment_status":"closed","ping_status":"closed","template":"","meta":{"_bbp_topic_count":0,"_bbp_reply_count":0,"_bbp_total_topic_count":0,"_bbp_total_reply_count":0,"_bbp_voice_count":0,"_bbp_anonymous_reply_count":0,"_bbp_topic_count_hidden":0,"_bbp_reply_count_hidden":0,"_bbp_forum_subforum_count":0,"site-sidebar-layout":"default","site-content-layout":"","ast-site-content-layout":"","site-content-style":"default","site-sidebar-style":"default","ast-global-header-display":"","ast-banner-title-visibility":"","ast-main-header-display":"","ast-hfb-above-header-display":"","ast-hfb-below-header-display":"","ast-hfb-mobile-header-display":"","site-post-title":"","ast-breadcrumbs-content":"","ast-featured-img":"","footer-sml-layout":"","theme-transparent-header-meta":"","adv-header-id-meta":"","stick-header-meta":"","header-above-stick-meta":"","header-main-stick-meta":"","header-below-stick-meta":"","astra-migrate-meta-layouts":"default","ast-page-background-enabled":"default","ast-page-background-meta":{"desktop":{"background-color":"var(--ast-global-color-4)","background-image":"","background-repeat":"repeat","background-position":"center center","background-size":"auto","background-attachment":"scroll","background-type":"","background-media":"","overlay-type":"","overlay-color":"","overlay-opacity":"","overlay-gradient":""},"tablet":{"background-color":"","background-image":"","background-repeat":"repeat","background-position":"center center","background-size":"auto","background-attachment":"scroll","background-type":"","background-media":"","overlay-type":"","overlay-color":"","overlay-opacity":"","overlay-gradient":""},"mobile":{"background-color":"","background-image":"","background-repeat":"repeat","background-position":"center center","background-size":"auto","background-attachment":"scroll","background-type":"","background-media":"","overlay-type":"","overlay-color":"","overlay-opacity":"","overlay-gradient":""}},"ast-content-background-meta":{"desktop":{"background-color":"var(--ast-global-color-5)","background-image":"","background-repeat":"repeat","background-position":"center center","background-size":"auto","background-attachment":"scroll","background-type":"","background-media":"","overlay-type":"","overlay-color":"","overlay-opacity":"","overlay-gradient":""},"tablet":{"background-color":"var(--ast-global-color-5)","background-image":"","background-repeat":"repeat","background-position":"center center","background-size":"auto","background-attachment":"scroll","background-type":"","background-media":"","overlay-type":"","overlay-color":"","overlay-opacity":"","overlay-gradient":""},"mobile":{"background-color":"var(--ast-global-color-5)","background-image":"","background-repeat":"repeat","background-position":"center center","background-size":"auto","background-attachment":"scroll","background-type":"","background-media":"","overlay-type":"","overlay-color":"","overlay-opacity":"","overlay-gradient":""}},"footnotes":""},"class_list":["post-23919","page","type-page","status-publish","hentry"],"post_mailing_queue_ids":[],"_links":{"self":[{"href":"https:\/\/serveiseducatius.xtec.cat\/altemporda\/wp-json\/wp\/v2\/pages\/23919","targetHints":{"allow":["GET"]}}],"collection":[{"href":"https:\/\/serveiseducatius.xtec.cat\/altemporda\/wp-json\/wp\/v2\/pages"}],"about":[{"href":"https:\/\/serveiseducatius.xtec.cat\/altemporda\/wp-json\/wp\/v2\/types\/page"}],"author":[{"embeddable":true,"href":"https:\/\/serveiseducatius.xtec.cat\/altemporda\/wp-json\/wp\/v2\/users\/4"}],"replies":[{"embeddable":true,"href":"https:\/\/serveiseducatius.xtec.cat\/altemporda\/wp-json\/wp\/v2\/comments?post=23919"}],"version-history":[{"count":6,"href":"https:\/\/serveiseducatius.xtec.cat\/altemporda\/wp-json\/wp\/v2\/pages\/23919\/revisions"}],"predecessor-version":[{"id":25695,"href":"https:\/\/serveiseducatius.xtec.cat\/altemporda\/wp-json\/wp\/v2\/pages\/23919\/revisions\/25695"}],"up":[{"embeddable":true,"href":"https:\/\/serveiseducatius.xtec.cat\/altemporda\/wp-json\/wp\/v2\/pages\/21534"}],"wp:attachment":[{"href":"https:\/\/serveiseducatius.xtec.cat\/altemporda\/wp-json\/wp\/v2\/media?parent=23919"}],"curies":[{"name":"wp","href":"https:\/\/api.w.org\/{rel}","templated":true}]}}