{"id":23854,"date":"2024-10-07T10:51:10","date_gmt":"2024-10-07T08:51:10","guid":{"rendered":"https:\/\/serveiseducatius.xtec.cat\/altemporda\/?page_id=23854"},"modified":"2025-05-27T13:27:16","modified_gmt":"2025-05-27T11:27:16","slug":"xtcdc-2024-2025","status":"publish","type":"page","link":"https:\/\/serveiseducatius.xtec.cat\/altemporda\/cultura-digital\/xtcd-coordinacio-digital-de-centre\/xtcdc-2024-2025\/","title":{"rendered":"XTCDC 2024-2025"},"content":{"rendered":"<div class=\"fila;\" style=\"display: flex; align-items: center; justify-content: center;\">\n<div class=\"columna\" style=\"width: 20%; text-align: center;\"><a class=\"boto_taula\" style=\"color: #000000; display: flex; align-items: center; justify-content: center;\" href=\"https:\/\/script.google.com\/a\/macros\/xtec.cat\/s\/AKfycbwYfksHZ1qJ8fn59-qGhTayE4aNcMLiWgrUqafYZWDTsQzT92DgHobPPBitTTY0fdLm\/exec\" target=\"_blank\" rel=\"noopener noreferrer\"><span style=\"font-size: 1.25em; font-family: opendyslexic;\"><strong>Comprovaci\u00f3 de la participaci\u00f3<\/strong><\/span><\/a><\/div>\n<\/div>\n<hr \/>\n<p style=\"font-family: opendyslexic; text-align: center;\"><span style=\"font-size: 24pt; color: #087eb6;\">Acc\u00e9s a les sessions territorials al SEAE:<\/span><\/p>\n<div class=\"fila;\" style=\"display: flex; align-items: center; justify-content: center;\">\n<div class=\"columna\" style=\"width: 20%; text-align: center;\"><a class=\"boto_taula\" style=\"color: #000000; display: flex; align-items: center; justify-content: center;\" href=\"https:\/\/serveiseducatius.xtec.cat\/altemporda\/cultura-digital\/xtcd-coordinacio-digital-de-centre\/xtcdc-2024-2025\/xtcd-sessio-08-10-2024\/\" target=\"_blank\" rel=\"noopener noreferrer\"><span style=\"font-size: 1.25em; font-family: opendyslexic;\"><strong>Sessi\u00f3 1<\/strong><\/span><\/a><\/div>\n<div class=\"columna\" style=\"width: 20%; text-align: center;\"><a class=\"boto_taula\" style=\"color: #000000; display: flex; align-items: center; justify-content: center;\" href=\"https:\/\/serveiseducatius.xtec.cat\/altemporda\/cultura-digital\/xtcd-coordinacio-digital-de-centre\/xtcdc-2024-2025\/xtcd-2a-sessio-03-12-2024\/\" target=\"_blank\" rel=\"noopener noreferrer\"><span style=\"font-size: 1.25em; font-family: opendyslexic;\"><strong>Sessi\u00f3 2<\/strong><\/span><\/a><\/div>\n<div class=\"columna\" style=\"width: 20%; text-align: center;\"><a class=\"boto_taula\" style=\"color: #000000; display: flex; align-items: center; justify-content: center;\" href=\"https:\/\/serveiseducatius.xtec.cat\/altemporda\/cultura-digital\/xtcd-coordinacio-digital-de-centre\/xtcdc-2024-2025\/xcdc-3a-sessio-04-02-2025\/\" target=\"_blank\" rel=\"noopener noreferrer\"><span style=\"font-size: 1.25em; font-family: opendyslexic;\"><strong>Sessi\u00f3 3<\/strong><\/span><\/a><\/div>\n<div class=\"columna\" style=\"width: 20%; text-align: center;\"><a class=\"boto_taula\" style=\"color: #000000; display: flex; align-items: center; justify-content: center;\" href=\"https:\/\/serveiseducatius.xtec.cat\/altemporda\/cultura-digital\/xtcd-coordinacio-digital-de-centre\/xtcdc-2024-2025\/\" target=\"_blank\" rel=\"noopener noreferrer\"><span style=\"font-size: 1.25em; font-family: opendyslexic;\"><strong>Sessi\u00f3 4<\/strong><\/span><\/a><\/div>\n<div class=\"columna\" style=\"width: 20%; text-align: center;\"><a class=\"boto_taula\" style=\"color: #000000; display: flex; align-items: center; justify-content: center;\" href=\"https:\/\/serveiseducatius.xtec.cat\/altemporda\/cultura-digital\/xtcd-coordinacio-digital-de-centre\/xtcdc-2024-2025\/xcdc-5a-sessio-27-05-2025\/\" target=\"_blank\" rel=\"noopener noreferrer\"><span style=\"font-size: 1.25em; font-family: opendyslexic;\"><strong>Sessi\u00f3 5<\/strong><\/span><\/a><\/div>\n<\/div>\n<hr \/>\n<table style=\"width: 55.3869%; height: 314px;\" align=\"center\">\n<tbody>\n<tr>\n<td style=\"background-color: #d4cfcf; text-align: center;\"><b>Seminari web<\/b><br \/>\n<em>(de 17.30 a 19.00 h)<\/em><\/td>\n<td style=\"background-color: #d4cfcf; text-align: center;\"><b>Seminari territorial<\/b><br \/>\n<em>(de 15.00 a 17.00 h)<\/em><\/td>\n<td style=\"background-color: #d4cfcf; text-align: center;\"><b>Nus<\/b><\/td>\n<\/tr>\n<tr>\n<td><span style=\"font-weight: 400;\">Sessi\u00f3 1 (19<\/span><span style=\"font-weight: 400;\">-09-2024<\/span><span style=\"font-weight: 400;\">)<\/span><\/td>\n<td><span style=\"font-weight: 400;\">Sessi\u00f3 1 (08-10-2024)<\/span><\/td>\n<td style=\"text-align: center;\"><span style=\"font-weight: 400;\">S\u00ed<\/span><\/td>\n<\/tr>\n<tr>\n<td><span style=\"font-weight: 400;\">Sessi\u00f3 2 (14-11-2024)<\/span><\/td>\n<td><span style=\"font-weight: 400;\">Sessi\u00f3 2 (03-12-2024)<\/span><\/td>\n<td style=\"text-align: center;\"><span style=\"font-weight: 400;\">S\u00ed<\/span><\/td>\n<\/tr>\n<tr>\n<td><span style=\"font-weight: 400;\">Sessi\u00f3 3 (16-01-2025)<\/span><\/td>\n<td><span style=\"font-weight: 400;\">Sessi\u00f3 3 (04-02-2025)<\/span><\/td>\n<td style=\"text-align: center;\"><span style=\"font-weight: 400;\">S\u00ed<\/span><\/td>\n<\/tr>\n<tr>\n<td><span style=\"font-weight: 400;\">Sessi\u00f3 4 (27-02-2025)<\/span><\/td>\n<td><span style=\"font-weight: 400;\">Sessi\u00f3 4 (18-03-2025)<\/span><\/td>\n<td style=\"text-align: center;\"><span style=\"font-weight: 400;\">S\u00ed<\/span><\/td>\n<\/tr>\n<tr>\n<td><span style=\"font-weight: 400;\">Sessi\u00f3 5 (08-05-2025)<\/span><\/td>\n<td><span style=\"font-weight: 400;\">Sessi\u00f3 5 (27-05-2025)<\/span><\/td>\n<td style=\"text-align: center;\"><span style=\"font-weight: 400;\">S\u00ed<\/span><\/td>\n<\/tr>\n<\/tbody>\n<\/table>\n<hr \/>\n<p style=\"font-family: opendyslexic; text-align: center;\"><span style=\"font-size: 24pt; color: #087eb6;\"><a href=\"https:\/\/projectes.xtec.cat\/digital\/formacio-docent\/xtcd\/\" target=\"_blank\" rel=\"noopener\">Acc\u00e9s a les sessions seminari en l\u00ednia<\/a>:<\/span><\/p>\n<p style=\"text-align: center;\"><iframe loading=\"lazy\" title=\"Sessions XTCD 2023-2024\" src=\"https:\/\/projectes.xtec.cat\/digital\/formacio-docent\/xtcd\/subxarxa-de-la-coordinacio-digital-de-centre-cdc\/\" width=\"100%;\" height=\"2000\"><span data-mce-type=\"bookmark\" style=\"display: inline-block; width: 0px; overflow: hidden; line-height: 0;\" class=\"&quot;mce_SELRES&lt;\/p\"><br \/>\n<\/span><\/iframe><\/p>\n","protected":false},"excerpt":{"rendered":"<p>Comprovaci\u00f3 de la participaci\u00f3 Acc\u00e9s a les sessions territorials al SEAE: Sessi\u00f3 1 Sessi\u00f3 2 Sessi\u00f3 3 Sessi\u00f3 4 Sessi\u00f3 5 Seminari web (de 17.30 a 19.00 h) Seminari territorial (de 15.00 a 17.00 h) Nus Sessi\u00f3 1 (19-09-2024) Sessi\u00f3 1 (08-10-2024) S\u00ed Sessi\u00f3 2 (14-11-2024) Sessi\u00f3 2 (03-12-2024) S\u00ed Sessi\u00f3 3 (16-01-2025) Sessi\u00f3 3 [&hellip;]<\/p>\n","protected":false},"author":4,"featured_media":0,"parent":14854,"menu_order":0,"comment_status":"closed","ping_status":"closed","template":"","meta":{"_bbp_topic_count":0,"_bbp_reply_count":0,"_bbp_total_topic_count":0,"_bbp_total_reply_count":0,"_bbp_voice_count":0,"_bbp_anonymous_reply_count":0,"_bbp_topic_count_hidden":0,"_bbp_reply_count_hidden":0,"_bbp_forum_subforum_count":0,"site-sidebar-layout":"default","site-content-layout":"","ast-site-content-layout":"","site-content-style":"default","site-sidebar-style":"default","ast-global-header-display":"","ast-banner-title-visibility":"","ast-main-header-display":"","ast-hfb-above-header-display":"","ast-hfb-below-header-display":"","ast-hfb-mobile-header-display":"","site-post-title":"","ast-breadcrumbs-content":"","ast-featured-img":"","footer-sml-layout":"","theme-transparent-header-meta":"","adv-header-id-meta":"","stick-header-meta":"","header-above-stick-meta":"","header-main-stick-meta":"","header-below-stick-meta":"","astra-migrate-meta-layouts":"default","ast-page-background-enabled":"default","ast-page-background-meta":{"desktop":{"background-color":"var(--ast-global-color-4)","background-image":"","background-repeat":"repeat","background-position":"center center","background-size":"auto","background-attachment":"scroll","background-type":"","background-media":"","overlay-type":"","overlay-color":"","overlay-opacity":"","overlay-gradient":""},"tablet":{"background-color":"","background-image":"","background-repeat":"repeat","background-position":"center center","background-size":"auto","background-attachment":"scroll","background-type":"","background-media":"","overlay-type":"","overlay-color":"","overlay-opacity":"","overlay-gradient":""},"mobile":{"background-color":"","background-image":"","background-repeat":"repeat","background-position":"center center","background-size":"auto","background-attachment":"scroll","background-type":"","background-media":"","overlay-type":"","overlay-color":"","overlay-opacity":"","overlay-gradient":""}},"ast-content-background-meta":{"desktop":{"background-color":"var(--ast-global-color-5)","background-image":"","background-repeat":"repeat","background-position":"center center","background-size":"auto","background-attachment":"scroll","background-type":"","background-media":"","overlay-type":"","overlay-color":"","overlay-opacity":"","overlay-gradient":""},"tablet":{"background-color":"var(--ast-global-color-5)","background-image":"","background-repeat":"repeat","background-position":"center center","background-size":"auto","background-attachment":"scroll","background-type":"","background-media":"","overlay-type":"","overlay-color":"","overlay-opacity":"","overlay-gradient":""},"mobile":{"background-color":"var(--ast-global-color-5)","background-image":"","background-repeat":"repeat","background-position":"center center","background-size":"auto","background-attachment":"scroll","background-type":"","background-media":"","overlay-type":"","overlay-color":"","overlay-opacity":"","overlay-gradient":""}},"footnotes":""},"class_list":["post-23854","page","type-page","status-publish","hentry"],"post_mailing_queue_ids":[],"_links":{"self":[{"href":"https:\/\/serveiseducatius.xtec.cat\/altemporda\/wp-json\/wp\/v2\/pages\/23854","targetHints":{"allow":["GET"]}}],"collection":[{"href":"https:\/\/serveiseducatius.xtec.cat\/altemporda\/wp-json\/wp\/v2\/pages"}],"about":[{"href":"https:\/\/serveiseducatius.xtec.cat\/altemporda\/wp-json\/wp\/v2\/types\/page"}],"author":[{"embeddable":true,"href":"https:\/\/serveiseducatius.xtec.cat\/altemporda\/wp-json\/wp\/v2\/users\/4"}],"replies":[{"embeddable":true,"href":"https:\/\/serveiseducatius.xtec.cat\/altemporda\/wp-json\/wp\/v2\/comments?post=23854"}],"version-history":[{"count":7,"href":"https:\/\/serveiseducatius.xtec.cat\/altemporda\/wp-json\/wp\/v2\/pages\/23854\/revisions"}],"predecessor-version":[{"id":27473,"href":"https:\/\/serveiseducatius.xtec.cat\/altemporda\/wp-json\/wp\/v2\/pages\/23854\/revisions\/27473"}],"up":[{"embeddable":true,"href":"https:\/\/serveiseducatius.xtec.cat\/altemporda\/wp-json\/wp\/v2\/pages\/14854"}],"wp:attachment":[{"href":"https:\/\/serveiseducatius.xtec.cat\/altemporda\/wp-json\/wp\/v2\/media?parent=23854"}],"curies":[{"name":"wp","href":"https:\/\/api.w.org\/{rel}","templated":true}]}}