{"id":23807,"date":"2024-09-26T08:14:54","date_gmt":"2024-09-26T06:14:54","guid":{"rendered":"https:\/\/serveiseducatius.xtec.cat\/altemporda\/?page_id=23807"},"modified":"2025-05-15T10:30:46","modified_gmt":"2025-05-15T08:30:46","slug":"clva-2024","status":"publish","type":"page","link":"https:\/\/serveiseducatius.xtec.cat\/altemporda\/certamen-de-lectura-en-veu-alta\/clva-2024\/","title":{"rendered":"CLVA 2024"},"content":{"rendered":"<p>&nbsp;<\/p>\n<p><a href=\"https:\/\/www.lecturaenveualta.cat\/certamen-de-lectura-en-veu-alta-escolar\/\"><img loading=\"lazy\" decoding=\"async\" class=\"alignleft wp-image-16684\" src=\"https:\/\/serveiseducatius.xtec.cat\/altemporda\/wp-content\/uploads\/usu1156\/2022\/03\/Logo.jpg\" alt=\"\" width=\"561\" height=\"178\" srcset=\"https:\/\/serveiseducatius.xtec.cat\/altemporda\/wp-content\/uploads\/usu1156\/2022\/03\/Logo.jpg 1007w, https:\/\/serveiseducatius.xtec.cat\/altemporda\/wp-content\/uploads\/usu1156\/2022\/03\/Logo-300x95.jpg 300w, https:\/\/serveiseducatius.xtec.cat\/altemporda\/wp-content\/uploads\/usu1156\/2022\/03\/Logo-768x243.jpg 768w\" sizes=\"auto, (max-width: 561px) 100vw, 561px\" \/><\/a>El Certamen de LVA est\u00e0 organitzat per la Fundaci\u00f3 Enciclop\u00e8dia Catalana i el Departament d\u2019Educaci\u00f3, i compta amb el suport de l\u2019Obra Social \u201cla Caixa\u201d i de Biblioteques P\u00fabliques de Catalunya. T\u00e9 com a objectiu la promoci\u00f3 de \u00a0la lectura a l\u2019alumnat de tot Catalunya.<\/p>\n<p>El Certamen consta de cinc categories: grumets vermells (cicle mitj\u00e0 de prim\u00e0ria), grumets verds (cicle superior de prim\u00e0ria), timoners (alumnat nouvingut de cicle superior de prim\u00e0ria i primer cicle d\u2019ESO), corsaris (primer cicle d\u2019ESO) i tropa de corsaris (grups de 3 nois i noies de 2n cicle d\u2019ESO). La lectura \u00e9s individual a totes les categories, excepte la tropa de corsaris. En aquesta categoria la lectura \u00e9s col\u00b7lectiva.<\/p>\n<p>Cada centre educatiu pot participar en el Certamen amb un alumne per categoria <em>(en la categoria de Tropa de Corsaris, 3r i 4t d\u2019ESO, ha de ser un grup de tres alumnes)<\/em>.<\/p>\n<hr \/>\n<h4 style=\"text-align: center;\"><span style=\"font-size: 30pt; color: #00688a;\"><strong>XX Certamen de Lectura en Veu Alta &#8211; Curs 2023-24<\/strong><\/span><\/h4>\n<hr \/>\n<p style=\"background-color: #00afcb; color: white; font-size: 1.5em; text-align: center;\">Semifinal de l&#8217;Alt Empord\u00e0<\/p>\n<p><a href=\"https:\/\/serveiseducatius.xtec.cat\/altemporda\/wp-content\/uploads\/usu1156\/2024\/03\/CLVA-Alumnat-seleccionat.png\"><img loading=\"lazy\" decoding=\"async\" class=\"size-full wp-image-20357 aligncenter\" src=\"https:\/\/serveiseducatius.xtec.cat\/altemporda\/wp-content\/uploads\/usu1156\/2024\/03\/CLVA-Alumnat-seleccionat.png\" alt=\"\" width=\"960\" height=\"540\" \/><\/a><\/p>\n<hr \/>\n<h6><strong>Recull fotogr\u00e0fic<\/strong><\/h6>\n<table style=\"border-collapse: collapse; width: 100%;\">\n<tbody>\n<tr>\n<td style=\"width: 33.3333%; background-color: #ffffff; border-style: hidden;\"><a href=\"https:\/\/photos.app.goo.gl\/JU5GiiGALQ474QPJ7\" target=\"_blank\" rel=\"noopener\"><img loading=\"lazy\" decoding=\"async\" class=\"alignnone wp-image-20292 size-full\" src=\"https:\/\/serveiseducatius.xtec.cat\/altemporda\/wp-content\/uploads\/usu1156\/2023\/03\/Semifinal-Grumets-verds-2023-CLVA-Alt-Emporda-3.jpg\" alt=\"\" width=\"960\" height=\"540\" srcset=\"https:\/\/serveiseducatius.xtec.cat\/altemporda\/wp-content\/uploads\/usu1156\/2023\/03\/Semifinal-Grumets-verds-2023-CLVA-Alt-Emporda-3.jpg 960w, https:\/\/serveiseducatius.xtec.cat\/altemporda\/wp-content\/uploads\/usu1156\/2023\/03\/Semifinal-Grumets-verds-2023-CLVA-Alt-Emporda-3-300x169.jpg 300w, https:\/\/serveiseducatius.xtec.cat\/altemporda\/wp-content\/uploads\/usu1156\/2023\/03\/Semifinal-Grumets-verds-2023-CLVA-Alt-Emporda-3-768x432.jpg 768w\" sizes=\"auto, (max-width: 960px) 100vw, 960px\" \/><\/a><\/td>\n<td style=\"width: 33.3333%; background-color: #ffffff; border-style: hidden;\"><a href=\"https:\/\/photos.app.goo.gl\/nzcdcchMYqSghUDTA\" target=\"_blank\" rel=\"noopener\"><img loading=\"lazy\" decoding=\"async\" class=\"alignnone wp-image-20291 size-full\" src=\"https:\/\/serveiseducatius.xtec.cat\/altemporda\/wp-content\/uploads\/usu1156\/2023\/03\/Semifinal-Grumets-verds-2023-CLVA-Alt-Emporda-2.jpg\" alt=\"\" width=\"960\" height=\"540\" srcset=\"https:\/\/serveiseducatius.xtec.cat\/altemporda\/wp-content\/uploads\/usu1156\/2023\/03\/Semifinal-Grumets-verds-2023-CLVA-Alt-Emporda-2.jpg 960w, https:\/\/serveiseducatius.xtec.cat\/altemporda\/wp-content\/uploads\/usu1156\/2023\/03\/Semifinal-Grumets-verds-2023-CLVA-Alt-Emporda-2-300x169.jpg 300w, https:\/\/serveiseducatius.xtec.cat\/altemporda\/wp-content\/uploads\/usu1156\/2023\/03\/Semifinal-Grumets-verds-2023-CLVA-Alt-Emporda-2-768x432.jpg 768w\" sizes=\"auto, (max-width: 960px) 100vw, 960px\" \/><\/a><\/td>\n<td style=\"width: 33.3333%; background-color: #ffffff; border-style: hidden;\"><a href=\"https:\/\/photos.app.goo.gl\/mDhbmHDstV8pMYMG6\" target=\"_blank\" rel=\"noopener\"><img loading=\"lazy\" decoding=\"async\" class=\"alignnone wp-image-20288 size-full\" src=\"https:\/\/serveiseducatius.xtec.cat\/altemporda\/wp-content\/uploads\/usu1156\/2023\/03\/Semifinal-Grumets-verds-2023-CLVA-Alt-Emporda-1.jpg\" alt=\"\" width=\"960\" height=\"540\" srcset=\"https:\/\/serveiseducatius.xtec.cat\/altemporda\/wp-content\/uploads\/usu1156\/2023\/03\/Semifinal-Grumets-verds-2023-CLVA-Alt-Emporda-1.jpg 960w, https:\/\/serveiseducatius.xtec.cat\/altemporda\/wp-content\/uploads\/usu1156\/2023\/03\/Semifinal-Grumets-verds-2023-CLVA-Alt-Emporda-1-300x169.jpg 300w, https:\/\/serveiseducatius.xtec.cat\/altemporda\/wp-content\/uploads\/usu1156\/2023\/03\/Semifinal-Grumets-verds-2023-CLVA-Alt-Emporda-1-768x432.jpg 768w\" sizes=\"auto, (max-width: 960px) 100vw, 960px\" \/><\/a><\/td>\n<\/tr>\n<\/tbody>\n<\/table>\n<hr \/>\n<h6><strong>Presentacions de les jornades<\/strong><\/h6>\n<table style=\"border-collapse: collapse; width: 100%;\">\n<tbody>\n<tr>\n<td style=\"width: 33.3333%; border-style: hidden;\"><iframe loading=\"lazy\" src=\"https:\/\/docs.google.com\/presentation\/d\/1ALjXg9ilxjRPblv81eLS9FPlR1AnOMLy7HMR99pHWdI\/embed?start=false&amp;loop=true&amp;delayms=60000\" width=\"480\" height=\"299\" frameborder=\"0\" allowfullscreen=\"allowfullscreen\" data-mce-fragment=\"1\"><\/iframe><\/td>\n<td style=\"width: 33.3333%; border-style: hidden;\"><iframe loading=\"lazy\" src=\"https:\/\/docs.google.com\/presentation\/d\/1IFOOMHag15Rq6XIub9lHIlErY29hhzcFTZce-s644u8\/embed?start=false&amp;loop=true&amp;delayms=60000\" width=\"480\" height=\"299\" frameborder=\"0\" allowfullscreen=\"allowfullscreen\" data-mce-fragment=\"1\"><\/iframe><\/td>\n<td style=\"width: 33.3333%; border-style: hidden;\"><iframe loading=\"lazy\" src=\"https:\/\/docs.google.com\/presentation\/d\/1CFZjh00AcxDtmQCPhcdTCNKkMlB1th5TmeUAibYOJC8\/embed?start=false&amp;loop=true&amp;delayms=60000\" width=\"480\" height=\"299\" frameborder=\"0\" allowfullscreen=\"allowfullscreen\" data-mce-fragment=\"1\"><\/iframe><\/td>\n<\/tr>\n<\/tbody>\n<\/table>\n<hr \/>\n<p style=\"background-color: #00afcb; color: white; font-size: 1.5em; text-align: center;\">Final territorial de les comarques gironines<\/p>\n<p>Celebrat el 25 d&#8217;abril a l&#8217;auditori de Banyoles.<\/p>\n<div style=\"display: flex; align-items: center; justify-content: center;\"><iframe loading=\"lazy\" src=\"https:\/\/docs.google.com\/spreadsheets\/u\/2\/d\/1WNkSq-Prws-wGITtKNShTlNx71yp4sDuPd4ILbjhWHs\/pubhtml?gid=0#gid=0&amp;single=true&amp;widget=true&amp;headers=false\" width=\"1035px\" height=\"375px\"><span data-mce-type=\"bookmark\" style=\"display: inline-block; width: 0px; overflow: hidden; line-height: 0;\" class=\"mce_SELRES_start\">\ufeff<\/span><\/iframe><\/div>\n<hr \/>\n<p style=\"background-color: #00afcb; color: white; font-size: 1.5em; text-align: center;\">Gala Final: Festa de la lectura<\/p>\n<p>Celebrat el 3 de juny a l&#8217;auditori AXA Illa diagonal de Barcelona. \u00c9s l\u2019acte de lliurament de premis als guanyadors i guanyadores territorials i una mostra de lectura (no competitiva).<\/p>\n<div style=\"text-align: center;\"><iframe loading=\"lazy\" src=\"https:\/\/drive.google.com\/file\/d\/1bcMmFwSeXQ0c8XztAISMA5Ey9vrX4ufe\/preview\" width=\"60%\" height=\"475px\" frameborder=\"0\" data-mce-fragment=\"1\"><span data-mce-type=\"bookmark\" style=\"display: inline-block; width: 0px; overflow: hidden; line-height: 0;\" class=\"mce_SELRES_start\">\ufeff<\/span><br \/>\n<\/iframe><\/div>\n<p>&nbsp;<\/p>\n<hr \/>\n<p style=\"background-color: #00afcb; color: white; font-size: 1.5em; text-align: center;\">Informacions diverses del certamen<\/p>\n<p>Aquests lectors i lectores participaran en la semifinal de l\u2019Alt Empord\u00e0 que, at\u00e8s el gran nombre d\u2019alumnat previst, es far\u00e0 en 3 dies consecutius. <strong>Lloc<\/strong>: <strong>Auditori dels Caputxins de Figueres<\/strong><\/p>\n<p><strong>SECUND\u00c0RIA.<\/strong><\/p>\n<ul>\n<li dir=\"ltr\">Data: dimarts, <strong>5\u00a0de mar\u00e7<\/strong> de 2024<\/li>\n<li dir=\"ltr\">Horari:\u00a0<strong>9:30\u00a0 a 12 h\u00a0<\/strong><\/li>\n<li dir=\"ltr\">Grups: <strong><span style=\"color: #ff9900;\">Timoners 1r o 2n d\u2019ESO<\/span><\/strong>, <strong><span style=\"color: #54340c;\">Corsaris<\/span> <\/strong>i <span style=\"color: #9020e6;\"><strong>Tropa de Corsaris.<\/strong><\/span><\/li>\n<\/ul>\n<p>&nbsp;<\/p>\n<p><strong>PRIM\u00c0RIA<\/strong><\/p>\n<ul>\n<li dir=\"ltr\">Data: dimecres, <strong>6\u00a0de mar\u00e7<\/strong> de 2024<\/li>\n<li dir=\"ltr\">Horari: <strong>9:30\u00a0 a 12 h\u00a0<\/strong><\/li>\n<li dir=\"ltr\">Grups: <strong><span style=\"color: #ff0000;\">Grumets vermells.<\/span><\/strong><\/li>\n<\/ul>\n<p>&nbsp;<\/p>\n<p><strong>PRIM\u00c0RIA<\/strong><\/p>\n<ul>\n<li dir=\"ltr\">Data: dijous, <strong>7\u00a0de mar\u00e7<\/strong> de 2024<\/li>\n<li dir=\"ltr\">Horari:<strong> 9:30\u00a0 a 12 h\u00a0<\/strong><\/li>\n<li dir=\"ltr\">Grups: <span style=\"color: #47cf2b;\"><strong>Grumets verds<\/strong><\/span> i <span style=\"color: #ff9900;\"><strong>Timoners de cicle superior.<\/strong><\/span><\/li>\n<\/ul>\n<hr \/>\n<p><span style=\"font-size: 18pt; color: #00688a;\"><strong>Resum fases del certamen<\/strong><\/span><\/p>\n<div style=\"text-align: center;\"><iframe loading=\"lazy\" src=\"https:\/\/drive.google.com\/file\/d\/1iir77mJDNgw_eT97jG6XbcYAn9JKEfpR\/preview\" width=\"60%\" height=\"465px\" frameborder=\"0\" data-mce-fragment=\"1\"><br \/>\n<\/iframe><\/div>\n<hr \/>\n<p><span style=\"font-size: 18pt; color: #00688a; text-align: center;\"><strong>Centres inscrits de l&#8217;Alt Empord\u00e0<\/strong><\/span><\/p>\n<div style=\"text-align: center;\"><iframe loading=\"lazy\" src=\"https:\/\/docs.google.com\/spreadsheets\/d\/e\/2PACX-1vTXbWo4GI8MwM7HKrWzBgTTVpOkOYy_8nuUVafka_wumNeEjkjAM4BqSU2kQAiWe5XqKdzm-z-OSFTE\/pubhtml?gid=352090380&amp;single=true&amp;widget=true&amp;headers=false\" width=\"1045\" height=\"1000\"><span data-mce-type=\"bookmark\" style=\"display: inline-block; width: 0px; overflow: hidden; line-height: 0;\" class=\"mce_SELRES_start\"><span data-mce-type=\"bookmark\" style=\"display: inline-block; width: 0px; overflow: hidden; line-height: 0;\" class=\"mce_SELRES_start\">\ufeff<\/span>\ufeff<\/span><\/iframe><\/div>\n<p>&nbsp;<\/p>\n","protected":false},"excerpt":{"rendered":"<p>&nbsp; El Certamen de LVA est\u00e0 organitzat per la Fundaci\u00f3 Enciclop\u00e8dia Catalana i el Departament d\u2019Educaci\u00f3, i compta amb el suport de l\u2019Obra Social \u201cla Caixa\u201d i de Biblioteques P\u00fabliques de Catalunya. T\u00e9 com a objectiu la promoci\u00f3 de \u00a0la lectura a l\u2019alumnat de tot Catalunya. El Certamen consta de cinc categories: grumets vermells (cicle [&hellip;]<\/p>\n","protected":false},"author":4,"featured_media":0,"parent":11470,"menu_order":12,"comment_status":"closed","ping_status":"closed","template":"page-templates\/side-menu.php","meta":{"_bbp_topic_count":0,"_bbp_reply_count":0,"_bbp_total_topic_count":0,"_bbp_total_reply_count":0,"_bbp_voice_count":0,"_bbp_anonymous_reply_count":0,"_bbp_topic_count_hidden":0,"_bbp_reply_count_hidden":0,"_bbp_forum_subforum_count":0,"site-sidebar-layout":"default","site-content-layout":"","ast-site-content-layout":"","site-content-style":"default","site-sidebar-style":"default","ast-global-header-display":"","ast-banner-title-visibility":"","ast-main-header-display":"","ast-hfb-above-header-display":"","ast-hfb-below-header-display":"","ast-hfb-mobile-header-display":"","site-post-title":"","ast-breadcrumbs-content":"","ast-featured-img":"","footer-sml-layout":"","theme-transparent-header-meta":"","adv-header-id-meta":"","stick-header-meta":"","header-above-stick-meta":"","header-main-stick-meta":"","header-below-stick-meta":"","astra-migrate-meta-layouts":"default","ast-page-background-enabled":"default","ast-page-background-meta":{"desktop":{"background-color":"var(--ast-global-color-4)","background-image":"","background-repeat":"repeat","background-position":"center center","background-size":"auto","background-attachment":"scroll","background-type":"","background-media":"","overlay-type":"","overlay-color":"","overlay-opacity":"","overlay-gradient":""},"tablet":{"background-color":"","background-image":"","background-repeat":"repeat","background-position":"center center","background-size":"auto","background-attachment":"scroll","background-type":"","background-media":"","overlay-type":"","overlay-color":"","overlay-opacity":"","overlay-gradient":""},"mobile":{"background-color":"","background-image":"","background-repeat":"repeat","background-position":"center center","background-size":"auto","background-attachment":"scroll","background-type":"","background-media":"","overlay-type":"","overlay-color":"","overlay-opacity":"","overlay-gradient":""}},"ast-content-background-meta":{"desktop":{"background-color":"var(--ast-global-color-5)","background-image":"","background-repeat":"repeat","background-position":"center center","background-size":"auto","background-attachment":"scroll","background-type":"","background-media":"","overlay-type":"","overlay-color":"","overlay-opacity":"","overlay-gradient":""},"tablet":{"background-color":"var(--ast-global-color-5)","background-image":"","background-repeat":"repeat","background-position":"center center","background-size":"auto","background-attachment":"scroll","background-type":"","background-media":"","overlay-type":"","overlay-color":"","overlay-opacity":"","overlay-gradient":""},"mobile":{"background-color":"var(--ast-global-color-5)","background-image":"","background-repeat":"repeat","background-position":"center center","background-size":"auto","background-attachment":"scroll","background-type":"","background-media":"","overlay-type":"","overlay-color":"","overlay-opacity":"","overlay-gradient":""}},"footnotes":""},"class_list":["post-23807","page","type-page","status-publish","hentry"],"post_mailing_queue_ids":[],"_links":{"self":[{"href":"https:\/\/serveiseducatius.xtec.cat\/altemporda\/wp-json\/wp\/v2\/pages\/23807","targetHints":{"allow":["GET"]}}],"collection":[{"href":"https:\/\/serveiseducatius.xtec.cat\/altemporda\/wp-json\/wp\/v2\/pages"}],"about":[{"href":"https:\/\/serveiseducatius.xtec.cat\/altemporda\/wp-json\/wp\/v2\/types\/page"}],"author":[{"embeddable":true,"href":"https:\/\/serveiseducatius.xtec.cat\/altemporda\/wp-json\/wp\/v2\/users\/4"}],"replies":[{"embeddable":true,"href":"https:\/\/serveiseducatius.xtec.cat\/altemporda\/wp-json\/wp\/v2\/comments?post=23807"}],"version-history":[{"count":6,"href":"https:\/\/serveiseducatius.xtec.cat\/altemporda\/wp-json\/wp\/v2\/pages\/23807\/revisions"}],"predecessor-version":[{"id":25638,"href":"https:\/\/serveiseducatius.xtec.cat\/altemporda\/wp-json\/wp\/v2\/pages\/23807\/revisions\/25638"}],"up":[{"embeddable":true,"href":"https:\/\/serveiseducatius.xtec.cat\/altemporda\/wp-json\/wp\/v2\/pages\/11470"}],"wp:attachment":[{"href":"https:\/\/serveiseducatius.xtec.cat\/altemporda\/wp-json\/wp\/v2\/media?parent=23807"}],"curies":[{"name":"wp","href":"https:\/\/api.w.org\/{rel}","templated":true}]}}