{"id":23516,"date":"2024-07-03T13:22:13","date_gmt":"2024-07-03T11:22:13","guid":{"rendered":"https:\/\/serveiseducatius.xtec.cat\/altemporda\/?page_id=23516"},"modified":"2025-09-23T08:16:27","modified_gmt":"2025-09-23T06:16:27","slug":"edicions","status":"publish","type":"page","link":"https:\/\/serveiseducatius.xtec.cat\/altemporda\/correcull-1\/edicions\/","title":{"rendered":"Edicions"},"content":{"rendered":"<p><span style=\"font-weight: 400;\">En aquest espai trobareu un recull fotogr\u00e0fic de cadascuna de les edicions realitzades.<\/span><\/p>\n<p style=\"background-color: #3fb7ab; color: white; font-size: 1em; text-align: center;\"><span style=\"font-size: 1.5em;\">Curs 2025<\/span><\/p>\n<div class=\"fila;\" style=\"display: flex; align-items: center; justify-content: center;\">\n<div class=\"columna\" style=\"width: 50%;\"><iframe loading=\"lazy\" src=\"https:\/\/docs.google.com\/presentation\/d\/e\/2PACX-1vS4PygUMus7tLtkv6iksO8uPj0PMDCXXVhgV-idzYMpmXoHhcOSXQFilyz_ir3LkQgJcwEFKmWKYK-w\/pubembed?start=false&amp;loop=false&amp;delayms=60000\" width=\"90%\" height=\"380\" frameborder=\"0\" allowfullscreen=\"allowfullscreen\"><span data-mce-type=\"bookmark\" style=\"display: inline-block; width: 0px; overflow: hidden; line-height: 0;\" class=\"mce_SELRES_start\">\ufeff<\/span><\/iframe><\/div>\n<div class=\"columna\" style=\"width: 50%;\">\n<div><iframe loading=\"lazy\" style=\"border: 1px solid #00688A;\" src=\"https:\/\/drive.google.com\/file\/d\/1vGrsksp-iRDnJoDNv470zNaifXWguShE\/preview\" width=\"90%\" height=\"380\" frameborder=\"0\" scrolling=\"no\" allowfullscreen=\"allowfullscreen\"><\/iframe><\/div>\n<\/div>\n<\/div>\n<hr \/>\n<p><span style=\"font-weight: 400;\">En aquest espai trobareu un recull fotogr\u00e0fic de cadascuna de les edicions realitzades.<\/span><\/p>\n<p style=\"background-color: #3fb7ab; color: white; font-size: 1em; text-align: center;\"><span style=\"font-size: 1.5em;\">Curs 2024<\/span><\/p>\n<div class=\"fila;\" style=\"display: flex; align-items: center; justify-content: center;\">\n<div class=\"columna\" style=\"width: 50%;\"><iframe loading=\"lazy\" src=\"https:\/\/docs.google.com\/presentation\/d\/e\/2PACX-1vTLKEGR1ItKL6gn03IF8q9rlBVePPjQczMjBekDyegQuRYUlThNLqjgTmENZmZd3mPRkbkSIKYQcjaO\/embed?start=false&amp;loop=true&amp;delayms=60000\" width=\"90%\" height=\"380\" frameborder=\"0\" allowfullscreen=\"allowfullscreen\"><span data-mce-type=\"bookmark\" style=\"display: inline-block; width: 0px; overflow: hidden; line-height: 0;\" class=\"mce_SELRES_start\">\ufeff<\/span><\/iframe><\/div>\n<div class=\"columna\" style=\"width: 50%;\">\n<div><iframe loading=\"lazy\" style=\"border: 1px solid #00688A;\" src=\"https:\/\/drive.google.com\/file\/d\/11XADibhVnPNvMldFadJ812yxvs8QpgGd\/preview\" width=\"90%\" height=\"380\" frameborder=\"0\" scrolling=\"no\" allowfullscreen=\"allowfullscreen\"><\/iframe><\/div>\n<\/div>\n<\/div>\n<hr \/>\n<p style=\"background-color: #3fb7ab; color: white; font-size: 1em; text-align: center;\"><span style=\"font-size: 1.5em;\">Curs 2023<\/span><\/p>\n<div class=\"fila;\" style=\"display: flex; align-items: center; justify-content: center;\">\n<div class=\"columna\" style=\"text-align: center;\"><iframe loading=\"lazy\" src=\"https:\/\/docs.google.com\/presentation\/d\/e\/2PACX-1vQfKpWDyPv4407zZGiruUoDTmEwxs5THMliAJS-oB3goJfAPRtPVmvxfhOOJyG24Czz4I0gbT7Ba6qk\/embed?start=false&amp;loop=true&amp;delayms=60000\" width=\"450\" height=\"375\" frameborder=\"0\" allowfullscreen=\"allowfullscreen\"><\/iframe><\/div>\n<\/div>\n<hr \/>\n<p style=\"background-color: #3fb7ab; color: white; font-size: 1em; text-align: center;\"><span style=\"font-size: 1.5em;\">Curs 2022<\/span><\/p>\n<div class=\"fila;\" style=\"display: flex; align-items: center; justify-content: center;\">\n<div class=\"columna\" style=\"width: 50%;\"><iframe loading=\"lazy\" src=\"https:\/\/docs.google.com\/presentation\/d\/e\/2PACX-1vT_PkK6Bh0RdB1VbD8jX6gwOYrsxA1OdvS5oL0j6OVQpcPnpoYplca2_qroFsTbdstd3HNyj_P4hGsO\/embed?start=false&amp;loop=true&amp;delayms=60000\" width=\"90%\" height=\"380\" frameborder=\"0\" allowfullscreen=\"allowfullscreen\"><span data-mce-type=\"bookmark\" style=\"display: inline-block; width: 0px; overflow: hidden; line-height: 0;\" class=\"mce_SELRES_start\">\ufeff<\/span><\/iframe><\/div>\n<div class=\"columna\" style=\"width: 50%;\">\n<p><iframe loading=\"lazy\" src=\"https:\/\/cdn.embedly.com\/widgets\/media.html?src=https:\/\/www.relive.cc\/view\/vevW2Xdkoyq\/widget?r=embed-site&amp;url=https:\/\/www.relive.cc\/view\/vevW2Xdkoyq?r=embed-site&amp;image=https:\/\/www.relive.cc\/view\/vevW2Xdkoyq\/png?x-ref=embed-site&amp;key=f1631a41cb254ca5b035dc5747a5bd75&amp;type=text\/html&amp;schema=relive\" width=\"80%\" height=\"275\" frameborder=\"0\" scrolling=\"no\" allowfullscreen=\"allowfullscreen\"><\/iframe><\/p>\n<p style=\"font-size: 0.80em;\"><strong>Exemple:<\/strong><span style=\"color: #008000; font-family: inherit; font-size: 0.80em;\"> itinerari Correcull. Alumnat del CFGM de l&#8217;Institut Illa de Rodes (Roses) i Alumnat de segon d&#8217;ESO de l&#8217;Institut Alexandre Deulofeu de Figueres<\/span><\/p>\n<\/div>\n<\/div>\n<p>&nbsp;<\/p>\n<p><b>Centres participants en la primera edici\u00f3: <\/b><span style=\"font-weight: 400;\">Escola Puig d\u2019Esquers (Colera), Escola Les Clisques (El Port de la Selva), Escola Pompeu Fabra (Llan\u00e7\u00e0), Escola Mart\u00ed Ingl\u00e8s (Palau-Saverdera), Escola de Pau, Escola Sant Jaume (Portbou),\u00a0 Escola Santiago Rat\u00e9s (Vilaju\u00efga) i les escoles de Roses; Escola Montserrat Vayreda, Escola Els Grecs, Escola Jaume Vicens Vives, Centre Escolar Empord\u00e0 i Escola Narc\u00eds Monturiol. Amb la col\u00b7laboraci\u00f3 i l\u2019alumnat del Cicle Formatiu de Grau Mitj\u00e0 i Superior de l\u2019institut Illa de Rodes.<\/span><\/p>\n<hr \/>\n<div style=\"display: flex; align-items: center; justify-content: center;\"><img loading=\"lazy\" decoding=\"async\" class=\"aligncenter wp-image-16427\" src=\"https:\/\/serveiseducatius.xtec.cat\/altemporda\/wp-content\/uploads\/usu1156\/2022\/02\/banner-correcull-1024x343.png\" alt=\"\" width=\"499\" height=\"167\" srcset=\"https:\/\/serveiseducatius.xtec.cat\/altemporda\/wp-content\/uploads\/usu1156\/2022\/02\/banner-correcull-1024x343.png 1024w, https:\/\/serveiseducatius.xtec.cat\/altemporda\/wp-content\/uploads\/usu1156\/2022\/02\/banner-correcull-300x100.png 300w, https:\/\/serveiseducatius.xtec.cat\/altemporda\/wp-content\/uploads\/usu1156\/2022\/02\/banner-correcull-768x257.png 768w, https:\/\/serveiseducatius.xtec.cat\/altemporda\/wp-content\/uploads\/usu1156\/2022\/02\/banner-correcull.png 1127w\" sizes=\"auto, (max-width: 499px) 100vw, 499px\" \/><\/div>\n","protected":false},"excerpt":{"rendered":"<p>En aquest espai trobareu un recull fotogr\u00e0fic de cadascuna de les edicions realitzades. Curs 2025 \ufeff En aquest espai trobareu un recull fotogr\u00e0fic de cadascuna de les edicions realitzades. Curs 2024 \ufeff Curs 2023 Curs 2022 \ufeff Exemple: itinerari Correcull. Alumnat del CFGM de l&#8217;Institut Illa de Rodes (Roses) i Alumnat de segon d&#8217;ESO de [&hellip;]<\/p>\n","protected":false},"author":4,"featured_media":0,"parent":23496,"menu_order":0,"comment_status":"closed","ping_status":"closed","template":"","meta":{"_bbp_topic_count":0,"_bbp_reply_count":0,"_bbp_total_topic_count":0,"_bbp_total_reply_count":0,"_bbp_voice_count":0,"_bbp_anonymous_reply_count":0,"_bbp_topic_count_hidden":0,"_bbp_reply_count_hidden":0,"_bbp_forum_subforum_count":0,"site-sidebar-layout":"default","site-content-layout":"","ast-site-content-layout":"","site-content-style":"default","site-sidebar-style":"default","ast-global-header-display":"","ast-banner-title-visibility":"","ast-main-header-display":"","ast-hfb-above-header-display":"","ast-hfb-below-header-display":"","ast-hfb-mobile-header-display":"","site-post-title":"","ast-breadcrumbs-content":"","ast-featured-img":"","footer-sml-layout":"","theme-transparent-header-meta":"","adv-header-id-meta":"","stick-header-meta":"","header-above-stick-meta":"","header-main-stick-meta":"","header-below-stick-meta":"","astra-migrate-meta-layouts":"default","ast-page-background-enabled":"default","ast-page-background-meta":{"desktop":{"background-color":"var(--ast-global-color-4)","background-image":"","background-repeat":"repeat","background-position":"center center","background-size":"auto","background-attachment":"scroll","background-type":"","background-media":"","overlay-type":"","overlay-color":"","overlay-opacity":"","overlay-gradient":""},"tablet":{"background-color":"","background-image":"","background-repeat":"repeat","background-position":"center center","background-size":"auto","background-attachment":"scroll","background-type":"","background-media":"","overlay-type":"","overlay-color":"","overlay-opacity":"","overlay-gradient":""},"mobile":{"background-color":"","background-image":"","background-repeat":"repeat","background-position":"center center","background-size":"auto","background-attachment":"scroll","background-type":"","background-media":"","overlay-type":"","overlay-color":"","overlay-opacity":"","overlay-gradient":""}},"ast-content-background-meta":{"desktop":{"background-color":"var(--ast-global-color-5)","background-image":"","background-repeat":"repeat","background-position":"center center","background-size":"auto","background-attachment":"scroll","background-type":"","background-media":"","overlay-type":"","overlay-color":"","overlay-opacity":"","overlay-gradient":""},"tablet":{"background-color":"var(--ast-global-color-5)","background-image":"","background-repeat":"repeat","background-position":"center center","background-size":"auto","background-attachment":"scroll","background-type":"","background-media":"","overlay-type":"","overlay-color":"","overlay-opacity":"","overlay-gradient":""},"mobile":{"background-color":"var(--ast-global-color-5)","background-image":"","background-repeat":"repeat","background-position":"center center","background-size":"auto","background-attachment":"scroll","background-type":"","background-media":"","overlay-type":"","overlay-color":"","overlay-opacity":"","overlay-gradient":""}},"footnotes":""},"class_list":["post-23516","page","type-page","status-publish","hentry"],"post_mailing_queue_ids":[],"_links":{"self":[{"href":"https:\/\/serveiseducatius.xtec.cat\/altemporda\/wp-json\/wp\/v2\/pages\/23516","targetHints":{"allow":["GET"]}}],"collection":[{"href":"https:\/\/serveiseducatius.xtec.cat\/altemporda\/wp-json\/wp\/v2\/pages"}],"about":[{"href":"https:\/\/serveiseducatius.xtec.cat\/altemporda\/wp-json\/wp\/v2\/types\/page"}],"author":[{"embeddable":true,"href":"https:\/\/serveiseducatius.xtec.cat\/altemporda\/wp-json\/wp\/v2\/users\/4"}],"replies":[{"embeddable":true,"href":"https:\/\/serveiseducatius.xtec.cat\/altemporda\/wp-json\/wp\/v2\/comments?post=23516"}],"version-history":[{"count":6,"href":"https:\/\/serveiseducatius.xtec.cat\/altemporda\/wp-json\/wp\/v2\/pages\/23516\/revisions"}],"predecessor-version":[{"id":27176,"href":"https:\/\/serveiseducatius.xtec.cat\/altemporda\/wp-json\/wp\/v2\/pages\/23516\/revisions\/27176"}],"up":[{"embeddable":true,"href":"https:\/\/serveiseducatius.xtec.cat\/altemporda\/wp-json\/wp\/v2\/pages\/23496"}],"wp:attachment":[{"href":"https:\/\/serveiseducatius.xtec.cat\/altemporda\/wp-json\/wp\/v2\/media?parent=23516"}],"curies":[{"name":"wp","href":"https:\/\/api.w.org\/{rel}","templated":true}]}}