{"id":23512,"date":"2024-07-03T13:19:23","date_gmt":"2024-07-03T11:19:23","guid":{"rendered":"https:\/\/serveiseducatius.xtec.cat\/altemporda\/?page_id=23512"},"modified":"2025-10-24T14:56:59","modified_gmt":"2025-10-24T12:56:59","slug":"justificacio","status":"publish","type":"page","link":"https:\/\/serveiseducatius.xtec.cat\/altemporda\/correcull-1\/justificacio\/","title":{"rendered":"Justificaci\u00f3"},"content":{"rendered":"<p style=\"text-align: justify;\"><span style=\"font-weight: 400;\">La proposta que us presentem surt en paral\u00b7lel en diferents entorns i moments. Des de l\u2019anonimat m\u00e9s absolut, fins a persones m\u00e9s rellevants i institucions. Aquesta acci\u00f3 ambiental per un m\u00f3n m\u00e9s net, just i sostenible es va anar estenent a partir de les primeres accions impulsades per <\/span><i><span style=\"font-weight: 400;\">Erik Ahlstr\u00f6m<\/span><\/i><span style=\"font-weight: 400;\">, amb el nom de <\/span><strong><i>Plogga<\/i><\/strong><span style=\"font-weight: 400;\"> l\u2019any 2016. Quan surts a c\u00f3rrer et poses roba esportiva, agafes el m\u00f2bil o un reproductor de m\u00fasica i, en aquest cas, si decideixes practicar <\/span><i><span style=\"font-weight: 400;\">\u2018<strong>Plogging<\/strong>\u2019 <\/span><\/i><span style=\"font-weight: 400;\">tamb\u00e9 haur\u00e0s de dur una bossa d\u2019escombraries. D\u2019aquesta manera el concepte \u201c<\/span><i><span style=\"font-weight: 400;\">running\u201d<\/span><\/i><span style=\"font-weight: 400;\"> ha fet un pas m\u00e9s per convertir-se en un esport amb consci\u00e8ncia social i valor afegit. Aquesta pr\u00e0ctica s\u2019ha instaurat en molts pa\u00efsos entre els corredors que, cansats de veure escombraries en els seus entrenaments diaris, decideixen dedicar un temps a recollir la brossa que es van trobant.<\/span><\/p>\n<p style=\"text-align: justify;\">Aquesta acci\u00f3 s\u2019ha est\u00e8s tant, que ha traspassat les barreres del <em>running<\/em> arribant a altres modalitats esportives practicades al medi natural com ara el caiac o la BTT<span style=\"font-family: inherit; font-size: 1em;\">. Les Xarxes Socials han estat essencials per a la seva difusi\u00f3, utilitzant el hashtag <\/span>#Plogging<span style=\"font-family: inherit; font-size: 1em;\"> s\u2019han arribat a compartir milers d\u2019imatges, localitzacions i itineraris lliures de deixalles. Fins i tot, en diferents indrets s&#8217;ha arribat a generar un nom propi com \u00e9s el cas de Catalunya amb el concepte <\/span><span style=\"font-size: 14pt; color: #22bcac;\"><strong>#Correcull<\/strong><\/span><span style=\"font-family: inherit; font-size: 1em;\"><span style=\"color: #22bcac;\">.<\/span> Una iniciativa esperan\u00e7adora que pret\u00e9n ser un toc d\u2019alerta davant d\u2019un problema descomunal. Dit d&#8217;una altra manera, <\/span><em><strong style=\"font-family: inherit; font-size: 1em;\">&#8220;un projecte de merda que intenta canviar el m\u00f3n!&#8221;.<\/strong><\/em><\/p>\n<p style=\"text-align: justify;\">Segons s&#8217;anuncia a la p\u00e0gina <em><a href=\"https:\/\/www.plogga.se\/en\/\"><b>web del plogga <\/b><\/a><\/em>la iniciativa s\u2019ha est\u00e8s a m\u00e9s de 150 pa\u00efsos i cada dia m\u00e9s de 20.000 persones <i>\u201ccorren pel planeta\u201d.\u00a0<\/i>\u00c9s a dir, es dediquen a recollir les escombraries que han tirat els altres, mentre practiquen esport.<\/p>\n<p style=\"text-align: justify;\"><span style=\"color: #000000;\"><strong>Val a dir que aquesta iniciativa tan lloable parteix de la premissa de recollir all\u00f2 que els humans tirem a terra, per\u00f2 tots sabem que la reflexi\u00f3 b\u00e0sica passa per no llen\u00e7ar-hi res i, per tant, evitar el consum excessiu de productes.<\/strong><\/span><\/p>\n<p style=\"text-align: justify;\">La <span style=\"color: #000000;\"><span style=\"color: #3366ff;\"><strong><a style=\"color: #3366ff;\" href=\"https:\/\/www.kilianjornetfoundation.org\/ca\/\">Fundaci\u00f3 Kilian Jornet<\/a><\/strong><\/span>,<\/span> en el seu programa educatiu, ha donat suport a aquesta proposta amb el nom de <em><strong>Plogga Week<\/strong>, compartint la <\/em>seg\u00fcent reflexi\u00f3:<a href=\"https:\/\/serveiseducatius.xtec.cat\/altemporda\/wp-content\/uploads\/usu1156\/2021\/04\/plogga-week.png\"><img loading=\"lazy\" decoding=\"async\" class=\"wp-image-12986 alignleft\" src=\"https:\/\/serveiseducatius.xtec.cat\/altemporda\/wp-content\/uploads\/usu1156\/2021\/04\/plogga-week.png\" alt=\"\" width=\"147\" height=\"184\" srcset=\"https:\/\/serveiseducatius.xtec.cat\/altemporda\/wp-content\/uploads\/usu1156\/2021\/04\/plogga-week.png 576w, https:\/\/serveiseducatius.xtec.cat\/altemporda\/wp-content\/uploads\/usu1156\/2021\/04\/plogga-week-239x300.png 239w\" sizes=\"auto, (max-width: 147px) 100vw, 147px\" \/><\/a><\/p>\n<p style=\"text-align: justify;\"><span style=\"color: #808080;\"><em>&#8220;Ens cal una societat en la qual els \u00e9ssers humans visquin amb un \u00fas sostenible dels recursos naturals per garantir la qualitat de vida de totes les esp\u00e8cies, inclosa la nostra, i ens porti a una societat m\u00e9s equitativa. Amb un respecte i coneixement universal de la natura com a valor clau, on aquesta estigui integrada en la vida de tots\/es i on els espais naturals siguin m\u00e9s amplis i salvatges. <\/em><\/span><\/p>\n<p style=\"text-align: justify;\"><span style=\"color: #808080;\"><em>\u00a0 \u00a0 \u00a0Perqu\u00e8 aquesta visi\u00f3 es faci realitat necessitem canviar el model de la nostra societat, des de com treballem, produ\u00efm, ens movem o practiquem esport, necessitem preservar els llocs que encara s\u00f3n salvatges i ampliar-los, i fer un \u00fas millor i m\u00e9s sostenible de la resta. Hem de repensar els nostres models econ\u00f2mics i de productivitat perqu\u00e8 siguin m\u00e9s justos per la natura i per a la nostra societat. Tot i que aquesta visi\u00f3 s\u2019ha de dur a terme a escala global, creiem que la for\u00e7a de la comunitat i els petits passos condueixen a transicions m\u00e9s grans, i aquest \u00e9s l\u2019objectiu pel qual va n\u00e9ixer aquesta fundaci\u00f3, treballar en la preservaci\u00f3 d\u2019un dels majors espais naturals cap a un futur millor per a tots els i les habitants de la Terra&#8221;.<\/em><\/span><\/p>\n<p style=\"text-align: justify;\">La Comissi\u00f3 Europea va impulsar el programa europeu <strong><em>Let&#8217;s Clean Up Europe (LCUE)<\/em> iniciat a Catalunya, l&#8217;any 2014, per l&#8217;Ag\u00e8ncia de Residus de Catalunya (ARC).<\/strong> <a href=\"https:\/\/residus.gencat.cat\/ca\/ambits_dactuacio\/prevencio\/setmana_europea\/lets_clean_up_europe\/index.html\" target=\"_blank\" rel=\"https:\/\/residus.gencat.cat\/ca\/ambits_dactuacio\/prevencio\/setmana_europea\/lets_clean_up_europe\/index.html noopener\"><img loading=\"lazy\" decoding=\"async\" class=\"alignright wp-image-16163\" src=\"https:\/\/serveiseducatius.xtec.cat\/altemporda\/wp-content\/uploads\/usu1156\/2022\/02\/banner-web-LCUE-717x1024.jpg\" alt=\"\" width=\"109\" height=\"156\" srcset=\"https:\/\/serveiseducatius.xtec.cat\/altemporda\/wp-content\/uploads\/usu1156\/2022\/02\/banner-web-LCUE-717x1024.jpg 717w, https:\/\/serveiseducatius.xtec.cat\/altemporda\/wp-content\/uploads\/usu1156\/2022\/02\/banner-web-LCUE-210x300.jpg 210w, https:\/\/serveiseducatius.xtec.cat\/altemporda\/wp-content\/uploads\/usu1156\/2022\/02\/banner-web-LCUE-768x1098.jpg 768w, https:\/\/serveiseducatius.xtec.cat\/altemporda\/wp-content\/uploads\/usu1156\/2022\/02\/banner-web-LCUE-1075x1536.jpg 1075w, https:\/\/serveiseducatius.xtec.cat\/altemporda\/wp-content\/uploads\/usu1156\/2022\/02\/banner-web-LCUE.jpg 1184w\" sizes=\"auto, (max-width: 109px) 100vw, 109px\" \/><\/a>Posteriorment, l&#8217;any 2020 la Fundaci\u00f3 Kilian Jornet dona suport a la iniciativa amb el projecte <em>Plogga Week i l&#8217;any 2021 <\/em>aterra a la comarca de l&#8217;Alt Empord\u00e0 amb el nom de Correcull.<\/p>\n<p style=\"text-align: justify;\">Val a dir que aquesta acci\u00f3 se suma a les diferents iniciatives ciutadanes que, tant en l&#8217;\u00e0mbit individual, com col\u00b7lectiu, s&#8217;han anat estenent al llarg de tot el territori. En s\u00f3n un exemple: <em>&#8220;Jo camino, jo recullo&#8221;<\/em>, <em>&#8220;Platges netes&#8221; de Llan\u00e7\u00e0<\/em>, &#8220;<em>Brigada activista del Salabret&#8221;<\/em>, etc.<\/p>\n","protected":false},"excerpt":{"rendered":"<p>La proposta que us presentem surt en paral\u00b7lel en diferents entorns i moments. Des de l\u2019anonimat m\u00e9s absolut, fins a persones m\u00e9s rellevants i institucions. Aquesta acci\u00f3 ambiental per un m\u00f3n m\u00e9s net, just i sostenible es va anar estenent a partir de les primeres accions impulsades per Erik Ahlstr\u00f6m, amb el nom de Plogga [&hellip;]<\/p>\n","protected":false},"author":4,"featured_media":0,"parent":23496,"menu_order":0,"comment_status":"closed","ping_status":"closed","template":"","meta":{"_bbp_topic_count":0,"_bbp_reply_count":0,"_bbp_total_topic_count":0,"_bbp_total_reply_count":0,"_bbp_voice_count":0,"_bbp_anonymous_reply_count":0,"_bbp_topic_count_hidden":0,"_bbp_reply_count_hidden":0,"_bbp_forum_subforum_count":0,"site-sidebar-layout":"default","site-content-layout":"","ast-site-content-layout":"","site-content-style":"default","site-sidebar-style":"default","ast-global-header-display":"","ast-banner-title-visibility":"","ast-main-header-display":"","ast-hfb-above-header-display":"","ast-hfb-below-header-display":"","ast-hfb-mobile-header-display":"","site-post-title":"","ast-breadcrumbs-content":"","ast-featured-img":"","footer-sml-layout":"","theme-transparent-header-meta":"","adv-header-id-meta":"","stick-header-meta":"","header-above-stick-meta":"","header-main-stick-meta":"","header-below-stick-meta":"","astra-migrate-meta-layouts":"default","ast-page-background-enabled":"default","ast-page-background-meta":{"desktop":{"background-color":"var(--ast-global-color-4)","background-image":"","background-repeat":"repeat","background-position":"center center","background-size":"auto","background-attachment":"scroll","background-type":"","background-media":"","overlay-type":"","overlay-color":"","overlay-opacity":"","overlay-gradient":""},"tablet":{"background-color":"","background-image":"","background-repeat":"repeat","background-position":"center center","background-size":"auto","background-attachment":"scroll","background-type":"","background-media":"","overlay-type":"","overlay-color":"","overlay-opacity":"","overlay-gradient":""},"mobile":{"background-color":"","background-image":"","background-repeat":"repeat","background-position":"center center","background-size":"auto","background-attachment":"scroll","background-type":"","background-media":"","overlay-type":"","overlay-color":"","overlay-opacity":"","overlay-gradient":""}},"ast-content-background-meta":{"desktop":{"background-color":"var(--ast-global-color-5)","background-image":"","background-repeat":"repeat","background-position":"center center","background-size":"auto","background-attachment":"scroll","background-type":"","background-media":"","overlay-type":"","overlay-color":"","overlay-opacity":"","overlay-gradient":""},"tablet":{"background-color":"var(--ast-global-color-5)","background-image":"","background-repeat":"repeat","background-position":"center center","background-size":"auto","background-attachment":"scroll","background-type":"","background-media":"","overlay-type":"","overlay-color":"","overlay-opacity":"","overlay-gradient":""},"mobile":{"background-color":"var(--ast-global-color-5)","background-image":"","background-repeat":"repeat","background-position":"center center","background-size":"auto","background-attachment":"scroll","background-type":"","background-media":"","overlay-type":"","overlay-color":"","overlay-opacity":"","overlay-gradient":""}},"footnotes":""},"class_list":["post-23512","page","type-page","status-publish","hentry"],"post_mailing_queue_ids":[],"_links":{"self":[{"href":"https:\/\/serveiseducatius.xtec.cat\/altemporda\/wp-json\/wp\/v2\/pages\/23512","targetHints":{"allow":["GET"]}}],"collection":[{"href":"https:\/\/serveiseducatius.xtec.cat\/altemporda\/wp-json\/wp\/v2\/pages"}],"about":[{"href":"https:\/\/serveiseducatius.xtec.cat\/altemporda\/wp-json\/wp\/v2\/types\/page"}],"author":[{"embeddable":true,"href":"https:\/\/serveiseducatius.xtec.cat\/altemporda\/wp-json\/wp\/v2\/users\/4"}],"replies":[{"embeddable":true,"href":"https:\/\/serveiseducatius.xtec.cat\/altemporda\/wp-json\/wp\/v2\/comments?post=23512"}],"version-history":[{"count":6,"href":"https:\/\/serveiseducatius.xtec.cat\/altemporda\/wp-json\/wp\/v2\/pages\/23512\/revisions"}],"predecessor-version":[{"id":26548,"href":"https:\/\/serveiseducatius.xtec.cat\/altemporda\/wp-json\/wp\/v2\/pages\/23512\/revisions\/26548"}],"up":[{"embeddable":true,"href":"https:\/\/serveiseducatius.xtec.cat\/altemporda\/wp-json\/wp\/v2\/pages\/23496"}],"wp:attachment":[{"href":"https:\/\/serveiseducatius.xtec.cat\/altemporda\/wp-json\/wp\/v2\/media?parent=23512"}],"curies":[{"name":"wp","href":"https:\/\/api.w.org\/{rel}","templated":true}]}}