{"id":23496,"date":"2024-07-03T11:57:29","date_gmt":"2024-07-03T09:57:29","guid":{"rendered":"https:\/\/serveiseducatius.xtec.cat\/altemporda\/?page_id=23496"},"modified":"2025-10-21T18:26:25","modified_gmt":"2025-10-21T16:26:25","slug":"correcull-1","status":"publish","type":"page","link":"https:\/\/serveiseducatius.xtec.cat\/altemporda\/correcull-1\/","title":{"rendered":"Correcull"},"content":{"rendered":"<p style=\"text-align: justify;\"><a href=\"https:\/\/serveiseducatius.xtec.cat\/altemporda\/wp-content\/uploads\/usu1156\/2023\/01\/IMG_1941.jpg\"><img loading=\"lazy\" decoding=\"async\" class=\"wp-image-18970 alignleft\" src=\"https:\/\/serveiseducatius.xtec.cat\/altemporda\/wp-content\/uploads\/usu1156\/2023\/01\/IMG_1941.jpg\" alt=\"\" width=\"262\" height=\"128\" srcset=\"https:\/\/serveiseducatius.xtec.cat\/altemporda\/wp-content\/uploads\/usu1156\/2023\/01\/IMG_1941.jpg 922w, https:\/\/serveiseducatius.xtec.cat\/altemporda\/wp-content\/uploads\/usu1156\/2023\/01\/IMG_1941-300x147.jpg 300w, https:\/\/serveiseducatius.xtec.cat\/altemporda\/wp-content\/uploads\/usu1156\/2023\/01\/IMG_1941-768x376.jpg 768w\" sizes=\"auto, (max-width: 262px) 100vw, 262px\" \/><\/a><strong><em>Correcull, un repte que intenta canviar el m\u00f3n. <\/em><\/strong>Aquesta proposta educativa impulsada des de Su\u00e8cia amb el nom de <em>Plogging,<\/em> uneix l&#8217;activitat f\u00edsica amb el respecte pel medi ambient. E<em>s tracta de \u00absortir a c\u00f3rrer i anar recollint les deixalles que els corredors es van trobant pel cam\u00ed\u00bb.<\/em> El terme \u00e9s el resultat de la fusi\u00f3 de la popular paraula anglesa <i>\u2018running\u2019 <\/i>i de l\u2019expressi\u00f3 sueca \u2018<i>plocka upp<\/i>\u2018, que significa recollir.<\/p>\n<p style=\"text-align: justify;\">A Catalunya aquesta proposta es popularitza amb el nom de <span style=\"color: #22bcac;\"><strong>Correcull<\/strong> <\/span>i uneix l&#8217;acci\u00f3 dels verbs, <span style=\"color: #22bcac;\"><strong>c\u00f3rrer<\/strong> i <strong>recollir<\/strong>.<\/span> Per\u00f2&#8230; aquesta paraula composta tamb\u00e9 ens permet un joc de lletres m\u00e9s po\u00e8tic. En aquest cas, un verb i un nom. <span style=\"color: #22bcac;\"><strong>Recollir <\/strong>i<strong> cor<\/strong>.<\/span> Que ve a ser el mateix que dir<span style=\"color: #22bcac;\"><strong><span style=\"font-size: 12pt;\"><em> Recollir amb el cor<\/em><\/span><\/strong>.<\/span> Aix\u00ed doncs, amb aquest m\u00e0gic nom ple d&#8217;intencions l&#8217;any 2022 neix de la m\u00e0 dels centres que formen part de la Xarxa d\u2019escoles del parc natural de Cap de Creus (XEPNCC) la<span style=\"color: #22bcac;\"> <strong>PRIMERA<\/strong><strong>\u00a0edici\u00f3<\/strong> del <strong>Correcull <\/strong><\/span>a l\u2019Alt Empord\u00e0.<\/p>\n<p><span style=\"font-weight: 400;\">Aquesta campanya ambiental est\u00e0 acompanyada per l&#8217;Ag\u00e8ncia de Residus de Catalunya (ARC) i t\u00e9 el suport de la Fundaci\u00f3 Kilian Jornet.\u00a0<\/span><\/p>\n<div style=\"font-weight: 400;\">A partir del curs 2023-24, el projecte <b>Correcull AE<\/b> <span style=\"font-weight: 400;\">s\u2019ha obert a tots els centres de la comarca de l\u2019Alt Empord\u00e0.<\/span><\/div>\n<p>&nbsp;<\/p>\n<div class=\"fila; engrandeix img;\" style=\"display: flex; align-items: center; justify-content: center;\">\n<div class=\"columna\" style=\"width: 35%;\"><iframe loading=\"lazy\" style=\"border: 1px solid #00688A; zoom: 0.80; -moz-transform: scale(0.89); -moz-transform-origin: 0 0; -o-transform: scale(0.89);\" src=\"https:\/\/drive.google.com\/file\/d\/1-thX47qnKOfluF3jA9XOMLDFVHzRBl_A\/preview\" width=\"90%\" height=\"530px\"><span data-mce-type=\"bookmark\" style=\"display: inline-block; width: 0px; overflow: hidden; line-height: 0;\" class=\"mce_SELRES_start\">\ufeff<\/span><span data-mce-type=\"bookmark\" style=\"display: inline-block; width: 0px; overflow: hidden; line-height: 0;\" class=\"mce_SELRES_start\"><\/span><span data-mce-type=\"bookmark\" style=\"display: inline-block; width: 0px; overflow: hidden; line-height: 0;\" class=\"mce_SELRES_start\"><\/span>&amp;lt;span data-mce-type=&#8221;bookmark&#8221; style=&#8221;display: inline-block; width: 0px;<br \/>\noverflow: hidden; line-height: 0;&#8221; class=&#8221;mce_SELRES_start&#8221;&amp;gt;&amp;lt;\/span&amp;gt;<\/iframe><\/div>\n<div class=\"columna\" style=\"width: 65%;\"><iframe loading=\"lazy\" style=\"border: 1px solid #00688A; zoom: 0.80; -moz-transform: scale(0.89); -moz-transform-origin: 0 0; -o-transform: scale(0.89);\" src=\"https:\/\/docs.google.com\/spreadsheets\/d\/e\/2PACX-1vQLPCzPoLkfCfJjz7UQHjW3ctj74ETG5-rLVCtDDvt_aCmRgjElWrwlzNZfsR15uOeJPy2Mpy7ns6dg\/pubhtml?gid=1081567663&amp;single=true&amp;widget=true&amp;headers=false\" width=\"90%\" height=\"650px\"><span data-mce-type=\"bookmark\" style=\"display: inline-block; width: 0px; overflow: hidden; line-height: 0;\" class=\"mce_SELRES_start\"><\/span><span data-mce-type=\"bookmark\" style=\"display: inline-block; width: 0px; overflow: hidden; line-height: 0;\" class=\"mce_SELRES_start\"><\/span>&amp;lt;span data-mce-type=&#8221;bookmark&#8221; style=&#8221;display: inline-block; width: 0px;<br \/>\noverflow: hidden; line-height: 0;&#8221; class=&#8221;mce_SELRES_start&#8221;&amp;gt;&amp;lt;\/span&amp;gt;<\/iframe><\/div>\n<\/div>\n<p><span style=\"font-weight: 400;\">L\u2019acci\u00f3 Correcull pot esdevenir un projecte ambiental m\u00e9s ampli, fent un treball curricular entre diferents \u00e0rees o mat\u00e8ries, incidint en els diferents <\/span><b>objectius de desenvolupament sostenible, <\/b><span style=\"font-weight: 400;\">concretament els ODS 3, 6, 7, 11, 12,13, 14 i 15<\/span><b>, <\/b><span style=\"font-weight: 400;\">aix\u00ed com el vector de<\/span> <b>ciutadania democr\u00e0tica i consci\u00e8ncia global.<\/b><\/p>\n<hr \/>\n<div>\n<p><img loading=\"lazy\" decoding=\"async\" class=\"aligncenter\" style=\"border: 1px solid #555;\" src=\"https:\/\/serveiseducatius.xtec.cat\/altemporda\/wp-content\/uploads\/usu1156\/2025\/07\/4-edicions-correcull.png\" alt=\"4 edicions Correcull\" width=\"809\" height=\"602\" \/><\/p>\n<\/div>\n<hr \/>\n<p style=\"text-align: center;\"><span style=\"font-size: 18pt; color: #008080;\">Una paraula, tres lectures, un sol objectiu <strong>#NoplanetB<\/strong><\/span><\/p>\n<table style=\"border-collapse: collapse; width: 100%;\">\n<tbody>\n<tr>\n<td style=\"width: 22.9639%; border-style: hidden;\"><a href=\"https:\/\/serveiseducatius.xtec.cat\/altemporda\/wp-content\/uploads\/usu1156\/2023\/02\/Correcull_1.png\"><img loading=\"lazy\" decoding=\"async\" class=\"alignnone size-full wp-image-19901\" src=\"https:\/\/serveiseducatius.xtec.cat\/altemporda\/wp-content\/uploads\/usu1156\/2023\/02\/Correcull_1.png\" alt=\"\" width=\"449\" height=\"96\" srcset=\"https:\/\/serveiseducatius.xtec.cat\/altemporda\/wp-content\/uploads\/usu1156\/2023\/02\/Correcull_1.png 449w, https:\/\/serveiseducatius.xtec.cat\/altemporda\/wp-content\/uploads\/usu1156\/2023\/02\/Correcull_1-300x64.png 300w\" sizes=\"auto, (max-width: 449px) 100vw, 449px\" \/><\/a><\/td>\n<td style=\"width: 77.0361%; border-style: hidden;\"><span style=\"font-size: 12pt;\"><span style=\"color: #000000;\"><strong>Cor-recull<\/strong> <\/span>o el comprom\u00eds de <strong>recollir amb el cor<\/strong><\/span><\/td>\n<\/tr>\n<tr>\n<td style=\"width: 22.9639%; border-style: hidden;\"><a href=\"https:\/\/serveiseducatius.xtec.cat\/altemporda\/wp-content\/uploads\/usu1156\/2023\/02\/Correcull_2.png\"><img loading=\"lazy\" decoding=\"async\" class=\"alignnone size-full wp-image-19902\" src=\"https:\/\/serveiseducatius.xtec.cat\/altemporda\/wp-content\/uploads\/usu1156\/2023\/02\/Correcull_2.png\" alt=\"\" width=\"446\" height=\"87\" srcset=\"https:\/\/serveiseducatius.xtec.cat\/altemporda\/wp-content\/uploads\/usu1156\/2023\/02\/Correcull_2.png 446w, https:\/\/serveiseducatius.xtec.cat\/altemporda\/wp-content\/uploads\/usu1156\/2023\/02\/Correcull_2-300x59.png 300w\" sizes=\"auto, (max-width: 446px) 100vw, 446px\" \/><\/a><\/td>\n<td style=\"width: 77.0361%; border-style: hidden;\"><span style=\"font-size: 12pt;\"><strong>Corre-cull <\/strong>o el<strong> comprom\u00eds ambiental dels esports al medi natural<\/strong><\/span><\/td>\n<\/tr>\n<tr>\n<td style=\"width: 22.9639%; border-style: hidden;\"><a href=\"https:\/\/serveiseducatius.xtec.cat\/altemporda\/wp-content\/uploads\/usu1156\/2023\/02\/Correcull_3.png\"><img loading=\"lazy\" decoding=\"async\" class=\"alignnone size-full wp-image-19903\" src=\"https:\/\/serveiseducatius.xtec.cat\/altemporda\/wp-content\/uploads\/usu1156\/2023\/02\/Correcull_3.png\" alt=\"\" width=\"451\" height=\"91\" srcset=\"https:\/\/serveiseducatius.xtec.cat\/altemporda\/wp-content\/uploads\/usu1156\/2023\/02\/Correcull_3.png 451w, https:\/\/serveiseducatius.xtec.cat\/altemporda\/wp-content\/uploads\/usu1156\/2023\/02\/Correcull_3-300x61.png 300w\" sizes=\"auto, (max-width: 451px) 100vw, 451px\" \/><\/a><\/td>\n<td style=\"width: 77.0361%; border-style: hidden;\"><span style=\"font-size: 12pt;\">Corre-cull o <strong>tenim pressa, dep\u00e8n de tu! <\/strong>Cal recollir-ho abans que contamini el subso<\/span><span style=\"font-size: 12pt;\">l i els oceans.<\/span><\/td>\n<\/tr>\n<\/tbody>\n<\/table>\n<hr \/>\n<p style=\"text-align: center;\"><span style=\"color: #008080; font-size: 14pt;\"><strong>Aliances:\u00a0 <\/strong><\/span>Parc Natural de Cap de Creus, Fundaci\u00f3 Kilian Jornet,\u00a0<em>Let\u2019s Clean Up Europe, Ag\u00e8ncia de Residus de Catalunya.<\/em><\/p>\n<hr \/>\n<p style=\"text-align: center;\"><span style=\"color: #008080;\"><strong>Si voleu difondre l&#8217;esdeveniment a les xarxes socials, podem utilitzar els <em>hashtags<\/em>:<\/strong><\/span><\/p>\n<p style=\"text-align: center;\"><span style=\"color: #008000;\">#Correcull\u00a0 \u00a0#AltEmpord\u00e0\u00a0 #XEPNCC\u00a0 \u00a0#pncapdecreus\u00a0 \u00a0<span style=\"font-weight: 400;\">#EconomiaCircular\u00a0 \u00a0#LCUE\u00a0 \u00a0<\/span>#Plogging<\/span><\/p>\n<p style=\"text-align: center;\"><span style=\"color: #008000;\">@sealtemporda\u00a0 @<wbr \/>kilianjornetfoundation \u00a0@educaciocat\u00a0 \u00a0@parcscat\u00a0 \u00a0 <span style=\"font-weight: 400;\">@residuscat<span style=\"color: #008000;\"><a class=\"css-4rbku5 css-18t94o4 css-901oao css-16my406 r-1cvl2hr r-1loqt21 r-poiln3 r-bcqeeo r-qvutc0\" dir=\"ltr\" style=\"color: #008000;\" role=\"link\" href=\"https:\/\/twitter.com\/TeachSDGs\">\u00a0 \u00a0 @TheGlobalGoals<\/a><\/span><\/span><\/span><\/p>\n<hr \/>\n","protected":false},"excerpt":{"rendered":"<p>Correcull, un repte que intenta canviar el m\u00f3n. Aquesta proposta educativa impulsada des de Su\u00e8cia amb el nom de Plogging, uneix l&#8217;activitat f\u00edsica amb el respecte pel medi ambient. Es tracta de \u00absortir a c\u00f3rrer i anar recollint les deixalles que els corredors es van trobant pel cam\u00ed\u00bb. El terme \u00e9s el resultat de la [&hellip;]<\/p>\n","protected":false},"author":4,"featured_media":0,"parent":0,"menu_order":0,"comment_status":"closed","ping_status":"closed","template":"","meta":{"_bbp_topic_count":0,"_bbp_reply_count":0,"_bbp_total_topic_count":0,"_bbp_total_reply_count":0,"_bbp_voice_count":0,"_bbp_anonymous_reply_count":0,"_bbp_topic_count_hidden":0,"_bbp_reply_count_hidden":0,"_bbp_forum_subforum_count":0,"site-sidebar-layout":"default","site-content-layout":"","ast-site-content-layout":"","site-content-style":"default","site-sidebar-style":"default","ast-global-header-display":"","ast-banner-title-visibility":"","ast-main-header-display":"","ast-hfb-above-header-display":"","ast-hfb-below-header-display":"","ast-hfb-mobile-header-display":"","site-post-title":"","ast-breadcrumbs-content":"","ast-featured-img":"","footer-sml-layout":"","theme-transparent-header-meta":"","adv-header-id-meta":"","stick-header-meta":"","header-above-stick-meta":"","header-main-stick-meta":"","header-below-stick-meta":"","astra-migrate-meta-layouts":"default","ast-page-background-enabled":"default","ast-page-background-meta":{"desktop":{"background-color":"var(--ast-global-color-4)","background-image":"","background-repeat":"repeat","background-position":"center center","background-size":"auto","background-attachment":"scroll","background-type":"","background-media":"","overlay-type":"","overlay-color":"","overlay-opacity":"","overlay-gradient":""},"tablet":{"background-color":"","background-image":"","background-repeat":"repeat","background-position":"center center","background-size":"auto","background-attachment":"scroll","background-type":"","background-media":"","overlay-type":"","overlay-color":"","overlay-opacity":"","overlay-gradient":""},"mobile":{"background-color":"","background-image":"","background-repeat":"repeat","background-position":"center center","background-size":"auto","background-attachment":"scroll","background-type":"","background-media":"","overlay-type":"","overlay-color":"","overlay-opacity":"","overlay-gradient":""}},"ast-content-background-meta":{"desktop":{"background-color":"var(--ast-global-color-5)","background-image":"","background-repeat":"repeat","background-position":"center center","background-size":"auto","background-attachment":"scroll","background-type":"","background-media":"","overlay-type":"","overlay-color":"","overlay-opacity":"","overlay-gradient":""},"tablet":{"background-color":"var(--ast-global-color-5)","background-image":"","background-repeat":"repeat","background-position":"center center","background-size":"auto","background-attachment":"scroll","background-type":"","background-media":"","overlay-type":"","overlay-color":"","overlay-opacity":"","overlay-gradient":""},"mobile":{"background-color":"var(--ast-global-color-5)","background-image":"","background-repeat":"repeat","background-position":"center center","background-size":"auto","background-attachment":"scroll","background-type":"","background-media":"","overlay-type":"","overlay-color":"","overlay-opacity":"","overlay-gradient":""}},"footnotes":""},"class_list":["post-23496","page","type-page","status-publish","hentry"],"post_mailing_queue_ids":[],"_links":{"self":[{"href":"https:\/\/serveiseducatius.xtec.cat\/altemporda\/wp-json\/wp\/v2\/pages\/23496","targetHints":{"allow":["GET"]}}],"collection":[{"href":"https:\/\/serveiseducatius.xtec.cat\/altemporda\/wp-json\/wp\/v2\/pages"}],"about":[{"href":"https:\/\/serveiseducatius.xtec.cat\/altemporda\/wp-json\/wp\/v2\/types\/page"}],"author":[{"embeddable":true,"href":"https:\/\/serveiseducatius.xtec.cat\/altemporda\/wp-json\/wp\/v2\/users\/4"}],"replies":[{"embeddable":true,"href":"https:\/\/serveiseducatius.xtec.cat\/altemporda\/wp-json\/wp\/v2\/comments?post=23496"}],"version-history":[{"count":7,"href":"https:\/\/serveiseducatius.xtec.cat\/altemporda\/wp-json\/wp\/v2\/pages\/23496\/revisions"}],"predecessor-version":[{"id":27186,"href":"https:\/\/serveiseducatius.xtec.cat\/altemporda\/wp-json\/wp\/v2\/pages\/23496\/revisions\/27186"}],"wp:attachment":[{"href":"https:\/\/serveiseducatius.xtec.cat\/altemporda\/wp-json\/wp\/v2\/media?parent=23496"}],"curies":[{"name":"wp","href":"https:\/\/api.w.org\/{rel}","templated":true}]}}