{"id":22718,"date":"2024-04-02T08:46:59","date_gmt":"2024-04-02T06:46:59","guid":{"rendered":"https:\/\/serveiseducatius.xtec.cat\/altemporda\/?page_id=22718"},"modified":"2024-04-02T09:04:50","modified_gmt":"2024-04-02T07:04:50","slug":"ciencia-des-del-cda-empuries","status":"publish","type":"page","link":"https:\/\/serveiseducatius.xtec.cat\/altemporda\/ciencia-des-del-cda-empuries\/","title":{"rendered":"Ci\u00e8ncia des del CdA Emp\u00faries"},"content":{"rendered":"<p class=\"sites-layout-tile sites-tile-name-header\"><span style=\"font-size: 12pt;\">El <a href=\"https:\/\/serveiseducatius.xtec.cat\/cda-empuries\/\" target=\"_blank\" rel=\"noopener\">CdA Emp\u00faries<\/a> us ofereix tres possibilitats per a gaudir de la ci\u00e8ncia a l\u2019aula. Es basen en tres dels tallers que s\u2019ofereixen al CdA i s\u2019han elaborat en Flash. Els podeu visualitzar directament en l\u00ednia o b\u00e9 baixar-vos els fitxers comprimits per a utilitzar-los en el vostre ordinador sense necessitat de connexi\u00f3 a internet; nom\u00e9s cal que els descomprimiu i hi tingueu instal\u00b7lat un reproductor de Flash.<br \/>\nCadascun porta una\u00a0<b><span style=\"color: #990000;\">guia de presentaci\u00f3<\/span><\/b> on trobareu els continguts i les instruccions de funcionament juntament amb alguns suggeriments per a quan els treballeu a l\u2019aula.<br \/>\nEls comentaris sobre els nivells s\u00f3n purament indicatius i, en tot cas, sou vosaltres qui teniu la darrera paraula.<\/span><\/p>\n<div>\n<p><span style=\"font-size: 12pt;\"><b><span style=\"color: #990000;\">1. Els vegetals s\u2019adapten?<\/span><\/b><br \/>\nLes plantes, malgrat no tenir intel\u00b7lig\u00e8ncia tenen capacitat per a evolucionar i adaptar-se.<br \/>\nAquesta presentaci\u00f3 us permetr\u00e0 treballar les adaptacions dels vegetals tant pel que fa a la nutrici\u00f3, com a la reproducci\u00f3 o a la relaci\u00f3 amb el medi.<br \/>\nL\u2019\u00fas de fotografies, gr\u00e0fics i animacions fan m\u00e9s intel\u00b7ligibles les caracter\u00edstiques de les diverses esp\u00e8cies vegetals i faciliten la comprensi\u00f3 dels processos que permeten a les plantes ser les grans f\u00e0briques d\u2019aliments de la natura.<br \/>\nCom podreu veure est\u00e0 estructurat en parts i seccions, de manera que us pugueu saltar les que m\u00e9s us convinguin en funci\u00f3 de les vostres necessitats o parar i reprendre la projecci\u00f3 quan us sigui necessari.<br \/>\nEst\u00e0 basat en el taller de bot\u00e0nica III que s\u2019ofereix al CdA Emp\u00faries. Aquesta \u00e9s la primera part del taller que, en el CdA, complementem amb l\u2019aplicaci\u00f3 del que s\u2019ha estudiat a la projecci\u00f3 sobre fotografies de flors i fruits de diverses plantes que l\u2019alumnat ha de classificar segons el tipus de pol\u00b7linitzaci\u00f3 m\u00e9s habitual i segons la forma en qu\u00e8 es dispersen les llavors.<br \/>\nEst\u00e0 m\u00e9s pensat per a secund\u00e0ria i batxillerat, per\u00f2 aix\u00f2 no vol dir que no se\u2019n pugui utilitzar alguna part per a prim\u00e0ria.<\/span><\/p>\n<p><span style=\"font-size: 12pt;\"><b><span style=\"color: #990000;\">2. De la flor a la nova planta<\/span><\/b><br \/>\n\u00c9s una reducci\u00f3 de l\u2019anterior. S\u2019ha simplificat tota la primera part on nom\u00e9s es tracten algunes adaptacions de les plantes a les circumst\u00e0ncies ambientals i s\u2019han mantingut els apartats dedicats a les flors (pol\u00b7linitzaci\u00f3) i als fruits (dispersi\u00f3 de llavors), simplificant el llenguatge emprat per a fer-lo m\u00e9s planer.<br \/>\nQuan es fa el taller al CdA tamb\u00e9 es completa amb una segona part de classificaci\u00f3 de fotografies, m\u00e9s o menys complexa, segons el nivell amb el qual estiguem treballant.<br \/>\nAquest est\u00e0 m\u00e9s pensat per a prim\u00e0ria, per\u00f2 no es pot descartar el seu \u00fas per a secund\u00e0ria.<\/span><\/p>\n<p><b style=\"font-size: 12pt; font-family: inherit;\"><span style=\"color: #990000;\">3. Per qu\u00e8 flotem?<\/span><\/b><\/p>\n<div>\n<p><span style=\"font-size: 12pt;\">En aquest Flash hi ha la reproducci\u00f3 pas a pas del taller de flotaci\u00f3 que s\u2019ofereix al CdA Emp\u00faries. La presentaci\u00f3 nom\u00e9s n\u2019\u00e9s una constataci\u00f3 gr\u00e0fica.<br \/>\nL\u2019aplicaci\u00f3 del m\u00e8tode cient\u00edfic, les t\u00e8cniques d\u2019experimentaci\u00f3, l\u2019emissi\u00f3 i validaci\u00f3 d\u2019hip\u00f2tesis, la precisi\u00f3 en les mesures, la necessitat dels c\u00e0lculs, l\u2019aproximaci\u00f3 de quantitats, l\u2019an\u00e0lisi dels resultats, s\u00f3n alguns dels procediments i habilitats que podreu trobar i treballar amb aquesta activitat.<br \/>\nAmb el pas del concret a l\u2019abstracte, del fet particular a la llei general, arribarem a deduir el principi d\u2019Arquimedes a partir de l\u2019observaci\u00f3 i an\u00e0lisi de la flotaci\u00f3 d\u2019un vaixell de ferro.<br \/>\nFinalment, es fa un estudi de la flotaci\u00f3 dels cossos i s\u2019aplica tant a l\u00edquids com a gasos. Es pot utilitzar a partir del cicle superior de prim\u00e0ria \u2014cal saber operar amb nombres decimals\u2014 i secund\u00e0ria.<br \/>\nDintre de l\u2019arxiu comprimit hi trobareu el material escrit (QT) que podeu fer servir amb l\u2019alumnat durant la presentaci\u00f3, com si es tract\u00e9s de la realitzaci\u00f3 del taller o d\u2019una pr\u00e0ctica de laboratori.<br \/>\n<\/span><\/p>\n<p style=\"text-align: right;\"><em><strong><span style=\"font-size: 12pt;\">Camp d\u2019aprenentatge Emp\u00faries<\/span><\/strong><\/em><\/p>\n<div>\n<hr \/>\n<\/div>\n<\/div>\n<\/div>\n<table class=\"sites-layout-hbox\" style=\"border-style: hidden;\" cellspacing=\"0\">\n<tbody>\n<tr>\n<td class=\"sites-layout-tile sites-tile-name-content-1\">\n<div>\n<p><span style=\"font-size: 12pt;\"><b>ELS VEGETALS S&#8217;ADAPTEN?<\/b><\/span><\/p>\n<p><span style=\"font-size: 12pt;\"><a href=\"http:\/\/www.sealtemporda.eu\/botanicagc\/Taller%20bot%C3%A0nica%20III%20alumnes\/Inici.swf\" target=\"_blank\" rel=\"nofollow noopener\"><b>Arxiu Flash:<\/b><\/a> visualitzaci\u00f3 directa al web.<\/span><\/p>\n<p><span style=\"color: #ff0000;\"><b style=\"font-size: 12pt; font-family: inherit;\">IMPORTANT: obrir-lo a Chrome <span style=\"font-size: 10pt;\"><em>(amb un <a href=\"https:\/\/chromewebstore.google.com\/search\/emulador%20flash\" target=\"_blank\" rel=\"noopener\">emulador Flash<\/a>)<\/em><\/span><\/b><\/span><\/p>\n<\/div>\n<div>\n<p><span style=\"font-size: 12pt;\"><a href=\"http:\/\/www.sealtemporda.eu\/botanicagc\/Taller%20bot%C3%A0nica%20III%20alumnes.zip\" target=\"_blank\" rel=\"nofollow noopener\"><b>Arxiu ZIP:<\/b><\/a>\u00a0per descarregar-se i executar a qualsevol ordinador sense necessitat d&#8217;internet.<\/span><\/p>\n<p><span style=\"font-size: 12pt;\"><a href=\"http:\/\/www.sealtemporda.eu\/botanicagc\/Taller%20bot%C3%A0nica%20III%20alumnes\/GP%20Taller%20bot%C3%A0nica%20III.pdf\" target=\"_blank\" rel=\"nofollow noopener\"><b>Arxiu PDF:<\/b><\/a>\u00a0gui\u00f3 de la presentaci\u00f3.<\/span><\/p>\n<\/div>\n<\/td>\n<td class=\"sites-layout-tile sites-tile-name-content-2\">\n<p dir=\"ltr\"><span style=\"font-size: 12pt;\"><b>DE LA FLOR A LA NOVA PLANTA<\/b><\/span><\/p>\n<p><span style=\"font-size: 12pt;\"><b><a href=\"http:\/\/www.sealtemporda.eu\/botanicagc\/Taller%20bot%C3%A0nica%20III%20FF%201b%20alumnes\/Inici.swf\" target=\"_blank\" rel=\"nofollow noopener\">Arxiu Flash:<\/a><\/b>\u00a0visualitzaci\u00f3 directa al web.<\/span><br \/>\n<span style=\"color: #ff0000;\"><b style=\"font-size: 12pt; font-family: inherit;\">IMPORTANT: obrir-lo a Chrome <span style=\"font-size: 10pt;\"><em>(amb un <a href=\"https:\/\/chromewebstore.google.com\/search\/emulador%20flash\" target=\"_blank\" rel=\"noopener\">emulador Flash<\/a>)<\/em><\/span><\/b><\/span><\/p>\n<p><span style=\"font-size: 12pt;\"><b><a href=\"http:\/\/www.sealtemporda.eu\/botanicagc\/Taller%20bot%C3%A0nica%20III%20FF%201b%20alumnes.zip\" rel=\"nofollow\">Arxiu ZIP<\/a>:<\/b>\u00a0per descarregar-se i executar a qualsevol ordinador sense necessitat d&#8217;internet.<\/span><\/p>\n<p><span style=\"font-size: 12pt;\"><b><a href=\"http:\/\/www.sealtemporda.eu\/botanicagc\/Taller%20bot%C3%A0nica%20III%20FF%201b%20alumnes\/GP%20Taller%20botanica%20III%201b.pdf\" target=\"_blank\" rel=\"nofollow noopener\">Arxiu PDF:<\/a><\/b>\u00a0gui\u00f3 de la presentaci\u00f3.<\/span><\/td>\n<td class=\"sites-layout-tile sites-tile-name-content-3\">\n<p dir=\"ltr\"><span style=\"font-size: 12pt;\"><b>PER QU\u00c8 FLOTEM?<\/b><\/span><\/p>\n<p><span style=\"font-size: 12pt;\"><b><a href=\"http:\/\/www.sealtemporda.eu\/botanicagc\/Taller%20de%20flotacio\/Taller%20de%20flotaci%C3%B3.swf\" target=\"_blank\" rel=\"nofollow noopener\">Arxiu Flash:<\/a><\/b>\u00a0visualitzaci\u00f3 directa al web.<\/span><br \/>\n<span style=\"color: #ff0000;\"><b style=\"font-size: 12pt; font-family: inherit;\">IMPORTANT: obrir-lo a Chrome <span style=\"font-size: 10pt;\"><em>(amb un <a href=\"https:\/\/chromewebstore.google.com\/search\/emulador%20flash\" target=\"_blank\" rel=\"noopener\">emulador Flash<\/a>)<\/em><\/span><\/b><\/span><\/p>\n<p><span style=\"font-size: 12pt;\"><b><a href=\"http:\/\/www.sealtemporda.eu\/botanicagc\/Taller%20de%20flotacio.zip\" target=\"_blank\" rel=\"nofollow noopener\">Arxiu ZIP:<\/a>\u00a0<\/b>per descarregar-se i executar a qualsevol ordinador sense necessitat d&#8217;internet.<\/span><\/p>\n<p><span style=\"font-size: 12pt;\"><b><a href=\"http:\/\/www.sealtemporda.eu\/botanicagc\/flotacio\/Guiopresentacio.pdf\" target=\"_blank\" rel=\"nofollow noopener\">Arxiu PDF:<\/a>\u00a0<\/b>gui\u00f3 de la presentaci\u00f3.<\/span><\/td>\n<\/tr>\n<\/tbody>\n<\/table>\n","protected":false},"excerpt":{"rendered":"<p>El CdA Emp\u00faries us ofereix tres possibilitats per a gaudir de la ci\u00e8ncia a l\u2019aula. Es basen en tres dels tallers que s\u2019ofereixen al CdA i s\u2019han elaborat en Flash. Els podeu visualitzar directament en l\u00ednia o b\u00e9 baixar-vos els fitxers comprimits per a utilitzar-los en el vostre ordinador sense necessitat de connexi\u00f3 a internet; [&hellip;]<\/p>\n","protected":false},"author":4,"featured_media":0,"parent":0,"menu_order":0,"comment_status":"closed","ping_status":"closed","template":"","meta":{"_bbp_topic_count":0,"_bbp_reply_count":0,"_bbp_total_topic_count":0,"_bbp_total_reply_count":0,"_bbp_voice_count":0,"_bbp_anonymous_reply_count":0,"_bbp_topic_count_hidden":0,"_bbp_reply_count_hidden":0,"_bbp_forum_subforum_count":0,"site-sidebar-layout":"default","site-content-layout":"","ast-site-content-layout":"","site-content-style":"default","site-sidebar-style":"default","ast-global-header-display":"","ast-banner-title-visibility":"","ast-main-header-display":"","ast-hfb-above-header-display":"","ast-hfb-below-header-display":"","ast-hfb-mobile-header-display":"","site-post-title":"","ast-breadcrumbs-content":"","ast-featured-img":"","footer-sml-layout":"","theme-transparent-header-meta":"","adv-header-id-meta":"","stick-header-meta":"","header-above-stick-meta":"","header-main-stick-meta":"","header-below-stick-meta":"","astra-migrate-meta-layouts":"default","ast-page-background-enabled":"default","ast-page-background-meta":{"desktop":{"background-color":"var(--ast-global-color-4)","background-image":"","background-repeat":"repeat","background-position":"center center","background-size":"auto","background-attachment":"scroll","background-type":"","background-media":"","overlay-type":"","overlay-color":"","overlay-opacity":"","overlay-gradient":""},"tablet":{"background-color":"","background-image":"","background-repeat":"repeat","background-position":"center center","background-size":"auto","background-attachment":"scroll","background-type":"","background-media":"","overlay-type":"","overlay-color":"","overlay-opacity":"","overlay-gradient":""},"mobile":{"background-color":"","background-image":"","background-repeat":"repeat","background-position":"center center","background-size":"auto","background-attachment":"scroll","background-type":"","background-media":"","overlay-type":"","overlay-color":"","overlay-opacity":"","overlay-gradient":""}},"ast-content-background-meta":{"desktop":{"background-color":"var(--ast-global-color-5)","background-image":"","background-repeat":"repeat","background-position":"center center","background-size":"auto","background-attachment":"scroll","background-type":"","background-media":"","overlay-type":"","overlay-color":"","overlay-opacity":"","overlay-gradient":""},"tablet":{"background-color":"var(--ast-global-color-5)","background-image":"","background-repeat":"repeat","background-position":"center center","background-size":"auto","background-attachment":"scroll","background-type":"","background-media":"","overlay-type":"","overlay-color":"","overlay-opacity":"","overlay-gradient":""},"mobile":{"background-color":"var(--ast-global-color-5)","background-image":"","background-repeat":"repeat","background-position":"center center","background-size":"auto","background-attachment":"scroll","background-type":"","background-media":"","overlay-type":"","overlay-color":"","overlay-opacity":"","overlay-gradient":""}},"footnotes":""},"class_list":["post-22718","page","type-page","status-publish","hentry"],"post_mailing_queue_ids":[],"_links":{"self":[{"href":"https:\/\/serveiseducatius.xtec.cat\/altemporda\/wp-json\/wp\/v2\/pages\/22718","targetHints":{"allow":["GET"]}}],"collection":[{"href":"https:\/\/serveiseducatius.xtec.cat\/altemporda\/wp-json\/wp\/v2\/pages"}],"about":[{"href":"https:\/\/serveiseducatius.xtec.cat\/altemporda\/wp-json\/wp\/v2\/types\/page"}],"author":[{"embeddable":true,"href":"https:\/\/serveiseducatius.xtec.cat\/altemporda\/wp-json\/wp\/v2\/users\/4"}],"replies":[{"embeddable":true,"href":"https:\/\/serveiseducatius.xtec.cat\/altemporda\/wp-json\/wp\/v2\/comments?post=22718"}],"version-history":[{"count":6,"href":"https:\/\/serveiseducatius.xtec.cat\/altemporda\/wp-json\/wp\/v2\/pages\/22718\/revisions"}],"predecessor-version":[{"id":22728,"href":"https:\/\/serveiseducatius.xtec.cat\/altemporda\/wp-json\/wp\/v2\/pages\/22718\/revisions\/22728"}],"wp:attachment":[{"href":"https:\/\/serveiseducatius.xtec.cat\/altemporda\/wp-json\/wp\/v2\/media?parent=22718"}],"curies":[{"name":"wp","href":"https:\/\/api.w.org\/{rel}","templated":true}]}}