{"id":21878,"date":"2024-01-09T12:22:47","date_gmt":"2024-01-09T11:22:47","guid":{"rendered":"https:\/\/serveiseducatius.xtec.cat\/altemporda\/?page_id=21878"},"modified":"2024-01-09T12:23:19","modified_gmt":"2024-01-09T11:23:19","slug":"premi-pallach-2024","status":"publish","type":"page","link":"https:\/\/serveiseducatius.xtec.cat\/altemporda\/premi-dexperiencies-educatives-josep-pallach\/premi-pallach-2024\/","title":{"rendered":"Premi Pallach 2024"},"content":{"rendered":"<section id=\"section-text\" class=\"mb-5\">\n<div id=\"parent-fieldname-text\" class=\"\">\n<div><strong><i>La presentaci\u00f3 d\u2019inst\u00e0ncies ser\u00e0 del 22 de gener al 23 de febrer de 2024<\/i><\/strong><\/div>\n<\/div>\n<\/section>\n<div class=\"row\">\n<div class=\"col-xs-12 col-sm-6 col-md-6 col-lg-6 mb-4\">\n<section id=\"relatedFiles\" class=\"clearfixrelated\">\n<p class=\"h4-size text-darker text-bold mb-3\">Fitxers relacionats<\/p>\n<ul class=\"list-unstyled fileGallery row mb-0\">\n<li class=\"fileGallery__item col-xs-12\"><a class=\"fileGallery__link related__item text-center\" href=\"https:\/\/www.figueres.cat\/temes\/educacio\/premispallach\/instancia-pp24.pdf\"><span class=\"fileGallery__text\">Model de sol\u00b7licitud<\/span><span class=\"fileGallery__size\">| (151.4 KB)<\/span><\/a><\/li>\n<li class=\"fileGallery__item col-xs-12\"><a class=\"fileGallery__link related__item text-center\" href=\"https:\/\/www.figueres.cat\/temes\/educacio\/premispallach\/convocatoria-premi-pallach-2024.pdf\"><span class=\"fileGallery__text\">Bases de la convocat\u00f2ria del Premi Pallach 2024.pdf<\/span><span class=\"fileGallery__size\">| (3.2 MB)<\/span><\/a><\/li>\n<li class=\"fileGallery__item col-xs-12\"><a class=\"fileGallery__link related__item text-center\" href=\"https:\/\/www.figueres.cat\/temes\/educacio\/premispallach\/premis-josep-pallach.pdf\"><span class=\"fileGallery__text\">Hist\u00f2ric de premiats<\/span><span class=\"fileGallery__size\">| (419.1 KB)<\/span><\/a><\/li>\n<\/ul>\n<p>&nbsp;<\/p>\n<p>Enlla\u00e7os relacionats<\/p>\n<\/section>\n<\/div>\n<div class=\"col-xs-12 col-sm-6 col-md-6 col-lg-6 mb-4\">\n<section id=\"relatedLinks\" class=\"mb-5 related\">\n<ul class=\"list-unstyled linkGallery row mb-0\">\n<li class=\"linkGallery__item col-xs-12\"><a class=\"linkGallery__link related__item\" href=\"https:\/\/www.figueres.cat\/temes\/educacio\/premispallach\/fundacio-josep-pallach\" target=\"_blank\" rel=\"noopener\"><span class=\"linkGallery__text\">Fundaci\u00f3 Josep Pallach<\/span><\/a><\/li>\n<\/ul>\n<\/section>\n<\/div>\n<\/div>\n","protected":false},"excerpt":{"rendered":"<p>La presentaci\u00f3 d\u2019inst\u00e0ncies ser\u00e0 del 22 de gener al 23 de febrer de 2024 Fitxers relacionats Model de sol\u00b7licitud| (151.4 KB) Bases de la convocat\u00f2ria del Premi Pallach 2024.pdf| (3.2 MB) Hist\u00f2ric de premiats| (419.1 KB) &nbsp; Enlla\u00e7os relacionats Fundaci\u00f3 Josep Pallach<\/p>\n","protected":false},"author":14,"featured_media":0,"parent":21872,"menu_order":0,"comment_status":"closed","ping_status":"closed","template":"page-templates\/side-menu.php","meta":{"_bbp_topic_count":0,"_bbp_reply_count":0,"_bbp_total_topic_count":0,"_bbp_total_reply_count":0,"_bbp_voice_count":0,"_bbp_anonymous_reply_count":0,"_bbp_topic_count_hidden":0,"_bbp_reply_count_hidden":0,"_bbp_forum_subforum_count":0,"site-sidebar-layout":"default","site-content-layout":"","ast-site-content-layout":"","site-content-style":"default","site-sidebar-style":"default","ast-global-header-display":"","ast-banner-title-visibility":"","ast-main-header-display":"","ast-hfb-above-header-display":"","ast-hfb-below-header-display":"","ast-hfb-mobile-header-display":"","site-post-title":"","ast-breadcrumbs-content":"","ast-featured-img":"","footer-sml-layout":"","theme-transparent-header-meta":"","adv-header-id-meta":"","stick-header-meta":"","header-above-stick-meta":"","header-main-stick-meta":"","header-below-stick-meta":"","astra-migrate-meta-layouts":"default","ast-page-background-enabled":"default","ast-page-background-meta":{"desktop":{"background-color":"var(--ast-global-color-4)","background-image":"","background-repeat":"repeat","background-position":"center center","background-size":"auto","background-attachment":"scroll","background-type":"","background-media":"","overlay-type":"","overlay-color":"","overlay-opacity":"","overlay-gradient":""},"tablet":{"background-color":"","background-image":"","background-repeat":"repeat","background-position":"center center","background-size":"auto","background-attachment":"scroll","background-type":"","background-media":"","overlay-type":"","overlay-color":"","overlay-opacity":"","overlay-gradient":""},"mobile":{"background-color":"","background-image":"","background-repeat":"repeat","background-position":"center center","background-size":"auto","background-attachment":"scroll","background-type":"","background-media":"","overlay-type":"","overlay-color":"","overlay-opacity":"","overlay-gradient":""}},"ast-content-background-meta":{"desktop":{"background-color":"var(--ast-global-color-5)","background-image":"","background-repeat":"repeat","background-position":"center center","background-size":"auto","background-attachment":"scroll","background-type":"","background-media":"","overlay-type":"","overlay-color":"","overlay-opacity":"","overlay-gradient":""},"tablet":{"background-color":"var(--ast-global-color-5)","background-image":"","background-repeat":"repeat","background-position":"center center","background-size":"auto","background-attachment":"scroll","background-type":"","background-media":"","overlay-type":"","overlay-color":"","overlay-opacity":"","overlay-gradient":""},"mobile":{"background-color":"var(--ast-global-color-5)","background-image":"","background-repeat":"repeat","background-position":"center center","background-size":"auto","background-attachment":"scroll","background-type":"","background-media":"","overlay-type":"","overlay-color":"","overlay-opacity":"","overlay-gradient":""}},"footnotes":""},"class_list":["post-21878","page","type-page","status-publish","hentry"],"post_mailing_queue_ids":[],"_links":{"self":[{"href":"https:\/\/serveiseducatius.xtec.cat\/altemporda\/wp-json\/wp\/v2\/pages\/21878","targetHints":{"allow":["GET"]}}],"collection":[{"href":"https:\/\/serveiseducatius.xtec.cat\/altemporda\/wp-json\/wp\/v2\/pages"}],"about":[{"href":"https:\/\/serveiseducatius.xtec.cat\/altemporda\/wp-json\/wp\/v2\/types\/page"}],"author":[{"embeddable":true,"href":"https:\/\/serveiseducatius.xtec.cat\/altemporda\/wp-json\/wp\/v2\/users\/14"}],"replies":[{"embeddable":true,"href":"https:\/\/serveiseducatius.xtec.cat\/altemporda\/wp-json\/wp\/v2\/comments?post=21878"}],"version-history":[{"count":1,"href":"https:\/\/serveiseducatius.xtec.cat\/altemporda\/wp-json\/wp\/v2\/pages\/21878\/revisions"}],"predecessor-version":[{"id":21879,"href":"https:\/\/serveiseducatius.xtec.cat\/altemporda\/wp-json\/wp\/v2\/pages\/21878\/revisions\/21879"}],"up":[{"embeddable":true,"href":"https:\/\/serveiseducatius.xtec.cat\/altemporda\/wp-json\/wp\/v2\/pages\/21872"}],"wp:attachment":[{"href":"https:\/\/serveiseducatius.xtec.cat\/altemporda\/wp-json\/wp\/v2\/media?parent=21878"}],"curies":[{"name":"wp","href":"https:\/\/api.w.org\/{rel}","templated":true}]}}