{"id":21256,"date":"2023-10-03T11:54:34","date_gmt":"2023-10-03T09:54:34","guid":{"rendered":"https:\/\/serveiseducatius.xtec.cat\/altemporda\/?page_id=21256"},"modified":"2024-06-11T08:24:01","modified_gmt":"2024-06-11T06:24:01","slug":"xtcdc-2023-2024","status":"publish","type":"page","link":"https:\/\/serveiseducatius.xtec.cat\/altemporda\/cultura-digital\/xtcd-coordinacio-digital-de-centre\/xtcdc-2023-2024\/","title":{"rendered":"XTCDC 2023-2024"},"content":{"rendered":"<div class=\"fila;\" style=\"display: flex; align-items: center; justify-content: center;\">\n<div class=\"columna\" style=\"width: 20%; text-align: center;\"><a class=\"boto_taula\" style=\"color: #000000; display: flex; align-items: center; justify-content: center;\" href=\"https:\/\/ja.cat\/xtcd-cdc-participant\" target=\"_blank\" rel=\"noopener noreferrer\"><span style=\"font-size: 1.25em; font-family: opendyslexic;\"><strong>Comprovaci\u00f3 de la participaci\u00f3<\/strong><\/span><\/a><\/div>\n<\/div>\n<hr \/>\n<p style=\"font-family: opendyslexic; text-align: center;\"><span style=\"font-size: 24pt; color: #087eb6;\">Acc\u00e9s a les sessions territorials al SEAE:<\/span><\/p>\n<div class=\"fila;\" style=\"display: flex; align-items: center; justify-content: center;\">\n<div class=\"columna\" style=\"width: 20%; text-align: center;\"><a class=\"boto_taula\" style=\"color: #000000; display: flex; align-items: center; justify-content: center;\" href=\"https:\/\/serveiseducatius.xtec.cat\/altemporda\/xtcd-coordinacio-digital-de-centre\/xtcdc-2023-2024\/xtcdc-sessio-1-03-10-2023\/\" target=\"_blank\" rel=\"noopener noreferrer\"><span style=\"font-size: 1.25em; font-family: opendyslexic;\"><strong>Sessi\u00f3 1<\/strong><\/span><\/a><\/div>\n<div class=\"columna\" style=\"width: 20%; text-align: center;\"><a class=\"boto_taula\" style=\"color: #000000; display: flex; align-items: center; justify-content: center;\" href=\"https:\/\/serveiseducatius.xtec.cat\/altemporda\/xtcd-coordinacio-digital-de-centre\/xtcdc-2023-2024\/xtcd-sessio-2-07-11-2023\/\" target=\"_blank\" rel=\"noopener noreferrer\"><span style=\"font-size: 1.25em; font-family: opendyslexic;\"><strong>Sessi\u00f3 2<\/strong><\/span><\/a><\/div>\n<div class=\"columna\" style=\"width: 20%; text-align: center;\"><a class=\"boto_taula\" style=\"color: #000000; display: flex; align-items: center; justify-content: center;\" href=\"https:\/\/serveiseducatius.xtec.cat\/altemporda\/cultura-digital\/xtcd-coordinacio-digital-de-centre\/xtcdc-2023-2024\/xtcd-sessio-3-06-02-2024\/\" target=\"_blank\" rel=\"noopener noreferrer\"><span style=\"font-size: 1.25em; font-family: opendyslexic;\"><strong>Sessi\u00f3 3<\/strong><\/span><\/a><\/div>\n<div class=\"columna\" style=\"width: 20%; text-align: center;\"><a class=\"boto_taula\" style=\"color: #000000; display: flex; align-items: center; justify-content: center;\" href=\"https:\/\/serveiseducatius.xtec.cat\/altemporda\/cultura-digital\/xtcd-coordinacio-digital-de-centre\/xtcdc-2023-2024\/xtcd-sessio-07-05-2024\/\" target=\"_blank\" rel=\"noopener noreferrer\"><span style=\"font-size: 1.25em; font-family: opendyslexic;\"><strong>Sessi\u00f3 4<\/strong><\/span><\/a><\/div>\n<div class=\"columna\" style=\"width: 20%; text-align: center;\"><a class=\"boto_taula\" style=\"color: #000000; display: flex; align-items: center; justify-content: center;\" href=\"https:\/\/serveiseducatius.xtec.cat\/altemporda\/cultura-digital\/xtcd-coordinacio-digital-de-centre\/xtcdc-2023-2024\/xtcd-sessio-11-06-2024\/\" target=\"_blank\" rel=\"noopener noreferrer\"><span style=\"font-size: 1.25em; font-family: opendyslexic;\"><strong>Sessi\u00f3 5<\/strong><\/span><\/a><\/div>\n<\/div>\n<hr \/>\n<p>&nbsp;<\/p>\n<table style=\"width: 55.3869%; height: 314px;\" align=\"center\">\n<tbody>\n<tr>\n<td style=\"background-color: #d4cfcf; text-align: center;\"><b>Seminari web<\/b><\/td>\n<td style=\"background-color: #d4cfcf; text-align: center;\"><b>Seminari territorial<\/b><\/td>\n<td style=\"background-color: #d4cfcf; text-align: center;\"><b>Nus<\/b><\/td>\n<\/tr>\n<tr>\n<td><span style=\"font-weight: 400;\">Sessi\u00f3 1 (<\/span><span style=\"font-weight: 400;\">21-09-23<\/span><span style=\"font-weight: 400;\">)<\/span><\/td>\n<td><span style=\"font-weight: 400;\">Sessi\u00f3 1 (03-10-2023)<\/span><\/td>\n<td><span style=\"font-weight: 400;\">S\u00ed<\/span><\/td>\n<\/tr>\n<tr>\n<td><span style=\"font-weight: 400;\">Sessi\u00f3 2 (26-10-23)<\/span><\/td>\n<td><span style=\"font-weight: 400;\">Sessi\u00f3 2 (07-11-2023)<\/span><\/td>\n<td><span style=\"font-weight: 400;\">S\u00ed<\/span><\/td>\n<\/tr>\n<tr>\n<td><span style=\"font-weight: 400;\">Sessi\u00f3 3 (25-01-24)<\/span><\/td>\n<td><span style=\"font-weight: 400;\">Sessi\u00f3 3 (06-02-2024)<\/span><\/td>\n<td><span style=\"font-weight: 400;\">S\u00ed<\/span><\/td>\n<\/tr>\n<tr>\n<td><span style=\"font-weight: 400;\">Sessi\u00f3 4 (18-04-24)<\/span><\/td>\n<td><span style=\"font-weight: 400;\">Sessi\u00f3 4 (07-05-2024)<\/span><\/td>\n<td><span style=\"font-weight: 400;\">S\u00ed<\/span><\/td>\n<\/tr>\n<tr>\n<td><span style=\"font-weight: 400;\">Sessi\u00f3 5 (06-06-24)<\/span><\/td>\n<td><span style=\"font-weight: 400;\">Sessi\u00f3 5 (11-06-2024)<\/span><\/td>\n<td><span style=\"font-weight: 400;\">S\u00ed<\/span><\/td>\n<\/tr>\n<\/tbody>\n<\/table>\n<hr \/>\n<p style=\"font-family: opendyslexic; text-align: center;\"><span style=\"font-size: 24pt; color: #087eb6;\">Acc\u00e9s a les sessions seminari en l\u00ednia:<\/span><\/p>\n<p style=\"text-align: center;\"><iframe loading=\"lazy\" title=\"Sessions XTCD 2023-2024\" src=\"https:\/\/projectes.xtec.cat\/xtcd\/coordinacio-digital-de-centre\/sessions-2023-24\/\" width=\"100%;\" height=\"1150\"><span data-mce-type=\"bookmark\" style=\"display: inline-block; width: 0px; overflow: hidden; line-height: 0;\" class=\"mce_SELRES_start\">\ufeff<\/span><\/iframe><\/p>\n","protected":false},"excerpt":{"rendered":"<p>Comprovaci\u00f3 de la participaci\u00f3 Acc\u00e9s a les sessions territorials al SEAE: Sessi\u00f3 1 Sessi\u00f3 2 Sessi\u00f3 3 Sessi\u00f3 4 Sessi\u00f3 5 &nbsp; Seminari web Seminari territorial Nus Sessi\u00f3 1 (21-09-23) Sessi\u00f3 1 (03-10-2023) S\u00ed Sessi\u00f3 2 (26-10-23) Sessi\u00f3 2 (07-11-2023) S\u00ed Sessi\u00f3 3 (25-01-24) Sessi\u00f3 3 (06-02-2024) S\u00ed Sessi\u00f3 4 (18-04-24) Sessi\u00f3 4 (07-05-2024) S\u00ed [&hellip;]<\/p>\n","protected":false},"author":4,"featured_media":0,"parent":14854,"menu_order":0,"comment_status":"closed","ping_status":"closed","template":"","meta":{"_bbp_topic_count":0,"_bbp_reply_count":0,"_bbp_total_topic_count":0,"_bbp_total_reply_count":0,"_bbp_voice_count":0,"_bbp_anonymous_reply_count":0,"_bbp_topic_count_hidden":0,"_bbp_reply_count_hidden":0,"_bbp_forum_subforum_count":0,"site-sidebar-layout":"default","site-content-layout":"","ast-site-content-layout":"","site-content-style":"default","site-sidebar-style":"default","ast-global-header-display":"","ast-banner-title-visibility":"","ast-main-header-display":"","ast-hfb-above-header-display":"","ast-hfb-below-header-display":"","ast-hfb-mobile-header-display":"","site-post-title":"","ast-breadcrumbs-content":"","ast-featured-img":"","footer-sml-layout":"","theme-transparent-header-meta":"","adv-header-id-meta":"","stick-header-meta":"","header-above-stick-meta":"","header-main-stick-meta":"","header-below-stick-meta":"","astra-migrate-meta-layouts":"default","ast-page-background-enabled":"default","ast-page-background-meta":{"desktop":{"background-color":"var(--ast-global-color-4)","background-image":"","background-repeat":"repeat","background-position":"center center","background-size":"auto","background-attachment":"scroll","background-type":"","background-media":"","overlay-type":"","overlay-color":"","overlay-opacity":"","overlay-gradient":""},"tablet":{"background-color":"","background-image":"","background-repeat":"repeat","background-position":"center center","background-size":"auto","background-attachment":"scroll","background-type":"","background-media":"","overlay-type":"","overlay-color":"","overlay-opacity":"","overlay-gradient":""},"mobile":{"background-color":"","background-image":"","background-repeat":"repeat","background-position":"center center","background-size":"auto","background-attachment":"scroll","background-type":"","background-media":"","overlay-type":"","overlay-color":"","overlay-opacity":"","overlay-gradient":""}},"ast-content-background-meta":{"desktop":{"background-color":"var(--ast-global-color-5)","background-image":"","background-repeat":"repeat","background-position":"center center","background-size":"auto","background-attachment":"scroll","background-type":"","background-media":"","overlay-type":"","overlay-color":"","overlay-opacity":"","overlay-gradient":""},"tablet":{"background-color":"var(--ast-global-color-5)","background-image":"","background-repeat":"repeat","background-position":"center center","background-size":"auto","background-attachment":"scroll","background-type":"","background-media":"","overlay-type":"","overlay-color":"","overlay-opacity":"","overlay-gradient":""},"mobile":{"background-color":"var(--ast-global-color-5)","background-image":"","background-repeat":"repeat","background-position":"center center","background-size":"auto","background-attachment":"scroll","background-type":"","background-media":"","overlay-type":"","overlay-color":"","overlay-opacity":"","overlay-gradient":""}},"footnotes":""},"class_list":["post-21256","page","type-page","status-publish","hentry"],"post_mailing_queue_ids":[],"_links":{"self":[{"href":"https:\/\/serveiseducatius.xtec.cat\/altemporda\/wp-json\/wp\/v2\/pages\/21256","targetHints":{"allow":["GET"]}}],"collection":[{"href":"https:\/\/serveiseducatius.xtec.cat\/altemporda\/wp-json\/wp\/v2\/pages"}],"about":[{"href":"https:\/\/serveiseducatius.xtec.cat\/altemporda\/wp-json\/wp\/v2\/types\/page"}],"author":[{"embeddable":true,"href":"https:\/\/serveiseducatius.xtec.cat\/altemporda\/wp-json\/wp\/v2\/users\/4"}],"replies":[{"embeddable":true,"href":"https:\/\/serveiseducatius.xtec.cat\/altemporda\/wp-json\/wp\/v2\/comments?post=21256"}],"version-history":[{"count":6,"href":"https:\/\/serveiseducatius.xtec.cat\/altemporda\/wp-json\/wp\/v2\/pages\/21256\/revisions"}],"predecessor-version":[{"id":23384,"href":"https:\/\/serveiseducatius.xtec.cat\/altemporda\/wp-json\/wp\/v2\/pages\/21256\/revisions\/23384"}],"up":[{"embeddable":true,"href":"https:\/\/serveiseducatius.xtec.cat\/altemporda\/wp-json\/wp\/v2\/pages\/14854"}],"wp:attachment":[{"href":"https:\/\/serveiseducatius.xtec.cat\/altemporda\/wp-json\/wp\/v2\/media?parent=21256"}],"curies":[{"name":"wp","href":"https:\/\/api.w.org\/{rel}","templated":true}]}}