{"id":21251,"date":"2023-10-03T11:45:21","date_gmt":"2023-10-03T09:45:21","guid":{"rendered":"https:\/\/serveiseducatius.xtec.cat\/altemporda\/?page_id=21251"},"modified":"2023-11-20T10:27:56","modified_gmt":"2023-11-20T09:27:56","slug":"xtcdc-2022-2023","status":"publish","type":"page","link":"https:\/\/serveiseducatius.xtec.cat\/altemporda\/cultura-digital\/xtcd-coordinacio-digital-de-centre\/xtcdc-2022-2023\/","title":{"rendered":"XTCDC 2022-2023"},"content":{"rendered":"<h4 style=\"font-family: opendyslexic;\">Acc\u00e9s a les sessions territorials al SEAE:<\/h4>\n<hr \/>\n<div class=\"fila;\" style=\"display: flex; align-items: center; justify-content: center;\">\n<div class=\"columna\" style=\"width: 20%; text-align: center;\"><a class=\"boto_taula\" style=\"color: #000000; display: flex; align-items: center; justify-content: center;\" href=\"https:\/\/serveiseducatius.xtec.cat\/altemporda\/xtcd-coordinacio-digital-de-centre\/sessio-1\/\" target=\"_blank\" rel=\"noopener noreferrer\"><span style=\"font-size: 1.25em; font-family: opendyslexic;\"><strong>Sessi\u00f3 1<\/strong><\/span><\/a><\/div>\n<div class=\"columna\" style=\"width: 20%; text-align: center;\"><a class=\"boto_taula\" style=\"color: #000000; display: flex; align-items: center; justify-content: center;\" href=\"https:\/\/serveiseducatius.xtec.cat\/altemporda\/sessio-2-27-02-2023-i-02-02-2023\/\" target=\"_blank\" rel=\"noopener noreferrer\"><span style=\"font-size: 1.25em; font-family: opendyslexic;\"><strong>Sessi\u00f3 2<\/strong><\/span><\/a><\/div>\n<div class=\"columna\" style=\"width: 20%; text-align: center;\"><a class=\"boto_taula\" style=\"color: #000000; display: flex; align-items: center; justify-content: center;\" href=\"https:\/\/serveiseducatius.xtec.cat\/altemporda\/sessio-3-24-04-2023-i-27-04-2023\/\" target=\"_blank\" rel=\"noopener noreferrer\"><span style=\"font-size: 1.25em; font-family: opendyslexic;\"><strong>Sessi\u00f3 3<\/strong><\/span><\/a><\/div>\n<\/div>\n<hr \/>\n<h4 style=\"font-family: opendyslexic;\">Acc\u00e9s a les sessions webinar:<\/h4>\n<p style=\"text-align: center;\"><iframe loading=\"lazy\" title=\"W3Schools Free Online Web Tutorials\" src=\"https:\/\/projectes.xtec.cat\/xtcd\/coordinacio-digital-de-centre\/sessions-2022-23\/\" width=\"40%;\" height=\"400\"><\/iframe><\/p>\n<p><span style=\"font-weight: 400; font-family: opendyslexic;\">Podeu consultar el calendari:<\/span><\/p>\n<table style=\"width: 55.3869%; height: 314px;\" align=\"center\">\n<tbody>\n<tr style=\"height: 73px;\">\n<td style=\"background-color: #d4d4d4; text-align: center; width: 27.8512%; height: 73px;\"><b>Sessions<\/b><br \/>\n<b>Seminari web <\/b><a href=\"https:\/\/projectes.xtec.cat\/xtcd\/coordinacio-digital-de-centre\/sessions-2022-23\/\"><b>[enlla\u00e7]<\/b><\/a><\/td>\n<td style=\"background-color: #d4d4d4; text-align: center; width: 28.2219%; height: 73px;\"><b>Sessi\u00f3<\/b><br \/>\n<b>Territorial (dilluns)<\/b><\/td>\n<td style=\"background-color: #d4d4d4; text-align: center; width: 28.4991%; height: 73px;\"><b>Sessi\u00f3<\/b><br \/>\n<b>Territorial (dijous)<\/b><\/td>\n<\/tr>\n<tr style=\"height: 47px;\">\n<td style=\"background-color: #ffffff; width: 27.8512%; height: 47px;\"><b>15\/09\/2022<\/b><span style=\"font-weight: 400;\"> Presentaci\u00f3<\/span><\/td>\n<td style=\"background-color: #ffffff; width: 28.2219%; height: 47px;\"><span style=\"font-weight: 400;\">&#8212;<\/span><\/td>\n<td style=\"background-color: #ffffff; width: 28.4991%; height: 47px;\"><span style=\"font-weight: 400;\">&#8212;<\/span><\/td>\n<\/tr>\n<tr style=\"height: 49px;\">\n<td style=\"background-color: #ffffff; width: 27.8512%; height: 49px;\"><b>20\/10\/2022<\/b><span style=\"font-weight: 400;\"> Sessi\u00f3 1<\/span><\/td>\n<td style=\"background-color: #ffffff; width: 28.2219%; height: 49px;\"><b>24\/10\/2022<\/b><span style=\"font-weight: 400;\"> Sessi\u00f3 1 presencial (grup dilluns)<\/span><\/td>\n<td style=\"background-color: #ffffff; width: 28.4991%; height: 49px;\"><b>27\/10\/2022<\/b><span style=\"font-weight: 400;\"> Sessi\u00f3 1 presencial (grup dijous)<\/span><\/td>\n<\/tr>\n<tr style=\"height: 49px;\">\n<td style=\"background-color: #ffffff; width: 27.8512%; height: 49px;\"><b>09\/02\/2023<\/b><span style=\"font-weight: 400;\"> Sessi\u00f3 2<\/span><\/td>\n<td style=\"background-color: #ffffff; width: 28.2219%; height: 49px;\"><b>27\/02\/2023<\/b><span style=\"font-weight: 400;\"> Sessi\u00f3 2 presencial (grup dilluns)<\/span><\/td>\n<td style=\"background-color: #ffffff; width: 28.4991%; height: 49px;\"><b>02\/03\/2023<\/b><span style=\"font-weight: 400;\"> Sessi\u00f3 2 presencial (grup dijous)<\/span><\/td>\n<\/tr>\n<tr style=\"height: 49px;\">\n<td style=\"background-color: #ffffff; width: 27.8512%; height: 49px;\"><b>20\/04\/2023<\/b><span style=\"font-weight: 400;\"> Sessi\u00f3 3<\/span><\/td>\n<td style=\"background-color: #ffffff; width: 28.2219%; height: 49px;\"><b>24\/04\/2023<\/b><span style=\"font-weight: 400;\"> Sessi\u00f3 3 presencial (grup dilluns)<\/span><\/td>\n<td style=\"background-color: #ffffff; width: 28.4991%; height: 49px;\"><b>27\/04\/2023<\/b><span style=\"font-weight: 400;\"> Sessi\u00f3 3 presencial (grup dijous)<\/span><\/td>\n<\/tr>\n<tr style=\"height: 33px;\">\n<td style=\"background-color: #ffffff; width: 27.8512%; height: 47px;\"><b>29\/06\/2023<\/b><span style=\"font-weight: 400;\"> Tancament<\/span><\/td>\n<td style=\"background-color: #ffffff; text-align: center; width: 28.2219%; height: 47px;\"><span style=\"font-weight: 400;\">&#8212;<\/span><\/td>\n<td style=\"background-color: #ffffff; text-align: center; width: 28.4991%; height: 47px;\"><span style=\"font-weight: 400;\">&#8212;<\/span><\/td>\n<\/tr>\n<\/tbody>\n<\/table>\n<p>&nbsp;<\/p>\n","protected":false},"excerpt":{"rendered":"<p>Acc\u00e9s a les sessions territorials al SEAE: Sessi\u00f3 1 Sessi\u00f3 2 Sessi\u00f3 3 Acc\u00e9s a les sessions webinar: Podeu consultar el calendari: Sessions Seminari web [enlla\u00e7] Sessi\u00f3 Territorial (dilluns) Sessi\u00f3 Territorial (dijous) 15\/09\/2022 Presentaci\u00f3 &#8212; &#8212; 20\/10\/2022 Sessi\u00f3 1 24\/10\/2022 Sessi\u00f3 1 presencial (grup dilluns) 27\/10\/2022 Sessi\u00f3 1 presencial (grup dijous) 09\/02\/2023 Sessi\u00f3 2 27\/02\/2023 [&hellip;]<\/p>\n","protected":false},"author":4,"featured_media":0,"parent":14854,"menu_order":0,"comment_status":"closed","ping_status":"closed","template":"","meta":{"_bbp_topic_count":0,"_bbp_reply_count":0,"_bbp_total_topic_count":0,"_bbp_total_reply_count":0,"_bbp_voice_count":0,"_bbp_anonymous_reply_count":0,"_bbp_topic_count_hidden":0,"_bbp_reply_count_hidden":0,"_bbp_forum_subforum_count":0,"site-sidebar-layout":"default","site-content-layout":"","ast-site-content-layout":"","site-content-style":"default","site-sidebar-style":"default","ast-global-header-display":"","ast-banner-title-visibility":"","ast-main-header-display":"","ast-hfb-above-header-display":"","ast-hfb-below-header-display":"","ast-hfb-mobile-header-display":"","site-post-title":"","ast-breadcrumbs-content":"","ast-featured-img":"","footer-sml-layout":"","theme-transparent-header-meta":"","adv-header-id-meta":"","stick-header-meta":"","header-above-stick-meta":"","header-main-stick-meta":"","header-below-stick-meta":"","astra-migrate-meta-layouts":"default","ast-page-background-enabled":"default","ast-page-background-meta":{"desktop":{"background-color":"var(--ast-global-color-4)","background-image":"","background-repeat":"repeat","background-position":"center center","background-size":"auto","background-attachment":"scroll","background-type":"","background-media":"","overlay-type":"","overlay-color":"","overlay-opacity":"","overlay-gradient":""},"tablet":{"background-color":"","background-image":"","background-repeat":"repeat","background-position":"center center","background-size":"auto","background-attachment":"scroll","background-type":"","background-media":"","overlay-type":"","overlay-color":"","overlay-opacity":"","overlay-gradient":""},"mobile":{"background-color":"","background-image":"","background-repeat":"repeat","background-position":"center center","background-size":"auto","background-attachment":"scroll","background-type":"","background-media":"","overlay-type":"","overlay-color":"","overlay-opacity":"","overlay-gradient":""}},"ast-content-background-meta":{"desktop":{"background-color":"var(--ast-global-color-5)","background-image":"","background-repeat":"repeat","background-position":"center center","background-size":"auto","background-attachment":"scroll","background-type":"","background-media":"","overlay-type":"","overlay-color":"","overlay-opacity":"","overlay-gradient":""},"tablet":{"background-color":"var(--ast-global-color-5)","background-image":"","background-repeat":"repeat","background-position":"center center","background-size":"auto","background-attachment":"scroll","background-type":"","background-media":"","overlay-type":"","overlay-color":"","overlay-opacity":"","overlay-gradient":""},"mobile":{"background-color":"var(--ast-global-color-5)","background-image":"","background-repeat":"repeat","background-position":"center center","background-size":"auto","background-attachment":"scroll","background-type":"","background-media":"","overlay-type":"","overlay-color":"","overlay-opacity":"","overlay-gradient":""}},"footnotes":""},"class_list":["post-21251","page","type-page","status-publish","hentry"],"post_mailing_queue_ids":[],"_links":{"self":[{"href":"https:\/\/serveiseducatius.xtec.cat\/altemporda\/wp-json\/wp\/v2\/pages\/21251","targetHints":{"allow":["GET"]}}],"collection":[{"href":"https:\/\/serveiseducatius.xtec.cat\/altemporda\/wp-json\/wp\/v2\/pages"}],"about":[{"href":"https:\/\/serveiseducatius.xtec.cat\/altemporda\/wp-json\/wp\/v2\/types\/page"}],"author":[{"embeddable":true,"href":"https:\/\/serveiseducatius.xtec.cat\/altemporda\/wp-json\/wp\/v2\/users\/4"}],"replies":[{"embeddable":true,"href":"https:\/\/serveiseducatius.xtec.cat\/altemporda\/wp-json\/wp\/v2\/comments?post=21251"}],"version-history":[{"count":2,"href":"https:\/\/serveiseducatius.xtec.cat\/altemporda\/wp-json\/wp\/v2\/pages\/21251\/revisions"}],"predecessor-version":[{"id":21255,"href":"https:\/\/serveiseducatius.xtec.cat\/altemporda\/wp-json\/wp\/v2\/pages\/21251\/revisions\/21255"}],"up":[{"embeddable":true,"href":"https:\/\/serveiseducatius.xtec.cat\/altemporda\/wp-json\/wp\/v2\/pages\/14854"}],"wp:attachment":[{"href":"https:\/\/serveiseducatius.xtec.cat\/altemporda\/wp-json\/wp\/v2\/media?parent=21251"}],"curies":[{"name":"wp","href":"https:\/\/api.w.org\/{rel}","templated":true}]}}