{"id":20303,"date":"2023-03-23T18:32:42","date_gmt":"2023-03-23T17:32:42","guid":{"rendered":"https:\/\/serveiseducatius.xtec.cat\/altemporda\/?page_id=20303"},"modified":"2023-03-24T12:08:13","modified_gmt":"2023-03-24T11:08:13","slug":"solucionari-joc","status":"publish","type":"page","link":"https:\/\/serveiseducatius.xtec.cat\/altemporda\/xarxa-descoles-del-pn-cap-de-creus\/agenda-escolar\/solucionari-joc\/","title":{"rendered":"Solucionari joc"},"content":{"rendered":"<p><strong>Jocs de lletres, jocs de natura,<\/strong><\/p>\n<p style=\"text-align: justify;\">Oferir entorns rics en est\u00edmuls, que afavoreixin la creativitat dels infants i que, a m\u00e9s, siguin saludables i sostenibles. Aquesta \u00e9s una de les grans preocupacions de cada cop m\u00e9s fam\u00edlies i de professionals del m\u00f3n de l\u2019educaci\u00f3. Alguns centres escolars donen molt protagonisme a la natura perqu\u00e8 entenen que t\u00e9 un paper determinant en el desenvolupament integral de l\u2019\u00e9sser hum\u00e0. La majoria d\u2019experts en educaci\u00f3 consideren que les metodologies amb car\u00e0cter l\u00fadic <b>faciliten la interioritzaci\u00f3 de coneixements<\/b>\u00a0d\u2019una manera molt m\u00e9s amena i divertida, generant\u00a0<b>experi\u00e8ncies molt agradables, positives i \u00faniques <\/b>a l&#8217;alumnat.<\/p>\n<p style=\"text-align: center;\"><em><strong>&#8220;Jugar per a un nen i nena \u00e9s la possibilitat de retallar un trosset de m\u00f3n i manipular-lo per entendre&#8217;l millor\u201d.\u00a0<\/strong><\/em> Francesco Tonucci<\/p>\n<p align=\"center\"><iframe loading=\"lazy\" src=\"https:\/\/drive.google.com\/file\/d\/1suF3Yl2DHRaXy1471rCAuJ-ba02pFLuV\/preview\" width=\"600\" height=\"700\"><span data-mce-type=\"bookmark\" style=\"display: inline-block; width: 0px; overflow: hidden; line-height: 0;\" class=\"mce_SELRES_start\">\ufeff<\/span><\/iframe><\/p>\n<p style=\"text-align: center;\">2023-2024<\/p>\n<p align=\"center\"><iframe loading=\"lazy\" src=\"https:\/\/drive.google.com\/file\/d\/1n7QS07boGYhdX1xk2DMqdZptWhlMsEWs\/preview\" width=\"600\" height=\"400\"><span data-mce-type=\"bookmark\" style=\"display: inline-block; width: 0px; overflow: hidden; line-height: 0;\" class=\"mce_SELRES_start\">\ufeff<\/span><\/iframe><\/p>\n<p style=\"text-align: center;\">2022-2023<\/p>\n","protected":false},"excerpt":{"rendered":"<p>Jocs de lletres, jocs de natura, Oferir entorns rics en est\u00edmuls, que afavoreixin la creativitat dels infants i que, a m\u00e9s, siguin saludables i sostenibles. Aquesta \u00e9s una de les grans preocupacions de cada cop m\u00e9s fam\u00edlies i de professionals del m\u00f3n de l\u2019educaci\u00f3. Alguns centres escolars donen molt protagonisme a la natura perqu\u00e8 entenen [&hellip;]<\/p>\n","protected":false},"author":1,"featured_media":0,"parent":15727,"menu_order":0,"comment_status":"closed","ping_status":"closed","template":"","meta":{"_bbp_topic_count":0,"_bbp_reply_count":0,"_bbp_total_topic_count":0,"_bbp_total_reply_count":0,"_bbp_voice_count":0,"_bbp_anonymous_reply_count":0,"_bbp_topic_count_hidden":0,"_bbp_reply_count_hidden":0,"_bbp_forum_subforum_count":0,"site-sidebar-layout":"default","site-content-layout":"","ast-site-content-layout":"","site-content-style":"default","site-sidebar-style":"default","ast-global-header-display":"","ast-banner-title-visibility":"","ast-main-header-display":"","ast-hfb-above-header-display":"","ast-hfb-below-header-display":"","ast-hfb-mobile-header-display":"","site-post-title":"","ast-breadcrumbs-content":"","ast-featured-img":"","footer-sml-layout":"","theme-transparent-header-meta":"","adv-header-id-meta":"","stick-header-meta":"","header-above-stick-meta":"","header-main-stick-meta":"","header-below-stick-meta":"","astra-migrate-meta-layouts":"default","ast-page-background-enabled":"default","ast-page-background-meta":{"desktop":{"background-color":"var(--ast-global-color-4)","background-image":"","background-repeat":"repeat","background-position":"center center","background-size":"auto","background-attachment":"scroll","background-type":"","background-media":"","overlay-type":"","overlay-color":"","overlay-opacity":"","overlay-gradient":""},"tablet":{"background-color":"","background-image":"","background-repeat":"repeat","background-position":"center center","background-size":"auto","background-attachment":"scroll","background-type":"","background-media":"","overlay-type":"","overlay-color":"","overlay-opacity":"","overlay-gradient":""},"mobile":{"background-color":"","background-image":"","background-repeat":"repeat","background-position":"center center","background-size":"auto","background-attachment":"scroll","background-type":"","background-media":"","overlay-type":"","overlay-color":"","overlay-opacity":"","overlay-gradient":""}},"ast-content-background-meta":{"desktop":{"background-color":"var(--ast-global-color-5)","background-image":"","background-repeat":"repeat","background-position":"center center","background-size":"auto","background-attachment":"scroll","background-type":"","background-media":"","overlay-type":"","overlay-color":"","overlay-opacity":"","overlay-gradient":""},"tablet":{"background-color":"var(--ast-global-color-5)","background-image":"","background-repeat":"repeat","background-position":"center center","background-size":"auto","background-attachment":"scroll","background-type":"","background-media":"","overlay-type":"","overlay-color":"","overlay-opacity":"","overlay-gradient":""},"mobile":{"background-color":"var(--ast-global-color-5)","background-image":"","background-repeat":"repeat","background-position":"center center","background-size":"auto","background-attachment":"scroll","background-type":"","background-media":"","overlay-type":"","overlay-color":"","overlay-opacity":"","overlay-gradient":""}},"footnotes":""},"class_list":["post-20303","page","type-page","status-publish","hentry"],"post_mailing_queue_ids":[],"_links":{"self":[{"href":"https:\/\/serveiseducatius.xtec.cat\/altemporda\/wp-json\/wp\/v2\/pages\/20303","targetHints":{"allow":["GET"]}}],"collection":[{"href":"https:\/\/serveiseducatius.xtec.cat\/altemporda\/wp-json\/wp\/v2\/pages"}],"about":[{"href":"https:\/\/serveiseducatius.xtec.cat\/altemporda\/wp-json\/wp\/v2\/types\/page"}],"author":[{"embeddable":true,"href":"https:\/\/serveiseducatius.xtec.cat\/altemporda\/wp-json\/wp\/v2\/users\/1"}],"replies":[{"embeddable":true,"href":"https:\/\/serveiseducatius.xtec.cat\/altemporda\/wp-json\/wp\/v2\/comments?post=20303"}],"version-history":[{"count":4,"href":"https:\/\/serveiseducatius.xtec.cat\/altemporda\/wp-json\/wp\/v2\/pages\/20303\/revisions"}],"predecessor-version":[{"id":23588,"href":"https:\/\/serveiseducatius.xtec.cat\/altemporda\/wp-json\/wp\/v2\/pages\/20303\/revisions\/23588"}],"up":[{"embeddable":true,"href":"https:\/\/serveiseducatius.xtec.cat\/altemporda\/wp-json\/wp\/v2\/pages\/15727"}],"wp:attachment":[{"href":"https:\/\/serveiseducatius.xtec.cat\/altemporda\/wp-json\/wp\/v2\/media?parent=20303"}],"curies":[{"name":"wp","href":"https:\/\/api.w.org\/{rel}","templated":true}]}}