{"id":19960,"date":"2023-02-16T08:56:35","date_gmt":"2023-02-16T07:56:35","guid":{"rendered":"https:\/\/serveiseducatius.xtec.cat\/altemporda\/?page_id=19960"},"modified":"2023-03-30T11:05:12","modified_gmt":"2023-03-30T09:05:12","slug":"imatge-grafica","status":"publish","type":"page","link":"https:\/\/serveiseducatius.xtec.cat\/altemporda\/projecte-teixint-mons\/imatge-grafica\/","title":{"rendered":"Cr\u00e8dits"},"content":{"rendered":"<p>\u00a9 Teixint mons<\/p>\n<p>\u00a9 Coordinadors: veure referents de les diferents edicions en aquest enlla\u00e7<\/p>\n<p>\u00a9 Talleristes del Casal de la Gent Gran: Rosa Escuf\u00ed, Maria Badosa, Pilar Garcia, Rosa Ma. Verg\u00e9s, Maria Triad\u00f3, Rosa Monfort, Laura C\u00e0novas, Ana Asensio, Paquita Tardiu. Ascensi\u00f3 Mart\u00ednez.<\/p>\n<p>\u00a9 Servei Educatiu de l\u2019Alt Empord\u00e0<br \/>\nDepartament d\u2019Ensenyament de la Generalitat de Catalunya.<br \/>\nAvinguda Maria \u00c0ngels Anglada, 13. Figueres<\/p>\n<p>www.sealtemporda.cat<br \/>\ncrp-altemporda@xtec.cat<\/p>\n<p>Any: Setembre de 2013<\/p>\n<p>Drets de reproducci\u00f3 i adaptaci\u00f3: La reproducci\u00f3 d&#8217;aquest entorn Web est\u00e0 autoritzada i agra\u00efda, tant si se cita o no el seu origen, amb la finalitat d&#8217;engrescar i divulgar aquesta iniciativa. Fora dels casos que es vulgui fer, directament o indirectament, amb algun tipus de finalitat comercial o lucrativa.<\/p>\n<div style=\"align: center;\"><img loading=\"lazy\" decoding=\"async\" class=\"aligncenter\" src=\"http:\/\/drive.google.com\/uc?export=view&amp;id=14wrO7RyBK5hRve4Vil5Lo6ElEkNqBNAS\" alt=\"\" width=\"290\" height=\"217\" \/><\/div>\n<div><\/div>\n<div><\/div>\n<div style=\"align: center;\"><img loading=\"lazy\" decoding=\"async\" class=\"aligncenter\" src=\"http:\/\/drive.google.com\/uc?export=view&amp;id=0B0zHBF5nyE_QRmVTa2U3ZGNSN3c\" alt=\"\" width=\"855\" height=\"486\" \/><\/div>\n","protected":false},"excerpt":{"rendered":"<p>\u00a9 Teixint mons \u00a9 Coordinadors: veure referents de les diferents edicions en aquest enlla\u00e7 \u00a9 Talleristes del Casal de la Gent Gran: Rosa Escuf\u00ed, Maria Badosa, Pilar Garcia, Rosa Ma. Verg\u00e9s, Maria Triad\u00f3, Rosa Monfort, Laura C\u00e0novas, Ana Asensio, Paquita Tardiu. Ascensi\u00f3 Mart\u00ednez. \u00a9 Servei Educatiu de l\u2019Alt Empord\u00e0 Departament d\u2019Ensenyament de la Generalitat de [&hellip;]<\/p>\n","protected":false},"author":4,"featured_media":0,"parent":19950,"menu_order":0,"comment_status":"closed","ping_status":"closed","template":"","meta":{"_bbp_topic_count":0,"_bbp_reply_count":0,"_bbp_total_topic_count":0,"_bbp_total_reply_count":0,"_bbp_voice_count":0,"_bbp_anonymous_reply_count":0,"_bbp_topic_count_hidden":0,"_bbp_reply_count_hidden":0,"_bbp_forum_subforum_count":0,"site-sidebar-layout":"default","site-content-layout":"","ast-site-content-layout":"","site-content-style":"default","site-sidebar-style":"default","ast-global-header-display":"","ast-banner-title-visibility":"","ast-main-header-display":"","ast-hfb-above-header-display":"","ast-hfb-below-header-display":"","ast-hfb-mobile-header-display":"","site-post-title":"","ast-breadcrumbs-content":"","ast-featured-img":"","footer-sml-layout":"","theme-transparent-header-meta":"","adv-header-id-meta":"","stick-header-meta":"","header-above-stick-meta":"","header-main-stick-meta":"","header-below-stick-meta":"","astra-migrate-meta-layouts":"default","ast-page-background-enabled":"default","ast-page-background-meta":{"desktop":{"background-color":"var(--ast-global-color-4)","background-image":"","background-repeat":"repeat","background-position":"center center","background-size":"auto","background-attachment":"scroll","background-type":"","background-media":"","overlay-type":"","overlay-color":"","overlay-opacity":"","overlay-gradient":""},"tablet":{"background-color":"","background-image":"","background-repeat":"repeat","background-position":"center center","background-size":"auto","background-attachment":"scroll","background-type":"","background-media":"","overlay-type":"","overlay-color":"","overlay-opacity":"","overlay-gradient":""},"mobile":{"background-color":"","background-image":"","background-repeat":"repeat","background-position":"center center","background-size":"auto","background-attachment":"scroll","background-type":"","background-media":"","overlay-type":"","overlay-color":"","overlay-opacity":"","overlay-gradient":""}},"ast-content-background-meta":{"desktop":{"background-color":"var(--ast-global-color-5)","background-image":"","background-repeat":"repeat","background-position":"center center","background-size":"auto","background-attachment":"scroll","background-type":"","background-media":"","overlay-type":"","overlay-color":"","overlay-opacity":"","overlay-gradient":""},"tablet":{"background-color":"var(--ast-global-color-5)","background-image":"","background-repeat":"repeat","background-position":"center center","background-size":"auto","background-attachment":"scroll","background-type":"","background-media":"","overlay-type":"","overlay-color":"","overlay-opacity":"","overlay-gradient":""},"mobile":{"background-color":"var(--ast-global-color-5)","background-image":"","background-repeat":"repeat","background-position":"center center","background-size":"auto","background-attachment":"scroll","background-type":"","background-media":"","overlay-type":"","overlay-color":"","overlay-opacity":"","overlay-gradient":""}},"footnotes":""},"class_list":["post-19960","page","type-page","status-publish","hentry"],"post_mailing_queue_ids":[],"_links":{"self":[{"href":"https:\/\/serveiseducatius.xtec.cat\/altemporda\/wp-json\/wp\/v2\/pages\/19960","targetHints":{"allow":["GET"]}}],"collection":[{"href":"https:\/\/serveiseducatius.xtec.cat\/altemporda\/wp-json\/wp\/v2\/pages"}],"about":[{"href":"https:\/\/serveiseducatius.xtec.cat\/altemporda\/wp-json\/wp\/v2\/types\/page"}],"author":[{"embeddable":true,"href":"https:\/\/serveiseducatius.xtec.cat\/altemporda\/wp-json\/wp\/v2\/users\/4"}],"replies":[{"embeddable":true,"href":"https:\/\/serveiseducatius.xtec.cat\/altemporda\/wp-json\/wp\/v2\/comments?post=19960"}],"version-history":[{"count":4,"href":"https:\/\/serveiseducatius.xtec.cat\/altemporda\/wp-json\/wp\/v2\/pages\/19960\/revisions"}],"predecessor-version":[{"id":20430,"href":"https:\/\/serveiseducatius.xtec.cat\/altemporda\/wp-json\/wp\/v2\/pages\/19960\/revisions\/20430"}],"up":[{"embeddable":true,"href":"https:\/\/serveiseducatius.xtec.cat\/altemporda\/wp-json\/wp\/v2\/pages\/19950"}],"wp:attachment":[{"href":"https:\/\/serveiseducatius.xtec.cat\/altemporda\/wp-json\/wp\/v2\/media?parent=19960"}],"curies":[{"name":"wp","href":"https:\/\/api.w.org\/{rel}","templated":true}]}}