{"id":19939,"date":"2023-02-15T14:00:10","date_gmt":"2023-02-15T13:00:10","guid":{"rendered":"https:\/\/serveiseducatius.xtec.cat\/altemporda\/?page_id=19939"},"modified":"2023-03-30T10:32:54","modified_gmt":"2023-03-30T08:32:54","slug":"roba-neta","status":"publish","type":"page","link":"https:\/\/serveiseducatius.xtec.cat\/altemporda\/xarxa-descoles-del-pn-cap-de-creus\/campanyes-ambientals\/roba-neta\/","title":{"rendered":"Roba neta"},"content":{"rendered":"<div class=\"UtePc RCETm\" dir=\"ltr\" tabindex=\"-1\" role=\"main\" aria-hidden=\"false\">\n<section id=\"h.673d821a4ae8ce3_2197\" class=\"yaqOZd LB7kq gk8rDe\">\n<div class=\"mYVXT\">\n<div class=\"LS81yb VICjCf j5pSsc db35Fc\" tabindex=\"-1\">\n<div class=\"hJDwNd-AhqUyc-uQSCkd Ft7HRd-AhqUyc-uQSCkd purZT-AhqUyc-II5mzb ZcASvf-AhqUyc-II5mzb pSzOP-AhqUyc-qWD73c Ktthjf-AhqUyc-qWD73c JNdkSc SQVYQc\">\n<div class=\"JNdkSc-SmKAyb LkDMRd\">\n<div class=\"\">\n<div class=\"oKdM2c ZZyype Kzv0Me\">\n<div id=\"h.673d821a4ae8ce3_2200\" class=\"hJDwNd-AhqUyc-uQSCkd Ft7HRd-AhqUyc-uQSCkd jXK9ad D2fZ2 zu5uec OjCsFc dmUFtb wHaque g5GTcb JYTMs\">\n<div class=\"jXK9ad-SmKAyb\">\n<div class=\"tyJCtd mGzaTb Depvyb baZpAe lkHyyc\">\n<p id=\"h.p_ID_13\" class=\"CDt4Ke zfr3Q duRjpb\" dir=\"ltr\"><span style=\"font-size: 14pt;\">Dins l&#8217;entorn del projecte <a href=\"https:\/\/sites.google.com\/a\/xtec.cat\/teixint-mons\/\" target=\"_blank\" rel=\"noopener\">Teixint mons<\/a> trobareu tot un seguit de propostes sobre comer\u00e7 just per tal de dissenyar una campanya per tal d&#8217;evitar el malbaratament de la roba.\u00a0<\/span><span style=\"font-size: 14pt;\"><strong style=\"font-family: inherit;\">Qu\u00e8 us sembla si comencem amb aquest v\u00eddeo?<\/strong><\/span><\/p>\n<\/div>\n<\/div>\n<\/div>\n<\/div>\n<\/div>\n<\/div>\n<\/div>\n<\/div>\n<\/div>\n<\/section>\n<section id=\"h.673d821a4ae8ce3_2209\" class=\"yaqOZd\">\n<div class=\"mYVXT\">\n<div class=\"LS81yb VICjCf j5pSsc db35Fc\" tabindex=\"-1\">\n<div class=\"hJDwNd-AhqUyc-ibL1re Ft7HRd-AhqUyc-ibL1re JNdkSc SQVYQc L6cTce-purZT L6cTce-pSzOP\">\n<div class=\"JNdkSc-SmKAyb LkDMRd\">\n<div class=\"\"><\/div>\n<\/div>\n<\/div>\n<div class=\"hJDwNd-AhqUyc-qWD73c Ft7HRd-AhqUyc-qWD73c purZT-AhqUyc-II5mzb ZcASvf-AhqUyc-II5mzb pSzOP-AhqUyc-qWD73c Ktthjf-AhqUyc-qWD73c JNdkSc SQVYQc\">\n<div class=\"JNdkSc-SmKAyb LkDMRd\">\n<div class=\"\">\n<div class=\"oKdM2c ZZyype Kzv0Me\">\n<div id=\"h.673d821a4ae8ce3_2212\" class=\"hJDwNd-AhqUyc-qWD73c Ft7HRd-AhqUyc-qWD73c jXK9ad D2fZ2 zu5uec OjCsFc dmUFtb wHaque g5GTcb\">\n<div class=\"jXK9ad-SmKAyb\">\n<div class=\"tyJCtd OWlOyc baZpAe\">\n<div>\n<div class=\"WIdY2d M1aSXe\">\n<div><\/div>\n<p><iframe class=\"YMEQtf\" src=\"https:\/\/www.youtube.com\/embed\/d7aQInsH6cc\" frameborder=\"0\" sandbox=\"allow-scripts allow-popups allow-forms allow-same-origin allow-popups-to-escape-sandbox allow-downloads allow-modals\" allowfullscreen=\"allowfullscreen\" aria-label=\"YouTube Video\" data-ruffle-polyfilled=\"\" data-mce-fragment=\"1\"><\/iframe><\/p>\n<\/div>\n<\/div>\n<\/div>\n<\/div>\n<\/div>\n<\/div>\n<\/div>\n<\/div>\n<\/div>\n<div class=\"hJDwNd-AhqUyc-II5mzb Ft7HRd-AhqUyc-II5mzb JNdkSc SQVYQc L6cTce-purZT L6cTce-pSzOP\">\n<div class=\"JNdkSc-SmKAyb LkDMRd\">\n<div class=\"\"><\/div>\n<\/div>\n<\/div>\n<\/div>\n<\/div>\n<\/section>\n<section id=\"h.673d821a4ae8ce3_2213\" class=\"yaqOZd\">\n<div class=\"IFuOkc\"><\/div>\n<div class=\"mYVXT\">\n<div class=\"LS81yb VICjCf j5pSsc db35Fc\" tabindex=\"-1\">\n<div class=\"hJDwNd-AhqUyc-uQSCkd Ft7HRd-AhqUyc-uQSCkd purZT-AhqUyc-II5mzb ZcASvf-AhqUyc-II5mzb pSzOP-AhqUyc-qWD73c Ktthjf-AhqUyc-qWD73c JNdkSc SQVYQc\">\n<div class=\"JNdkSc-SmKAyb LkDMRd\">\n<div class=\"\">\n<div class=\"oKdM2c ZZyype Kzv0Me\">\n<div id=\"h.673d821a4ae8ce3_2216\" class=\"hJDwNd-AhqUyc-uQSCkd Ft7HRd-AhqUyc-uQSCkd jXK9ad D2fZ2 zu5uec OjCsFc dmUFtb wHaque g5GTcb JYTMs\">\n<div class=\"jXK9ad-SmKAyb\">\n<div class=\"tyJCtd mGzaTb Depvyb baZpAe\">\n<p class=\"CDt4Ke zfr3Q\" dir=\"ltr\" style=\"text-align: justify;\">La <strong>Campanya Roba Neta<\/strong> (CRN) \u00e9s una coalici\u00f3 internacional d&#8217;ONG, organitzacions de persones consumidores, sindicats i altres entitats que treballen per la defensa dels drets laborals al sector t\u00e8xtil mundial. Va n\u00e9ixer als pa\u00efsos Baixos el 1989, es troba activa a diferents pa\u00efsos europeus i coopera amb grups de treballadores i treballadors del sector t\u00e8xtil organitzats arreu del m\u00f3n. &#8220;La nostra tasca se centra a vetllar pel <strong>respecte dels drets fonamentals dels treballadors i treballadores del sector t\u00e8xtil&#8221;<\/strong>.<\/p>\n<p class=\"CDt4Ke zfr3Q\" dir=\"ltr\" style=\"text-align: justify;\"><strong>Informem<\/strong> la ciutadania dels pa\u00efsos enriquits sobre les condicions en les quals es produeix la roba que vestim i sensibilitzem sobre la import\u00e0ncia d&#8217;un consum responsable.<\/p>\n<p class=\"CDt4Ke zfr3Q\" dir=\"ltr\"><strong>Pressionem<\/strong> a les empreses del t\u00e8xtil per tal que les seves pr\u00e0ctiques siguin m\u00e9s <strong>transparents<\/strong> i \u00e8tiques, perqu\u00e8 redactin i publiquin codis de conducta en contra de l&#8217;explotaci\u00f3 laboral i perqu\u00e8 controlin la implantaci\u00f3 efica\u00e7 d&#8217;aquests codis.<\/p>\n<p class=\"CDt4Ke zfr3Q\" dir=\"ltr\"><strong>Exigim<\/strong> als governs dels pa\u00efsos productors que facin respectar els convenis de l&#8217;<strong>Organitzaci\u00f3 Internacional del Treball<\/strong> i a les administracions p\u00fabliques dels pa\u00efsos importadors que incloguin cl\u00e0usules socials a les seves compres.&#8221;<\/p>\n<p class=\"CDt4Ke zfr3Q\" dir=\"ltr\">A l&#8217;Estat Espanyol, la CRN est\u00e0 coordinada des del 1997 per SETEM.<\/p>\n<p class=\"CDt4Ke zfr3Q\" dir=\"ltr\"><span class=\" aw5Odc\"><a class=\"XqQF9c\" href=\"http:\/\/www.google.com\/url?q=http%3A%2F%2Frobaneta.wordpress.com%2F&amp;sa=D&amp;sntz=1&amp;usg=AOvVaw0zf1bF86_dvTbhNEACU46K\" target=\"_blank\" rel=\"noopener\"><strong>Bloc <\/strong><\/a><\/span><span class=\" aw5Odc\"><a class=\"XqQF9c\" href=\"http:\/\/www.google.com\/url?q=http%3A%2F%2Frobaneta.wordpress.com%2F&amp;sa=D&amp;sntz=1&amp;usg=AOvVaw0zf1bF86_dvTbhNEACU46K\" target=\"_blank\" rel=\"noopener\">de Roba Neta<\/a><\/span><\/p>\n<p class=\"CDt4Ke zfr3Q\" dir=\"ltr\"><strong>Llibre recomanat!<\/strong><\/p>\n<p class=\"CDt4Ke zfr3Q\" dir=\"ltr\"><em><strong>Les tres bessones i la volta al m\u00f3n en 3 pantalon<\/strong><\/em><em>s<\/em><\/p>\n<\/div>\n<\/div>\n<\/div>\n<\/div>\n<\/div>\n<\/div>\n<\/div>\n<\/div>\n<\/div>\n<\/section>\n<section id=\"h.673d821a4ae8ce3_2217\" class=\"yaqOZd\">\n<div class=\"IFuOkc\"><\/div>\n<div class=\"mYVXT\">\n<div class=\"LS81yb VICjCf j5pSsc db35Fc\" tabindex=\"-1\">\n<div class=\"hJDwNd-AhqUyc-ibL1re Ft7HRd-AhqUyc-ibL1re purZT-AhqUyc-ibL1re ZcASvf-AhqUyc-ibL1re pSzOP-AhqUyc-ibL1re Ktthjf-AhqUyc-ibL1re JNdkSc SQVYQc\">\n<div class=\"JNdkSc-SmKAyb LkDMRd\">\n<div class=\"\">\n<div class=\"oKdM2c ZZyype Kzv0Me\">\n<div id=\"h.673d821a4ae8ce3_2220\" class=\"hJDwNd-AhqUyc-ibL1re Ft7HRd-AhqUyc-ibL1re purZT-AhqUyc-ibL1re ZcASvf-AhqUyc-ibL1re pSzOP-AhqUyc-ibL1re Ktthjf-AhqUyc-ibL1re jXK9ad D2fZ2 zu5uec OjCsFc dmUFtb wHaque g5GTcb\">\n<div class=\"jXK9ad-SmKAyb\">\n<div class=\"tyJCtd baZpAe\">\n<div class=\"t3iYD\"><img loading=\"lazy\" decoding=\"async\" class=\"CENy8b alignleft\" src=\"http:\/\/drive.google.com\/uc?export=view&amp;id=0B0zHBF5nyE_QX1hxcTFmanNBYTQ\" width=\"199\" height=\"219\" \/><\/div>\n<\/div>\n<\/div>\n<\/div>\n<\/div>\n<\/div>\n<\/div>\n<\/div>\n<div class=\"hJDwNd-AhqUyc-OwsYgb Ft7HRd-AhqUyc-OwsYgb purZT-AhqUyc-II5mzb ZcASvf-AhqUyc-II5mzb pSzOP-AhqUyc-qWD73c Ktthjf-AhqUyc-qWD73c JNdkSc SQVYQc\">\n<div class=\"JNdkSc-SmKAyb LkDMRd\">\n<div class=\"\">\n<div class=\"oKdM2c ZZyype Kzv0Me\">\n<div id=\"h.673d821a4ae8ce3_2223\" class=\"hJDwNd-AhqUyc-OwsYgb Ft7HRd-AhqUyc-OwsYgb jXK9ad D2fZ2 zu5uec OjCsFc dmUFtb wHaque g5GTcb JYTMs\">\n<div class=\"jXK9ad-SmKAyb\">\n<div class=\"tyJCtd mGzaTb Depvyb baZpAe\">\n<p class=\"CDt4Ke zfr3Q\" dir=\"ltr\"><strong>Roser Capdevila, Carles Capdevila<\/strong><\/p>\n<p class=\"CDt4Ke zfr3Q\" dir=\"ltr\">Barcelona : Icaria, 2004<\/p>\n<p class=\"CDt4Ke zfr3Q\" dir=\"ltr\">Les tres bessones de Roser Capdevila s\u00f3n les protagonistes d\u2019aquest conte de Carles Capdevila, creat amb l&#8217;assessoria de l&#8217;equip d&#8217;educaci\u00f3 d&#8217;Interm\u00f3n Oxfam.<\/p>\n<p class=\"CDt4Ke zfr3Q\" dir=\"ltr\">Com en totes les seves aventures, les res bessones descobriran nousmons i faran bones amistats. En aquest cas, seguint un objectiu com\u00fa amb la Bruixa Avorrida: trobar uns texans de la seva mida, ja que se li han trencat els pantalons de tant menjar xocolata a la Fira del Comer\u00e7 Just.<\/p>\n<p class=\"CDt4Ke zfr3Q\" dir=\"ltr\">Les protagonistes visitaran llocs com Ben\u00edn, Marroc o It\u00e0lia, on veuen com viu i treballa la gent que participa en la fabricaci\u00f3 d&#8217;uns texans.<\/p>\n<\/div>\n<\/div>\n<\/div>\n<\/div>\n<\/div>\n<\/div>\n<\/div>\n<\/div>\n<\/div>\n<\/section>\n<section id=\"h.673d821a4ae8ce3_2224\" class=\"yaqOZd\">\n<div class=\"IFuOkc\"><\/div>\n<div class=\"mYVXT\">\n<div class=\"LS81yb VICjCf j5pSsc db35Fc\" tabindex=\"-1\">\n<div class=\"hJDwNd-AhqUyc-uQSCkd Ft7HRd-AhqUyc-uQSCkd purZT-AhqUyc-II5mzb ZcASvf-AhqUyc-II5mzb pSzOP-AhqUyc-qWD73c Ktthjf-AhqUyc-qWD73c JNdkSc SQVYQc\">\n<div class=\"JNdkSc-SmKAyb LkDMRd\">\n<div class=\"\">\n<div class=\"oKdM2c ZZyype Kzv0Me\">\n<div id=\"h.673d821a4ae8ce3_2227\" class=\"hJDwNd-AhqUyc-uQSCkd Ft7HRd-AhqUyc-uQSCkd jXK9ad D2fZ2 zu5uec OjCsFc dmUFtb wHaque g5GTcb JYTMs\">\n<div class=\"jXK9ad-SmKAyb\">\n<div class=\"tyJCtd mGzaTb Depvyb baZpAe\">\n<p class=\"CDt4Ke zfr3Q\" dir=\"ltr\"><strong>M\u00e9s recursos<\/strong><\/p>\n<\/div>\n<\/div>\n<\/div>\n<\/div>\n<\/div>\n<\/div>\n<\/div>\n<\/div>\n<\/div>\n<\/section>\n<section id=\"h.673d821a4ae8ce3_2228\" class=\"yaqOZd\">\n<div class=\"IFuOkc\"><\/div>\n<div class=\"mYVXT\">\n<div class=\"LS81yb VICjCf j5pSsc db35Fc\" tabindex=\"-1\">\n<div class=\"hJDwNd-AhqUyc-ibL1re Ft7HRd-AhqUyc-ibL1re purZT-AhqUyc-ibL1re ZcASvf-AhqUyc-ibL1re pSzOP-AhqUyc-ibL1re Ktthjf-AhqUyc-ibL1re JNdkSc SQVYQc\">\n<div class=\"JNdkSc-SmKAyb LkDMRd\">\n<div class=\"\">\n<div class=\"oKdM2c ZZyype Kzv0Me\">\n<div id=\"h.673d821a4ae8ce3_2231\" class=\"hJDwNd-AhqUyc-ibL1re Ft7HRd-AhqUyc-ibL1re purZT-AhqUyc-ibL1re ZcASvf-AhqUyc-ibL1re pSzOP-AhqUyc-ibL1re Ktthjf-AhqUyc-ibL1re jXK9ad D2fZ2 zu5uec OjCsFc dmUFtb wHaque g5GTcb\">\n<div class=\"jXK9ad-SmKAyb\">\n<div class=\"tyJCtd baZpAe\">\n<div class=\"t3iYD\"><img loading=\"lazy\" decoding=\"async\" class=\"CENy8b alignleft\" src=\"http:\/\/drive.google.com\/uc?export=view&amp;id=1UysdCpqo2cGgW6wH0BqWEc6545dOMB-g\" width=\"236\" height=\"132\" \/><\/div>\n<\/div>\n<\/div>\n<\/div>\n<\/div>\n<\/div>\n<\/div>\n<\/div>\n<div class=\"hJDwNd-AhqUyc-EehZO Ft7HRd-AhqUyc-EehZO JNdkSc SQVYQc L6cTce-purZT L6cTce-pSzOP\">\n<div class=\"JNdkSc-SmKAyb LkDMRd\">\n<div class=\"\"><\/div>\n<\/div>\n<\/div>\n<\/div>\n<\/div>\n<\/section>\n<section id=\"h.673d821a4ae8ce3_2232\" class=\"yaqOZd\">\n<div class=\"IFuOkc\"><\/div>\n<div class=\"mYVXT\">\n<div class=\"LS81yb VICjCf j5pSsc db35Fc\" tabindex=\"-1\">\n<div class=\"hJDwNd-AhqUyc-EehZO Ft7HRd-AhqUyc-EehZO purZT-AhqUyc-II5mzb ZcASvf-AhqUyc-II5mzb pSzOP-AhqUyc-qWD73c Ktthjf-AhqUyc-qWD73c JNdkSc SQVYQc\">\n<div class=\"JNdkSc-SmKAyb LkDMRd\">\n<div class=\"\">\n<div class=\"oKdM2c ZZyype Kzv0Me\">\n<div id=\"h.673d821a4ae8ce3_2235\" class=\"hJDwNd-AhqUyc-EehZO Ft7HRd-AhqUyc-EehZO jXK9ad D2fZ2 zu5uec OjCsFc dmUFtb wHaque g5GTcb JYTMs\">\n<div class=\"jXK9ad-SmKAyb\">\n<div class=\"tyJCtd mGzaTb Depvyb baZpAe\">\n<p class=\"CDt4Ke zfr3Q\" dir=\"ltr\"><span class=\" aw5Odc\"><a class=\"XqQF9c\" href=\"https:\/\/www.solidaries.org\/centre-de-recursos\/consum-responsable-1227\/\" target=\"_blank\" rel=\"noopener\">Aquesta exposici\u00f3<\/a><\/span> neix en el marc de la campanya sobre el consum responsable que es porta a terme des de la Coordinadora d&#8217;ONG Solid\u00e0ries i la C\u00e0tedra UNESCO de DHS. El b\u00e9ns que consumim tenen conseq\u00fc\u00e8ncies per a nosaltres mateixos, per a les persones que els produeixen, per al sistema socioecon\u00f2mic i per al medi ambient. El consum responsable comporta una responsabilitat \u00e8tica, social i ecol\u00f2gica. Amb aquesta exposici\u00f3 es vol disposar d&#8217;un material per poder treballar durant tot l&#8217;any i a tot el territori el consum responsable.<\/p>\n<p><img loading=\"lazy\" decoding=\"async\" class=\"alignleft\" title=\"http:\/\/issuu.com\/coordinadoragirona\/docs\/guia_consum_responsable\" src=\"http:\/\/drive.google.com\/uc?export=view&amp;id=1NE2C36-ykDWFWwW3zvfPvKOT2h4jnlTf\" alt=\"\" width=\"131\" height=\"187\" \/><\/p>\n<p class=\"CDt4Ke zfr3Q\" dir=\"ltr\">Aquesta guia \u00e9s un recurs per a la formaci\u00f3 en Comer\u00e7 Just i el seu tractament pel que fa al treball infantil.<\/p>\n<p class=\"CDt4Ke zfr3Q\" dir=\"ltr\">La guia consta d\u2019una part te\u00f2rica dirigida al professorat d\u2019Educaci\u00f3 Prim\u00e0ria, i una altra part pr\u00e0ctica amb materials de treball per a realitzar a l\u2019aula amb el conjunt de l\u2019alumnat.<\/p>\n<p class=\"CDt4Ke zfr3Q\" dir=\"ltr\">Amb la part te\u00f2rica pretenem oferir al professorat tota la informaci\u00f3 necess\u00e0ria per a transmetre la realitat de l\u2019explotaci\u00f3 infantil als i les alumnes, amb la qual poder preparar les sessions. No es tracta, per tant, d\u2019un material que pugui manipular directament l\u2019alumnat donada la seva complexitat. El professorat trobar\u00e0 en aquesta guia materials amb qu\u00e8 treballar la teoria a l\u2019aula, adaptant el contingut al nivell del seu alumnat.<\/p>\n<p dir=\"ltr\">\n<\/div>\n<\/div>\n<\/div>\n<\/div>\n<\/div>\n<\/div>\n<\/div>\n<div class=\"hJDwNd-AhqUyc-ibL1re Ft7HRd-AhqUyc-ibL1re purZT-AhqUyc-ibL1re ZcASvf-AhqUyc-ibL1re pSzOP-AhqUyc-ibL1re Ktthjf-AhqUyc-ibL1re JNdkSc SQVYQc\">\n<div class=\"JNdkSc-SmKAyb LkDMRd\">\n<div class=\"\">\n<div class=\"oKdM2c ZZyype Kzv0Me\">\n<div id=\"h.673d821a4ae8ce3_2238\" class=\"hJDwNd-AhqUyc-ibL1re Ft7HRd-AhqUyc-ibL1re purZT-AhqUyc-ibL1re ZcASvf-AhqUyc-ibL1re pSzOP-AhqUyc-ibL1re Ktthjf-AhqUyc-ibL1re jXK9ad D2fZ2 zu5uec OjCsFc dmUFtb wHaque g5GTcb\">\n<div class=\"jXK9ad-SmKAyb\">\n<div class=\"tyJCtd baZpAe\">\n<div class=\"t3iYD\"><\/div>\n<\/div>\n<\/div>\n<\/div>\n<\/div>\n<div><\/div>\n<\/div>\n<\/div>\n<\/div>\n<\/div>\n<\/div>\n<\/section>\n<\/div>\n<div class=\"Xpil1b xgQ6eb\"><\/div>\n<footer aria-hidden=\"false\">\n<section id=\"h.673d821a4ae8ce3_0\" class=\"yaqOZd\">\n<div class=\"IFuOkc\"><\/div>\n<div class=\"mYVXT\">\n<div class=\"LS81yb VICjCf j5pSsc db35Fc\" tabindex=\"-1\">\n<div class=\"hJDwNd-AhqUyc-Clt0zb Ft7HRd-AhqUyc-Clt0zb purZT-AhqUyc-II5mzb ZcASvf-AhqUyc-II5mzb pSzOP-AhqUyc-qWD73c Ktthjf-AhqUyc-qWD73c JNdkSc SQVYQc\">\n<div class=\"JNdkSc-SmKAyb LkDMRd\">\n<div class=\"\">\n<div class=\"oKdM2c ZZyype Kzv0Me\">\n<div id=\"h.673d821a4ae8ce3_3\" class=\"hJDwNd-AhqUyc-Clt0zb Ft7HRd-AhqUyc-Clt0zb jXK9ad D2fZ2 zu5uec OjCsFc dmUFtb wHaque g5GTcb\">\n<div class=\"jXK9ad-SmKAyb\">\n<div class=\"tyJCtd baZpAe\">\n<div class=\"t3iYD\"><img loading=\"lazy\" decoding=\"async\" class=\"CENy8b\" role=\"img\" src=\"http:\/\/drive.google.com\/uc?export=view&amp;id=1u8IHz6HNBcwc2dyYIab4kHCAUPjNhbww\" width=\"1153\" height=\"135\" \/><\/div>\n<\/div>\n<\/div>\n<\/div>\n<\/div>\n<\/div>\n<\/div>\n<\/div>\n<div class=\"hJDwNd-AhqUyc-c5RTEf Ft7HRd-AhqUyc-c5RTEf JNdkSc SQVYQc L6cTce-purZT L6cTce-pSzOP\">\n<div class=\"JNdkSc-SmKAyb LkDMRd\">\n<div class=\"\"><\/div>\n<\/div>\n<\/div>\n<\/div>\n<\/div>\n<\/section>\n<\/footer>\n<div class=\"dZA9kd ynRLnc\" data-last-updated-at-time=\"1636112712599\">\n<div id=\"ow245\" class=\"U26fgb JRtysb WzwrXb I12f0b K2mXPb zXBiaf ynRLnc\" tabindex=\"0\" role=\"button\" aria-label=\"Accions al lloc web\" aria-disabled=\"false\" aria-haspopup=\"true\" aria-expanded=\"false\" data-menu-corner=\"bottom-start\" data-anchor-corner=\"top-start\">\n<div class=\"NWlf3e MbhUzd\"><\/div>\n<\/div>\n<\/div>\n<div class=\"LqzjUe\" data-last-updated-at-time=\"1636112712599\"><\/div>\n","protected":false},"excerpt":{"rendered":"<p>Dins l&#8217;entorn del projecte Teixint mons trobareu tot un seguit de propostes sobre comer\u00e7 just per tal de dissenyar una campanya per tal d&#8217;evitar el malbaratament de la roba.\u00a0Qu\u00e8 us sembla si comencem amb aquest v\u00eddeo? La Campanya Roba Neta (CRN) \u00e9s una coalici\u00f3 internacional d&#8217;ONG, organitzacions de persones consumidores, sindicats i altres entitats que [&hellip;]<\/p>\n","protected":false},"author":1,"featured_media":0,"parent":15169,"menu_order":0,"comment_status":"closed","ping_status":"closed","template":"","meta":{"_bbp_topic_count":0,"_bbp_reply_count":0,"_bbp_total_topic_count":0,"_bbp_total_reply_count":0,"_bbp_voice_count":0,"_bbp_anonymous_reply_count":0,"_bbp_topic_count_hidden":0,"_bbp_reply_count_hidden":0,"_bbp_forum_subforum_count":0,"site-sidebar-layout":"default","site-content-layout":"","ast-site-content-layout":"","site-content-style":"default","site-sidebar-style":"default","ast-global-header-display":"","ast-banner-title-visibility":"","ast-main-header-display":"","ast-hfb-above-header-display":"","ast-hfb-below-header-display":"","ast-hfb-mobile-header-display":"","site-post-title":"","ast-breadcrumbs-content":"","ast-featured-img":"","footer-sml-layout":"","theme-transparent-header-meta":"","adv-header-id-meta":"","stick-header-meta":"","header-above-stick-meta":"","header-main-stick-meta":"","header-below-stick-meta":"","astra-migrate-meta-layouts":"default","ast-page-background-enabled":"default","ast-page-background-meta":{"desktop":{"background-color":"var(--ast-global-color-4)","background-image":"","background-repeat":"repeat","background-position":"center center","background-size":"auto","background-attachment":"scroll","background-type":"","background-media":"","overlay-type":"","overlay-color":"","overlay-opacity":"","overlay-gradient":""},"tablet":{"background-color":"","background-image":"","background-repeat":"repeat","background-position":"center center","background-size":"auto","background-attachment":"scroll","background-type":"","background-media":"","overlay-type":"","overlay-color":"","overlay-opacity":"","overlay-gradient":""},"mobile":{"background-color":"","background-image":"","background-repeat":"repeat","background-position":"center center","background-size":"auto","background-attachment":"scroll","background-type":"","background-media":"","overlay-type":"","overlay-color":"","overlay-opacity":"","overlay-gradient":""}},"ast-content-background-meta":{"desktop":{"background-color":"var(--ast-global-color-5)","background-image":"","background-repeat":"repeat","background-position":"center center","background-size":"auto","background-attachment":"scroll","background-type":"","background-media":"","overlay-type":"","overlay-color":"","overlay-opacity":"","overlay-gradient":""},"tablet":{"background-color":"var(--ast-global-color-5)","background-image":"","background-repeat":"repeat","background-position":"center center","background-size":"auto","background-attachment":"scroll","background-type":"","background-media":"","overlay-type":"","overlay-color":"","overlay-opacity":"","overlay-gradient":""},"mobile":{"background-color":"var(--ast-global-color-5)","background-image":"","background-repeat":"repeat","background-position":"center center","background-size":"auto","background-attachment":"scroll","background-type":"","background-media":"","overlay-type":"","overlay-color":"","overlay-opacity":"","overlay-gradient":""}},"footnotes":""},"class_list":["post-19939","page","type-page","status-publish","hentry"],"post_mailing_queue_ids":[],"_links":{"self":[{"href":"https:\/\/serveiseducatius.xtec.cat\/altemporda\/wp-json\/wp\/v2\/pages\/19939","targetHints":{"allow":["GET"]}}],"collection":[{"href":"https:\/\/serveiseducatius.xtec.cat\/altemporda\/wp-json\/wp\/v2\/pages"}],"about":[{"href":"https:\/\/serveiseducatius.xtec.cat\/altemporda\/wp-json\/wp\/v2\/types\/page"}],"author":[{"embeddable":true,"href":"https:\/\/serveiseducatius.xtec.cat\/altemporda\/wp-json\/wp\/v2\/users\/1"}],"replies":[{"embeddable":true,"href":"https:\/\/serveiseducatius.xtec.cat\/altemporda\/wp-json\/wp\/v2\/comments?post=19939"}],"version-history":[{"count":5,"href":"https:\/\/serveiseducatius.xtec.cat\/altemporda\/wp-json\/wp\/v2\/pages\/19939\/revisions"}],"predecessor-version":[{"id":20422,"href":"https:\/\/serveiseducatius.xtec.cat\/altemporda\/wp-json\/wp\/v2\/pages\/19939\/revisions\/20422"}],"up":[{"embeddable":true,"href":"https:\/\/serveiseducatius.xtec.cat\/altemporda\/wp-json\/wp\/v2\/pages\/15169"}],"wp:attachment":[{"href":"https:\/\/serveiseducatius.xtec.cat\/altemporda\/wp-json\/wp\/v2\/media?parent=19939"}],"curies":[{"name":"wp","href":"https:\/\/api.w.org\/{rel}","templated":true}]}}