{"id":19601,"date":"2023-02-06T17:38:05","date_gmt":"2023-02-06T16:38:05","guid":{"rendered":"https:\/\/serveiseducatius.xtec.cat\/altemporda\/?page_id=19601"},"modified":"2023-02-06T18:28:10","modified_gmt":"2023-02-06T17:28:10","slug":"altes-capacitats","status":"publish","type":"page","link":"https:\/\/serveiseducatius.xtec.cat\/altemporda\/diversitats\/altes-capacitats\/","title":{"rendered":"Altes capacitats"},"content":{"rendered":"<section id=\"h.6c6cf213478b269d_44\" class=\"yaqOZd\">\n<div class=\"mYVXT\">\n<div class=\"LS81yb VICjCf j5pSsc db35Fc\" tabindex=\"-1\">\n<div class=\"hJDwNd-AhqUyc-uQSCkd Ft7HRd-AhqUyc-uQSCkd purZT-AhqUyc-II5mzb ZcASvf-AhqUyc-II5mzb pSzOP-AhqUyc-qWD73c Ktthjf-AhqUyc-qWD73c JNdkSc SQVYQc\">\n<div class=\"JNdkSc-SmKAyb LkDMRd\">\n<div class=\"\">\n<div class=\"oKdM2c ZZyype Kzv0Me\">\n<div id=\"h.6c6cf213478b269d_47\" class=\"hJDwNd-AhqUyc-uQSCkd Ft7HRd-AhqUyc-uQSCkd jXK9ad D2fZ2 zu5uec OjCsFc dmUFtb wHaque g5GTcb JYTMs\">\n<div class=\"jXK9ad-SmKAyb\">\n<div class=\"tyJCtd mGzaTb Depvyb baZpAe\">\n<p class=\"CDt4Ke zfr3Q\" dir=\"ltr\">En l&#8217;heterogene\u00eftat de l&#8217;aula, trobem alumnes que segueixen el ritme de la classe sense problemes, altres que tenen certes dificultats d&#8217;aprenentatge i tamb\u00e9 alguns que sobresurten pel seu rendiment o que tenen capacitat per fer-ho. Detectar aquests alumnes amb altes capacitats \u00e9s necessari per atendre les seves necessitats.<\/p>\n<p class=\"CDt4Ke zfr3Q\" dir=\"ltr\">L&#8217;alumnat amb altes capacitats no forma un grup homogeni. Hi ha una gran diversitat, similar a la que trobem en els alumnes amb dificultats per aprendre.<\/p>\n<p class=\"CDt4Ke zfr3Q\" dir=\"ltr\">Podem recollir, per\u00f2, alguns termes que aporten matisos diferents a les caracter\u00edstiques que posseeix l&#8217;alumnat amb capacitats intel\u00b7lectuals de nivell superior.<\/p>\n<p class=\"CDt4Ke zfr3Q\" dir=\"ltr\">La superdotaci\u00f3 quan en el comportament de l&#8217;alumnat hi ha una interacci\u00f3 entre les altes capacitats intel\u00b7lectuals, l&#8217;alt nivell de creativitat i el comprom\u00eds amb la tasca. (Teoria dels tres anells, Renzulli)<\/p>\n<p class=\"CDt4Ke zfr3Q\" dir=\"ltr\">Mostren una capacitat cognitiva superior a la mitjana, amb bona mem\u00f2ria, atenci\u00f3 i predisposici\u00f3 per a l&#8217;aprenentatge. Tenen una alta productivitat i s\u00f3n originals. Dediquen molta energia a resoldre activitats, s\u00f3n perseverants. Poden portar diferents projectes alhora i s\u00f3n observadors. Acostumen a mostrar il\u00b7lusi\u00f3 pel treball i confian\u00e7a en les pr\u00f2pies possibilitats.<\/p>\n<p class=\"CDt4Ke zfr3Q\" dir=\"ltr\">El talent quan mostra una elevada aptitud en un \u00e0mbit (per exemple, talent verbal o matem\u00e0tic) o en un tipus de processament (talent l\u00f2gic o creatiu). En la resta d&#8217;\u00e0mbits o de formes de processament poden presentar nivells discrets, fins i tot deficitaris. Parlarem de talents complexos quan destaquen v\u00e0ries aptituds espec\u00edfiques. La irregularitat \u00e9s una de las caracter\u00edstiques de l\u2019alumnat talent\u00f3s.<\/p>\n<p class=\"CDt4Ke zfr3Q\" dir=\"ltr\">La precocitat implica un ritme de desenvolupament m\u00e9s r\u00e0pid a una o v\u00e0ries \u00e0rees. Els alumnes amb precocitat, solen manifestar un major nombre de recursos intel\u00b7lectuals que els seus companys i companyes mentre estan madurant. Una vegada acabada la maduraci\u00f3 les seves capacitats intel\u00b7lectuals s&#8217;equilibren amb les dels companys. \u00c9s un fenomen evolutiu.<\/p>\n<p class=\"CDt4Ke zfr3Q\" dir=\"ltr\"><strong> Normativa<\/strong><\/p>\n<ul class=\"n8H08c UVNKR\">\n<li class=\"TYR86d zfr3Q\" dir=\"ltr\">\n<p class=\"CDt4Ke zfr3Q\" dir=\"ltr\"><span class=\" aw5Odc\"><a class=\"XqQF9c\" href=\"http:\/\/www.google.com\/url?q=http%3A%2F%2Fportaldogc.gencat.cat%2FutilsEADOP%2FPDF%2F6419%2F1310134.pdf&amp;sa=D&amp;sntz=1&amp;usg=AOvVaw2xxpRWkAzEYv2Q1EP8ZJ32\" target=\"_blank\" rel=\"noopener\"><strong>Resoluci\u00f3 ENS 1543\/2013 de 10 de juliol<\/strong><\/a><\/span><\/p>\n<\/li>\n<\/ul>\n<p class=\"CDt4Ke zfr3Q\" dir=\"ltr\"><strong> Guia altes capacitats<\/strong><\/p>\n<\/div>\n<\/div>\n<\/div>\n<\/div>\n<\/div>\n<\/div>\n<\/div>\n<\/div>\n<\/div>\n<\/section>\n<section id=\"h.6c6cf213478b269d_48\" class=\"yaqOZd\">\n<div class=\"IFuOkc\"><\/div>\n<div class=\"mYVXT\">\n<div class=\"LS81yb VICjCf j5pSsc db35Fc\" tabindex=\"-1\">\n<div class=\"hJDwNd-AhqUyc-c5RTEf Ft7HRd-AhqUyc-c5RTEf purZT-AhqUyc-c5RTEf ZcASvf-AhqUyc-c5RTEf pSzOP-AhqUyc-c5RTEf Ktthjf-AhqUyc-c5RTEf JNdkSc SQVYQc\">\n<div class=\"JNdkSc-SmKAyb LkDMRd\">\n<div class=\"\">\n<div class=\"oKdM2c ZZyype Kzv0Me\">\n<div id=\"h.6c6cf213478b269d_51\" class=\"hJDwNd-AhqUyc-c5RTEf Ft7HRd-AhqUyc-c5RTEf purZT-AhqUyc-c5RTEf ZcASvf-AhqUyc-c5RTEf pSzOP-AhqUyc-c5RTEf Ktthjf-AhqUyc-c5RTEf jXK9ad D2fZ2 zu5uec OjCsFc dmUFtb wHaque g5GTcb\">\n<div class=\"jXK9ad-SmKAyb\">\n<div class=\"tyJCtd baZpAe\">\n<div class=\"t3iYD\"><img decoding=\"async\" class=\"CENy8b\" src=\"https:\/\/lh4.googleusercontent.com\/_WBFK4wfgfH9yziOOF8rTFqtY6PZ_uhgpIIh6xUBAglS-enQWEndBB9tY4_HvSEHtkjNcvX7vR96jLNnhYZax2GogwIZWyyKRUTjgCEaxngzFFBRAueWYxLUjASnJKy-3A=w1280\" \/><\/div>\n<\/div>\n<\/div>\n<\/div>\n<\/div>\n<\/div>\n<\/div>\n<\/div>\n<div class=\"hJDwNd-AhqUyc-Clt0zb Ft7HRd-AhqUyc-Clt0zb JNdkSc SQVYQc L6cTce-purZT L6cTce-pSzOP\">\n<div class=\"JNdkSc-SmKAyb LkDMRd\">\n<div class=\"\"><\/div>\n<\/div>\n<\/div>\n<\/div>\n<\/div>\n<\/section>\n<section id=\"h.6c6cf213478b269d_52\" class=\"yaqOZd\">\n<div class=\"IFuOkc\"><\/div>\n<div class=\"mYVXT\">\n<div class=\"LS81yb VICjCf j5pSsc db35Fc\" tabindex=\"-1\">\n<div class=\"hJDwNd-AhqUyc-uQSCkd Ft7HRd-AhqUyc-uQSCkd purZT-AhqUyc-II5mzb ZcASvf-AhqUyc-II5mzb pSzOP-AhqUyc-qWD73c Ktthjf-AhqUyc-qWD73c JNdkSc SQVYQc\">\n<div class=\"JNdkSc-SmKAyb LkDMRd\">\n<div class=\"\">\n<div class=\"oKdM2c ZZyype Kzv0Me\">\n<div id=\"h.6c6cf213478b269d_55\" class=\"hJDwNd-AhqUyc-uQSCkd Ft7HRd-AhqUyc-uQSCkd jXK9ad D2fZ2 zu5uec OjCsFc dmUFtb wHaque g5GTcb JYTMs\">\n<div class=\"jXK9ad-SmKAyb\">\n<div class=\"tyJCtd mGzaTb Depvyb baZpAe\">\n<p class=\"CDt4Ke zfr3Q\" dir=\"ltr\"><span class=\" aw5Odc\"><a class=\"XqQF9c\" href=\"https:\/\/drive.google.com\/file\/d\/0B3MAKSXkxJIZV3pXdmhQTjEyUHc\/preview\" target=\"_blank\" rel=\"noopener\">GRAELLA DE VALORACI\u00d3 PER A DETECTAR ALUMNES AMB ALTES CAPACITATS DE 3 A 4 ANYS<\/a><\/span><\/p>\n<p class=\"CDt4Ke zfr3Q\" dir=\"ltr\"><span class=\" aw5Odc\"><a class=\"XqQF9c\" href=\"https:\/\/drive.google.com\/file\/d\/0B3MAKSXkxJIZS2ZxMDhZV1RCU1k\/preview\" target=\"_blank\" rel=\"noopener\">GRAELLA DE VALORACI\u00d3 PER A DETECTAR ALUMNES AMB ALTES CAPACITATS DE 5 A 8 ANYS<\/a><\/span><\/p>\n<p class=\"CDt4Ke zfr3Q\" dir=\"ltr\"><span class=\" aw5Odc\"><a class=\"XqQF9c\" href=\"https:\/\/drive.google.com\/file\/d\/0B3MAKSXkxJIZcE9fZnozVGtUV2s\/preview\" target=\"_blank\" rel=\"noopener\">GRAELLA DE VALORACI\u00d3 PER A DETECTAR ALUMNES AMB ALTES CAPACITATS DE 9 a 14 ANYS.<\/a><\/span><\/p>\n<p class=\"CDt4Ke zfr3Q\" dir=\"ltr\"><span class=\" aw5Odc\"><a class=\"XqQF9c\" href=\"https:\/\/drive.google.com\/file\/d\/0B3MAKSXkxJIZMUNWVFhVWEFNWEE\/preview\" target=\"_blank\" rel=\"noopener\">GRAELLA VALORACI\u00d3 PER A L&#8217; ALUMNE\/A<\/a><\/span><\/p>\n<p class=\"CDt4Ke zfr3Q\" dir=\"ltr\"><span class=\" aw5Odc\"><a class=\"XqQF9c\" href=\"https:\/\/drive.google.com\/file\/d\/0B3MAKSXkxJIZVzFKanRacW5OTUU\/preview\" target=\"_blank\" rel=\"noopener\">GRAELLA DE VALORACI\u00d3 PER ALS MESTRES I PARES O TUTORS<\/a><\/span><\/p>\n<p class=\"CDt4Ke zfr3Q\" dir=\"ltr\"><strong> Recursos<\/strong><\/p>\n<ul class=\"n8H08c UVNKR\">\n<li class=\"TYR86d zfr3Q\" dir=\"ltr\">\n<p class=\"CDt4Ke zfr3Q\" dir=\"ltr\">\n<\/li>\n<li class=\"TYR86d zfr3Q\" dir=\"ltr\">\n<p class=\"CDt4Ke zfr3Q\" dir=\"ltr\">\n<\/li>\n<\/ul>\n<p class=\"CDt4Ke zfr3Q\" dir=\"ltr\"><strong> Articles inter\u00e8s<\/strong><\/p>\n<ul class=\"n8H08c UVNKR\">\n<li class=\"TYR86d zfr3Q\" dir=\"ltr\">\n<p class=\"CDt4Ke zfr3Q\" dir=\"ltr\"><span class=\" aw5Odc\"><a class=\"XqQF9c\" href=\"http:\/\/www.google.com\/url?q=http%3A%2F%2Fwww.lavanguardia.com%2Fvida%2F20161021%2F411170598345%2Ftelefono-denuncias-acoso-escolar.html%3Futm_campaign%3Dbotones_sociales%26utm_source%3Dfacebook%26utm_medium%3Dsocial&amp;sa=D&amp;sntz=1&amp;usg=AOvVaw2Csd4hE84V-q5tT2brKNQP\" target=\"_blank\" rel=\"noopener\"><strong>La Vanguardia 19\/10\/2016<\/strong><\/a><\/span><\/p>\n<\/li>\n<li class=\"TYR86d zfr3Q\" dir=\"ltr\">\n<p class=\"CDt4Ke zfr3Q\" dir=\"ltr\"><span class=\" aw5Odc\"><a class=\"XqQF9c\" href=\"http:\/\/www.google.com\/url?q=http%3A%2F%2Fwww.lavanguardia.com%2Fvida%2F20160923%2F41508384582%2Fla-alta-capacidad-busca-apoyo.html%3Futm_campaign%3Dbotones_sociales%26utm_source%3Dfacebook%26utm_medium%3Dsocial&amp;sa=D&amp;sntz=1&amp;usg=AOvVaw0LDcCsZpxgd5QjJxGacbRX\" target=\"_blank\" rel=\"noopener\">La Vanguardia 23\/09\/2016<\/a><\/span><\/p>\n<\/li>\n<\/ul>\n<\/div>\n<\/div>\n<\/div>\n<\/div>\n<\/div>\n<\/div>\n<\/div>\n<\/div>\n<\/div>\n<\/section>\n","protected":false},"excerpt":{"rendered":"<p>En l&#8217;heterogene\u00eftat de l&#8217;aula, trobem alumnes que segueixen el ritme de la classe sense problemes, altres que tenen certes dificultats d&#8217;aprenentatge i tamb\u00e9 alguns que sobresurten pel seu rendiment o que tenen capacitat per fer-ho. Detectar aquests alumnes amb altes capacitats \u00e9s necessari per atendre les seves necessitats. L&#8217;alumnat amb altes capacitats no forma un [&hellip;]<\/p>\n","protected":false},"author":4,"featured_media":0,"parent":19078,"menu_order":2,"comment_status":"closed","ping_status":"closed","template":"","meta":{"_bbp_topic_count":0,"_bbp_reply_count":0,"_bbp_total_topic_count":0,"_bbp_total_reply_count":0,"_bbp_voice_count":0,"_bbp_anonymous_reply_count":0,"_bbp_topic_count_hidden":0,"_bbp_reply_count_hidden":0,"_bbp_forum_subforum_count":0,"site-sidebar-layout":"default","site-content-layout":"","ast-site-content-layout":"","site-content-style":"default","site-sidebar-style":"default","ast-global-header-display":"","ast-banner-title-visibility":"","ast-main-header-display":"","ast-hfb-above-header-display":"","ast-hfb-below-header-display":"","ast-hfb-mobile-header-display":"","site-post-title":"","ast-breadcrumbs-content":"","ast-featured-img":"","footer-sml-layout":"","theme-transparent-header-meta":"","adv-header-id-meta":"","stick-header-meta":"","header-above-stick-meta":"","header-main-stick-meta":"","header-below-stick-meta":"","astra-migrate-meta-layouts":"default","ast-page-background-enabled":"default","ast-page-background-meta":{"desktop":{"background-color":"var(--ast-global-color-4)","background-image":"","background-repeat":"repeat","background-position":"center center","background-size":"auto","background-attachment":"scroll","background-type":"","background-media":"","overlay-type":"","overlay-color":"","overlay-opacity":"","overlay-gradient":""},"tablet":{"background-color":"","background-image":"","background-repeat":"repeat","background-position":"center center","background-size":"auto","background-attachment":"scroll","background-type":"","background-media":"","overlay-type":"","overlay-color":"","overlay-opacity":"","overlay-gradient":""},"mobile":{"background-color":"","background-image":"","background-repeat":"repeat","background-position":"center center","background-size":"auto","background-attachment":"scroll","background-type":"","background-media":"","overlay-type":"","overlay-color":"","overlay-opacity":"","overlay-gradient":""}},"ast-content-background-meta":{"desktop":{"background-color":"var(--ast-global-color-5)","background-image":"","background-repeat":"repeat","background-position":"center center","background-size":"auto","background-attachment":"scroll","background-type":"","background-media":"","overlay-type":"","overlay-color":"","overlay-opacity":"","overlay-gradient":""},"tablet":{"background-color":"var(--ast-global-color-5)","background-image":"","background-repeat":"repeat","background-position":"center center","background-size":"auto","background-attachment":"scroll","background-type":"","background-media":"","overlay-type":"","overlay-color":"","overlay-opacity":"","overlay-gradient":""},"mobile":{"background-color":"var(--ast-global-color-5)","background-image":"","background-repeat":"repeat","background-position":"center center","background-size":"auto","background-attachment":"scroll","background-type":"","background-media":"","overlay-type":"","overlay-color":"","overlay-opacity":"","overlay-gradient":""}},"footnotes":""},"class_list":["post-19601","page","type-page","status-publish","hentry"],"post_mailing_queue_ids":[],"_links":{"self":[{"href":"https:\/\/serveiseducatius.xtec.cat\/altemporda\/wp-json\/wp\/v2\/pages\/19601","targetHints":{"allow":["GET"]}}],"collection":[{"href":"https:\/\/serveiseducatius.xtec.cat\/altemporda\/wp-json\/wp\/v2\/pages"}],"about":[{"href":"https:\/\/serveiseducatius.xtec.cat\/altemporda\/wp-json\/wp\/v2\/types\/page"}],"author":[{"embeddable":true,"href":"https:\/\/serveiseducatius.xtec.cat\/altemporda\/wp-json\/wp\/v2\/users\/4"}],"replies":[{"embeddable":true,"href":"https:\/\/serveiseducatius.xtec.cat\/altemporda\/wp-json\/wp\/v2\/comments?post=19601"}],"version-history":[{"count":2,"href":"https:\/\/serveiseducatius.xtec.cat\/altemporda\/wp-json\/wp\/v2\/pages\/19601\/revisions"}],"predecessor-version":[{"id":19632,"href":"https:\/\/serveiseducatius.xtec.cat\/altemporda\/wp-json\/wp\/v2\/pages\/19601\/revisions\/19632"}],"up":[{"embeddable":true,"href":"https:\/\/serveiseducatius.xtec.cat\/altemporda\/wp-json\/wp\/v2\/pages\/19078"}],"wp:attachment":[{"href":"https:\/\/serveiseducatius.xtec.cat\/altemporda\/wp-json\/wp\/v2\/media?parent=19601"}],"curies":[{"name":"wp","href":"https:\/\/api.w.org\/{rel}","templated":true}]}}