{"id":19287,"date":"2023-01-30T15:59:35","date_gmt":"2023-01-30T14:59:35","guid":{"rendered":"https:\/\/serveiseducatius.xtec.cat\/altemporda\/?page_id=19287"},"modified":"2023-01-30T16:01:43","modified_gmt":"2023-01-30T15:01:43","slug":"02-orientacions-alumnat-nese","status":"publish","type":"page","link":"https:\/\/serveiseducatius.xtec.cat\/altemporda\/diversitats\/covid-19\/02-orientacions-alumnat-nese\/","title":{"rendered":"02. Orientacions alumnat NESE"},"content":{"rendered":"<div class=\"UtePc RCETm\" dir=\"ltr\" tabindex=\"-1\" role=\"main\" aria-hidden=\"false\">\n<section id=\"h.6c6cf213478b269d_243\" class=\"yaqOZd\">\n<div class=\"mYVXT\">\n<div class=\"LS81yb VICjCf j5pSsc db35Fc\" tabindex=\"-1\">\n<div class=\"hJDwNd-AhqUyc-uQSCkd Ft7HRd-AhqUyc-uQSCkd purZT-AhqUyc-II5mzb ZcASvf-AhqUyc-II5mzb pSzOP-AhqUyc-qWD73c Ktthjf-AhqUyc-qWD73c JNdkSc SQVYQc\">\n<div class=\"JNdkSc-SmKAyb LkDMRd\">\n<div class=\"\">\n<div class=\"oKdM2c ZZyype Kzv0Me\">\n<div id=\"h.6c6cf213478b269d_246\" class=\"hJDwNd-AhqUyc-uQSCkd Ft7HRd-AhqUyc-uQSCkd jXK9ad D2fZ2 zu5uec OjCsFc dmUFtb wHaque g5GTcb JYTMs\">\n<div class=\"jXK9ad-SmKAyb\">\n<div class=\"tyJCtd mGzaTb Depvyb baZpAe\">\n<p class=\"CDt4Ke zfr3Q\" dir=\"ltr\"><em>En aquest apartat hi trobareu orientacions per a professors i per a fam\u00edlies que poden ajudar en aquest temps de confinament.<\/em><\/p>\n<p class=\"CDt4Ke zfr3Q\" dir=\"ltr\"><em>S\u00f3n pautes espec\u00edfiques per alumnes amb informe NESE: TEA, TDAH, Trastorns de lectoescriptura, Trastorns de l&#8217;Aprenentatge..<\/em>.<\/p>\n<\/div>\n<\/div>\n<\/div>\n<\/div>\n<\/div>\n<\/div>\n<\/div>\n<\/div>\n<\/div>\n<\/section>\n<section id=\"h.6c6cf213478b269d_247\" class=\"yaqOZd\">\n<div class=\"mYVXT\">\n<div class=\"LS81yb VICjCf j5pSsc db35Fc\" tabindex=\"-1\">\n<div class=\"hJDwNd-AhqUyc-c5RTEf Ft7HRd-AhqUyc-c5RTEf purZT-AhqUyc-c5RTEf ZcASvf-AhqUyc-c5RTEf pSzOP-AhqUyc-c5RTEf Ktthjf-AhqUyc-c5RTEf JNdkSc SQVYQc\">\n<div class=\"JNdkSc-SmKAyb LkDMRd\">\n<div class=\"\">\n<div class=\"oKdM2c ZZyype Kzv0Me\">\n<div id=\"h.6c6cf213478b269d_250\" class=\"hJDwNd-AhqUyc-c5RTEf Ft7HRd-AhqUyc-c5RTEf purZT-AhqUyc-c5RTEf ZcASvf-AhqUyc-c5RTEf pSzOP-AhqUyc-c5RTEf Ktthjf-AhqUyc-c5RTEf jXK9ad D2fZ2 zu5uec OjCsFc dmUFtb wHaque g5GTcb\">\n<div class=\"jXK9ad-SmKAyb\">\n<div class=\"tyJCtd baZpAe\">\n<div class=\"t3iYD\"><a href=\"https:\/\/drive.google.com\/file\/d\/1kSchn4zLsuxLEeoow1415mZfX-evJd7w\/preview\" target=\"_blank\" rel=\"noopener\"><img loading=\"lazy\" decoding=\"async\" class=\"CENy8b aligncenter\" src=\"https:\/\/lh4.googleusercontent.com\/yy7EDEKPMy0ZLani1Fo7nWJtgk1P0KvS_Jln2ubppyQJaw5R6Z9bQFOciFglyI6rh0z2sTkx2OrOV07tJA20GF8vG7ww0XWZUl4G7LGEKk_pZCSFvi2g_noZLk0F5mlqBEC80lGy2DBelKc1y4gULfRBhl9pJ3O8lHQCmMk9d8ieyjxe-r3-XC1I8ATuXRX7=w1280\" alt=\"\" width=\"328\" height=\"240\" \/><\/a><\/div>\n<\/div>\n<\/div>\n<\/div>\n<\/div>\n<\/div>\n<\/div>\n<\/div>\n<div class=\"hJDwNd-AhqUyc-wNfPc Ft7HRd-AhqUyc-wNfPc JNdkSc SQVYQc L6cTce-purZT L6cTce-pSzOP\">\n<div class=\"JNdkSc-SmKAyb LkDMRd\">\n<div class=\"\"><\/div>\n<\/div>\n<\/div>\n<\/div>\n<\/div>\n<\/section>\n<section id=\"h.6c6cf213478b269d_251\" class=\"yaqOZd\">\n<div class=\"IFuOkc\">\n<hr \/>\n<\/div>\n<div class=\"mYVXT\">\n<div class=\"LS81yb VICjCf j5pSsc db35Fc\" tabindex=\"-1\">\n<div class=\"hJDwNd-AhqUyc-c5RTEf Ft7HRd-AhqUyc-c5RTEf purZT-AhqUyc-c5RTEf ZcASvf-AhqUyc-c5RTEf pSzOP-AhqUyc-c5RTEf Ktthjf-AhqUyc-c5RTEf JNdkSc SQVYQc\">\n<div class=\"JNdkSc-SmKAyb LkDMRd\">\n<div class=\"\">\n<div class=\"oKdM2c ZZyype Kzv0Me\">\n<div id=\"h.6c6cf213478b269d_254\" class=\"hJDwNd-AhqUyc-c5RTEf Ft7HRd-AhqUyc-c5RTEf purZT-AhqUyc-c5RTEf ZcASvf-AhqUyc-c5RTEf pSzOP-AhqUyc-c5RTEf Ktthjf-AhqUyc-c5RTEf jXK9ad D2fZ2 zu5uec OjCsFc dmUFtb wHaque g5GTcb\">\n<div class=\"jXK9ad-SmKAyb\">\n<div class=\"tyJCtd baZpAe\">\n<div class=\"t3iYD\"><img decoding=\"async\" class=\"CENy8b\" role=\"img\" src=\"https:\/\/lh5.googleusercontent.com\/cQTtVWYdBudf4m3O_6s-jJSr8pEZ7nyDN6_VTE5nXCK_LAzRyfFbzRz1l_NWlcBPH5pEGswtxYCQkYbMpmcwK2xwsuANotnGG9EgiUp0CYe94HIXlzSKKY7SykYdt9g8nqZpRPGCqmyi449ac8x27oDlM5NrPkLWyoXB_Wy43SHtvVGjTFwg3-IGzRy4UF86=w1280\" \/><\/div>\n<\/div>\n<\/div>\n<\/div>\n<\/div>\n<\/div>\n<\/div>\n<\/div>\n<\/div>\n<\/div>\n<\/section>\n<section id=\"h.6c6cf213478b269d_255\" class=\"yaqOZd\">\n<div class=\"IFuOkc\"><\/div>\n<div class=\"mYVXT\">\n<div class=\"LS81yb VICjCf j5pSsc db35Fc\" tabindex=\"-1\">\n<div class=\"hJDwNd-AhqUyc-OwsYgb Ft7HRd-AhqUyc-OwsYgb purZT-AhqUyc-II5mzb ZcASvf-AhqUyc-II5mzb pSzOP-AhqUyc-qWD73c Ktthjf-AhqUyc-qWD73c JNdkSc SQVYQc\">\n<div class=\"JNdkSc-SmKAyb LkDMRd\">\n<div class=\"\">\n<div class=\"oKdM2c ZZyype Kzv0Me\">\n<div id=\"h.6c6cf213478b269d_258\" class=\"hJDwNd-AhqUyc-OwsYgb Ft7HRd-AhqUyc-OwsYgb jXK9ad D2fZ2 zu5uec OjCsFc dmUFtb wHaque g5GTcb\">\n<div class=\"jXK9ad-SmKAyb\">\n<div class=\"tyJCtd baZpAe\">\n<div class=\"t3iYD\"><a href=\"https:\/\/drive.google.com\/file\/d\/1R36TzdrcqUiyd0Msnzp1FAe6b6UgbTLl\/preview\" target=\"_blank\" rel=\"noopener\"><img loading=\"lazy\" decoding=\"async\" class=\"CENy8b alignnone\" src=\"https:\/\/lh4.googleusercontent.com\/N1lKa77FqT4V_So6psTShBGJiHLzDfU3mMPRiQXMziknO0PeGWd1e8Mb6uaFn3IKErJYFx-Pbp7OGej--1ui0IqXOruvzn04YXse-83xf1GgSzVo8tobfQ-FvkvAliX267QHfmSpYbZPoH4e9FHy9vfn58xdBCir-T9nXbzNHz8bYgrJlY3gO16gAG2vsHFH=w1280\" alt=\"\" width=\"680\" height=\"26\" \/><\/a><\/div>\n<\/div>\n<\/div>\n<\/div>\n<\/div>\n<\/div>\n<\/div>\n<\/div>\n<\/div>\n<\/div>\n<\/section>\n<section id=\"h.6c6cf213478b269d_259\" class=\"yaqOZd\">\n<div class=\"IFuOkc\"><\/div>\n<div class=\"mYVXT\">\n<div class=\"LS81yb VICjCf j5pSsc db35Fc\" tabindex=\"-1\">\n<div class=\"hJDwNd-AhqUyc-OwsYgb Ft7HRd-AhqUyc-OwsYgb purZT-AhqUyc-II5mzb ZcASvf-AhqUyc-II5mzb pSzOP-AhqUyc-qWD73c Ktthjf-AhqUyc-qWD73c JNdkSc SQVYQc\">\n<div class=\"JNdkSc-SmKAyb LkDMRd\">\n<div class=\"\">\n<div class=\"oKdM2c ZZyype Kzv0Me\">\n<div id=\"h.6c6cf213478b269d_262\" class=\"hJDwNd-AhqUyc-OwsYgb Ft7HRd-AhqUyc-OwsYgb jXK9ad D2fZ2 zu5uec OjCsFc dmUFtb wHaque g5GTcb\">\n<div class=\"jXK9ad-SmKAyb\">\n<div class=\"tyJCtd baZpAe\">\n<div class=\"t3iYD\"><a href=\"https:\/\/drive.google.com\/file\/d\/1KnHuARLO-v6M2m4IjfDTwFigXTFCpD57\/preview\" target=\"_blank\" rel=\"noopener\"><img loading=\"lazy\" decoding=\"async\" class=\"CENy8b alignnone\" src=\"https:\/\/lh4.googleusercontent.com\/dCaK2FDifa5uBf3mVnu77_ZI88KOq-ans0UWD3LDiJAIW1Pn01P3wZGTaXMo_IH3PQcZozJk03bTf2bnD3gzVNMjmOCtM7k9TfJX_Wynp_gYJPJ97IxH5RZSvDU_NYb7sjwQ61ANPSfRn_QYAQhfgMmVae1zysKjjLV3q0EFRZ5K-imMtvJFtP5XJSqcMW6L=w1280\" alt=\"\" width=\"692\" height=\"43\" \/><\/a><\/div>\n<\/div>\n<\/div>\n<\/div>\n<\/div>\n<\/div>\n<\/div>\n<\/div>\n<\/div>\n<\/div>\n<\/section>\n<section id=\"h.6c6cf213478b269d_263\" class=\"yaqOZd\">\n<div class=\"IFuOkc\"><\/div>\n<div class=\"mYVXT\">\n<div class=\"LS81yb VICjCf j5pSsc db35Fc\" tabindex=\"-1\">\n<div class=\"hJDwNd-AhqUyc-OwsYgb Ft7HRd-AhqUyc-OwsYgb purZT-AhqUyc-II5mzb ZcASvf-AhqUyc-II5mzb pSzOP-AhqUyc-qWD73c Ktthjf-AhqUyc-qWD73c JNdkSc SQVYQc\">\n<div class=\"JNdkSc-SmKAyb LkDMRd\">\n<div class=\"\">\n<div class=\"oKdM2c ZZyype Kzv0Me\">\n<div id=\"h.6c6cf213478b269d_266\" class=\"hJDwNd-AhqUyc-OwsYgb Ft7HRd-AhqUyc-OwsYgb jXK9ad D2fZ2 zu5uec OjCsFc dmUFtb wHaque g5GTcb\">\n<div class=\"jXK9ad-SmKAyb\">\n<div class=\"tyJCtd baZpAe\">\n<div class=\"t3iYD\"><a href=\"https:\/\/drive.google.com\/file\/d\/1iMq9FSR86EQyysUTjmKhB5miB5U_vd-c\/preview\" target=\"_blank\" rel=\"noopener\"><img loading=\"lazy\" decoding=\"async\" class=\"CENy8b alignnone\" src=\"https:\/\/lh6.googleusercontent.com\/PuQicx_baK_VXQbfCs-gSj-FUvUGNPEqDLb8jE9pf0v1qHApkZj1ol1_u_HiHXyjVDekCZ7PxOj0OaJkEnL0RYDXqF-5sVGf-vMmtmNAI7os54NceMrvzIO6caakhOpFS953WY88EKd39bvtRpQcix6teKxLvwQ-Hd3TabXixNWmPJpL65Jt8psB0RWjHjUl=w1280\" alt=\"\" width=\"738\" height=\"142\" \/><\/a><\/div>\n<\/div>\n<\/div>\n<\/div>\n<\/div>\n<\/div>\n<\/div>\n<\/div>\n<div class=\"hJDwNd-AhqUyc-wNfPc Ft7HRd-AhqUyc-wNfPc JNdkSc SQVYQc L6cTce-purZT L6cTce-pSzOP\">\n<div class=\"JNdkSc-SmKAyb LkDMRd\">\n<div class=\"\"><\/div>\n<\/div>\n<\/div>\n<\/div>\n<\/div>\n<\/section>\n<section id=\"h.6c6cf213478b269d_267\" class=\"yaqOZd\">\n<div class=\"IFuOkc\"><\/div>\n<div class=\"mYVXT\">\n<div class=\"LS81yb VICjCf j5pSsc db35Fc\" tabindex=\"-1\">\n<div class=\"hJDwNd-AhqUyc-OwsYgb Ft7HRd-AhqUyc-OwsYgb purZT-AhqUyc-II5mzb ZcASvf-AhqUyc-II5mzb pSzOP-AhqUyc-qWD73c Ktthjf-AhqUyc-qWD73c JNdkSc SQVYQc\">\n<div class=\"JNdkSc-SmKAyb LkDMRd\">\n<div class=\"\">\n<div class=\"oKdM2c ZZyype Kzv0Me\">\n<div id=\"h.6c6cf213478b269d_270\" class=\"hJDwNd-AhqUyc-OwsYgb Ft7HRd-AhqUyc-OwsYgb jXK9ad D2fZ2 zu5uec OjCsFc dmUFtb wHaque g5GTcb\">\n<div class=\"jXK9ad-SmKAyb\">\n<div class=\"tyJCtd baZpAe\">\n<div class=\"t3iYD\"><a href=\"https:\/\/drive.google.com\/file\/d\/106-jxzKqxYCZa7RjMISQI0MKt1O9jIjy\/preview\" target=\"_blank\" rel=\"noopener\"><img loading=\"lazy\" decoding=\"async\" class=\"CENy8b alignnone\" src=\"https:\/\/lh3.googleusercontent.com\/phGLKGClBJEMgFtEilxIpH3FeX9lBPtVnB5OwWx2WKjX089OazY_7d21291T9FxgfPF7L02JmPAwFFSmkVQiBqe_ZGyz5pGZAimjgVRzhEGDzAdj_V5TeGsLNidOE5m0dwN_Dm31oj6W7bju2mqO8EFBQ9thGsK_SlkmOxBEHtrmqQjG2XPLEitCfkgzPqTn=w1280\" alt=\"\" width=\"736\" height=\"147\" \/><\/a><\/div>\n<\/div>\n<\/div>\n<\/div>\n<\/div>\n<\/div>\n<\/div>\n<\/div>\n<\/div>\n<\/div>\n<\/section>\n<section id=\"h.6c6cf213478b269d_271\" class=\"yaqOZd\">\n<div class=\"IFuOkc\"><\/div>\n<div class=\"mYVXT\">\n<div class=\"LS81yb VICjCf j5pSsc db35Fc\" tabindex=\"-1\">\n<div class=\"hJDwNd-AhqUyc-OwsYgb Ft7HRd-AhqUyc-OwsYgb purZT-AhqUyc-II5mzb ZcASvf-AhqUyc-II5mzb pSzOP-AhqUyc-qWD73c Ktthjf-AhqUyc-qWD73c JNdkSc SQVYQc\">\n<div class=\"JNdkSc-SmKAyb LkDMRd\">\n<div class=\"\">\n<div class=\"oKdM2c ZZyype Kzv0Me\">\n<div id=\"h.6c6cf213478b269d_274\" class=\"hJDwNd-AhqUyc-OwsYgb Ft7HRd-AhqUyc-OwsYgb jXK9ad D2fZ2 zu5uec OjCsFc dmUFtb wHaque g5GTcb\">\n<div class=\"jXK9ad-SmKAyb\">\n<div class=\"tyJCtd baZpAe\">\n<div><\/div>\n<div class=\"t3iYD\"><a href=\"https:\/\/drive.google.com\/file\/d\/1O-npBECf7Iqfhr19z5DCAOuAPYoCwFyN\/preview\" target=\"_blank\" rel=\"noopener\"><img loading=\"lazy\" decoding=\"async\" class=\"CENy8b alignnone\" src=\"https:\/\/lh4.googleusercontent.com\/G6D_XVw-e9a5lrckBsp8SnKPaqzR60fEee5PzL39u_6us14ukyI2uXV4Q2Ex5PBL9XAjlTin_H3eyrP7634CZCg-X1-a9FKZsHqa1qnt-rfISLDr-B38zMwbuQxNXPGOiG6_ekOCXWL0vdLLPQGQydfJWfGXxtTE3hISdHpTRphPek0ceAJXBuvvx7oYTVq-=w1280\" alt=\"\" width=\"716\" height=\"52\" \/><\/a><\/div>\n<\/div>\n<\/div>\n<\/div>\n<\/div>\n<\/div>\n<\/div>\n<\/div>\n<div class=\"hJDwNd-AhqUyc-wNfPc Ft7HRd-AhqUyc-wNfPc JNdkSc SQVYQc L6cTce-purZT L6cTce-pSzOP\">\n<div class=\"JNdkSc-SmKAyb LkDMRd\">\n<div class=\"\"><\/div>\n<\/div>\n<\/div>\n<\/div>\n<\/div>\n<\/section>\n<section id=\"h.6c6cf213478b269d_275\" class=\"yaqOZd\">\n<div class=\"mYVXT\">\n<div class=\"LS81yb VICjCf j5pSsc db35Fc\" tabindex=\"-1\">\n<div class=\"hJDwNd-AhqUyc-wNfPc Ft7HRd-AhqUyc-wNfPc purZT-AhqUyc-II5mzb ZcASvf-AhqUyc-II5mzb pSzOP-AhqUyc-wNfPc Ktthjf-AhqUyc-wNfPc JNdkSc SQVYQc\">\n<div class=\"JNdkSc-SmKAyb LkDMRd\">\n<div class=\"\">\n<div class=\"oKdM2c ZZyype Kzv0Me\">\n<div id=\"h.6c6cf213478b269d_278\" class=\"hJDwNd-AhqUyc-wNfPc Ft7HRd-AhqUyc-wNfPc pSzOP-AhqUyc-wNfPc Ktthjf-AhqUyc-wNfPc jXK9ad D2fZ2 zu5uec OjCsFc dmUFtb wHaque g5GTcb\">\n<div class=\"jXK9ad-SmKAyb\">\n<div class=\"tyJCtd baZpAe\">\n<div class=\"t3iYD\">\n<hr \/>\n<p><a href=\"https:\/\/drive.google.com\/file\/d\/16ELk5RzvVU-GUxWRIM9gVrTKe-Ub7l3j\/preview\" target=\"_blank\" rel=\"noopener\"><img loading=\"lazy\" decoding=\"async\" class=\"CENy8b aligncenter\" src=\"https:\/\/lh5.googleusercontent.com\/Dtyn4jxPb_pV2wQ3sQ_Tllo8cbN7By7ODUDXYUt8U58psSpupVyVDtTlFT5mHGOOVWDGDFWaaa2KMKE29a-iSYMtNutcwKSkd6s8tVKORW-NhfCpkRmpG9DijlAx473no3jepV-C5D4DCvdbyIrwP9MUuCkh7opaSdefl07r1IbxNXYAfYeH4HpYdDiwgzW4=w1280\" alt=\"\" width=\"438\" height=\"297\" \/><\/a><\/p>\n<\/div>\n<\/div>\n<\/div>\n<\/div>\n<\/div>\n<\/div>\n<\/div>\n<\/div>\n<div class=\"hJDwNd-AhqUyc-II5mzb Ft7HRd-AhqUyc-II5mzb JNdkSc SQVYQc L6cTce-purZT L6cTce-pSzOP\">\n<div class=\"JNdkSc-SmKAyb LkDMRd\">\n<div class=\"\"><\/div>\n<\/div>\n<\/div>\n<\/div>\n<\/div>\n<\/section>\n<section id=\"h.6c6cf213478b269d_279\" class=\"yaqOZd\">\n<div class=\"mYVXT\">\n<div class=\"LS81yb VICjCf j5pSsc db35Fc\" tabindex=\"-1\">\n<div class=\"hJDwNd-AhqUyc-c5RTEf Ft7HRd-AhqUyc-c5RTEf JNdkSc SQVYQc L6cTce-purZT L6cTce-pSzOP\">\n<div class=\"JNdkSc-SmKAyb LkDMRd\">\n<div class=\"\"><\/div>\n<\/div>\n<\/div>\n<div class=\"hJDwNd-AhqUyc-wNfPc Ft7HRd-AhqUyc-wNfPc purZT-AhqUyc-II5mzb ZcASvf-AhqUyc-II5mzb pSzOP-AhqUyc-wNfPc Ktthjf-AhqUyc-wNfPc JNdkSc SQVYQc\">\n<div class=\"JNdkSc-SmKAyb LkDMRd\">\n<div class=\"\">\n<div class=\"oKdM2c ZZyype Kzv0Me\">\n<div id=\"h.6c6cf213478b269d_282\" class=\"hJDwNd-AhqUyc-wNfPc Ft7HRd-AhqUyc-wNfPc pSzOP-AhqUyc-wNfPc Ktthjf-AhqUyc-wNfPc jXK9ad D2fZ2 zu5uec OjCsFc dmUFtb wHaque g5GTcb\">\n<div class=\"jXK9ad-SmKAyb\">\n<div class=\"tyJCtd baZpAe\">\n<div class=\"t3iYD\"><a href=\"https:\/\/drive.google.com\/file\/d\/1TrOuKQrTBjZw5bzjeZmIJAQ9T2FIeEkp\/preview\"><img loading=\"lazy\" decoding=\"async\" class=\"CENy8b aligncenter\" src=\"https:\/\/lh4.googleusercontent.com\/j-0CIUh8NiuujI2Z8vXtwcKkfOdAfu2bbH8M71N6a9fmHFoW4P13qIMYBbBlW-Xdl80YQp0OhcuDahoaCQsJToVyPfP2RkXExR9qba0OFHcuikKkTuk5NEIV6fxu3kIoCmYEyDy09mwhgHPtpGaSd99wwcyujp_-f8GlToaCEOHCJ15hZ6kZw35CTmTgbsOB=w1280\" alt=\"\" width=\"522\" height=\"386\" \/><\/a><\/div>\n<\/div>\n<\/div>\n<\/div>\n<\/div>\n<\/div>\n<\/div>\n<\/div>\n<div class=\"hJDwNd-AhqUyc-II5mzb Ft7HRd-AhqUyc-II5mzb JNdkSc SQVYQc L6cTce-purZT L6cTce-pSzOP\">\n<div class=\"JNdkSc-SmKAyb LkDMRd\">\n<div class=\"\"><\/div>\n<\/div>\n<\/div>\n<\/div>\n<\/div>\n<\/section>\n<section id=\"h.6c6cf213478b269d_283\" class=\"yaqOZd\">\n<div class=\"IFuOkc\"><\/div>\n<div class=\"mYVXT\">\n<div class=\"LS81yb VICjCf j5pSsc db35Fc\" tabindex=\"-1\">\n<div class=\"hJDwNd-AhqUyc-c5RTEf Ft7HRd-AhqUyc-c5RTEf JNdkSc SQVYQc L6cTce-purZT L6cTce-pSzOP\">\n<div class=\"JNdkSc-SmKAyb LkDMRd\">\n<div class=\"\"><\/div>\n<\/div>\n<\/div>\n<div class=\"hJDwNd-AhqUyc-wNfPc Ft7HRd-AhqUyc-wNfPc purZT-AhqUyc-II5mzb ZcASvf-AhqUyc-II5mzb pSzOP-AhqUyc-wNfPc Ktthjf-AhqUyc-wNfPc JNdkSc SQVYQc\">\n<div class=\"JNdkSc-SmKAyb LkDMRd\">\n<div class=\"\">\n<div class=\"oKdM2c ZZyype Kzv0Me\">\n<div id=\"h.6c6cf213478b269d_286\" class=\"hJDwNd-AhqUyc-wNfPc Ft7HRd-AhqUyc-wNfPc pSzOP-AhqUyc-wNfPc Ktthjf-AhqUyc-wNfPc jXK9ad D2fZ2 zu5uec OjCsFc dmUFtb wHaque g5GTcb\">\n<div class=\"jXK9ad-SmKAyb\">\n<div class=\"tyJCtd baZpAe\">\n<div class=\"t3iYD\"><a href=\"https:\/\/drive.google.com\/file\/d\/1B2Q-i-tVi2sJAVK6Dyy3M3uTE-tscZAP\/preview\" target=\"_blank\" rel=\"noopener\"><img loading=\"lazy\" decoding=\"async\" class=\"CENy8b aligncenter\" src=\"https:\/\/lh4.googleusercontent.com\/ACxU_s2XIeHocdEqpHVlqIlGoseteZjx9Q5XSS6voSwa0ZZd6vDa8ngBZBcIRRfN5jAsVn1SCOnmgHykr5-Jha3R_4RAYJRNilaCqKrIpsiHWGQ3fhd0tDQj4UBiiCJ5CAOqyE0bqLSW9W4ZE4DmDzxVVxSv7u0ENEmwWJ4YOHaFkaH_9nGwpjaOgwERGWaB=w1280\" alt=\"\" width=\"474\" height=\"141\" \/><\/a><\/div>\n<\/div>\n<\/div>\n<\/div>\n<\/div>\n<\/div>\n<\/div>\n<\/div>\n<div class=\"hJDwNd-AhqUyc-II5mzb Ft7HRd-AhqUyc-II5mzb JNdkSc SQVYQc L6cTce-purZT L6cTce-pSzOP\">\n<div class=\"JNdkSc-SmKAyb LkDMRd\">\n<div class=\"\"><\/div>\n<\/div>\n<\/div>\n<\/div>\n<\/div>\n<\/section>\n<section id=\"h.6c6cf213478b269d_287\" class=\"yaqOZd\">\n<div class=\"mYVXT\">\n<div class=\"LS81yb VICjCf j5pSsc db35Fc\" tabindex=\"-1\">\n<div class=\"hJDwNd-AhqUyc-II5mzb Ft7HRd-AhqUyc-II5mzb JNdkSc SQVYQc L6cTce-purZT L6cTce-pSzOP\">\n<div class=\"JNdkSc-SmKAyb LkDMRd\">\n<div class=\"\"><\/div>\n<\/div>\n<\/div>\n<div class=\"hJDwNd-AhqUyc-II5mzb Ft7HRd-AhqUyc-II5mzb purZT-AhqUyc-II5mzb ZcASvf-AhqUyc-II5mzb pSzOP-AhqUyc-II5mzb Ktthjf-AhqUyc-II5mzb JNdkSc SQVYQc\">\n<div class=\"JNdkSc-SmKAyb LkDMRd\">\n<div class=\"\">\n<div class=\"oKdM2c ZZyype Kzv0Me\">\n<div id=\"h.6c6cf213478b269d_290\" class=\"hJDwNd-AhqUyc-II5mzb Ft7HRd-AhqUyc-II5mzb pSzOP-AhqUyc-II5mzb Ktthjf-AhqUyc-II5mzb jXK9ad D2fZ2 zu5uec OjCsFc dmUFtb wHaque g5GTcb\">\n<div class=\"jXK9ad-SmKAyb\">\n<div class=\"tyJCtd baZpAe\">\n<div class=\"t3iYD\"><a href=\"https:\/\/drive.google.com\/file\/d\/12cpjiAg3jwr4erVIX7rQjif-df9BM_Ri\/preview\" target=\"_blank\" rel=\"noopener\"><img loading=\"lazy\" decoding=\"async\" class=\"CENy8b aligncenter\" src=\"https:\/\/lh5.googleusercontent.com\/uqxS5q7TOZbGbMLKWQ-kxdCjr_OCa6OQEL147bM6NZwXGf0vi7dh3VwubBCecG6x-H5AZXNE9crqBcd_HsT0xV2tymg-QTA9RciVdEOwBr0JXlDMyh18sjTHDrWXt5Ernzn64CubmjrPYxf3GzI5zc1fGsgF0esDNA93QZGvy3KWWVMteCAdBbKcpMaspyDb=w1280\" alt=\"\" width=\"393\" height=\"346\" \/><\/a><\/div>\n<\/div>\n<\/div>\n<\/div>\n<\/div>\n<\/div>\n<\/div>\n<\/div>\n<div class=\"hJDwNd-AhqUyc-II5mzb Ft7HRd-AhqUyc-II5mzb JNdkSc SQVYQc L6cTce-purZT L6cTce-pSzOP\">\n<div class=\"JNdkSc-SmKAyb LkDMRd\">\n<div class=\"\"><\/div>\n<\/div>\n<\/div>\n<\/div>\n<\/div>\n<\/section>\n<\/div>\n<div class=\"Xpil1b xgQ6eb\"><\/div>\n","protected":false},"excerpt":{"rendered":"<p>En aquest apartat hi trobareu orientacions per a professors i per a fam\u00edlies que poden ajudar en aquest temps de confinament. S\u00f3n pautes espec\u00edfiques per alumnes amb informe NESE: TEA, TDAH, Trastorns de lectoescriptura, Trastorns de l&#8217;Aprenentatge&#8230;<\/p>\n","protected":false},"author":4,"featured_media":0,"parent":19265,"menu_order":2,"comment_status":"closed","ping_status":"closed","template":"","meta":{"_bbp_topic_count":0,"_bbp_reply_count":0,"_bbp_total_topic_count":0,"_bbp_total_reply_count":0,"_bbp_voice_count":0,"_bbp_anonymous_reply_count":0,"_bbp_topic_count_hidden":0,"_bbp_reply_count_hidden":0,"_bbp_forum_subforum_count":0,"site-sidebar-layout":"default","site-content-layout":"","ast-site-content-layout":"","site-content-style":"default","site-sidebar-style":"default","ast-global-header-display":"","ast-banner-title-visibility":"","ast-main-header-display":"","ast-hfb-above-header-display":"","ast-hfb-below-header-display":"","ast-hfb-mobile-header-display":"","site-post-title":"","ast-breadcrumbs-content":"","ast-featured-img":"","footer-sml-layout":"","theme-transparent-header-meta":"","adv-header-id-meta":"","stick-header-meta":"","header-above-stick-meta":"","header-main-stick-meta":"","header-below-stick-meta":"","astra-migrate-meta-layouts":"default","ast-page-background-enabled":"default","ast-page-background-meta":{"desktop":{"background-color":"var(--ast-global-color-4)","background-image":"","background-repeat":"repeat","background-position":"center center","background-size":"auto","background-attachment":"scroll","background-type":"","background-media":"","overlay-type":"","overlay-color":"","overlay-opacity":"","overlay-gradient":""},"tablet":{"background-color":"","background-image":"","background-repeat":"repeat","background-position":"center center","background-size":"auto","background-attachment":"scroll","background-type":"","background-media":"","overlay-type":"","overlay-color":"","overlay-opacity":"","overlay-gradient":""},"mobile":{"background-color":"","background-image":"","background-repeat":"repeat","background-position":"center center","background-size":"auto","background-attachment":"scroll","background-type":"","background-media":"","overlay-type":"","overlay-color":"","overlay-opacity":"","overlay-gradient":""}},"ast-content-background-meta":{"desktop":{"background-color":"var(--ast-global-color-5)","background-image":"","background-repeat":"repeat","background-position":"center center","background-size":"auto","background-attachment":"scroll","background-type":"","background-media":"","overlay-type":"","overlay-color":"","overlay-opacity":"","overlay-gradient":""},"tablet":{"background-color":"var(--ast-global-color-5)","background-image":"","background-repeat":"repeat","background-position":"center center","background-size":"auto","background-attachment":"scroll","background-type":"","background-media":"","overlay-type":"","overlay-color":"","overlay-opacity":"","overlay-gradient":""},"mobile":{"background-color":"var(--ast-global-color-5)","background-image":"","background-repeat":"repeat","background-position":"center center","background-size":"auto","background-attachment":"scroll","background-type":"","background-media":"","overlay-type":"","overlay-color":"","overlay-opacity":"","overlay-gradient":""}},"footnotes":""},"class_list":["post-19287","page","type-page","status-publish","hentry"],"post_mailing_queue_ids":[],"_links":{"self":[{"href":"https:\/\/serveiseducatius.xtec.cat\/altemporda\/wp-json\/wp\/v2\/pages\/19287","targetHints":{"allow":["GET"]}}],"collection":[{"href":"https:\/\/serveiseducatius.xtec.cat\/altemporda\/wp-json\/wp\/v2\/pages"}],"about":[{"href":"https:\/\/serveiseducatius.xtec.cat\/altemporda\/wp-json\/wp\/v2\/types\/page"}],"author":[{"embeddable":true,"href":"https:\/\/serveiseducatius.xtec.cat\/altemporda\/wp-json\/wp\/v2\/users\/4"}],"replies":[{"embeddable":true,"href":"https:\/\/serveiseducatius.xtec.cat\/altemporda\/wp-json\/wp\/v2\/comments?post=19287"}],"version-history":[{"count":3,"href":"https:\/\/serveiseducatius.xtec.cat\/altemporda\/wp-json\/wp\/v2\/pages\/19287\/revisions"}],"predecessor-version":[{"id":19290,"href":"https:\/\/serveiseducatius.xtec.cat\/altemporda\/wp-json\/wp\/v2\/pages\/19287\/revisions\/19290"}],"up":[{"embeddable":true,"href":"https:\/\/serveiseducatius.xtec.cat\/altemporda\/wp-json\/wp\/v2\/pages\/19265"}],"wp:attachment":[{"href":"https:\/\/serveiseducatius.xtec.cat\/altemporda\/wp-json\/wp\/v2\/media?parent=19287"}],"curies":[{"name":"wp","href":"https:\/\/api.w.org\/{rel}","templated":true}]}}