{"id":19252,"date":"2023-01-30T12:00:48","date_gmt":"2023-01-30T11:00:48","guid":{"rendered":"https:\/\/serveiseducatius.xtec.cat\/altemporda\/?page_id=19252"},"modified":"2023-01-31T10:03:50","modified_gmt":"2023-01-31T09:03:50","slug":"la-tornada-a-lescola","status":"publish","type":"page","link":"https:\/\/serveiseducatius.xtec.cat\/altemporda\/diversitats\/la-tornada-a-lescola\/","title":{"rendered":"La tornada a l&#8217;escola"},"content":{"rendered":"<section id=\"h.6c6cf213478b269d_378\" class=\"yaqOZd\">\n<div class=\"mYVXT\">\n<div class=\"LS81yb VICjCf j5pSsc db35Fc\" tabindex=\"-1\">\n<div class=\"hJDwNd-AhqUyc-uQSCkd Ft7HRd-AhqUyc-uQSCkd purZT-AhqUyc-II5mzb ZcASvf-AhqUyc-II5mzb pSzOP-AhqUyc-qWD73c Ktthjf-AhqUyc-qWD73c JNdkSc SQVYQc\">\n<div class=\"JNdkSc-SmKAyb LkDMRd\">\n<div class=\"\">\n<div class=\"oKdM2c ZZyype Kzv0Me\">\n<div id=\"h.6c6cf213478b269d_381\" class=\"hJDwNd-AhqUyc-uQSCkd Ft7HRd-AhqUyc-uQSCkd jXK9ad D2fZ2 zu5uec OjCsFc dmUFtb wHaque g5GTcb JYTMs\">\n<div class=\"jXK9ad-SmKAyb\">\n<div class=\"tyJCtd mGzaTb Depvyb baZpAe\">\n<p class=\"CDt4Ke zfr3Q\" dir=\"ltr\">Compartim diferents materials, recursos i enlla\u00e7os que valorem us poden ajudar en el retorn a les aules.<\/p>\n<\/div>\n<table style=\"border-collapse: collapse; width: 100%;\">\n<tbody>\n<tr>\n<td style=\"width: 20%; border-style: hidden;\">\n<p><figure style=\"width: 210px\" class=\"wp-caption aligncenter\"><a href=\"https:\/\/drive.google.com\/file\/d\/1UafbEMhc_hlhP55NwkeafccXsoWMY67k\/preview\" target=\"_blank\" rel=\"noopener\"><img loading=\"lazy\" decoding=\"async\" class=\"CENy8b\" src=\"https:\/\/lh3.googleusercontent.com\/vnjKgBcDpS5AYwOOTX4DC6Aza6Tt9LdjoTgYrugIxzbqKi7Co4cDvMkrykaFAnzujgb7kzHmmFWdPWb0Nx3F7DawI95gIvxvHp4psAVSSgVoPzcTnvS5Z5_XXIh6pLzgSTCAsy8HpVaEgH-PeNfYVRE8KsCd5rSFTXqE7scOKoh2nKWpaw-P_6xXlJCAIBW9=w1280\" alt=\"\" width=\"210\" height=\"132\" \/><\/a><figcaption class=\"wp-caption-text\"><em>Els companys dels CRETDIC ens han compartit aquest material.<\/em><\/figcaption><\/figure><\/td>\n<td style=\"width: 20%; border-style: hidden;\">\n<p><figure style=\"width: 184px\" class=\"wp-caption aligncenter\"><a href=\"https:\/\/drive.google.com\/file\/d\/1P0f5eJTzIptyrh3SHI6tA5Axw_zk-q9m\/preview\" target=\"_blank\" rel=\"noopener\"><img loading=\"lazy\" decoding=\"async\" class=\"CENy8b\" src=\"https:\/\/lh5.googleusercontent.com\/K6LsZSmD419Hl6CHe0EEXhBwHqdIwURhoHD2UUuGoFkXzRG58Z1lLUWYNpb9imy2pCzPBdCXsoGXXFnXatG2154e4OLhaMU88aTrZSNAi99lObamV0GDpB7wCyrP_NG5UeZeL5jEeMXIz1v2nTu_iLBE41ociOyyxYNUmmhbs0VaO06ATpl8_qCduVtIGgEG=w1280\" alt=\"\" width=\"184\" height=\"138\" \/><\/a><figcaption class=\"wp-caption-text\"><em>Des de l\u2019EAP de l\u2019Alt Empord\u00e0 s\u2019ha elaborat aquesta presentaci\u00f3: Indicacions per a la tornada a les aules.<\/em><\/figcaption><\/figure><\/td>\n<td style=\"width: 20%; border-style: hidden;\">\n<p><figure style=\"width: 200px\" class=\"wp-caption aligncenter\"><a href=\"https:\/\/drive.google.com\/file\/d\/1ZIXX0-PU565v23V_-R-JQA6azmlyHyuB\/preview\" target=\"_blank\" rel=\"noopener\"><img loading=\"lazy\" decoding=\"async\" class=\"CENy8b\" src=\"https:\/\/lh6.googleusercontent.com\/fcMiYe5h-7oRVHAwRixgSHSGxcE4HRJXeaEKn-B101C9HAmF1PQxfSL09t_dGFMBZCC_RfX2HQttk8ROJpd3QXnVaEjNx_g5UCr1Kk-Bib--2Bp43kqk8PvsqhyyV-TOiU3Kgn8Hw_B5aGJt360XnNg0skPBdeBy16yT8Gan8Y6kMWI7aAyDJ3KeViai21SK=w1280\" alt=\"\" width=\"200\" height=\"134\" \/><\/a><figcaption class=\"wp-caption-text\"><em>Recomanem el Projecte Escolta&#8217;m (Tutoria petita) per fer un treball intens de tutoria, relacions amb els companys.<\/em><\/figcaption><\/figure><\/td>\n<td style=\"width: 20%; border-style: hidden;\"><a href=\"https:\/\/drive.google.com\/file\/d\/1MsVnOwzilH4dJ6srii1-SPXJS6Qp10df\/preview\" target=\"_blank\" rel=\"noopener\"><img loading=\"lazy\" decoding=\"async\" class=\"CENy8b aligncenter\" title=\"https:\/\/drive.google.com\/file\/d\/1MsVnOwzilH4dJ6srii1-SPXJS6Qp10df\/preview\" src=\"https:\/\/lh4.googleusercontent.com\/rZVKJR9tT8fUo_DkFacusF8HunCq1j08AtSmnpIMRavy8Icvvdftp726kG-JDaYkteclbTBlqfMdVXtsCLgCHT0Mx_AwruYOOwwIq-HOojpRenKUEHDlGkTlgI5wB00A8gpssPYxhSLV_zv0DMJdE1ZhnfgCPg_wnekxW3dKgQKSl6A6VylgWxziABMVIsGs=w1280\" alt=\"\" width=\"172\" height=\"130\" \/><\/a><\/td>\n<td style=\"width: 20%; border-style: hidden;\">\n<p><figure style=\"width: 228px\" class=\"wp-caption aligncenter\"><a href=\"https:\/\/drive.google.com\/file\/d\/12hgEIUib7AyMtbl6yzIUrPtaKH_u1jU8\/preview\" target=\"_blank\" rel=\"noopener\"><img loading=\"lazy\" decoding=\"async\" class=\"CENy8b\" src=\"https:\/\/lh6.googleusercontent.com\/2IIs3COV1F792FWo2vGPpp2FFF99e7eeRL63S4guKdGzkp_mW3UZ4glCpRo1EQb4rjtxGFU9signclTQLAhRltlh1nRKMD324BupHAGla0WdUjWD6P-872NsQjJ6eczXecNmzSGzaCbwbVZoC-COxO-XoMBY41D_rATebLBu0Zd6tvmt0Ku3IRYH52-L4rG-=w1280\" alt=\"\" width=\"228\" height=\"130\" \/><\/a><figcaption class=\"wp-caption-text\"><em>Material elaborat pels professionals del CRETDIC<\/em><\/figcaption><\/figure><\/td>\n<\/tr>\n<\/tbody>\n<\/table>\n<\/div>\n<\/div>\n<\/div>\n<\/div>\n<\/div>\n<\/div>\n<\/div>\n<\/div>\n<\/section>\n<hr \/>\n<section id=\"h.6c6cf213478b269d_413\" class=\"yaqOZd\">\n<div class=\"mYVXT\">\n<div class=\"LS81yb VICjCf j5pSsc db35Fc\" tabindex=\"-1\">\n<div class=\"hJDwNd-AhqUyc-uQSCkd Ft7HRd-AhqUyc-uQSCkd purZT-AhqUyc-II5mzb ZcASvf-AhqUyc-II5mzb pSzOP-AhqUyc-qWD73c Ktthjf-AhqUyc-qWD73c JNdkSc SQVYQc\">\n<div class=\"JNdkSc-SmKAyb LkDMRd\">\n<div class=\"\">\n<div class=\"oKdM2c ZZyype Kzv0Me\">\n<div id=\"h.6c6cf213478b269d_416\" class=\"hJDwNd-AhqUyc-uQSCkd Ft7HRd-AhqUyc-uQSCkd jXK9ad D2fZ2 zu5uec OjCsFc dmUFtb wHaque g5GTcb JYTMs\">\n<div class=\"jXK9ad-SmKAyb\">\n<div class=\"tyJCtd mGzaTb Depvyb baZpAe\">\n<ul>\n<li class=\"CDt4Ke zfr3Q\" dir=\"ltr\"><span class=\" aw5Odc\"><a class=\"XqQF9c\" href=\"https:\/\/educacio.gencat.cat\/ca\/arees-actuacio\/families\/ajudem-fills\/pandemia\/\" target=\"_blank\" rel=\"noopener\"><strong>Acompanyament durant la pand\u00e8mia i la tornada a l&#8217;escola (XTEC)<\/strong><\/a><\/span><\/li>\n<li class=\"CDt4Ke zfr3Q\" dir=\"ltr\"><span class=\" aw5Odc\"><a class=\"XqQF9c\" href=\"https:\/\/educacio.gencat.cat\/ca\/arees-actuacio\/families\/ajudem-fills\/pandemia\/recursos\/\" target=\"_blank\" rel=\"noopener\"><strong> Recursos (XTEC)<\/strong><\/a><\/span><\/li>\n<li class=\"CDt4Ke zfr3Q\" dir=\"ltr\"><span class=\" aw5Odc\"><a class=\"XqQF9c\" href=\"https:\/\/sites.google.com\/xtec.cat\/diversitat-s-eap-alt-emporda1\/covid19\/05-dol-covid19?authuser=2\" target=\"_blank\" rel=\"noopener\"><strong> Dol -COVID-19<\/strong><\/a><\/span><\/li>\n<li class=\"CDt4Ke zfr3Q\" dir=\"ltr\"><span class=\" aw5Odc\"><a class=\"XqQF9c\" href=\"https:\/\/sites.google.com\/xtec.cat\/diversitat-s-eap-alt-emporda1\/covid19\/08-treball-emocions?authuser=2\" target=\"_blank\" rel=\"noopener\"><strong> Gesti\u00f3 emocional en temps de crisi<\/strong><\/a><\/span><strong>.<\/strong><\/li>\n<\/ul>\n<\/div>\n<\/div>\n<\/div>\n<\/div>\n<\/div>\n<\/div>\n<\/div>\n<\/div>\n<\/div>\n<\/section>\n","protected":false},"excerpt":{"rendered":"<p>Compartim diferents materials, recursos i enlla\u00e7os que valorem us poden ajudar en el retorn a les aules. Acompanyament durant la pand\u00e8mia i la tornada a l&#8217;escola (XTEC) Recursos (XTEC) Dol -COVID-19 Gesti\u00f3 emocional en temps de crisi.<\/p>\n","protected":false},"author":4,"featured_media":0,"parent":19078,"menu_order":10,"comment_status":"closed","ping_status":"closed","template":"","meta":{"_bbp_topic_count":0,"_bbp_reply_count":0,"_bbp_total_topic_count":0,"_bbp_total_reply_count":0,"_bbp_voice_count":0,"_bbp_anonymous_reply_count":0,"_bbp_topic_count_hidden":0,"_bbp_reply_count_hidden":0,"_bbp_forum_subforum_count":0,"site-sidebar-layout":"default","site-content-layout":"","ast-site-content-layout":"","site-content-style":"default","site-sidebar-style":"default","ast-global-header-display":"","ast-banner-title-visibility":"","ast-main-header-display":"","ast-hfb-above-header-display":"","ast-hfb-below-header-display":"","ast-hfb-mobile-header-display":"","site-post-title":"","ast-breadcrumbs-content":"","ast-featured-img":"","footer-sml-layout":"","theme-transparent-header-meta":"","adv-header-id-meta":"","stick-header-meta":"","header-above-stick-meta":"","header-main-stick-meta":"","header-below-stick-meta":"","astra-migrate-meta-layouts":"default","ast-page-background-enabled":"default","ast-page-background-meta":{"desktop":{"background-color":"var(--ast-global-color-4)","background-image":"","background-repeat":"repeat","background-position":"center center","background-size":"auto","background-attachment":"scroll","background-type":"","background-media":"","overlay-type":"","overlay-color":"","overlay-opacity":"","overlay-gradient":""},"tablet":{"background-color":"","background-image":"","background-repeat":"repeat","background-position":"center center","background-size":"auto","background-attachment":"scroll","background-type":"","background-media":"","overlay-type":"","overlay-color":"","overlay-opacity":"","overlay-gradient":""},"mobile":{"background-color":"","background-image":"","background-repeat":"repeat","background-position":"center center","background-size":"auto","background-attachment":"scroll","background-type":"","background-media":"","overlay-type":"","overlay-color":"","overlay-opacity":"","overlay-gradient":""}},"ast-content-background-meta":{"desktop":{"background-color":"var(--ast-global-color-5)","background-image":"","background-repeat":"repeat","background-position":"center center","background-size":"auto","background-attachment":"scroll","background-type":"","background-media":"","overlay-type":"","overlay-color":"","overlay-opacity":"","overlay-gradient":""},"tablet":{"background-color":"var(--ast-global-color-5)","background-image":"","background-repeat":"repeat","background-position":"center center","background-size":"auto","background-attachment":"scroll","background-type":"","background-media":"","overlay-type":"","overlay-color":"","overlay-opacity":"","overlay-gradient":""},"mobile":{"background-color":"var(--ast-global-color-5)","background-image":"","background-repeat":"repeat","background-position":"center center","background-size":"auto","background-attachment":"scroll","background-type":"","background-media":"","overlay-type":"","overlay-color":"","overlay-opacity":"","overlay-gradient":""}},"footnotes":""},"class_list":["post-19252","page","type-page","status-publish","hentry"],"post_mailing_queue_ids":[],"_links":{"self":[{"href":"https:\/\/serveiseducatius.xtec.cat\/altemporda\/wp-json\/wp\/v2\/pages\/19252","targetHints":{"allow":["GET"]}}],"collection":[{"href":"https:\/\/serveiseducatius.xtec.cat\/altemporda\/wp-json\/wp\/v2\/pages"}],"about":[{"href":"https:\/\/serveiseducatius.xtec.cat\/altemporda\/wp-json\/wp\/v2\/types\/page"}],"author":[{"embeddable":true,"href":"https:\/\/serveiseducatius.xtec.cat\/altemporda\/wp-json\/wp\/v2\/users\/4"}],"replies":[{"embeddable":true,"href":"https:\/\/serveiseducatius.xtec.cat\/altemporda\/wp-json\/wp\/v2\/comments?post=19252"}],"version-history":[{"count":3,"href":"https:\/\/serveiseducatius.xtec.cat\/altemporda\/wp-json\/wp\/v2\/pages\/19252\/revisions"}],"predecessor-version":[{"id":19264,"href":"https:\/\/serveiseducatius.xtec.cat\/altemporda\/wp-json\/wp\/v2\/pages\/19252\/revisions\/19264"}],"up":[{"embeddable":true,"href":"https:\/\/serveiseducatius.xtec.cat\/altemporda\/wp-json\/wp\/v2\/pages\/19078"}],"wp:attachment":[{"href":"https:\/\/serveiseducatius.xtec.cat\/altemporda\/wp-json\/wp\/v2\/media?parent=19252"}],"curies":[{"name":"wp","href":"https:\/\/api.w.org\/{rel}","templated":true}]}}