{"id":19217,"date":"2023-01-30T10:21:45","date_gmt":"2023-01-30T09:21:45","guid":{"rendered":"https:\/\/serveiseducatius.xtec.cat\/altemporda\/?page_id=19217"},"modified":"2023-01-30T10:25:50","modified_gmt":"2023-01-30T09:25:50","slug":"les-nostres-funcions","status":"publish","type":"page","link":"https:\/\/serveiseducatius.xtec.cat\/altemporda\/diversitats\/ambit-motriu\/les-nostres-funcions\/","title":{"rendered":"Les nostres funcions"},"content":{"rendered":"<h4><span style=\"font-size: 12pt;\"><b><span lang=\"CA\">FISIOTERAPEUTES:<\/span><\/b><\/span><\/h4>\n<p><span style=\"font-size: 12pt;\"><span lang=\"CA\">Realitzar, tenint en compte el diagn\u00f2stic m\u00e8dic, la valoraci\u00f3 motriu de l\u2019alumnat amb necessitats en aquest sentit. Estableix el grau d\u2019afectaci\u00f3 i elabora programes per a una millor adaptaci\u00f3 de l\u2019alumnat dins el context escolar.<\/span><\/span><\/p>\n<p><span lang=\"CA\" style=\"font-size: 12pt;\">Informar i assessorar les fam\u00edlies dels alumnes afectats sobre les necessitats i evoluci\u00f3 dels seus fills\/es<\/span><\/p>\n<p><span style=\"font-size: 12pt;\"><span lang=\"CA\">Coordinar-se amb altres professionals, especialistes o altres serveis.<\/span><\/span><\/p>\n<h4><span style=\"font-size: 12pt;\"><b><span lang=\"CA\">HORARI DEL SERVEI<\/span><\/b><span lang=\"CA\">:<\/span><\/span><\/h4>\n<p><span style=\"font-size: 12pt;\"><b><span lang=\"CA\">Atenci\u00f3 directa als centres educatius<\/span><\/b><span lang=\"CA\">:\u00a0<\/span>de 9.00 h a 14.00 h de dilluns a divendres<\/span><br \/>\n<span style=\"font-size: 12pt;\"><b><span lang=\"CA\">Atenci\u00f3 al p\u00fablic al Servei Educatiu<\/span><\/b><span lang=\"CA\">:\u00a0<\/span>dimarts i dimecres de 15.00 h a 18.00 h.<\/span><br \/>\n<span lang=\"CA\" style=\"font-size: 12pt;\"><strong>Tel\u00e8fon:<\/strong> 972511814<\/span><br \/>\n<span style=\"font-size: 12pt;\"><b><span lang=\"CA\"><span style=\"font-family: Arial, sans-serif;\">Correu\u00a0electr\u00f2nic\u00a0EAP<\/span><\/span><\/b><b><span lang=\"CA\">: <a href=\"mailto:eap-altemporda@xtec.cat\" target=\"_blank\" rel=\"noopener\">eap-altemporda@xtec.cat<\/a><\/span><\/b><\/span><\/p>\n<h4><span style=\"font-size: 12pt;\"><b><span lang=\"CA\">QUI SOM:<\/span><\/b><\/span><\/h4>\n<p><span style=\"font-size: 12pt;\">Anna Garcia Oriol: <a href=\"mailto:agarc346@xtec.cat\" target=\"_blank\" rel=\"noopener\">agarc346@xtec.cat<\/a><\/span><br \/>\n<span style=\"font-size: 12pt;\">Anna Cat: <a href=\"mailto:acat@xtec.cat\" target=\"_blank\" rel=\"noopener\">acat@xtec.cat<\/a><\/span><br \/>\n<span style=\"font-size: 12pt;\">Carme Pujol: <a href=\"mailto:cpujol23@xtec.cat\" target=\"_blank\" rel=\"noopener\">cpujol23@xtec.cat<\/a><\/span><\/p>\n","protected":false},"excerpt":{"rendered":"<p>FISIOTERAPEUTES: Realitzar, tenint en compte el diagn\u00f2stic m\u00e8dic, la valoraci\u00f3 motriu de l\u2019alumnat amb necessitats en aquest sentit. Estableix el grau d\u2019afectaci\u00f3 i elabora programes per a una millor adaptaci\u00f3 de l\u2019alumnat dins el context escolar. Informar i assessorar les fam\u00edlies dels alumnes afectats sobre les necessitats i evoluci\u00f3 dels seus fills\/es Coordinar-se amb altres [&hellip;]<\/p>\n","protected":false},"author":4,"featured_media":0,"parent":19209,"menu_order":0,"comment_status":"closed","ping_status":"closed","template":"","meta":{"_bbp_topic_count":0,"_bbp_reply_count":0,"_bbp_total_topic_count":0,"_bbp_total_reply_count":0,"_bbp_voice_count":0,"_bbp_anonymous_reply_count":0,"_bbp_topic_count_hidden":0,"_bbp_reply_count_hidden":0,"_bbp_forum_subforum_count":0,"site-sidebar-layout":"default","site-content-layout":"","ast-site-content-layout":"","site-content-style":"default","site-sidebar-style":"default","ast-global-header-display":"","ast-banner-title-visibility":"","ast-main-header-display":"","ast-hfb-above-header-display":"","ast-hfb-below-header-display":"","ast-hfb-mobile-header-display":"","site-post-title":"","ast-breadcrumbs-content":"","ast-featured-img":"","footer-sml-layout":"","theme-transparent-header-meta":"","adv-header-id-meta":"","stick-header-meta":"","header-above-stick-meta":"","header-main-stick-meta":"","header-below-stick-meta":"","astra-migrate-meta-layouts":"default","ast-page-background-enabled":"default","ast-page-background-meta":{"desktop":{"background-color":"var(--ast-global-color-4)","background-image":"","background-repeat":"repeat","background-position":"center center","background-size":"auto","background-attachment":"scroll","background-type":"","background-media":"","overlay-type":"","overlay-color":"","overlay-opacity":"","overlay-gradient":""},"tablet":{"background-color":"","background-image":"","background-repeat":"repeat","background-position":"center center","background-size":"auto","background-attachment":"scroll","background-type":"","background-media":"","overlay-type":"","overlay-color":"","overlay-opacity":"","overlay-gradient":""},"mobile":{"background-color":"","background-image":"","background-repeat":"repeat","background-position":"center center","background-size":"auto","background-attachment":"scroll","background-type":"","background-media":"","overlay-type":"","overlay-color":"","overlay-opacity":"","overlay-gradient":""}},"ast-content-background-meta":{"desktop":{"background-color":"var(--ast-global-color-5)","background-image":"","background-repeat":"repeat","background-position":"center center","background-size":"auto","background-attachment":"scroll","background-type":"","background-media":"","overlay-type":"","overlay-color":"","overlay-opacity":"","overlay-gradient":""},"tablet":{"background-color":"var(--ast-global-color-5)","background-image":"","background-repeat":"repeat","background-position":"center center","background-size":"auto","background-attachment":"scroll","background-type":"","background-media":"","overlay-type":"","overlay-color":"","overlay-opacity":"","overlay-gradient":""},"mobile":{"background-color":"var(--ast-global-color-5)","background-image":"","background-repeat":"repeat","background-position":"center center","background-size":"auto","background-attachment":"scroll","background-type":"","background-media":"","overlay-type":"","overlay-color":"","overlay-opacity":"","overlay-gradient":""}},"footnotes":""},"class_list":["post-19217","page","type-page","status-publish","hentry"],"post_mailing_queue_ids":[],"_links":{"self":[{"href":"https:\/\/serveiseducatius.xtec.cat\/altemporda\/wp-json\/wp\/v2\/pages\/19217","targetHints":{"allow":["GET"]}}],"collection":[{"href":"https:\/\/serveiseducatius.xtec.cat\/altemporda\/wp-json\/wp\/v2\/pages"}],"about":[{"href":"https:\/\/serveiseducatius.xtec.cat\/altemporda\/wp-json\/wp\/v2\/types\/page"}],"author":[{"embeddable":true,"href":"https:\/\/serveiseducatius.xtec.cat\/altemporda\/wp-json\/wp\/v2\/users\/4"}],"replies":[{"embeddable":true,"href":"https:\/\/serveiseducatius.xtec.cat\/altemporda\/wp-json\/wp\/v2\/comments?post=19217"}],"version-history":[{"count":3,"href":"https:\/\/serveiseducatius.xtec.cat\/altemporda\/wp-json\/wp\/v2\/pages\/19217\/revisions"}],"predecessor-version":[{"id":19222,"href":"https:\/\/serveiseducatius.xtec.cat\/altemporda\/wp-json\/wp\/v2\/pages\/19217\/revisions\/19222"}],"up":[{"embeddable":true,"href":"https:\/\/serveiseducatius.xtec.cat\/altemporda\/wp-json\/wp\/v2\/pages\/19209"}],"wp:attachment":[{"href":"https:\/\/serveiseducatius.xtec.cat\/altemporda\/wp-json\/wp\/v2\/media?parent=19217"}],"curies":[{"name":"wp","href":"https:\/\/api.w.org\/{rel}","templated":true}]}}