{"id":19205,"date":"2023-01-30T10:04:27","date_gmt":"2023-01-30T09:04:27","guid":{"rendered":"https:\/\/serveiseducatius.xtec.cat\/altemporda\/?page_id=19205"},"modified":"2025-05-07T08:46:23","modified_gmt":"2025-05-07T06:46:23","slug":"ambit-psicopedagogic","status":"publish","type":"page","link":"https:\/\/serveiseducatius.xtec.cat\/altemporda\/diversitats\/ambit-psicopedagogic\/","title":{"rendered":"\u00c0mbit psicopedagogic"},"content":{"rendered":"<div class=\"fila;\" style=\"display: flex; align-items: center; justify-content: center;\">\n<div class=\"columna\" style=\"width: 40%; text-align: center;\"><a class=\"boto_taula\" style=\"color: #000000; height: 110px; display: flex; align-items: center; justify-content: center;\" href=\"https:\/\/serveiseducatius.xtec.cat\/altemporda\/diversitats\/ambit-psicopedagogic\/\" target=\"_blank\" rel=\"noopener noreferrer\"><span style=\"font-size: 2em; font-family: opendyslexic;\"><strong>\u00c0mbit psicopedag\u00f2gic<\/strong><\/span><\/a><\/div>\n<div class=\"columna\" style=\"width: 20%; text-align: center;\"><a class=\"boto_taula\" style=\"color: #000000; height: 55px; display: flex; align-items: center; justify-content: center;\" href=\"https:\/\/serveiseducatius.xtec.cat\/altemporda\/diversitats\/ambit-social\/\" target=\"_blank\" rel=\"noopener noreferrer\"><span style=\"font-size: 1em; font-family: opendyslexic;\"><strong>\u00c0mbit social<\/strong><\/span><\/a><\/div>\n<div class=\"columna\" style=\"width: 20%; text-align: center;\"><a class=\"boto_taula\" style=\"color: #000000; height: 55px; display: flex; align-items: center; justify-content: center;\" href=\"https:\/\/serveiseducatius.xtec.cat\/altemporda\/diversitats\/ambit-motriu\/\" target=\"_blank\" rel=\"noopener noreferrer\"><span style=\"font-size: 1; font-family: opendyslexic;\"><strong>\u00c0mbit motriu<\/strong><\/span><\/a><\/div>\n<\/div>\n<hr \/>\n<p class=\"CDt4Ke zfr3Q\" dir=\"ltr\">Els\u00a0<strong>EAP<\/strong>\u00a0s\u00f3n equips d\u2019assessorament i orientaci\u00f3 psicopedag\u00f2gic que donen suport al professorat i als centres educatius en la resposta a la diversitat de l\u2019alumnat i en relaci\u00f3 amb els alumnes que presenten necessitats educatives especials, aix\u00ed com a les seves fam\u00edlies.<\/p>\n<p style=\"font-size: 1.15em; font-family: opendyslexic;\">Els professionals de l\u2019EAP s\u00f3n:<\/p>\n<ul>\n<li class=\"CDt4Ke zfr3Q\" dir=\"ltr\">Docents d\u2019ensenyament secundari amb l\u2019especialitat de psicologia i pedagogia<\/li>\n<li class=\"CDt4Ke zfr3Q\" dir=\"ltr\">Treballadors\/es socials<\/li>\n<li class=\"CDt4Ke zfr3Q\" dir=\"ltr\">Fisioterapeutes<\/li>\n<\/ul>\n<p class=\"CDt4Ke zfr3Q\" dir=\"ltr\"><strong>FUNCIONS PSICOPEDAGOGS.<\/strong><\/p>\n<ul>\n<li class=\"CDt4Ke zfr3Q\" dir=\"ltr\">Identificar i avaluar les necessitats educatives especials de l\u2019alumnat i fer la proposta d\u2019escolaritzaci\u00f3, en col\u00b7laboraci\u00f3 amb els serveis educatius espec\u00edfics quan s\u2019escaigui.<\/li>\n<li class=\"CDt4Ke zfr3Q\" dir=\"ltr\">Assessorar el professorat i les fam\u00edlies en la resposta educativa a l\u2019alumnat amb necessitats educatives especials, en col\u00b7laboraci\u00f3 amb els docents especialitzats i els serveis educatius espec\u00edfics.<\/li>\n<li class=\"CDt4Ke zfr3Q\" dir=\"ltr\">Assessorar els equips docents, l\u2019alumnat i les fam\u00edlies sobre aspectes d\u2019orientaci\u00f3 personal, educativa i professional.<\/li>\n<li class=\"CDt4Ke zfr3Q\" dir=\"ltr\">Donar suport als centres educatius en la millora de l\u2019atenci\u00f3 a la diversitat i la inclusi\u00f3.<\/li>\n<li class=\"CDt4Ke zfr3Q\" dir=\"ltr\">Col\u00b7laborar conjuntament amb els altres equips del servei educatiu de zona i els espec\u00edfics per tal de promoure activitats d\u2019intercanvi i de formaci\u00f3 del professorat.<\/li>\n<li class=\"CDt4Ke zfr3Q\" dir=\"ltr\">Col\u00b7laborar amb els serveis socials i sanitaris de l\u2019\u00e0mbit territorial d\u2019actuaci\u00f3, per tal d\u2019oferir una atenci\u00f3 coordinada als alumnes i fam\u00edlies que ho necessitin.<\/li>\n<\/ul>\n<p class=\"CDt4Ke zfr3Q\" dir=\"ltr\"><strong>HORARI DEL SERVEI<\/strong>:<\/p>\n<p class=\"CDt4Ke zfr3Q\" dir=\"ltr\"><strong>Atenci\u00f3 directa als centres educatius<\/strong>: de 9 a 14 h de dilluns a divendres.<\/p>\n<p class=\"CDt4Ke zfr3Q\" dir=\"ltr\"><strong>Atenci\u00f3 al p\u00fablic al Servei Educatiu<\/strong>: dimarts i dimecres de 15 a 18 h.<\/p>\n<p class=\"CDt4Ke zfr3Q\" dir=\"ltr\">Tel\u00e8fon, 972511814<\/p>\n<p class=\"CDt4Ke zfr3Q\" dir=\"ltr\"><strong>Correu electr\u00f2nic EAP: eap-altemporda@xtec.cat<\/strong><\/p>\n<p class=\"CDt4Ke zfr3Q\" dir=\"ltr\"><strong>QUI SOM:<\/strong><\/p>\n<ul>\n<li class=\"CDt4Ke zfr3Q\" dir=\"ltr\">Merc\u00e8 Brugat Ballestin: mbrugat@xtec.cat<\/li>\n<li class=\"CDt4Ke zfr3Q\" dir=\"ltr\">Dolors Duran Llaona: dduran22@xtec.cat<\/li>\n<li class=\"CDt4Ke zfr3Q\" dir=\"ltr\">Cristina Fajardo Tibau: cfajard2@xtec.cat<\/li>\n<li class=\"CDt4Ke zfr3Q\" dir=\"ltr\">Irene Galceran: igalcera@xtec.cat<\/li>\n<li class=\"CDt4Ke zfr3Q\" dir=\"ltr\">M. \u00c0ngels Gifra Borrell: mgifra@xtec.cat<\/li>\n<li class=\"CDt4Ke zfr3Q\" dir=\"ltr\">Dolors Graboleda Coll: mgrabol2@xtec.cat<\/li>\n<li class=\"CDt4Ke zfr3Q\" dir=\"ltr\">Felipa Ojeda Morales: fojeda@xtec.cat<\/li>\n<li class=\"CDt4Ke zfr3Q\" dir=\"ltr\">Anna Ontiveros Magin: aontiver@xtec.cat<\/li>\n<li class=\"CDt4Ke zfr3Q\" dir=\"ltr\">Olga Roig Ferrer: oroig<span class=\"atwho-inserted\" contenteditable=\"false\" data-atwho-at-query=\"@xtec\"><a class=\"bp-suggestions-mention\" href=\"https:\/\/serveiseducatius.xtec.cat\/altemporda\/membres\/xtecadmin\/\" rel=\"nofollow\">@xtecadmin<\/a><\/span><\/li>\n<li class=\"CDt4Ke zfr3Q\" dir=\"ltr\">Eva Traveset :etraves2<span class=\"\">@xtec.ca<\/span>t<\/li>\n<\/ul>\n","protected":false},"excerpt":{"rendered":"<p>\u00c0mbit psicopedag\u00f2gic \u00c0mbit social \u00c0mbit motriu Els\u00a0EAP\u00a0s\u00f3n equips d\u2019assessorament i orientaci\u00f3 psicopedag\u00f2gic que donen suport al professorat i als centres educatius en la resposta a la diversitat de l\u2019alumnat i en relaci\u00f3 amb els alumnes que presenten necessitats educatives especials, aix\u00ed com a les seves fam\u00edlies. Els professionals de l\u2019EAP s\u00f3n: Docents d\u2019ensenyament secundari amb [&hellip;]<\/p>\n","protected":false},"author":4,"featured_media":0,"parent":19078,"menu_order":4,"comment_status":"closed","ping_status":"closed","template":"","meta":{"_bbp_topic_count":0,"_bbp_reply_count":0,"_bbp_total_topic_count":0,"_bbp_total_reply_count":0,"_bbp_voice_count":0,"_bbp_anonymous_reply_count":0,"_bbp_topic_count_hidden":0,"_bbp_reply_count_hidden":0,"_bbp_forum_subforum_count":0,"site-sidebar-layout":"default","site-content-layout":"","ast-site-content-layout":"","site-content-style":"default","site-sidebar-style":"default","ast-global-header-display":"","ast-banner-title-visibility":"","ast-main-header-display":"","ast-hfb-above-header-display":"","ast-hfb-below-header-display":"","ast-hfb-mobile-header-display":"","site-post-title":"","ast-breadcrumbs-content":"","ast-featured-img":"","footer-sml-layout":"","theme-transparent-header-meta":"","adv-header-id-meta":"","stick-header-meta":"","header-above-stick-meta":"","header-main-stick-meta":"","header-below-stick-meta":"","astra-migrate-meta-layouts":"default","ast-page-background-enabled":"default","ast-page-background-meta":{"desktop":{"background-color":"var(--ast-global-color-4)","background-image":"","background-repeat":"repeat","background-position":"center center","background-size":"auto","background-attachment":"scroll","background-type":"","background-media":"","overlay-type":"","overlay-color":"","overlay-opacity":"","overlay-gradient":""},"tablet":{"background-color":"","background-image":"","background-repeat":"repeat","background-position":"center center","background-size":"auto","background-attachment":"scroll","background-type":"","background-media":"","overlay-type":"","overlay-color":"","overlay-opacity":"","overlay-gradient":""},"mobile":{"background-color":"","background-image":"","background-repeat":"repeat","background-position":"center center","background-size":"auto","background-attachment":"scroll","background-type":"","background-media":"","overlay-type":"","overlay-color":"","overlay-opacity":"","overlay-gradient":""}},"ast-content-background-meta":{"desktop":{"background-color":"var(--ast-global-color-5)","background-image":"","background-repeat":"repeat","background-position":"center center","background-size":"auto","background-attachment":"scroll","background-type":"","background-media":"","overlay-type":"","overlay-color":"","overlay-opacity":"","overlay-gradient":""},"tablet":{"background-color":"var(--ast-global-color-5)","background-image":"","background-repeat":"repeat","background-position":"center center","background-size":"auto","background-attachment":"scroll","background-type":"","background-media":"","overlay-type":"","overlay-color":"","overlay-opacity":"","overlay-gradient":""},"mobile":{"background-color":"var(--ast-global-color-5)","background-image":"","background-repeat":"repeat","background-position":"center center","background-size":"auto","background-attachment":"scroll","background-type":"","background-media":"","overlay-type":"","overlay-color":"","overlay-opacity":"","overlay-gradient":""}},"footnotes":""},"class_list":["post-19205","page","type-page","status-publish","hentry"],"post_mailing_queue_ids":[],"_links":{"self":[{"href":"https:\/\/serveiseducatius.xtec.cat\/altemporda\/wp-json\/wp\/v2\/pages\/19205","targetHints":{"allow":["GET"]}}],"collection":[{"href":"https:\/\/serveiseducatius.xtec.cat\/altemporda\/wp-json\/wp\/v2\/pages"}],"about":[{"href":"https:\/\/serveiseducatius.xtec.cat\/altemporda\/wp-json\/wp\/v2\/types\/page"}],"author":[{"embeddable":true,"href":"https:\/\/serveiseducatius.xtec.cat\/altemporda\/wp-json\/wp\/v2\/users\/4"}],"replies":[{"embeddable":true,"href":"https:\/\/serveiseducatius.xtec.cat\/altemporda\/wp-json\/wp\/v2\/comments?post=19205"}],"version-history":[{"count":5,"href":"https:\/\/serveiseducatius.xtec.cat\/altemporda\/wp-json\/wp\/v2\/pages\/19205\/revisions"}],"predecessor-version":[{"id":25598,"href":"https:\/\/serveiseducatius.xtec.cat\/altemporda\/wp-json\/wp\/v2\/pages\/19205\/revisions\/25598"}],"up":[{"embeddable":true,"href":"https:\/\/serveiseducatius.xtec.cat\/altemporda\/wp-json\/wp\/v2\/pages\/19078"}],"wp:attachment":[{"href":"https:\/\/serveiseducatius.xtec.cat\/altemporda\/wp-json\/wp\/v2\/media?parent=19205"}],"curies":[{"name":"wp","href":"https:\/\/api.w.org\/{rel}","templated":true}]}}