{"id":19100,"date":"2023-01-25T13:29:49","date_gmt":"2023-01-25T12:29:49","guid":{"rendered":"https:\/\/serveiseducatius.xtec.cat\/altemporda\/?page_id=19100"},"modified":"2023-01-31T10:00:39","modified_gmt":"2023-01-31T09:00:39","slug":"credits","status":"publish","type":"page","link":"https:\/\/serveiseducatius.xtec.cat\/altemporda\/diversitats\/credits\/","title":{"rendered":"Cr\u00e8dits"},"content":{"rendered":"<p class=\"CDt4Ke zfr3Q\" dir=\"ltr\"><strong>\u00a9 Diversitat&#8217;s<\/strong><\/p>\n<p class=\"CDt4Ke zfr3Q\" dir=\"ltr\"><strong>\u00a9 EAP Alt Empord\u00e0<\/strong><\/p>\n<p class=\"CDt4Ke zfr3Q\" dir=\"ltr\"><strong>\u00a9 Servei Educatiu de l\u2019Alt Empord\u00e0<\/strong><\/p>\n<p class=\"CDt4Ke zfr3Q\" dir=\"ltr\"><strong>Departament d\u2019Ensenyament de la Generalitat de Catalunya.<\/strong><\/p>\n<p class=\"CDt4Ke zfr3Q\" dir=\"ltr\">Avinguda Maria \u00c0ngels Anglada, 13. Figueres<\/p>\n<p class=\"CDt4Ke zfr3Q\" dir=\"ltr\"><span class=\" aw5Odc\"><a class=\"XqQF9c\" href=\"http:\/\/www.google.com\/url?q=http%3A%2F%2Fwww.sealtemporda.cat%2F&amp;sa=D&amp;sntz=1&amp;usg=AOvVaw3PddjmBIbNY0CYyuWEKJrl\" target=\"_blank\" rel=\"noopener\">www.sealtemporda.cat<\/a><\/span><\/p>\n<p class=\"CDt4Ke zfr3Q\" dir=\"ltr\"><span class=\" aw5Odc\"><a class=\"XqQF9c\" href=\"https:\/\/mail.google.com\/mail\/?view=cm&amp;fs=1&amp;tf=1&amp;to=crp-altemporda@xtec.cat\" target=\"_blank\" rel=\"noopener\">crp-altemporda@xtec.cat<\/a><\/span><\/p>\n<p class=\"CDt4Ke zfr3Q\" dir=\"ltr\"><strong>Any:<\/strong>\u00a0febrer de 2017<\/p>\n<p class=\"CDt4Ke zfr3Q\" dir=\"ltr\"><strong>Drets de reproducci\u00f3 i adaptaci\u00f3:\u00a0<\/strong>La reproducci\u00f3 d&#8217;aquest entorn Web est\u00e0 autoritzada i agra\u00efda, tant si se cita o no el seu origen, amb la finalitat d&#8217;engrescar i divulgar aquesta iniciativa. Fora dels casos que es vulgui fer, directament o indirectament, amb algun tipus de finalitat comercial o lucrativa.<\/p>\n","protected":false},"excerpt":{"rendered":"<p>\u00a9 Diversitat&#8217;s \u00a9 EAP Alt Empord\u00e0 \u00a9 Servei Educatiu de l\u2019Alt Empord\u00e0 Departament d\u2019Ensenyament de la Generalitat de Catalunya. Avinguda Maria \u00c0ngels Anglada, 13. Figueres www.sealtemporda.cat crp-altemporda@xtec.cat Any:\u00a0febrer de 2017 Drets de reproducci\u00f3 i adaptaci\u00f3:\u00a0La reproducci\u00f3 d&#8217;aquest entorn Web est\u00e0 autoritzada i agra\u00efda, tant si se cita o no el seu origen, amb la finalitat [&hellip;]<\/p>\n","protected":false},"author":4,"featured_media":0,"parent":19078,"menu_order":3,"comment_status":"closed","ping_status":"closed","template":"","meta":{"_bbp_topic_count":0,"_bbp_reply_count":0,"_bbp_total_topic_count":0,"_bbp_total_reply_count":0,"_bbp_voice_count":0,"_bbp_anonymous_reply_count":0,"_bbp_topic_count_hidden":0,"_bbp_reply_count_hidden":0,"_bbp_forum_subforum_count":0,"site-sidebar-layout":"default","site-content-layout":"","ast-site-content-layout":"","site-content-style":"default","site-sidebar-style":"default","ast-global-header-display":"","ast-banner-title-visibility":"","ast-main-header-display":"","ast-hfb-above-header-display":"","ast-hfb-below-header-display":"","ast-hfb-mobile-header-display":"","site-post-title":"","ast-breadcrumbs-content":"","ast-featured-img":"","footer-sml-layout":"","theme-transparent-header-meta":"","adv-header-id-meta":"","stick-header-meta":"","header-above-stick-meta":"","header-main-stick-meta":"","header-below-stick-meta":"","astra-migrate-meta-layouts":"default","ast-page-background-enabled":"default","ast-page-background-meta":{"desktop":{"background-color":"var(--ast-global-color-4)","background-image":"","background-repeat":"repeat","background-position":"center center","background-size":"auto","background-attachment":"scroll","background-type":"","background-media":"","overlay-type":"","overlay-color":"","overlay-opacity":"","overlay-gradient":""},"tablet":{"background-color":"","background-image":"","background-repeat":"repeat","background-position":"center center","background-size":"auto","background-attachment":"scroll","background-type":"","background-media":"","overlay-type":"","overlay-color":"","overlay-opacity":"","overlay-gradient":""},"mobile":{"background-color":"","background-image":"","background-repeat":"repeat","background-position":"center center","background-size":"auto","background-attachment":"scroll","background-type":"","background-media":"","overlay-type":"","overlay-color":"","overlay-opacity":"","overlay-gradient":""}},"ast-content-background-meta":{"desktop":{"background-color":"var(--ast-global-color-5)","background-image":"","background-repeat":"repeat","background-position":"center center","background-size":"auto","background-attachment":"scroll","background-type":"","background-media":"","overlay-type":"","overlay-color":"","overlay-opacity":"","overlay-gradient":""},"tablet":{"background-color":"var(--ast-global-color-5)","background-image":"","background-repeat":"repeat","background-position":"center center","background-size":"auto","background-attachment":"scroll","background-type":"","background-media":"","overlay-type":"","overlay-color":"","overlay-opacity":"","overlay-gradient":""},"mobile":{"background-color":"var(--ast-global-color-5)","background-image":"","background-repeat":"repeat","background-position":"center center","background-size":"auto","background-attachment":"scroll","background-type":"","background-media":"","overlay-type":"","overlay-color":"","overlay-opacity":"","overlay-gradient":""}},"footnotes":""},"class_list":["post-19100","page","type-page","status-publish","hentry"],"post_mailing_queue_ids":[],"_links":{"self":[{"href":"https:\/\/serveiseducatius.xtec.cat\/altemporda\/wp-json\/wp\/v2\/pages\/19100","targetHints":{"allow":["GET"]}}],"collection":[{"href":"https:\/\/serveiseducatius.xtec.cat\/altemporda\/wp-json\/wp\/v2\/pages"}],"about":[{"href":"https:\/\/serveiseducatius.xtec.cat\/altemporda\/wp-json\/wp\/v2\/types\/page"}],"author":[{"embeddable":true,"href":"https:\/\/serveiseducatius.xtec.cat\/altemporda\/wp-json\/wp\/v2\/users\/4"}],"replies":[{"embeddable":true,"href":"https:\/\/serveiseducatius.xtec.cat\/altemporda\/wp-json\/wp\/v2\/comments?post=19100"}],"version-history":[{"count":1,"href":"https:\/\/serveiseducatius.xtec.cat\/altemporda\/wp-json\/wp\/v2\/pages\/19100\/revisions"}],"predecessor-version":[{"id":19101,"href":"https:\/\/serveiseducatius.xtec.cat\/altemporda\/wp-json\/wp\/v2\/pages\/19100\/revisions\/19101"}],"up":[{"embeddable":true,"href":"https:\/\/serveiseducatius.xtec.cat\/altemporda\/wp-json\/wp\/v2\/pages\/19078"}],"wp:attachment":[{"href":"https:\/\/serveiseducatius.xtec.cat\/altemporda\/wp-json\/wp\/v2\/media?parent=19100"}],"curies":[{"name":"wp","href":"https:\/\/api.w.org\/{rel}","templated":true}]}}